{"id":10801,"date":"2018-08-31T09:48:46","date_gmt":"2018-08-31T07:48:46","guid":{"rendered":"https:\/\/www.dfh-ufa.org\/?page_id=10801"},"modified":"2018-08-31T10:40:12","modified_gmt":"2018-08-31T08:40:12","slug":"research-2-europaeische-messe-fuer-forschung-und-karriere","status":"publish","type":"page","link":"https:\/\/www.dfh-ufa.org\/en\/information-for\/unternehmen\/research-2-europaeische-messe-fuer-forschung-und-karriere","title":{"rendered":"RESEARCH &#8211; 2. Europ\u00e4ische Messe f\u00fcr Forschung und Karriere"},"content":{"rendered":"<div id=\"pl-10801\"  class=\"panel-layout\" ><div id=\"pg-10801-0\"  class=\"panel-grid panel-no-style\" ><div id=\"pgc-10801-0-0\"  class=\"panel-grid-cell\" ><div id=\"panel-10801-0-0-0\" class=\"so-panel widget widget_sow-editor panel-first-child panel-last-child\" data-index=\"0\" ><div class=\"so-widget-sow-editor so-widget-sow-editor-base\">\n<div class=\"siteorigin-widget-tinymce textwidget\">\n\t<p><strong><img decoding=\"async\" loading=\"lazy\" class=\"alignright wp-image-10802 size-thumbnail\" src=\"https:\/\/www.dfh-ufa.org\/app\/uploads\/2018\/08\/csm_IMG_8681_01_24699bd24e-150x127.jpg\" alt=\"\" width=\"150\" height=\"127\" \/>Nach der erfolgreichen Premiere von Research 2009 in Berlin findet die gemeinsam von der Deutsch-Franz\u00f6sischen Hochschule (DFH) und der Apec (Association pour l'emploi des cadres) organisierte Forschungs- und Recruitingmesse Research 2010 im Herzen von Paris statt. Auch in diesem Jahr stehen Innovation, Dialog und Vernetzung im Vordergrund.<\/strong><\/p>\n<p>Die Grundprinzipien haben sich seit der Premiere von Research 2009 in Berlin nicht ge\u00e4ndert: Mit Research 2010 in Paris verfolgt die DFH auch weiterhin ihr Ziel, junge Forschungsakteure und Nachwuchswissenschaftler dauerhaft zu f\u00f6rdern und ein dynamisches Netzwerk aus Doktoranden, Forschern, Wirtschaft, Universit\u00e4ten und Forschungsinstitutionen zu schaffen.<\/p>\n<p>2009 fand das damals von der DFH, der Apec und des Deutsch-Franz\u00f6sischen Forums (DFF) initiierte Gemeinschaftsprojekt erstmalig in Berlin statt und stie\u00df auf positive Resonanz, sowohl von Seiten der Besucher, als auch von Seitern der beteiligten Aussteller. Vor Ort trafen 46 Aussteller sowie 450 Forscher und Nachwuchswissenschaftler im Henry-Ford Bau der Freien Universit\u00e4t Berlin aufeinander. Ein Konferenzprogramm mit f\u00fcnf Podiumsdiskussionen begleitete die Veranstaltung.<\/p>\n<p>Research richtet sich einerseits insbesondere an Unternehmen, Universit\u00e4ten und Forschungseinrichtungen auf der Suche nach hochqualifizierten Fachkr\u00e4ften, dient andererseits aber auch als Plattform zur Stellenvermittlung und Kontaktkn\u00fcpfung f\u00fcr Doktoranden, Nachwuchswissenschaftler und Forscher. Sie k\u00f6nnen dar\u00fcber hinaus Tipps f\u00fcr die eigene Karriereplanung und Informationen zu den F\u00f6rderm\u00f6glichkeiten der DFH erhalten.<\/p>\n<p>Wie auch auch im vergangenen Jahr soll Research nicht nur Recruitingmesse sein, sondern den verschiedenen Akteuren aus Wirtschaft und Forschung Platz zum offenen Meinungsaustausch bieten. Daher begleiten auch in Paris wieder dreifach gedolmetschte Podiumsdiskussionen (deutsch, franz\u00f6sisch und englisch) zu f\u00fcnf unterschiedlichen Themenbereichen die Veranstaltung.<\/p>\n<p>Mit der Zweitauflage von Research setzt sich die DFH erneut zum Ziel, Wirtschaft, Hochschulen und Forschungseinrichtungen dauerhaft zu vernetzen, um somit das Karrieremanagement von Studierenden und Doktoranden fr\u00fchzeitig zu f\u00f6rdern.<\/p>\n<p><a href=\"https:\/\/www.dfh-ufa.org\/informationen-fuer\/unternehmen\/partnerschaften\/research-2010-in-paris-themenueberblick-podiumsdiskussionen\/\"><em>\u00bb Podiumsdiskussionen<\/em><\/a><\/p>\n<p>\u00bb Aussteller 2010<\/p>\n<p><em>\u00bb Anmeldung und weitere Informationen<\/em><\/p>\n<p><strong>Die wichtigsten Informationen zu RESEARCH:<\/strong><br \/>\nDatum: Freitag, 19. November 2010<br \/>\nVeranstaltungsort: Paris, le \"104\" <a href=\"http:\/\/www.104.fr\/\"><em>www.104.fr<\/em><\/a><br \/>\nVeranstaltungsdauer: 10-18 Uhr<br \/>\nEintritt: f\u00fcr Besucher frei<\/p>\n<p><strong>Fragen zu RESEARCH?<\/strong><br \/>\nIhre Ansprechpartnerin: Nadja Altpeter<br \/>\nTel.: +49 (0) 681 9 38 12 - 190<br \/>\nE-Mail: <a href=\"mailto:research@dfh-ufa.org\">research(at)dfh-ufa.org<\/a><\/p>\n<\/div>\n<\/div><\/div><\/div><div id=\"pgc-10801-0-1\"  class=\"panel-grid-cell\" ><div id=\"panel-10801-0-1-0\" class=\"so-panel widget widget_sow-editor panel-first-child panel-last-child\" data-index=\"1\" ><div class=\"so-widget-sow-editor so-widget-sow-editor-base\">\n<div class=\"siteorigin-widget-tinymce textwidget\">\n\t<div class=\"csc-textpicHeader csc-textpicHeader-2\">\n<div class=\"csc-header csc-header-n1\">\n<h4 class=\"csc-firstHeader\">Forschungsmaster in Geschichte<\/h4>\n<p><a href=\"https:\/\/www.youtube.com\/watch?v=03lc9enZ1xU&amp;\"><img decoding=\"async\" loading=\"lazy\" class=\"alignnone wp-image-10804 size-medium\" src=\"https:\/\/www.dfh-ufa.org\/app\/uploads\/2018\/08\/hqdefaultresearch-300x225.jpg\" alt=\"\" width=\"300\" height=\"225\" srcset=\"https:\/\/www.dfh-ufa.org\/app\/uploads\/2018\/08\/hqdefaultresearch-300x225.jpg 300w, https:\/\/www.dfh-ufa.org\/app\/uploads\/2018\/08\/hqdefaultresearch.jpg 480w\" sizes=\"(max-width: 300px) 100vw, 300px\" \/><\/a><\/p>\n<p><em><a href=\"https:\/\/www.youtube.com\/watch?v=03lc9enZ1xU&amp;\" target=\"_blank\" rel=\"noopener\">\u00bb Video anschauen<\/a><\/em><\/p>\n<h4>Entdecken Sie die DFH<\/h4>\n<p><a href=\"https:\/\/www.youtube.com\/watch?v=BhJ13O6bYbU\"><img decoding=\"async\" loading=\"lazy\" class=\"wp-image-10803 size-medium alignnone\" src=\"https:\/\/www.dfh-ufa.org\/app\/uploads\/2018\/08\/hqdefaultresearch2-300x225.jpg\" alt=\"\" width=\"300\" height=\"225\" srcset=\"https:\/\/www.dfh-ufa.org\/app\/uploads\/2018\/08\/hqdefaultresearch2-300x225.jpg 300w, https:\/\/www.dfh-ufa.org\/app\/uploads\/2018\/08\/hqdefaultresearch2.jpg 480w\" sizes=\"(max-width: 300px) 100vw, 300px\" \/><\/a><\/p>\n<p><em><a href=\"https:\/\/www.youtube.com\/watch?v=BhJ13O6bYbU\" target=\"_blank\" rel=\"noopener\">\u00bb Video anschauen<\/a><\/em><\/p>\n<\/div>\n<\/div>\n<\/div>\n<\/div><\/div><\/div><\/div><\/div>","protected":false},"excerpt":{"rendered":"<p>Nach der erfolgreichen Premiere von Research 2009 in Berlin findet die gemeinsam von der Deutsch-Franz\u00f6sischen Hochschule (DFH) und der Apec (Association pour l&#8217;emploi des cadres) organisierte Forschungs- und Recruitingmesse Research 2010 im Herzen von Paris statt. Auch in diesem Jahr stehen Innovation, Dialog und Vernetzung im Vordergrund. Die Grundprinzipien haben sich seit der Premiere von [&hellip;]<\/p>\n","protected":false},"author":8,"featured_media":0,"parent":861,"menu_order":55,"comment_status":"closed","ping_status":"closed","template":"","meta":{"_bbp_topic_count":0,"_bbp_reply_count":0,"_bbp_total_topic_count":0,"_bbp_total_reply_count":0,"_bbp_voice_count":0,"_bbp_anonymous_reply_count":0,"_bbp_topic_count_hidden":0,"_bbp_reply_count_hidden":0,"_bbp_forum_subforum_count":0,"inline_featured_image":false},"acf":[],"_links":{"self":[{"href":"https:\/\/www.dfh-ufa.org\/en\/wp-json\/wp\/v2\/pages\/10801"}],"collection":[{"href":"https:\/\/www.dfh-ufa.org\/en\/wp-json\/wp\/v2\/pages"}],"about":[{"href":"https:\/\/www.dfh-ufa.org\/en\/wp-json\/wp\/v2\/types\/page"}],"author":[{"embeddable":true,"href":"https:\/\/www.dfh-ufa.org\/en\/wp-json\/wp\/v2\/users\/8"}],"replies":[{"embeddable":true,"href":"https:\/\/www.dfh-ufa.org\/en\/wp-json\/wp\/v2\/comments?post=10801"}],"version-history":[{"count":11,"href":"https:\/\/www.dfh-ufa.org\/en\/wp-json\/wp\/v2\/pages\/10801\/revisions"}],"predecessor-version":[{"id":10834,"href":"https:\/\/www.dfh-ufa.org\/en\/wp-json\/wp\/v2\/pages\/10801\/revisions\/10834"}],"up":[{"embeddable":true,"href":"https:\/\/www.dfh-ufa.org\/en\/wp-json\/wp\/v2\/pages\/861"}],"wp:attachment":[{"href":"https:\/\/www.dfh-ufa.org\/en\/wp-json\/wp\/v2\/media?parent=10801"}],"curies":[{"name":"wp","href":"https:\/\/api.w.org\/{rel}","templated":true}]}}