{"id":10822,"date":"2018-08-31T10:27:43","date_gmt":"2018-08-31T08:27:43","guid":{"rendered":"https:\/\/www.dfh-ufa.org\/?page_id=10822"},"modified":"2018-08-31T10:37:48","modified_gmt":"2018-08-31T08:37:48","slug":"research-2010-in-paris-themenueberblick-podiumsdiskussionen","status":"publish","type":"page","link":"https:\/\/www.dfh-ufa.org\/en\/information-for\/unternehmen\/research-2010-in-paris-themenueberblick-podiumsdiskussionen","title":{"rendered":"RESEARCH 2010 in Paris: Themen\u00fcberblick Podiumsdiskussionen"},"content":{"rendered":"<div id=\"pl-10822\"  class=\"panel-layout\" ><div id=\"pg-10822-0\"  class=\"panel-grid panel-no-style\" ><div id=\"pgc-10822-0-0\"  class=\"panel-grid-cell\" ><div id=\"panel-10822-0-0-0\" class=\"so-panel widget widget_sow-editor panel-first-child panel-last-child\" data-index=\"0\" ><div class=\"so-widget-sow-editor so-widget-sow-editor-base\">\n<div class=\"siteorigin-widget-tinymce textwidget\">\n\t<p><strong><img decoding=\"async\" loading=\"lazy\" class=\"wp-image-10823 size-thumbnail alignright\" src=\"https:\/\/www.dfh-ufa.org\/app\/uploads\/2018\/08\/IMG_9010_01-150x150.jpg\" alt=\"\" width=\"150\" height=\"150\" \/>Auch 2010 wird RESEARCH von einem Rahmenprogramm begleitet. Vier dreisprachig gedolmetschte Podiumsdiskussionen (englisch, franz\u00f6sisch, deutsch) zu aktuellen Themen laden zu offenem Meinungsaustausch mit Experten verschiedener Bereiche ein.<\/strong><\/p>\n<p>&nbsp;<\/p>\n<p><strong>10.00-10.10 Uhr: Begr\u00fc\u00dfung<\/strong><\/p>\n<p>Die Herausforderungen der Forschung im Europa nach der Krise.Ziele von Lissabon, Agenda 2020, Binnenmarkt der Forscher: Wie ist der Stand der Dinge?<\/p>\n<p><strong>10.10-10.30 Uhr: Verleihung des DFH-Dissertationspreises<\/strong><\/p>\n<p><strong>DIE PODIUMSDISKUSSIONEN<\/strong><\/p>\n<p><strong>1) 10.30-11.45 Uhr: Forschung im Wandel \u2013 Welchen Einfluss hat dies auf die Personalpolitik, nachgefragte Kompetenzen und das Karrieremanagement von Forschern?<\/strong><br \/>\nDie Forschungslandschaft, \u00f6ffentlich wie privat, hat tiefgreifende Umw\u00e4lzungen durchlebt und steht nun - in einer Zeit, in der alle L\u00e4nder bestrebt sind, durch Forschung und Innovation Mehrwerte zu schaffen und somit das Wachstum anzukurbeln - vor vielen Herausforderungen. Diese Ver\u00e4nderungen haben wichtige Entwicklungen im Bereich der Forschung und Personalpolitik herbeigef\u00fchrt, insbesondere im Hinblick auf die nachgefragten Kompetenzen von Forschungsakteuren.<br \/>\nWelchen Einfluss haben sie jedoch konkret auf die Besch\u00e4ftigung? Welche Spezialisierungen werden aktuell und k\u00fcnftig nachgefragt werden? Mit welchen Ma\u00dfnahmen wird diesen Entwicklungen Rechnung getragen?<br \/>\n<em>Moderation: Jean-Claude Lewandovski, Les Echos<\/em><\/p>\n<ul>\n<li><strong>10.30-10.50 Uhr:<\/strong> Pr\u00e4sentation der Ergebnisse der gemeinsam von Apec und Deloitte durchgef\u00fchrten internationalen Studie \u00fcber die nachgefragten Kompetenzen im Bereich Forschung bis zum Jahr 2020.<\/li>\n<li><strong>10.50-11.45 Uhr:<\/strong> Diskussion<\/li>\n<\/ul>\n<p>&nbsp;<\/p>\n<p><strong>2) 12.00-13.15 Uhr: Cluster und territoriale Attraktivit\u00e4t: Die Herausforderungen des Personalmanagements im Forschungsbereich bew\u00e4ltigen \u2013 aber wie?<\/strong><br \/>\nIn allen europ\u00e4ischen L\u00e4ndern geh\u00f6rt die Bildung leistungsf\u00e4higer Forschungszentren, die in einer bestimmten Region verankert sind und auf internationalem Niveau eine Referenz darstellen, zu den wichtigsten Aufgaben hinsichtlich der Entwicklung von Forschung, Innovation und Wirtschaft. Bei geographischen Konzentrationen gro\u00dfer und kleiner Unternehmen, von Universit\u00e4ten, Forschungszentren, Inkubatoren, Schulen usw.: Wie organisieren sich diese \u201eCluster\u201c?<br \/>\nWelche Rolle spielen die Gebietsk\u00f6rperschaften? Welchen Einfluss haben sie und der Staat, vor allem anhand von Steuererleichterungen und Finanzierungsmechanismen? Welchen Einfluss haben die Einrichtung dieser Cluster und ihre Entwicklung wirklich auf Besch\u00e4ftigung und Wirtschaftsentwicklung? Wo befinden sich diese \u201eCenter of Excellence\u201c?<br \/>\n<em>Moderation: Yannick Morel, Apec<\/em><\/p>\n<p><strong>13.30-14.45 Uhr:<\/strong> Beitrag von Jorge Cham, PHD Comics<\/p>\n<p><strong>3) 15.00-16.15 Uhr: Die Mobilit\u00e4t der Forscher in Europa: Hindernisse und F\u00f6rderinstrumente<\/strong><\/p>\n<p>Der internationale Charakter von Forschungsteams ist heute Alltag. F\u00fcr jeden Forscher, der sich Chancen f\u00fcr eine erfolgreiche Karriere erarbeiten m\u00f6chte, ist Auslandserfahrung unentbehrlich. Diese ist ein wichtiges Instrument f\u00fcr die Weiterentwicklung seiner Expertise (Erfahrungsaustausch, Ausbildung). Aber: Selbst wenn sich internationale Mobilit\u00e4t zu einer Notwendigkeit entwickelt, ist sie mit vielen Hindernissen konfrontiert. Wie ist die Situation in Europa? Welche Instrumente dienen der Entwicklung dieser Mobilit\u00e4t? Und schlie\u00dflich \u2013 ist Mobilit\u00e4t jenseits der Grenzen Europas f\u00fcr die pers\u00f6nliche Karriere unabdingbar?<br \/>\n<em>Moderation: Nadia Deacken, Apec<\/em><\/p>\n<p><strong>4) 16.30-17.45 Uhr: Forscher als Bindeglied zwischen Universit\u00e4ten und Unternehmen \u2013 Welche Synergiepotentiale entstehen aus diesen Forschungskooperationen?<\/strong><br \/>\nHeute sind Dreierpartnerschaften zwischen Unternehmen, Universit\u00e4ten und Forschungszentren an der Tagesordnung. Private Unternehmen finanzieren \u00f6ffentliche Forschungsprogramme und er\u00f6ffnen universit\u00e4re Lehrst\u00fchle. Die Grundlagenforschung \u00f6ffnet sich privatem Kapital. Alte Grenzen verschwimmen. Was bedeutet das f\u00fcr die tagt\u00e4gliche Arbeit der Forscher? Was ist die Realit\u00e4t des Forscherberufs heute? Welchen Nutzen kann er aus der Ann\u00e4herung zwischen \u00f6ffentlicher Forschung und Unternehmen ziehen? Veranschaulichung des Vortrags anhand des Projektes \u201eiPhD\u201c (YEBN) und anhand der Ma\u00dfnahme CIFRE - Conventions Industrielles de Formation par la REcherche (ANRT)<br \/>\n<em>Moderation: Jean-Marie Blanc, Apec<\/em><\/p>\n<p><a href=\"https:\/\/www.dfh-ufa.org\/informationen-fuer\/unternehmen\/partnerschaften\/research-2-europaeische-messe-fuer-forschung-und-karriere\/\"><em>\u00bb RESEARCH- 2. Europ\u00e4ische Messe f\u00fcr Forschung und Karriere<\/em><\/a><\/p>\n<p>\u00bb Aussteller 2010<\/p>\n<\/div>\n<\/div><\/div><\/div><div id=\"pgc-10822-0-1\"  class=\"panel-grid-cell\" ><div id=\"panel-10822-0-1-0\" class=\"so-panel widget widget_sow-editor panel-first-child panel-last-child\" data-index=\"1\" ><div class=\"so-widget-sow-editor so-widget-sow-editor-base\">\n<div class=\"siteorigin-widget-tinymce textwidget\">\n\t<div class=\"csc-textpicHeader csc-textpicHeader-2\">\n<div class=\"csc-header csc-header-n1\">\n<h4><a href=\"https:\/\/www.facebook.com\/UFADFH\"><img decoding=\"async\" loading=\"lazy\" class=\"alignnone wp-image-10827 size-medium\" src=\"https:\/\/www.dfh-ufa.org\/app\/uploads\/2018\/08\/csm_facebook_logo_01_5f2fe9c461-300x84.jpg\" alt=\"\" width=\"300\" height=\"84\" srcset=\"https:\/\/www.dfh-ufa.org\/app\/uploads\/2018\/08\/csm_facebook_logo_01_5f2fe9c461-300x84.jpg 300w, https:\/\/www.dfh-ufa.org\/app\/uploads\/2018\/08\/csm_facebook_logo_01_5f2fe9c461.jpg 720w\" sizes=\"(max-width: 300px) 100vw, 300px\" \/><\/a><\/h4>\n<p><a href=\"https:\/\/twitter.com\/DFHUFA\"><img decoding=\"async\" loading=\"lazy\" class=\"alignnone wp-image-10826 size-medium\" src=\"https:\/\/www.dfh-ufa.org\/app\/uploads\/2018\/08\/dfh-ufa_twitter_D_02-300x92.png\" alt=\"\" width=\"300\" height=\"92\" srcset=\"https:\/\/www.dfh-ufa.org\/app\/uploads\/2018\/08\/dfh-ufa_twitter_D_02-300x92.png 300w, https:\/\/www.dfh-ufa.org\/app\/uploads\/2018\/08\/dfh-ufa_twitter_D_02.png 657w\" sizes=\"(max-width: 300px) 100vw, 300px\" \/><\/a><\/p>\n<h4 class=\"csc-firstHeader\">Forschungsmaster in Geschichte<\/h4>\n<p><a href=\"https:\/\/www.youtube.com\/watch?v=03lc9enZ1xU&amp;\"><img decoding=\"async\" loading=\"lazy\" class=\"alignnone wp-image-10804 size-medium\" src=\"https:\/\/www.dfh-ufa.org\/app\/uploads\/2018\/08\/hqdefaultresearch-300x225.jpg\" alt=\"\" width=\"300\" height=\"225\" srcset=\"https:\/\/www.dfh-ufa.org\/app\/uploads\/2018\/08\/hqdefaultresearch-300x225.jpg 300w, https:\/\/www.dfh-ufa.org\/app\/uploads\/2018\/08\/hqdefaultresearch.jpg 480w\" sizes=\"(max-width: 300px) 100vw, 300px\" \/><\/a><\/p>\n<p><em><a href=\"https:\/\/www.youtube.com\/watch?v=03lc9enZ1xU&amp;\" target=\"_blank\" rel=\"noopener\">\u00bb Video anschauen<\/a><\/em><\/p>\n<h4>Entdecken Sie die DFH<\/h4>\n<p><a href=\"https:\/\/www.youtube.com\/watch?v=BhJ13O6bYbU\"><img decoding=\"async\" loading=\"lazy\" class=\"wp-image-10803 size-medium alignnone\" src=\"https:\/\/www.dfh-ufa.org\/app\/uploads\/2018\/08\/hqdefaultresearch2-300x225.jpg\" alt=\"\" width=\"300\" height=\"225\" srcset=\"https:\/\/www.dfh-ufa.org\/app\/uploads\/2018\/08\/hqdefaultresearch2-300x225.jpg 300w, https:\/\/www.dfh-ufa.org\/app\/uploads\/2018\/08\/hqdefaultresearch2.jpg 480w\" sizes=\"(max-width: 300px) 100vw, 300px\" \/><\/a><\/p>\n<p><em><a href=\"https:\/\/www.youtube.com\/watch?v=BhJ13O6bYbU\" target=\"_blank\" rel=\"noopener\">\u00bb Video anschauen<\/a><\/em><\/p>\n<\/div>\n<\/div>\n<\/div>\n<\/div><\/div><\/div><\/div><\/div>","protected":false},"excerpt":{"rendered":"<p>Auch 2010 wird RESEARCH von einem Rahmenprogramm begleitet. Vier dreisprachig gedolmetschte Podiumsdiskussionen (englisch, franz\u00f6sisch, deutsch) zu aktuellen Themen laden zu offenem Meinungsaustausch mit Experten verschiedener Bereiche ein. &nbsp; 10.00-10.10 Uhr: Begr\u00fc\u00dfung Die Herausforderungen der Forschung im Europa nach der Krise.Ziele von Lissabon, Agenda 2020, Binnenmarkt der Forscher: Wie ist der Stand der Dinge? 10.10-10.30 Uhr: [&hellip;]<\/p>\n","protected":false},"author":8,"featured_media":0,"parent":861,"menu_order":56,"comment_status":"closed","ping_status":"closed","template":"","meta":{"_bbp_topic_count":0,"_bbp_reply_count":0,"_bbp_total_topic_count":0,"_bbp_total_reply_count":0,"_bbp_voice_count":0,"_bbp_anonymous_reply_count":0,"_bbp_topic_count_hidden":0,"_bbp_reply_count_hidden":0,"_bbp_forum_subforum_count":0,"inline_featured_image":false},"acf":[],"_links":{"self":[{"href":"https:\/\/www.dfh-ufa.org\/en\/wp-json\/wp\/v2\/pages\/10822"}],"collection":[{"href":"https:\/\/www.dfh-ufa.org\/en\/wp-json\/wp\/v2\/pages"}],"about":[{"href":"https:\/\/www.dfh-ufa.org\/en\/wp-json\/wp\/v2\/types\/page"}],"author":[{"embeddable":true,"href":"https:\/\/www.dfh-ufa.org\/en\/wp-json\/wp\/v2\/users\/8"}],"replies":[{"embeddable":true,"href":"https:\/\/www.dfh-ufa.org\/en\/wp-json\/wp\/v2\/comments?post=10822"}],"version-history":[{"count":7,"href":"https:\/\/www.dfh-ufa.org\/en\/wp-json\/wp\/v2\/pages\/10822\/revisions"}],"predecessor-version":[{"id":10832,"href":"https:\/\/www.dfh-ufa.org\/en\/wp-json\/wp\/v2\/pages\/10822\/revisions\/10832"}],"up":[{"embeddable":true,"href":"https:\/\/www.dfh-ufa.org\/en\/wp-json\/wp\/v2\/pages\/861"}],"wp:attachment":[{"href":"https:\/\/www.dfh-ufa.org\/en\/wp-json\/wp\/v2\/media?parent=10822"}],"curies":[{"name":"wp","href":"https:\/\/api.w.org\/{rel}","templated":true}]}}