{"id":13076,"date":"2018-12-06T14:54:26","date_gmt":"2018-12-06T13:54:26","guid":{"rendered":"https:\/\/www.dfh-ufa.org\/?page_id=13076"},"modified":"2019-01-24T10:11:33","modified_gmt":"2019-01-24T09:11:33","slug":"13076-2","status":"publish","type":"page","link":"https:\/\/www.dfh-ufa.org\/en\/information-for\/unternehmen\/13076-2","title":{"rendered":""},"content":{"rendered":"<div id=\"pl-13076\"  class=\"panel-layout\" ><div id=\"pg-13076-0\"  class=\"panel-grid panel-no-style\" ><div id=\"pgc-13076-0-0\"  class=\"panel-grid-cell\" ><div id=\"panel-13076-0-0-0\" class=\"so-panel widget widget_media_image panel-first-child panel-last-child\" data-index=\"0\" ><img width=\"960\" height=\"96\" src=\"https:\/\/www.dfh-ufa.org\/app\/uploads\/2018\/11\/Logos-Preisverleihung.jpg\" class=\"image wp-image-13079  attachment-full size-full\" alt=\"\" decoding=\"async\" loading=\"lazy\" style=\"max-width: 100%; height: auto;\" srcset=\"https:\/\/www.dfh-ufa.org\/app\/uploads\/2018\/11\/Logos-Preisverleihung.jpg 960w, https:\/\/www.dfh-ufa.org\/app\/uploads\/2018\/11\/Logos-Preisverleihung-300x30.jpg 300w, https:\/\/www.dfh-ufa.org\/app\/uploads\/2018\/11\/Logos-Preisverleihung-768x77.jpg 768w\" sizes=\"(max-width: 960px) 100vw, 960px\" \/><\/div><\/div><\/div><div id=\"pg-13076-1\"  class=\"panel-grid panel-no-style\" ><div id=\"pgc-13076-1-0\"  class=\"panel-grid-cell\" ><div id=\"panel-13076-1-0-0\" class=\"so-panel widget widget_sow-editor panel-first-child panel-last-child\" data-index=\"1\" ><div class=\"so-widget-sow-editor so-widget-sow-editor-base\">\n<div class=\"siteorigin-widget-tinymce textwidget\">\n\t<p>&nbsp;<\/p>\n<h3 style=\"text-align: center\">Verleihung der Exzellenz- und Dissertationspreise der DFH 2019<\/h3>\n<h4 style=\"text-align: center\">am 24. Januar 2019<br \/>\nin der Franz\u00f6sischen Botschaft in Berlin<\/h4>\n<p>&nbsp;<\/p>\n<p style=\"text-align: center\">Franz\u00f6sische Botschaft<br \/>\nEingang Wilhelmstra\u00dfe 69<br \/>\n10117 Berlin<\/p>\n<h5><\/h5>\n<h5><strong>Vorl\u00e4ufiges Programm:<\/strong><\/h5>\n<p><strong>18:00 Uhr:<\/strong> Empfang der G\u00e4ste<\/p>\n<p>Gru\u00dfwort der Franz\u00f6sischen Botschafterin, Frau Anne-Marie Desc\u00f4tes<\/p>\n<p>Gru\u00dfwort des Pr\u00e4sidenten der DFH, Herrn Prof. Dr. David Capitant<\/p>\n<p>Verleihung von drei \u201eBNP Paribas-DFH-Stipendien\u201c<\/p>\n<p>Musikalische Einlage<\/p>\n<p>Verleihung der Exzellenzpreise<\/p>\n<p>Musikalische Einlage<\/p>\n<p>Verleihung der Dissertationspreise<\/p>\n<p>Dankesrede eines Preistr\u00e4gers \/ einer Preistr\u00e4gerin, stellvertretend f\u00fcr alle geehrten Absolventen<\/p>\n<p><strong>Ab ca. 19:30 Uhr:<\/strong> Empfang<\/p>\n<p>&nbsp;<\/p>\n<h5><strong>Wegbeschreibung zur Franz\u00f6sischen Botschaft:<\/strong><\/h5>\n<ul>\n<li class=\"download__list__item\"><a href=\"https:\/\/www.dfh-ufa.org\/app\/uploads\/2018\/11\/Wegbeschreibung_Botschaft.pdf\">Wegbeschreibung Botschaft<\/a><\/li>\n<\/ul>\n<\/div>\n<\/div><\/div><\/div><div id=\"pgc-13076-1-1\"  class=\"panel-grid-cell\" ><div id=\"panel-13076-1-1-0\" class=\"so-panel widget widget_sow-editor panel-first-child panel-last-child\" data-index=\"2\" ><div class=\"so-widget-sow-editor so-widget-sow-editor-base\">\n<div class=\"siteorigin-widget-tinymce textwidget\">\n\t<h4>F\u00f6rderer des Stipendienprogramms:<\/h4>\n<p><img decoding=\"async\" loading=\"lazy\" class=\"alignnone size-full wp-image-6880\" src=\"https:\/\/www.dfh-ufa.org\/app\/uploads\/2018\/06\/csm_bnp_logo_0fb0b0fec6-e1529658480965.jpg\" alt=\"\" width=\"409\" height=\"91\" \/><\/p>\n<h4>F\u00f6rderer der<br \/>\nExzellenzpreise:<\/h4>\n<p><img decoding=\"async\" loading=\"lazy\" class=\"alignnone size-full wp-image-12157\" src=\"https:\/\/www.dfh-ufa.org\/app\/uploads\/2018\/10\/Logos-PEX-2019.jpg\" alt=\"\" width=\"395\" height=\"960\" srcset=\"https:\/\/www.dfh-ufa.org\/app\/uploads\/2018\/10\/Logos-PEX-2019.jpg 395w, https:\/\/www.dfh-ufa.org\/app\/uploads\/2018\/10\/Logos-PEX-2019-123x300.jpg 123w\" sizes=\"(max-width: 395px) 100vw, 395px\" \/><\/p>\n<h4>F\u00f6rderer der<br \/>\nDissertationspreise:<\/h4>\n<p><img decoding=\"async\" loading=\"lazy\" class=\"alignnone size-full wp-image-12156\" src=\"https:\/\/www.dfh-ufa.org\/app\/uploads\/2018\/10\/Logos-PMT-2019.jpg\" alt=\"\" width=\"398\" height=\"513\" srcset=\"https:\/\/www.dfh-ufa.org\/app\/uploads\/2018\/10\/Logos-PMT-2019.jpg 398w, https:\/\/www.dfh-ufa.org\/app\/uploads\/2018\/10\/Logos-PMT-2019-233x300.jpg 233w\" sizes=\"(max-width: 398px) 100vw, 398px\" \/><\/p>\n<\/div>\n<\/div><\/div><\/div><\/div><\/div>","protected":false},"excerpt":{"rendered":"<p>&nbsp; Verleihung der Exzellenz- und Dissertationspreise der DFH 2019 am 24. Januar 2019 in der Franz\u00f6sischen Botschaft in Berlin &nbsp; Franz\u00f6sische Botschaft Eingang Wilhelmstra\u00dfe 69 10117 Berlin Vorl\u00e4ufiges Programm: 18:00 Uhr: Empfang der G\u00e4ste Gru\u00dfwort der Franz\u00f6sischen Botschafterin, Frau Anne-Marie Desc\u00f4tes Gru\u00dfwort des Pr\u00e4sidenten der DFH, Herrn Prof. Dr. David Capitant Verleihung von drei \u201eBNP [&hellip;]<\/p>\n","protected":false},"author":23,"featured_media":0,"parent":861,"menu_order":52,"comment_status":"closed","ping_status":"closed","template":"","meta":{"_bbp_topic_count":0,"_bbp_reply_count":0,"_bbp_total_topic_count":0,"_bbp_total_reply_count":0,"_bbp_voice_count":0,"_bbp_anonymous_reply_count":0,"_bbp_topic_count_hidden":0,"_bbp_reply_count_hidden":0,"_bbp_forum_subforum_count":0,"inline_featured_image":false},"acf":[],"_links":{"self":[{"href":"https:\/\/www.dfh-ufa.org\/en\/wp-json\/wp\/v2\/pages\/13076"}],"collection":[{"href":"https:\/\/www.dfh-ufa.org\/en\/wp-json\/wp\/v2\/pages"}],"about":[{"href":"https:\/\/www.dfh-ufa.org\/en\/wp-json\/wp\/v2\/types\/page"}],"author":[{"embeddable":true,"href":"https:\/\/www.dfh-ufa.org\/en\/wp-json\/wp\/v2\/users\/23"}],"replies":[{"embeddable":true,"href":"https:\/\/www.dfh-ufa.org\/en\/wp-json\/wp\/v2\/comments?post=13076"}],"version-history":[{"count":72,"href":"https:\/\/www.dfh-ufa.org\/en\/wp-json\/wp\/v2\/pages\/13076\/revisions"}],"predecessor-version":[{"id":14717,"href":"https:\/\/www.dfh-ufa.org\/en\/wp-json\/wp\/v2\/pages\/13076\/revisions\/14717"}],"up":[{"embeddable":true,"href":"https:\/\/www.dfh-ufa.org\/en\/wp-json\/wp\/v2\/pages\/861"}],"wp:attachment":[{"href":"https:\/\/www.dfh-ufa.org\/en\/wp-json\/wp\/v2\/media?parent=13076"}],"curies":[{"name":"wp","href":"https:\/\/api.w.org\/{rel}","templated":true}]}}