{"id":13180,"date":"2018-12-06T14:55:50","date_gmt":"2018-12-06T13:55:50","guid":{"rendered":"https:\/\/www.dfh-ufa.org\/?page_id=13180"},"modified":"2018-12-06T15:34:49","modified_gmt":"2018-12-06T14:34:49","slug":"anmeldeformular-pex","status":"publish","type":"page","link":"https:\/\/www.dfh-ufa.org\/en\/information-for\/unternehmen\/13076-2\/anmeldeformular-pex","title":{"rendered":""},"content":{"rendered":"<div id=\"pl-13180\"  class=\"panel-layout\" ><div id=\"pg-13180-0\"  class=\"panel-grid panel-no-style\" ><div id=\"pgc-13180-0-0\"  class=\"panel-grid-cell\" ><div id=\"panel-13180-0-0-0\" class=\"so-panel widget widget_media_image panel-first-child panel-last-child\" data-index=\"0\" ><img width=\"960\" height=\"96\" src=\"https:\/\/www.dfh-ufa.org\/app\/uploads\/2018\/11\/Logos-Preisverleihung.jpg\" class=\"image wp-image-13079  attachment-full size-full\" alt=\"\" decoding=\"async\" loading=\"lazy\" style=\"max-width: 100%; height: auto;\" srcset=\"https:\/\/www.dfh-ufa.org\/app\/uploads\/2018\/11\/Logos-Preisverleihung.jpg 960w, https:\/\/www.dfh-ufa.org\/app\/uploads\/2018\/11\/Logos-Preisverleihung-300x30.jpg 300w, https:\/\/www.dfh-ufa.org\/app\/uploads\/2018\/11\/Logos-Preisverleihung-768x77.jpg 768w\" sizes=\"(max-width: 960px) 100vw, 960px\" \/><\/div><\/div><\/div><div id=\"pg-13180-1\"  class=\"panel-grid panel-no-style\" ><div id=\"pgc-13180-1-0\"  class=\"panel-grid-cell\" ><div id=\"panel-13180-1-0-0\" class=\"so-panel widget widget_sow-editor panel-first-child\" data-index=\"1\" ><div class=\"so-widget-sow-editor so-widget-sow-editor-base\">\n<div class=\"siteorigin-widget-tinymce textwidget\">\n\t<p>&nbsp;<\/p>\n<h3 style=\"text-align: center\">Verleihung der Exzellenz- und Dissertationspreise der DFH 2019<\/h3>\n<h4 style=\"text-align: center\">am 24. Januar 2019<br \/>\nin Franz\u00f6sischen Botschaft in Berlin<\/h4>\n<p>&nbsp;<\/p>\n<p style=\"text-align: center\">Franz\u00f6sische Botschaft<br \/>\nEingang Wilhelmstra\u00dfe 69<br \/>\n10117 Berlin<\/p>\n<\/div>\n<\/div><\/div><div id=\"panel-13180-1-0-1\" class=\"so-panel widget widget_gform_widget gform_widget panel-last-child\" data-index=\"2\" ><p class=\"gform_not_found\">Oops! We could not locate your form.<\/p><\/div><\/div><\/div><\/div>","protected":false},"excerpt":{"rendered":"<p>&nbsp; Verleihung der Exzellenz- und Dissertationspreise der DFH 2019 am 24. Januar 2019 in Franz\u00f6sischen Botschaft in Berlin &nbsp; Franz\u00f6sische Botschaft Eingang Wilhelmstra\u00dfe 69 10117 Berlin<\/p>\n","protected":false},"author":23,"featured_media":0,"parent":13076,"menu_order":0,"comment_status":"closed","ping_status":"closed","template":"","meta":{"_bbp_topic_count":0,"_bbp_reply_count":0,"_bbp_total_topic_count":0,"_bbp_total_reply_count":0,"_bbp_voice_count":0,"_bbp_anonymous_reply_count":0,"_bbp_topic_count_hidden":0,"_bbp_reply_count_hidden":0,"_bbp_forum_subforum_count":0,"inline_featured_image":false},"acf":[],"_links":{"self":[{"href":"https:\/\/www.dfh-ufa.org\/en\/wp-json\/wp\/v2\/pages\/13180"}],"collection":[{"href":"https:\/\/www.dfh-ufa.org\/en\/wp-json\/wp\/v2\/pages"}],"about":[{"href":"https:\/\/www.dfh-ufa.org\/en\/wp-json\/wp\/v2\/types\/page"}],"author":[{"embeddable":true,"href":"https:\/\/www.dfh-ufa.org\/en\/wp-json\/wp\/v2\/users\/23"}],"replies":[{"embeddable":true,"href":"https:\/\/www.dfh-ufa.org\/en\/wp-json\/wp\/v2\/comments?post=13180"}],"version-history":[{"count":18,"href":"https:\/\/www.dfh-ufa.org\/en\/wp-json\/wp\/v2\/pages\/13180\/revisions"}],"predecessor-version":[{"id":13283,"href":"https:\/\/www.dfh-ufa.org\/en\/wp-json\/wp\/v2\/pages\/13180\/revisions\/13283"}],"up":[{"embeddable":true,"href":"https:\/\/www.dfh-ufa.org\/en\/wp-json\/wp\/v2\/pages\/13076"}],"wp:attachment":[{"href":"https:\/\/www.dfh-ufa.org\/en\/wp-json\/wp\/v2\/media?parent=13180"}],"curies":[{"name":"wp","href":"https:\/\/api.w.org\/{rel}","templated":true}]}}