{"id":189830,"date":"2020-05-20T15:19:29","date_gmt":"2020-05-20T13:19:29","guid":{"rendered":"https:\/\/www.dfh-ufa.org\/?page_id=189830"},"modified":"2022-01-05T15:15:36","modified_gmt":"2022-01-05T14:15:36","slug":"evaluationscharta-zur-qualitaetssicherung-von-studiengaengen-unf-foerderprogrammen-fuer-nachwuchswissenschaftler","status":"publish","type":"page","link":"https:\/\/www.dfh-ufa.org\/en\/information-for\/hochschulen\/evaluation\/evaluationscharta-zur-qualitaetssicherung-von-studiengaengen-unf-foerderprogrammen-fuer-nachwuchswissenschaftler","title":{"rendered":"Evaluationscharta zur Qualit\u00e4tssicherung von Studieng\u00e4ngen unf F\u00f6rderprogrammen f\u00fcr Nachwuchswissenschaftler"},"content":{"rendered":"<h2>INHALT<\/h2>\n<h3><a href=\"https:\/\/www.dfh-ufa.org\/informationen-fuer\/hochschulen\/evaluation\/evaluationscharta-zur-qualitaetssicherung-von-studiengaengen-unf-foerderprogrammen-fuer-nachwuchswissenschaftler\/vorbemerkungen\">VORBEMERKUNGEN<\/a><\/h3>\n<h3><a href=\"https:\/\/www.dfh-ufa.org\/informationen-fuer\/hochschulen\/evaluation\/evaluationscharta-zur-qualitaetssicherung-von-studiengaengen-unf-foerderprogrammen-fuer-nachwuchswissenschaftler\/a-qualitaetskriterien-der-programme-der-dfh\">A. QUALIT\u00c4TSKRITERIEN DER PROGRAMME DER DFH<\/a><\/h3>\n<h4><a href=\"https:\/\/www.dfh-ufa.org\/informationen-fuer\/hochschulen\/evaluation\/evaluationscharta-zur-qualitaetssicherung-von-studiengaengen-unf-foerderprogrammen-fuer-nachwuchswissenschaftler\/a-qualitaetskriterien-der-programme-der-dfh\/a-i-fur-die-aktivitaten-der-deutsch-franzosischen-hochschule-geltende-kriterien-und-grundsatze\">A.I. F\u00fcr die Aktivit\u00e4ten der Deutsch-Franz\u00f6sischen Hochschule geltende Kriterien und Grunds\u00e4tze<\/a><\/h4>\n<h4><a href=\"https:\/\/www.dfh-ufa.org\/informationen-fuer\/hochschulen\/evaluation\/evaluationscharta-zur-qualitaetssicherung-von-studiengaengen-unf-foerderprogrammen-fuer-nachwuchswissenschaftler\/a-qualitaetskriterien-der-programme-der-dfh\/a-ii-qualitaetskriterien-fuer-studiengaenge\">A.II. Qualit\u00e4tskriterien f\u00fcr Studieng\u00e4nge<\/a><\/h4>\n<h4><a href=\"https:\/\/www.dfh-ufa.org\/informationen-fuer\/hochschulen\/evaluation\/evaluationscharta-zur-qualitaetssicherung-von-studiengaengen-unf-foerderprogrammen-fuer-nachwuchswissenschaftler\/a-qualitaetskriterien-der-programme-der-dfh\/a-iii-spezifische-kriterien-fuer-programme-zur-foerderung-von-nachwuchswissenschaftlern\">A.III. Spezifische Kriterien f\u00fcr Programme zur F\u00f6rderung von Nachwuchswissenschaftlern<\/a><\/h4>\n<h3><a href=\"https:\/\/www.dfh-ufa.org\/informationen-fuer\/hochschulen\/evaluation\/evaluationscharta-zur-qualitaetssicherung-von-studiengaengen-unf-foerderprogrammen-fuer-nachwuchswissenschaftler\/b-die-programme-der-dfh\">B. DIE PROGRAMME DER DFH<\/a><\/h3>\n<h4><a href=\"https:\/\/www.dfh-ufa.org\/informationen-fuer\/hochschulen\/evaluation\/evaluationscharta-zur-qualitaetssicherung-von-studiengaengen-unf-foerderprogrammen-fuer-nachwuchswissenschaftler\/b-die-programme-der-dfh\/b-i-allgemeine-ziele-der-programme\">B.I. Allgemeine Ziele der Programme<\/a><\/h4>\n<h4><a href=\"https:\/\/www.dfh-ufa.org\/informationen-fuer\/hochschulen\/evaluation\/evaluationscharta-zur-qualitaetssicherung-von-studiengaengen-unf-foerderprogrammen-fuer-nachwuchswissenschaftler\/b-die-programme-der-dfh\/b-ii-die-studiengaenge-der-dfh\">B.II. Die Studieng\u00e4nge der DFH<\/a><\/h4>\n<h4><a href=\"https:\/\/www.dfh-ufa.org\/informationen-fuer\/hochschulen\/evaluation\/evaluationscharta-zur-qualitaetssicherung-von-studiengaengen-unf-foerderprogrammen-fuer-nachwuchswissenschaftler\/b-die-programme-der-dfh\/b-iii-programme-zur-foerderung-von-nachwuchswissenschaftlern\">B.III. Programme zur F\u00f6rderung von Nachwuchswissenschaftlern<\/a><\/h4>\n<h3><a href=\"https:\/\/www.dfh-ufa.org\/informationen-fuer\/hochschulen\/evaluation\/evaluationscharta-zur-qualitaetssicherung-von-studiengaengen-unf-foerderprogrammen-fuer-nachwuchswissenschaftler\/c-antragsverfahren\">C. ANTRAGSVERFAHREN<\/a><\/h3>\n<h3><a href=\"https:\/\/www.dfh-ufa.org\/informationen-fuer\/hochschulen\/evaluation\/evaluationscharta-zur-qualitaetssicherung-von-studiengaengen-unf-foerderprogrammen-fuer-nachwuchswissenschaftler\/d-begutachtung-von-studiengaengen-und-programmen-zur-foerderung-von-nachwuchswissenschaftlern\">D. BEGUTACHTUNG VON STUDIENG\u00c4NGEN UND PROGRAMMEN ZUR F\u00d6RDERUNG VON NACHWUCHSWISSENSCHAFTLERN<\/a><\/h3>\n<h4><a href=\"https:\/\/www.dfh-ufa.org\/informationen-fuer\/hochschulen\/evaluation\/evaluationscharta-zur-qualitaetssicherung-von-studiengaengen-unf-foerderprogrammen-fuer-nachwuchswissenschaftler\/d-begutachtung-von-studiengaengen-und-programmen-zur-foerderung-von-nachwuchswissenschaftlern\/d-i-allgemeine-begutachtungsgrundsaetze\">D.I.\u00a0Allgemeine Begutachtungsgrunds\u00e4tze<\/a><\/h4>\n<h4><a href=\"https:\/\/www.dfh-ufa.org\/informationen-fuer\/hochschulen\/evaluation\/evaluationscharta-zur-qualitaetssicherung-von-studiengaengen-unf-foerderprogrammen-fuer-nachwuchswissenschaftler\/d-begutachtung-von-studiengaengen-und-programmen-zur-foerderung-von-nachwuchswissenschaftlern\/d-ii-begutachtung-von-studiengaengen-und-phd-track-programmen\">D.II. Begutachtung von Studieng\u00e4ngen und PhD-Track-Programmen<\/a><\/h4>\n<h4><a href=\"https:\/\/www.dfh-ufa.org\/informationen-fuer\/hochschulen\/evaluation\/evaluationscharta-zur-qualitaetssicherung-von-studiengaengen-unf-foerderprogrammen-fuer-nachwuchswissenschaftler\/d-begutachtung-von-studiengaengen-und-programmen-zur-foerderung-von-nachwuchswissenschaftlern\/d-iii-begutachtung-von-programmen-zur-foerderung-von-nachwuchswissenschaftlern\">D.III. Begutachtung von Programmen zur F\u00f6rderung von Nachwuchswissenschaftlern<\/a><\/h4>\n<h3><a href=\"https:\/\/www.dfh-ufa.org\/informationen-fuer\/hochschulen\/evaluation\/evaluationscharta-zur-qualitaetssicherung-von-studiengaengen-unf-foerderprogrammen-fuer-nachwuchswissenschaftler\/e-qualitaetssicherung-an-der-dfh\">E.\u00a0QUALIT\u00c4TSSICHERUNG AN DER DFH<\/a><\/h3>\n<h4><a href=\"https:\/\/www.dfh-ufa.org\/informationen-fuer\/hochschulen\/evaluation\/evaluationscharta-zur-qualitaetssicherung-von-studiengaengen-unf-foerderprogrammen-fuer-nachwuchswissenschaftler\/e-qualitaetssicherung-an-der-dfh\/e-i-qualitaetssicherung-von-studiengaengen\">E.I. Qualit\u00e4tssicherung von Studieng\u00e4ngen<\/a><\/h4>\n<h4><a href=\"https:\/\/www.dfh-ufa.org\/informationen-fuer\/hochschulen\/evaluation\/evaluationscharta-zur-qualitaetssicherung-von-studiengaengen-unf-foerderprogrammen-fuer-nachwuchswissenschaftler\/e-qualitaetssicherung-an-der-dfh\/e-ii-qualitaetssicherung-von-programmen-zur-foerderung-von-nachwuchswissenschaftlern\">E.II. Qualit\u00e4tssicherung von Programmen zur F\u00f6rderung von Nachwuchswissenschaftlern<\/a><\/h4>\n","protected":false},"excerpt":{"rendered":"<p>INHALT VORBEMERKUNGEN A. QUALIT\u00c4TSKRITERIEN DER PROGRAMME DER DFH A.I. F\u00fcr die Aktivit\u00e4ten der Deutsch-Franz\u00f6sischen Hochschule geltende Kriterien und Grunds\u00e4tze A.II. Qualit\u00e4tskriterien f\u00fcr Studieng\u00e4nge A.III. Spezifische Kriterien f\u00fcr Programme zur F\u00f6rderung von Nachwuchswissenschaftlern B. DIE PROGRAMME DER DFH B.I. Allgemeine Ziele der Programme B.II. Die Studieng\u00e4nge der DFH B.III. Programme zur F\u00f6rderung von Nachwuchswissenschaftlern C. ANTRAGSVERFAHREN [&hellip;]<\/p>\n","protected":false},"author":3,"featured_media":0,"parent":850,"menu_order":0,"comment_status":"closed","ping_status":"closed","template":"","meta":{"_bbp_topic_count":0,"_bbp_reply_count":0,"_bbp_total_topic_count":0,"_bbp_total_reply_count":0,"_bbp_voice_count":0,"_bbp_anonymous_reply_count":0,"_bbp_topic_count_hidden":0,"_bbp_reply_count_hidden":0,"_bbp_forum_subforum_count":0,"inline_featured_image":false},"acf":[],"_links":{"self":[{"href":"https:\/\/www.dfh-ufa.org\/en\/wp-json\/wp\/v2\/pages\/189830"}],"collection":[{"href":"https:\/\/www.dfh-ufa.org\/en\/wp-json\/wp\/v2\/pages"}],"about":[{"href":"https:\/\/www.dfh-ufa.org\/en\/wp-json\/wp\/v2\/types\/page"}],"author":[{"embeddable":true,"href":"https:\/\/www.dfh-ufa.org\/en\/wp-json\/wp\/v2\/users\/3"}],"replies":[{"embeddable":true,"href":"https:\/\/www.dfh-ufa.org\/en\/wp-json\/wp\/v2\/comments?post=189830"}],"version-history":[{"count":6,"href":"https:\/\/www.dfh-ufa.org\/en\/wp-json\/wp\/v2\/pages\/189830\/revisions"}],"predecessor-version":[{"id":189904,"href":"https:\/\/www.dfh-ufa.org\/en\/wp-json\/wp\/v2\/pages\/189830\/revisions\/189904"}],"up":[{"embeddable":true,"href":"https:\/\/www.dfh-ufa.org\/en\/wp-json\/wp\/v2\/pages\/850"}],"wp:attachment":[{"href":"https:\/\/www.dfh-ufa.org\/en\/wp-json\/wp\/v2\/media?parent=189830"}],"curies":[{"name":"wp","href":"https:\/\/api.w.org\/{rel}","templated":true}]}}