{"id":189836,"date":"2020-05-20T15:22:21","date_gmt":"2020-05-20T13:22:21","guid":{"rendered":"https:\/\/www.dfh-ufa.org\/?page_id=189836"},"modified":"2020-05-20T15:22:21","modified_gmt":"2020-05-20T13:22:21","slug":"vorbemerkungen","status":"publish","type":"page","link":"https:\/\/www.dfh-ufa.org\/en\/information-for\/hochschulen\/evaluation\/evaluationscharta-zur-qualitaetssicherung-von-studiengaengen-unf-foerderprogrammen-fuer-nachwuchswissenschaftler\/vorbemerkungen","title":{"rendered":"VORBEMERKUNGEN"},"content":{"rendered":"<h2>INSTITUTIONNELER RAHMEN DER DEUTSCH-FRANZ\u00d6SISCHEN HOCHSCHULE<br \/>\nAUFGABEN UND VERFAHREN<br \/>\nQUALIT\u00c4TS- UND EXZELLENZANSPRUCH<\/h2>\n<p>Die Deutsch-Franz\u00f6sische Hochschule (DFH) ist eine binationale Einrichtung, die 1997 durch ein Regierungsabkommen (Weimarer Abkommen) gegr\u00fcndet wurde und zu gleichen Teilen von beiden Regierungen finanziert wird: BMBF (Bundesministerium f\u00fcr Bildung und Forschung), L\u00e4nder, AA (Ausw\u00e4rtiges Amt), MESRI (Minist\u00e8re de l\u2019Enseignement sup\u00e9rieur, de la Recherche et de l\u2019Innovation), MEAE (Minist\u00e8re de l\u2019Europe et des Affaires \u00c9trang\u00e8res).<\/p>\n<p>Ziel der DFH ist die St\u00e4rkung der Zusammenarbeit zwischen Deutschland und Frankreich in den Bereichen Hochschulbildung und F\u00f6rderung des wissenschaftlichen Nachwuchses.<br \/>\nSie f\u00f6rdert die strukturierte deutsch-franz\u00f6sische \u2013 und allgemeiner \u2013 europ\u00e4ische und internationale Mobilit\u00e4t von Studierenden und Nachwuchswissenschaftlern1 sowie deren Berufsperspektiven auf dem internationalen Arbeitsmarkt.<\/p>\n<p>Die Qualit\u00e4ts- und Exzellenzanspr\u00fcche, die die von der DFH gef\u00f6rderten Programme erf\u00fcllen m\u00fcssen, spiegeln sich in ihren Auswahl- und Kontrollverfahren sowie in der Aufmerksamkeit wider, mit welcher die Karrierechancen der in den Studieng\u00e4ngen eingeschriebenen Studierenden beobachtet werden.<\/p>\n<p>Die Hochschulen, die von der Deutsch-Franz\u00f6sischen Hochschule gef\u00f6rderte Programme anbieten, verpflichten sich, die jeweiligen Programmbeauftragten in ihrer Einrichtung zu unterst\u00fctzen, und tragen u.\u00a0a. finanziell zur Weiterentwicklung, Umsetzung und Kontrolle der Projekte bei, um deren Fortbestand zu gew\u00e4hrleisten. Dar\u00fcber hinaus sollten sie angemessene Werbema\u00dfnahmen durchf\u00fchren und ihre Beziehungen zur Wirtschaft, Industrie und Arbeitswelt ausbauen, um ihren Doppeldiplomierten den Eintritt in den Arbeitsmarkt zu erleichtern.<\/p>\n<p>Alle mit der Bearbeitung, Evaluation und Archivierung relevanter Unterlagen verbundenen Vorg\u00e4nge unterliegen den Datenschutzrichtlinien der DFH, die unter folgendem Link abgerufen werden k\u00f6nnen: https:\/\/www.dfh-ufa.org\/datenschutz\/<\/p>\n<h2>F\u00d6RDERINSTRUMENTE DER DEUTSCH-FRANZ\u00d6SISCHEN HOCHSCHULE<\/h2>\n<p>Die Deutsch-Franz\u00f6sische Hochschule f\u00f6rdert mit finanziellen Zusch\u00fcssen die Durchf\u00fchrung:<\/p>\n<p>binationaler (oder im Falle einer Drittlandbeteiligung trinationaler) Bachelor- und Masterstudieng\u00e4nge:<br \/>\n\u2022 integrierte Studieng\u00e4nge<br \/>\n\u2022 teilintegrierte Studieng\u00e4nge<\/p>\n<p>von Programmen zur F\u00f6rderung der binationalen und trinationalen Doktorandenausbildung von Nachwuchswissenschaftlern:<br \/>\n\u2022 PhD-Track-Programme, die die Master- mit der Promotionsphase verkn\u00fcpfen<br \/>\n\u2022 Cotutelles de th\u00e8se<br \/>\n\u2022 Deutsch-Franz\u00f6sische Doktorandenkollegs (DFDK)<\/p>\n<p>deutsch-franz\u00f6sischer wissenschaftlicher Veranstaltungen zur F\u00f6rderung von Nachwuchs-wissenschaftlern:<br \/>\n\u2022 Forschungsateliers, Sommer- oder Winterschulen<br \/>\n\u2022 spezifische, innovationsf\u00f6rdernde, strategische u.\u00a0\u00e4. Ausschreibungen:<\/p>\n<p>von Vorbereitungstreffen, die es Tandems aus einer deutschen und einer franz\u00f6sischen Hochschule erm\u00f6glichen, gemeinsam einen Antrag auf F\u00f6rderung durch die DFH auszuarbeiten.<\/p>\n","protected":false},"excerpt":{"rendered":"<p>INSTITUTIONNELER RAHMEN DER DEUTSCH-FRANZ\u00d6SISCHEN HOCHSCHULE AUFGABEN UND VERFAHREN QUALIT\u00c4TS- UND EXZELLENZANSPRUCH Die Deutsch-Franz\u00f6sische Hochschule (DFH) ist eine binationale Einrichtung, die 1997 durch ein Regierungsabkommen (Weimarer Abkommen) gegr\u00fcndet wurde und zu gleichen Teilen von beiden Regierungen finanziert wird: BMBF (Bundesministerium f\u00fcr Bildung und Forschung), L\u00e4nder, AA (Ausw\u00e4rtiges Amt), MESRI (Minist\u00e8re de l\u2019Enseignement sup\u00e9rieur, de la Recherche [&hellip;]<\/p>\n","protected":false},"author":3,"featured_media":0,"parent":189830,"menu_order":0,"comment_status":"closed","ping_status":"closed","template":"","meta":{"_bbp_topic_count":0,"_bbp_reply_count":0,"_bbp_total_topic_count":0,"_bbp_total_reply_count":0,"_bbp_voice_count":0,"_bbp_anonymous_reply_count":0,"_bbp_topic_count_hidden":0,"_bbp_reply_count_hidden":0,"_bbp_forum_subforum_count":0,"inline_featured_image":false},"acf":[],"_links":{"self":[{"href":"https:\/\/www.dfh-ufa.org\/en\/wp-json\/wp\/v2\/pages\/189836"}],"collection":[{"href":"https:\/\/www.dfh-ufa.org\/en\/wp-json\/wp\/v2\/pages"}],"about":[{"href":"https:\/\/www.dfh-ufa.org\/en\/wp-json\/wp\/v2\/types\/page"}],"author":[{"embeddable":true,"href":"https:\/\/www.dfh-ufa.org\/en\/wp-json\/wp\/v2\/users\/3"}],"replies":[{"embeddable":true,"href":"https:\/\/www.dfh-ufa.org\/en\/wp-json\/wp\/v2\/comments?post=189836"}],"version-history":[{"count":1,"href":"https:\/\/www.dfh-ufa.org\/en\/wp-json\/wp\/v2\/pages\/189836\/revisions"}],"predecessor-version":[{"id":189877,"href":"https:\/\/www.dfh-ufa.org\/en\/wp-json\/wp\/v2\/pages\/189836\/revisions\/189877"}],"up":[{"embeddable":true,"href":"https:\/\/www.dfh-ufa.org\/en\/wp-json\/wp\/v2\/pages\/189830"}],"wp:attachment":[{"href":"https:\/\/www.dfh-ufa.org\/en\/wp-json\/wp\/v2\/media?parent=189836"}],"curies":[{"name":"wp","href":"https:\/\/api.w.org\/{rel}","templated":true}]}}