{"id":189837,"date":"2020-05-20T15:19:53","date_gmt":"2020-05-20T13:19:53","guid":{"rendered":"https:\/\/www.dfh-ufa.org\/?page_id=189837"},"modified":"2020-05-20T16:10:47","modified_gmt":"2020-05-20T14:10:47","slug":"a-qualitaetskriterien-der-programme-der-dfh","status":"publish","type":"page","link":"https:\/\/www.dfh-ufa.org\/en\/information-for\/hochschulen\/evaluation\/evaluationscharta-zur-qualitaetssicherung-von-studiengaengen-unf-foerderprogrammen-fuer-nachwuchswissenschaftler\/a-qualitaetskriterien-der-programme-der-dfh","title":{"rendered":"A. QUALIT\u00c4TSKRITERIEN DER PROGRAMME DER DFH"},"content":{"rendered":"<p><a href=\"https:\/\/www.dfh-ufa.org\/informationen-fuer\/hochschulen\/evaluation\/evaluationscharta-zur-qualitaetssicherung-von-studiengaengen-unf-foerderprogrammen-fuer-nachwuchswissenschaftler\/a-qualitaetskriterien-der-programme-der-dfh\/a-i-fur-die-aktivitaten-der-deutsch-franzosischen-hochschule-geltende-kriterien-und-grundsatze\">A.I. F\u00fcr die Aktivit\u00e4ten der Deutsch-Franz\u00f6sischen Hochschule geltende Kriterien und Grunds\u00e4tze<\/a><\/p>\n<p><a href=\"https:\/\/www.dfh-ufa.org\/informationen-fuer\/hochschulen\/evaluation\/evaluationscharta-zur-qualitaetssicherung-von-studiengaengen-unf-foerderprogrammen-fuer-nachwuchswissenschaftler\/a-qualitaetskriterien-der-programme-der-dfh\/a-ii-qualitaetskriterien-fuer-studiengaenge\">A.II. Qualit\u00e4tskriterien f\u00fcr Studieng\u00e4nge<\/a><\/p>\n<p><a href=\"https:\/\/www.dfh-ufa.org\/informationen-fuer\/hochschulen\/evaluation\/evaluationscharta-zur-qualitaetssicherung-von-studiengaengen-unf-foerderprogrammen-fuer-nachwuchswissenschaftler\/a-qualitaetskriterien-der-programme-der-dfh\/a-iii-spezifische-kriterien-fuer-programme-zur-foerderung-von-nachwuchswissenschaftlern\">A.III. Spezifische Kriterien f\u00fcr Programme zur F\u00f6rderung von Nachwuchswissenschaftlern<\/a><\/p>\n","protected":false},"excerpt":{"rendered":"<p>A.I. F\u00fcr die Aktivit\u00e4ten der Deutsch-Franz\u00f6sischen Hochschule geltende Kriterien und Grunds\u00e4tze A.II. Qualit\u00e4tskriterien f\u00fcr Studieng\u00e4nge A.III. Spezifische Kriterien f\u00fcr Programme zur F\u00f6rderung von Nachwuchswissenschaftlern<\/p>\n","protected":false},"author":3,"featured_media":0,"parent":189830,"menu_order":0,"comment_status":"closed","ping_status":"closed","template":"","meta":{"_bbp_topic_count":0,"_bbp_reply_count":0,"_bbp_total_topic_count":0,"_bbp_total_reply_count":0,"_bbp_voice_count":0,"_bbp_anonymous_reply_count":0,"_bbp_topic_count_hidden":0,"_bbp_reply_count_hidden":0,"_bbp_forum_subforum_count":0,"inline_featured_image":false},"acf":[],"_links":{"self":[{"href":"https:\/\/www.dfh-ufa.org\/en\/wp-json\/wp\/v2\/pages\/189837"}],"collection":[{"href":"https:\/\/www.dfh-ufa.org\/en\/wp-json\/wp\/v2\/pages"}],"about":[{"href":"https:\/\/www.dfh-ufa.org\/en\/wp-json\/wp\/v2\/types\/page"}],"author":[{"embeddable":true,"href":"https:\/\/www.dfh-ufa.org\/en\/wp-json\/wp\/v2\/users\/3"}],"replies":[{"embeddable":true,"href":"https:\/\/www.dfh-ufa.org\/en\/wp-json\/wp\/v2\/comments?post=189837"}],"version-history":[{"count":2,"href":"https:\/\/www.dfh-ufa.org\/en\/wp-json\/wp\/v2\/pages\/189837\/revisions"}],"predecessor-version":[{"id":189899,"href":"https:\/\/www.dfh-ufa.org\/en\/wp-json\/wp\/v2\/pages\/189837\/revisions\/189899"}],"up":[{"embeddable":true,"href":"https:\/\/www.dfh-ufa.org\/en\/wp-json\/wp\/v2\/pages\/189830"}],"wp:attachment":[{"href":"https:\/\/www.dfh-ufa.org\/en\/wp-json\/wp\/v2\/media?parent=189837"}],"curies":[{"name":"wp","href":"https:\/\/api.w.org\/{rel}","templated":true}]}}