{"id":189847,"date":"2020-05-20T15:28:09","date_gmt":"2020-05-20T13:28:09","guid":{"rendered":"https:\/\/www.dfh-ufa.org\/?page_id=189847"},"modified":"2020-05-20T15:28:09","modified_gmt":"2020-05-20T13:28:09","slug":"a-iii-spezifische-kriterien-fuer-programme-zur-foerderung-von-nachwuchswissenschaftlern","status":"publish","type":"page","link":"https:\/\/www.dfh-ufa.org\/en\/information-for\/hochschulen\/evaluation\/evaluationscharta-zur-qualitaetssicherung-von-studiengaengen-unf-foerderprogrammen-fuer-nachwuchswissenschaftler\/a-qualitaetskriterien-der-programme-der-dfh\/a-iii-spezifische-kriterien-fuer-programme-zur-foerderung-von-nachwuchswissenschaftlern","title":{"rendered":"A.III. Spezifische Kriterien f\u00fcr Programme zur F\u00f6rderung von Nachwuchswissenschaftlern"},"content":{"rendered":"<p>Die von der DFH gef\u00f6rderten und finanzierten F\u00f6rderprogramme f\u00fcr Nachwuchswissenschaftler m\u00fcssen in der Regel die allgemeinen Qualit\u00e4tsgrunds\u00e4tze und \u2011kriterien erf\u00fcllen und werden in Form unterschiedlicher Instrumente angeboten.<\/p>\n<h2>F\u00fcr alle Aktivit\u00e4ten geltende Grunds\u00e4tze<\/h2>\n<p>Die Programme m\u00fcssen sich durch wissenschaftliche Exzellenz und einen innovativen und originellen Charakter auszeichnen und die wissenschaftlichen und kulturellen Qualit\u00e4ten beider Partnerl\u00e4nder unter besonderer Ber\u00fccksichtigung der deutsch-franz\u00f6sischen Dimension miteinander verkn\u00fcpfen.<\/p>\n<p>Die F\u00f6rderprogramme der DFH stehen allen universit\u00e4ren Disziplinen sowie Forschungs-bereichen offen.<\/p>\n<p>Die gef\u00f6rderten Programme beinhalten Aufenthalte der Nachwuchswissenschaftler in beiden L\u00e4ndern und in den sich durch ein hohes wissenschaftliches und akademisches Niveau auszeichnenden Forschungseinrichtungen und -strukturen sowie eine Betreuung durch qualifizierte renommierte Wissenschaftler.<\/p>\n<p>Sie gew\u00e4hrleisten das Erlernen der unterschiedlichen inhaltlichen und methodischen Herangehensweisen der beiden L\u00e4nder. In dieser Vielfalt besteht ein zus\u00e4tzlicher Mehrwert.<\/p>\n<p>Des Weiteren gew\u00e4hrleisten sie die Auseinandersetzung mit verschiedenen akademischen und wissenschaftlichen Kulturen, Arbeitsmethoden und Lebensweisen und vermitteln fachliche Schl\u00fcsselqualifikationen sowie sprachliche und interkulturelle Kompetenz.<\/p>\n<p>Dar\u00fcber hinaus m\u00fcssen sie ihren Nachwuchswissenschaftlern so weit als m\u00f6glich Folgendes erm\u00f6glichen:<\/p>\n<ul>\n<li>Aneignung vertiefter Kenntnisse von mindestens zwei L\u00e4ndern;<\/li>\n<li>vertiefte Einblicke in unterschiedliche deutsch-franz\u00f6sische und im weiteren Sinne europ\u00e4ische und internationale Arbeitsstrukturen und -kulturen:<\/li>\n<li>F\u00f6rderung der Pers\u00f6nlichkeitsbildung.<\/li>\n<\/ul>\n<h2>Doktorandenausbildungsprogramme: Deutsch-franz\u00f6sische Doktorandenkollegs und deutsch-franz\u00f6sische Cotutelles de th\u00e8se<\/h2>\n<p>Diese Programme bauen auf Doktorandenausbildungen in Deutschland (Graduiertenkollegs usw.) und Frankreich (\u00c9coles doctorales) auf, die eng miteinander verkn\u00fcpft werden, und bieten eine strukturierte Doktorandenausbildung, eventuell in Verbindung mit anderen von der DFH gef\u00f6rderten Programmen im Rahmen einer deutsch-franz\u00f6sischen Kooperation (Zusammenarbeit von Forschergruppen, Synergien zwischen Cotutelle und Doktoranden-kolleg, Durchf\u00fchrung weiterer von der DFH gef\u00f6rderter Programme sowie anderer deutsch-franz\u00f6sischer Kooperationen).<\/p>\n<p>Voraussetzung f\u00fcr eine F\u00f6rderung ist eine exzellente Betreuung der Doktoranden, d.\u00a0h. eine von beiden Hochschulen getragene spezifische und individuelle sowie gemeinsame Betreuung, die der Erweiterung der Spezialisierung der Doktoranden dient und die strukturierte Einbindung in die Forschungslandschaft in Deutschland und Frankreich f\u00f6rdert.<\/p>\n<ul>\n<li>Die deutsch-franz\u00f6sischen Doktorandenkollegs (DFDK) m\u00fcssen folgende Kriterien erf\u00fcllen: effiziente, auf den nationalen Ausbildungen und spezifischen Lehrmethoden gest\u00fctzte Strukturierung des Doktorandenausbildungs- und Forschungsprogramms, binationale Doktorandenauswahl, Verzahnung von Doktoranden- und Postdocausbildung, effektive Verbreitung der Ergebnisse sowie, je nach Fachgebiet, Herausstellung der Forschungsergebnisse im Hinblick auf die beruflichen Perspektiven und Ma\u00dfnahmen zur Eingliederung der Doktoranden in den Arbeitsmarkt.<\/li>\n<li>Ziel einer Cotutelle de th\u00e8se ist die Schaffung neuer Synergien zwischen unterschiedlichen Hochschulsystemen und Forschungskulturen, die sich der Doktorand f\u00fcr seine Fortentwicklung nutzbar machen k\u00f6nnen muss. Es ist vertraglich festzulegen, dass die Forschungsarbeiten des Doktoranden durch mindestens zwei\u00a0Hochschulprofessoren der beiden Partnerl\u00e4nder betreut werden; zudem muss die M\u00f6glichkeit des Erhalts sowohl des deutschen als auch des franz\u00f6sischen Doktorgrads nach der gemeinsamen Disputation gegeben sein. Der wissenschaftliche Wert der Forschungsarbeiten und ihre Sichtbarkeit auf deutsch-franz\u00f6sischer, europ\u00e4ischer und internationaler Ebene sollten die Karrierechancen der Doktoranden auf dem Arbeitsmarkt erh\u00f6hen.<\/li>\n<\/ul>\n<h2>Wissenschaftliche Veranstaltungen f\u00fcr Nachwuchswissenschaftler: Forschungs-ateliers und Sommerschulen<\/h2>\n<p>Wissenschaftliche Veranstaltungen m\u00fcssen die folgenden zentralen Kriterien erf\u00fcllen:<\/p>\n<ul>\n<li>wissenschaftliche und p\u00e4dagogische Qualit\u00e4t der Veranstaltung mit ausgewogenem Verh\u00e4ltnis zwischen Konferenzen, Workshops und Diskussionen und anderen Interventionsformen;<\/li>\n<li>anerkannte wissenschaftliche und p\u00e4dagogische Qualit\u00e4t der Referenten;<\/li>\n<li>guter methodologischer und interkultureller Ansatz;<\/li>\n<li>Erfahrungen der Projekttr\u00e4ger im deutsch-franz\u00f6sischen Kontext;<\/li>\n<li>Stimmigkeit und ausgewogenes Verh\u00e4ltnis bez\u00fcglich der Herkunft der Teilnehmer und deutliche internationale Ausrichtung der Veranstaltung;<\/li>\n<li>m\u00f6glichst binationale Ausgewogenheit der Veranstaltungsteilnehmer;<\/li>\n<li>\u00d6ffnung der Veranstaltung f\u00fcr Absolventen und Studierende h\u00f6herer Semester (mindestens Master) mit der M\u00f6glichkeit der Anerkennung von ECTS-Punkten:<\/li>\n<li>Ver\u00f6ffentlichung der Ergebnisse der Veranstaltung in angemessener Form (Print \/ Internet);<\/li>\n<li>nach M\u00f6glichkeit Synergien mit anderen Instrumenten (Doktorandenkolleg, Kooperation) der DFH.<\/li>\n<\/ul>\n","protected":false},"excerpt":{"rendered":"<p>Die von der DFH gef\u00f6rderten und finanzierten F\u00f6rderprogramme f\u00fcr Nachwuchswissenschaftler m\u00fcssen in der Regel die allgemeinen Qualit\u00e4tsgrunds\u00e4tze und \u2011kriterien erf\u00fcllen und werden in Form unterschiedlicher Instrumente angeboten. F\u00fcr alle Aktivit\u00e4ten geltende Grunds\u00e4tze Die Programme m\u00fcssen sich durch wissenschaftliche Exzellenz und einen innovativen und originellen Charakter auszeichnen und die wissenschaftlichen und kulturellen Qualit\u00e4ten beider Partnerl\u00e4nder unter [&hellip;]<\/p>\n","protected":false},"author":3,"featured_media":0,"parent":189837,"menu_order":0,"comment_status":"closed","ping_status":"closed","template":"","meta":{"_bbp_topic_count":0,"_bbp_reply_count":0,"_bbp_total_topic_count":0,"_bbp_total_reply_count":0,"_bbp_voice_count":0,"_bbp_anonymous_reply_count":0,"_bbp_topic_count_hidden":0,"_bbp_reply_count_hidden":0,"_bbp_forum_subforum_count":0,"inline_featured_image":false},"acf":[],"_links":{"self":[{"href":"https:\/\/www.dfh-ufa.org\/en\/wp-json\/wp\/v2\/pages\/189847"}],"collection":[{"href":"https:\/\/www.dfh-ufa.org\/en\/wp-json\/wp\/v2\/pages"}],"about":[{"href":"https:\/\/www.dfh-ufa.org\/en\/wp-json\/wp\/v2\/types\/page"}],"author":[{"embeddable":true,"href":"https:\/\/www.dfh-ufa.org\/en\/wp-json\/wp\/v2\/users\/3"}],"replies":[{"embeddable":true,"href":"https:\/\/www.dfh-ufa.org\/en\/wp-json\/wp\/v2\/comments?post=189847"}],"version-history":[{"count":1,"href":"https:\/\/www.dfh-ufa.org\/en\/wp-json\/wp\/v2\/pages\/189847\/revisions"}],"predecessor-version":[{"id":189880,"href":"https:\/\/www.dfh-ufa.org\/en\/wp-json\/wp\/v2\/pages\/189847\/revisions\/189880"}],"up":[{"embeddable":true,"href":"https:\/\/www.dfh-ufa.org\/en\/wp-json\/wp\/v2\/pages\/189837"}],"wp:attachment":[{"href":"https:\/\/www.dfh-ufa.org\/en\/wp-json\/wp\/v2\/media?parent=189847"}],"curies":[{"name":"wp","href":"https:\/\/api.w.org\/{rel}","templated":true}]}}