{"id":189849,"date":"2020-05-20T15:30:43","date_gmt":"2020-05-20T13:30:43","guid":{"rendered":"https:\/\/www.dfh-ufa.org\/?page_id=189849"},"modified":"2020-05-20T16:03:42","modified_gmt":"2020-05-20T14:03:42","slug":"b-i-allgemeine-ziele-der-programme","status":"publish","type":"page","link":"https:\/\/www.dfh-ufa.org\/en\/information-for\/hochschulen\/evaluation\/evaluationscharta-zur-qualitaetssicherung-von-studiengaengen-unf-foerderprogrammen-fuer-nachwuchswissenschaftler\/b-die-programme-der-dfh\/b-i-allgemeine-ziele-der-programme","title":{"rendered":"B.I. Allgemeine Ziele der Programme"},"content":{"rendered":"<p>Die Deutsch-Franz\u00f6sische Hochschule (DFH), ein Netzwerk aus deutschen, franz\u00f6sischen und (im Falle von trinationalen Studieng\u00e4ngen) Drittlandhochschulen, f\u00f6rdert seit 1999 die deutsch-franz\u00f6sische Zusammenarbeit im Hochschulbereich und unterst\u00fctzt die F\u00f6rderung der Mobilit\u00e4t von Nachwuchswissenschaftlern.<\/p>\n<p>Die DFH unterst\u00fctzt und f\u00f6rdert zwei Arten von Programmen:<\/p>\n<ul>\n<li>integrierte Studieng\u00e4nge: Ziel ist die F\u00f6rderung und Flankierung der Durchf\u00fchrung integrierter binationaler und trinationaler und (in selteneren F\u00e4llen) teilintegrierter Bachelor- und Masterstudieng\u00e4nge in allen Fachbereichen, die mit einem deutsch-franz\u00f6sischen Doppeldiplom abschlie\u00dfen. Die Unterschiede zwischen den beiden Studiengangstypen werden in Abschnitt B.II. eingehender erl\u00e4utert.<\/li>\n<li>F\u00f6rderung von Nachwuchswissenschaftlern: Ziel ist die Entwicklung von PhD-Track-Programmen, die das Master- mit dem Promotionsstudium verkn\u00fcpfen, sowie von Cotutelles de th\u00e8se, deutsch-franz\u00f6sischen Doktorandenkollegs und wissenschaftlichen Veranstaltungen.<\/li>\n<\/ul>\n<p>Das DFH f\u00f6rdert und akzeptiert in ihrem Netzwerk F\u00f6rderprogramme in allen universit\u00e4ren Disziplinen.<\/p>\n<p>Alle Hochschulen und Forschungseinrichtungen k\u00f6nnen an den Programmen der DFH teilnehmen und einen entsprechenden F\u00f6rderantrag stellen, d.\u00a0h.:<\/p>\n<ul>\n<li>in Frankreich:\n<ul>\n<li>Universit\u00e4ten<\/li>\n<li>Grandes \u00c9coles und \u00c9coles sup\u00e9rieures<\/li>\n<li>Instituts d\u2019\u00c9tudes Politiques (IEP)<\/li>\n<li>sowie alle staatlich akkreditierten und anerkannten Hochschul- und Forschungseinrichtungen.<\/li>\n<\/ul>\n<\/li>\n<li>in Deutschland:\n<ul>\n<li>Universit\u00e4ten, Technische Universit\u00e4ten\u00a0und\u00a0P\u00e4dagogische Hochschulen<\/li>\n<li>Fachhochschulen<\/li>\n<li>Duale Hochschulen<\/li>\n<li>Forschungsinstitute und -zentren sowie alle anderen \u00f6ffentlichen oder staatlich akkreditierten und anerkannten Einrichtungen.<\/li>\n<\/ul>\n<\/li>\n<\/ul>\n","protected":false},"excerpt":{"rendered":"<p>Die Deutsch-Franz\u00f6sische Hochschule (DFH), ein Netzwerk aus deutschen, franz\u00f6sischen und (im Falle von trinationalen Studieng\u00e4ngen) Drittlandhochschulen, f\u00f6rdert seit 1999 die deutsch-franz\u00f6sische Zusammenarbeit im Hochschulbereich und unterst\u00fctzt die F\u00f6rderung der Mobilit\u00e4t von Nachwuchswissenschaftlern. Die DFH unterst\u00fctzt und f\u00f6rdert zwei Arten von Programmen: integrierte Studieng\u00e4nge: Ziel ist die F\u00f6rderung und Flankierung der Durchf\u00fchrung integrierter binationaler und trinationaler [&hellip;]<\/p>\n","protected":false},"author":3,"featured_media":0,"parent":189848,"menu_order":24,"comment_status":"closed","ping_status":"closed","template":"","meta":{"_bbp_topic_count":0,"_bbp_reply_count":0,"_bbp_total_topic_count":0,"_bbp_total_reply_count":0,"_bbp_voice_count":0,"_bbp_anonymous_reply_count":0,"_bbp_topic_count_hidden":0,"_bbp_reply_count_hidden":0,"_bbp_forum_subforum_count":0,"inline_featured_image":false},"acf":[],"_links":{"self":[{"href":"https:\/\/www.dfh-ufa.org\/en\/wp-json\/wp\/v2\/pages\/189849"}],"collection":[{"href":"https:\/\/www.dfh-ufa.org\/en\/wp-json\/wp\/v2\/pages"}],"about":[{"href":"https:\/\/www.dfh-ufa.org\/en\/wp-json\/wp\/v2\/types\/page"}],"author":[{"embeddable":true,"href":"https:\/\/www.dfh-ufa.org\/en\/wp-json\/wp\/v2\/users\/3"}],"replies":[{"embeddable":true,"href":"https:\/\/www.dfh-ufa.org\/en\/wp-json\/wp\/v2\/comments?post=189849"}],"version-history":[{"count":1,"href":"https:\/\/www.dfh-ufa.org\/en\/wp-json\/wp\/v2\/pages\/189849\/revisions"}],"predecessor-version":[{"id":189881,"href":"https:\/\/www.dfh-ufa.org\/en\/wp-json\/wp\/v2\/pages\/189849\/revisions\/189881"}],"up":[{"embeddable":true,"href":"https:\/\/www.dfh-ufa.org\/en\/wp-json\/wp\/v2\/pages\/189848"}],"wp:attachment":[{"href":"https:\/\/www.dfh-ufa.org\/en\/wp-json\/wp\/v2\/media?parent=189849"}],"curies":[{"name":"wp","href":"https:\/\/api.w.org\/{rel}","templated":true}]}}