{"id":189856,"date":"2020-05-20T15:36:21","date_gmt":"2020-05-20T13:36:21","guid":{"rendered":"https:\/\/www.dfh-ufa.org\/?page_id=189856"},"modified":"2020-05-20T16:03:38","modified_gmt":"2020-05-20T14:03:38","slug":"b-iii-programme-zur-foerderung-von-nachwuchswissenschaftlern","status":"publish","type":"page","link":"https:\/\/www.dfh-ufa.org\/en\/information-for\/hochschulen\/evaluation\/evaluationscharta-zur-qualitaetssicherung-von-studiengaengen-unf-foerderprogrammen-fuer-nachwuchswissenschaftler\/b-die-programme-der-dfh\/b-iii-programme-zur-foerderung-von-nachwuchswissenschaftlern","title":{"rendered":"B.III. Programme zur F\u00f6rderung von Nachwuchswissenschaftlern"},"content":{"rendered":"<p>Im Bereich der Doktorandenausbildung und der wissenschaftlichen Veranstaltungen bietet die DFH mehrere F\u00f6rderprogramme an, mit denen die Forschungsaktivit\u00e4ten deutsch-franz\u00f6sischer Kooperationen als Erg\u00e4nzung zu nationalen, deutsch-franz\u00f6sischen oder internationalen Programmen gef\u00f6rdert werden.<br \/>\nDabei liegt der Schwerpunkt der F\u00f6rderung durch die DFH auf der Mobilit\u00e4t von Studierenden, Doktoranden und Forschern; bestimmte Projekte werden zudem mit Infrastrukturmitteln unterst\u00fctzt.<\/p>\n<p>Die Programme sind folgenderma\u00dfen untergliedert:<\/p>\n<h3>1. Strukturierte Ausbildungsprogramme<\/h3>\n<ul>\n<li>PhD-Track-Programme<\/li>\n<li>Doktorandenkollegs<\/li>\n<\/ul>\n<h3>2. Programme zur F\u00f6rderung einzelner Nachwuchswissenschaftler<\/h3>\n<ul>\n<li>Cotutelles de th\u00e8se<\/li>\n<\/ul>\n<h3>3. Wissenschaftliche Veranstaltungen f\u00fcr Nachwuchswissenschaftler<br \/>\n(Forschungsateliers, Sommerschulen)<\/h3>\n<h3>4. Vorbereitungstreffen<\/h3>\n<p>Mit den Programmen werden jeweils folgende Ziele verfolgt:<\/p>\n<h2>Deutsch-franz\u00f6sische PhD-Track-Programme<\/h2>\n<p>Ein PhD-Track-Programm verkn\u00fcpft das zweij\u00e4hrige Masterstudium mit dem dreij\u00e4hrigen Promotionsstudium zu einer f\u00fcnfj\u00e4hrigen Ausbildung, die mit einer Promotion abschlie\u00dft.<br \/>\nDas F\u00f6rderinstrument richtet sich an Programme, die ein gut strukturiertes Ausbildungskonzept von hoher Qualit\u00e4t aufweisen. Die Einbindung eines Drittlandes ist zul\u00e4ssig.<br \/>\nEs steht allen Fachrichtungen offen. Im Mittelpunkt steht die Verkn\u00fcpfung der Master- mit der Promotionsphase sowie die langfristige Etablierung der Mobilit\u00e4t von Studierenden und Doktoranden.<br \/>\nEs ist m\u00f6glich, die Promotionsphase mit einer Cotutelle de th\u00e8se zu verkn\u00fcpfen, die im Rahmen des Cotutelle-Programms der DFH zus\u00e4tzlich gef\u00f6rdert werden kann.<\/p>\n<h2>Deutsch-Franz\u00f6sische Doktorandenkollegs<\/h2>\n<p>Zielgruppe dieses F\u00f6rderprogramms sind strukturierte Doktorandenausbildungen in Deutschland und Frankreich in allen Bereichen der Doktorandenausbildung.<br \/>\nDie Beteiligung mehrerer Einrichtungen auf deutscher und auf franz\u00f6sischer Seite ist m\u00f6glich. Auch die Einbeziehung eines Drittlandes ist denkbar. Im Mittelpunkt dieses Programms steht die Mobilit\u00e4t der Doktoranden, die eine enge Zusammenarbeit zwischen deutschen und franz\u00f6sischen Forschern erm\u00f6glichen soll.<br \/>\nZiel ist es, den Austausch von Forschern einer Disziplin sowie Innovation, Wissenstransfer und die Erstellung von Ver\u00f6ffentlichungen auf europ\u00e4ischer und internationaler Ebene zu f\u00f6rdern.<br \/>\nEs ist m\u00f6glich, die Promotionsphase mit einer Cotutelle de th\u00e8se zu verkn\u00fcpfen, die von der DFH zus\u00e4tzlich gef\u00f6rdert werden kann.<\/p>\n<h2>Deutsch-franz\u00f6sische Cotutelles de th\u00e8se<\/h2>\n<p>Ein deutsch-franz\u00f6sisches Cotutelle-Verfahren erm\u00f6glicht den Doktoranden die Erstellung ihrer Dissertation unter der von beiden Hochschulen getragenen spezifischen und individuellen sowie gemeinsamen Betreuung. Nach erfolgreichem Abschluss der Disputation vor einer deutsch-franz\u00f6sischen Pr\u00fcfungskommission erhalten die Doktoranden den Doktorgrad der beteiligten Einrichtungen.<br \/>\nZudem erm\u00f6glicht es die Entstehung neuer Synergien zwischen verschiedenen Hochschulsystemen und Forschungskulturen. Es erh\u00f6ht den wissenschaftlichen Wert der Forschungsarbeiten und ihre Sichtbarkeit auf internationaler Ebene und verbessert somit die Karrierechancen der Doktoranden auf dem Arbeitsmarkt. Die in diesem Rahmen von der DFH gew\u00e4hrte F\u00f6rderung erm\u00f6glicht den Doktoranden l\u00e4ngere Forschungsaufenthalte an der Partnerhochschule im Partnerland und erleichtert die binationale Durchf\u00fchrung der Disputation.<\/p>\n<h2>Wissenschaftliche Veranstaltungen f\u00fcr Nachwuchswissenschaftler (Forschungs-ateliers, Sommerschulen)<\/h2>\n<p>Das Programm dient zum einen der finanziellen F\u00f6rderung von deutsch-franz\u00f6sischen wissenschaftlichen Tagungen oder Seminaren, die sich in erster Linie an Doktoranden und Postdoktoranden aller Disziplinen richten, sowie insbesondere der F\u00f6rderung der Mobilit\u00e4t dieser Zielgruppe.<br \/>\nDie Veranstaltungen basieren auf Kooperationen zwischen deutschen und franz\u00f6sischen Hochschulen und\/oder wissenschaftlichen Forschungseinrichtungen, wobei auch ein Drittland einbezogen werden kann.<br \/>\nDas Format der Veranstaltungen bietet Nachwuchswissenschaftlern und Hochschullehrern, aber auch Studierenden h\u00f6herer Semester (mindestens Masterniveau) und Absolventen, die sich \u00fcber ihre wissenschaftliche Arbeit austauschen und in ihrem Forschungsbereich Kontakte kn\u00fcpfen m\u00f6chten, um Impulse f\u00fcr ihre Forschungsarbeiten zu erhalten, einen privilegierten Rahmen.<\/p>\n<h2>Vorbereitungstreffen<\/h2>\n<p>Dieses Programm wurde aufgelegt, um es zuk\u00fcnftigen Kooperationspartnern zu erm\u00f6glichen, Arbeitstreffen f\u00fcr die gemeinsame Konzipierung eines DFH-Studiengangs oder -Programms zur F\u00f6rderung von Nachwuchswissenschaftlern zu organisieren.<\/p>\n","protected":false},"excerpt":{"rendered":"<p>Im Bereich der Doktorandenausbildung und der wissenschaftlichen Veranstaltungen bietet die DFH mehrere F\u00f6rderprogramme an, mit denen die Forschungsaktivit\u00e4ten deutsch-franz\u00f6sischer Kooperationen als Erg\u00e4nzung zu nationalen, deutsch-franz\u00f6sischen oder internationalen Programmen gef\u00f6rdert werden. Dabei liegt der Schwerpunkt der F\u00f6rderung durch die DFH auf der Mobilit\u00e4t von Studierenden, Doktoranden und Forschern; bestimmte Projekte werden zudem mit Infrastrukturmitteln unterst\u00fctzt. Die [&hellip;]<\/p>\n","protected":false},"author":3,"featured_media":0,"parent":189848,"menu_order":30,"comment_status":"closed","ping_status":"closed","template":"","meta":{"_bbp_topic_count":0,"_bbp_reply_count":0,"_bbp_total_topic_count":0,"_bbp_total_reply_count":0,"_bbp_voice_count":0,"_bbp_anonymous_reply_count":0,"_bbp_topic_count_hidden":0,"_bbp_reply_count_hidden":0,"_bbp_forum_subforum_count":0,"inline_featured_image":false},"acf":[],"_links":{"self":[{"href":"https:\/\/www.dfh-ufa.org\/en\/wp-json\/wp\/v2\/pages\/189856"}],"collection":[{"href":"https:\/\/www.dfh-ufa.org\/en\/wp-json\/wp\/v2\/pages"}],"about":[{"href":"https:\/\/www.dfh-ufa.org\/en\/wp-json\/wp\/v2\/types\/page"}],"author":[{"embeddable":true,"href":"https:\/\/www.dfh-ufa.org\/en\/wp-json\/wp\/v2\/users\/3"}],"replies":[{"embeddable":true,"href":"https:\/\/www.dfh-ufa.org\/en\/wp-json\/wp\/v2\/comments?post=189856"}],"version-history":[{"count":1,"href":"https:\/\/www.dfh-ufa.org\/en\/wp-json\/wp\/v2\/pages\/189856\/revisions"}],"predecessor-version":[{"id":189883,"href":"https:\/\/www.dfh-ufa.org\/en\/wp-json\/wp\/v2\/pages\/189856\/revisions\/189883"}],"up":[{"embeddable":true,"href":"https:\/\/www.dfh-ufa.org\/en\/wp-json\/wp\/v2\/pages\/189848"}],"wp:attachment":[{"href":"https:\/\/www.dfh-ufa.org\/en\/wp-json\/wp\/v2\/media?parent=189856"}],"curies":[{"name":"wp","href":"https:\/\/api.w.org\/{rel}","templated":true}]}}