{"id":189858,"date":"2020-05-20T15:37:17","date_gmt":"2020-05-20T13:37:17","guid":{"rendered":"https:\/\/www.dfh-ufa.org\/?page_id=189858"},"modified":"2020-05-20T15:37:30","modified_gmt":"2020-05-20T13:37:30","slug":"c-antragsverfahren","status":"publish","type":"page","link":"https:\/\/www.dfh-ufa.org\/en\/information-for\/hochschulen\/evaluation\/evaluationscharta-zur-qualitaetssicherung-von-studiengaengen-unf-foerderprogrammen-fuer-nachwuchswissenschaftler\/c-antragsverfahren","title":{"rendered":"C. ANTRAGSVERFAHREN"},"content":{"rendered":"<p>Antr\u00e4ge auf F\u00f6rderung eines Studiengangs oder eines F\u00f6rderprogramms f\u00fcr Nachwuchs-wissenschaftler durch die DFH m\u00fcssen bestimmte Kriterien erf\u00fcllen:<\/p>\n<h2>Befolgung des Partnerschaftsprinzips:<\/h2>\n<p>Um dem Prinzip der Partnerschaft gerecht zu werden, wird der F\u00f6rderantrag von allen beteiligten Hochschulpartnern, d.\u00a0h. vom deutschen und vom franz\u00f6sischen und ggf. vom Drittlandpartner, gemeinsam ausgearbeitet.<br \/>\nAntr\u00e4ge f\u00fcr Studieng\u00e4nge und F\u00f6rderprogramme f\u00fcr Nachwuchswissenschaftler m\u00fcssen gemeinsam gestellt werden.<\/p>\n<h2>Erstellung eines F\u00f6rderantrags:<\/h2>\n<p>Ein F\u00f6rderantrag besteht aus dem Antragsformular und den dazugeh\u00f6rigen, gem\u00e4\u00df Ausschreibung erforderlichen Anlagen.<br \/>\nEr ist vollst\u00e4ndig unter Einhaltung der in der betreffenden Ausschreibung der DFH genannten Fristen mit den erforderlichen Unterschriften versehen einzureichen.<br \/>\nIm Falle der Studieng\u00e4nge m\u00fcssen Antrag und Anlagen in beiden Arbeitssprachen der DFH (Deutsch und Franz\u00f6sisch) eingereicht werden, wobei es sich nicht um eine reine \u00dcbersetzung in die jeweils andere Sprache handeln darf.<br \/>\nDer F\u00f6rderantrag muss eine kurze (maximal einseitige) Beschreibung des Studiengangsprofils (Hauptziel, Thema, Inhalte usw.) enthalten. Zudem sollte der Mehrwert des integrierten Studiengangs gegen\u00fcber den bestehenden Studieng\u00e4ngen dargelegt werden.<\/p>\n<h2>Einhaltung der Antragsfristen:<\/h2>\n<p>Damit die DFH ausreichend Zeit f\u00fcr die Auswahl der Gutachter hat, ist zun\u00e4chst bis sp\u00e4testens 30.\u00a0Juni eine Antragsank\u00fcndigung einzureichen (gilt nicht f\u00fcr wissenschaftliche Veranstaltungen und Cotutelles de th\u00e8se). Antragsteller f\u00fcr Studieng\u00e4nge erhalten anschlie\u00dfend einen Link zu einem personalisierten F\u00f6rderantrag, der sp\u00e4testens bis zum 31.\u00a0Oktober ausgef\u00fcllt und eingesendet werden muss. F\u00fcr die anderen F\u00f6rderinstrumente wird das Formular per E-Mail oder postalisch versandt.<\/p>\n<p>Der Antrag ist unter Einhaltung der festgelegten Fristen bzw. F\u00f6rderzeitr\u00e4ume (vgl. Anlage \u201eAntragszeitpunkte und F\u00f6rderphasen der DFH\u201c) zu stellen.<br \/>\nGef\u00f6rdert werden ausschlie\u00dflich Studieng\u00e4nge bzw. F\u00f6rderma\u00dfnahmen f\u00fcr Nachwuchs-wissenschaftler, die positiv evaluiert wurden.<br \/>\nBei wesentlichen Ver\u00e4nderungen des Profils eines Studiengangs oder Doktorandenkollegs w\u00e4hrend des laufenden F\u00f6rderzeitraums muss grunds\u00e4tzlich eine erneute Begutachtung, d.\u00a0h. Antragstellung, erfolgen.<\/p>\n<h2>Konsequenzen der F\u00f6rderentscheidung:<\/h2>\n<p>Das Ergebnis der Begutachtung eines Studiengangs oder Doktorandenkollegs ist auch f\u00fcr die Erlangung einer eventuellen Partner- und sp\u00e4teren Mitgliedschaft bei der DFH entscheidend.<\/p>\n","protected":false},"excerpt":{"rendered":"<p>Antr\u00e4ge auf F\u00f6rderung eines Studiengangs oder eines F\u00f6rderprogramms f\u00fcr Nachwuchs-wissenschaftler durch die DFH m\u00fcssen bestimmte Kriterien erf\u00fcllen: Befolgung des Partnerschaftsprinzips: Um dem Prinzip der Partnerschaft gerecht zu werden, wird der F\u00f6rderantrag von allen beteiligten Hochschulpartnern, d.\u00a0h. vom deutschen und vom franz\u00f6sischen und ggf. vom Drittlandpartner, gemeinsam ausgearbeitet. Antr\u00e4ge f\u00fcr Studieng\u00e4nge und F\u00f6rderprogramme f\u00fcr Nachwuchswissenschaftler m\u00fcssen [&hellip;]<\/p>\n","protected":false},"author":3,"featured_media":0,"parent":189830,"menu_order":0,"comment_status":"closed","ping_status":"closed","template":"","meta":{"_bbp_topic_count":0,"_bbp_reply_count":0,"_bbp_total_topic_count":0,"_bbp_total_reply_count":0,"_bbp_voice_count":0,"_bbp_anonymous_reply_count":0,"_bbp_topic_count_hidden":0,"_bbp_reply_count_hidden":0,"_bbp_forum_subforum_count":0,"inline_featured_image":false},"acf":[],"_links":{"self":[{"href":"https:\/\/www.dfh-ufa.org\/en\/wp-json\/wp\/v2\/pages\/189858"}],"collection":[{"href":"https:\/\/www.dfh-ufa.org\/en\/wp-json\/wp\/v2\/pages"}],"about":[{"href":"https:\/\/www.dfh-ufa.org\/en\/wp-json\/wp\/v2\/types\/page"}],"author":[{"embeddable":true,"href":"https:\/\/www.dfh-ufa.org\/en\/wp-json\/wp\/v2\/users\/3"}],"replies":[{"embeddable":true,"href":"https:\/\/www.dfh-ufa.org\/en\/wp-json\/wp\/v2\/comments?post=189858"}],"version-history":[{"count":2,"href":"https:\/\/www.dfh-ufa.org\/en\/wp-json\/wp\/v2\/pages\/189858\/revisions"}],"predecessor-version":[{"id":189885,"href":"https:\/\/www.dfh-ufa.org\/en\/wp-json\/wp\/v2\/pages\/189858\/revisions\/189885"}],"up":[{"embeddable":true,"href":"https:\/\/www.dfh-ufa.org\/en\/wp-json\/wp\/v2\/pages\/189830"}],"wp:attachment":[{"href":"https:\/\/www.dfh-ufa.org\/en\/wp-json\/wp\/v2\/media?parent=189858"}],"curies":[{"name":"wp","href":"https:\/\/api.w.org\/{rel}","templated":true}]}}