{"id":189859,"date":"2020-05-20T16:06:59","date_gmt":"2020-05-20T14:06:59","guid":{"rendered":"https:\/\/www.dfh-ufa.org\/?page_id=189859"},"modified":"2020-05-20T16:12:43","modified_gmt":"2020-05-20T14:12:43","slug":"d-begutachtung-von-studiengaengen-und-programmen-zur-foerderung-von-nachwuchswissenschaftlern","status":"publish","type":"page","link":"https:\/\/www.dfh-ufa.org\/en\/information-for\/hochschulen\/evaluation\/evaluationscharta-zur-qualitaetssicherung-von-studiengaengen-unf-foerderprogrammen-fuer-nachwuchswissenschaftler\/d-begutachtung-von-studiengaengen-und-programmen-zur-foerderung-von-nachwuchswissenschaftlern","title":{"rendered":"D. BEGUTACHTUNG VON STUDIENG\u00c4NGEN UND PROGRAMMEN ZUR F\u00d6RDERUNG VON NACHWUCHSWISSENSCHAFTLERN"},"content":{"rendered":"<p><a href=\"https:\/\/www.dfh-ufa.org\/informationen-fuer\/hochschulen\/evaluation\/evaluationscharta-zur-qualitaetssicherung-von-studiengaengen-unf-foerderprogrammen-fuer-nachwuchswissenschaftler\/d-begutachtung-von-studiengaengen-und-programmen-zur-foerderung-von-nachwuchswissenschaftlern\/d-i-allgemeine-begutachtungsgrundsaetze\">D.I.\u00a0Allgemeine Begutachtungsgrunds\u00e4tze<\/a><\/p>\n<p><a href=\"https:\/\/www.dfh-ufa.org\/informationen-fuer\/hochschulen\/evaluation\/evaluationscharta-zur-qualitaetssicherung-von-studiengaengen-unf-foerderprogrammen-fuer-nachwuchswissenschaftler\/d-begutachtung-von-studiengaengen-und-programmen-zur-foerderung-von-nachwuchswissenschaftlern\/d-ii-begutachtung-von-studiengaengen-und-phd-track-programmen\">D.II. Begutachtung von Studieng\u00e4ngen und PhD-Track-Programmen<\/a><\/p>\n<p><a href=\"https:\/\/www.dfh-ufa.org\/informationen-fuer\/hochschulen\/evaluation\/evaluationscharta-zur-qualitaetssicherung-von-studiengaengen-unf-foerderprogrammen-fuer-nachwuchswissenschaftler\/d-begutachtung-von-studiengaengen-und-programmen-zur-foerderung-von-nachwuchswissenschaftlern\/d-iii-begutachtung-von-programmen-zur-foerderung-von-nachwuchswissenschaftlern\">D.III. Begutachtung von Programmen zur F\u00f6rderung von Nachwuchswissenschaftlern<\/a><\/p>\n","protected":false},"excerpt":{"rendered":"<p>D.I.\u00a0Allgemeine Begutachtungsgrunds\u00e4tze D.II. Begutachtung von Studieng\u00e4ngen und PhD-Track-Programmen D.III. Begutachtung von Programmen zur F\u00f6rderung von Nachwuchswissenschaftlern<\/p>\n","protected":false},"author":3,"featured_media":0,"parent":189830,"menu_order":0,"comment_status":"closed","ping_status":"closed","template":"","meta":{"_bbp_topic_count":0,"_bbp_reply_count":0,"_bbp_total_topic_count":0,"_bbp_total_reply_count":0,"_bbp_voice_count":0,"_bbp_anonymous_reply_count":0,"_bbp_topic_count_hidden":0,"_bbp_reply_count_hidden":0,"_bbp_forum_subforum_count":0,"inline_featured_image":false},"acf":[],"_links":{"self":[{"href":"https:\/\/www.dfh-ufa.org\/en\/wp-json\/wp\/v2\/pages\/189859"}],"collection":[{"href":"https:\/\/www.dfh-ufa.org\/en\/wp-json\/wp\/v2\/pages"}],"about":[{"href":"https:\/\/www.dfh-ufa.org\/en\/wp-json\/wp\/v2\/types\/page"}],"author":[{"embeddable":true,"href":"https:\/\/www.dfh-ufa.org\/en\/wp-json\/wp\/v2\/users\/3"}],"replies":[{"embeddable":true,"href":"https:\/\/www.dfh-ufa.org\/en\/wp-json\/wp\/v2\/comments?post=189859"}],"version-history":[{"count":2,"href":"https:\/\/www.dfh-ufa.org\/en\/wp-json\/wp\/v2\/pages\/189859\/revisions"}],"predecessor-version":[{"id":189902,"href":"https:\/\/www.dfh-ufa.org\/en\/wp-json\/wp\/v2\/pages\/189859\/revisions\/189902"}],"up":[{"embeddable":true,"href":"https:\/\/www.dfh-ufa.org\/en\/wp-json\/wp\/v2\/pages\/189830"}],"wp:attachment":[{"href":"https:\/\/www.dfh-ufa.org\/en\/wp-json\/wp\/v2\/media?parent=189859"}],"curies":[{"name":"wp","href":"https:\/\/api.w.org\/{rel}","templated":true}]}}