{"id":189862,"date":"2020-05-20T15:40:53","date_gmt":"2020-05-20T13:40:53","guid":{"rendered":"https:\/\/www.dfh-ufa.org\/?page_id=189862"},"modified":"2020-05-20T16:04:16","modified_gmt":"2020-05-20T14:04:16","slug":"d-i-allgemeine-begutachtungsgrundsaetze","status":"publish","type":"page","link":"https:\/\/www.dfh-ufa.org\/en\/information-for\/hochschulen\/evaluation\/evaluationscharta-zur-qualitaetssicherung-von-studiengaengen-unf-foerderprogrammen-fuer-nachwuchswissenschaftler\/d-begutachtung-von-studiengaengen-und-programmen-zur-foerderung-von-nachwuchswissenschaftlern\/d-i-allgemeine-begutachtungsgrundsaetze","title":{"rendered":"D.I.\u00a0Allgemeine Begutachtungsgrunds\u00e4tze"},"content":{"rendered":"<p>Die Begutachtung eines Studiengangs oder Programms durch die DFH erfolgt auf der Grundlage und infolge des im Rahmen der betreffenden Ausschreibung vorgelegten Antrags.<br \/>\nHandelt es sich um einen Antrag auf Weiterf\u00f6rderung, flie\u00dfen die Ergebnisse der administrativen Begutachtung sowie der Studierendenberichte einschlie\u00dflich fr\u00fcherer Ergebnisse in die Gesamtbewertung ein. Dies gilt insbesondere f\u00fcr Studieng\u00e4nge und PhD-Track-Programme.<\/p>\n<p>Bei der DFH eingehende F\u00f6rderantr\u00e4ge durchlaufen ein mehrstufiges Begutachtungs-verfahren.<\/p>\n<p>Die Begutachtung st\u00fctzt sich auf:<\/p>\n<ul>\n<li>Gutachten externer und unabh\u00e4ngiger deutscher und franz\u00f6sischer Hochschullehrer (nachstehend \u201eGutachter\u201c)<\/li>\n<li>Empfehlungen von Gremien wie den Evaluationsgruppen und dem Wissenschaftlichen Beirat.<\/li>\n<\/ul>\n<p>&nbsp;<\/p>\n<p>Die DFH f\u00fchlt sich dem in der Wissenschaft angewandten \u201ePeer Group Review\u201c-Prinzip verpflichtet.<\/p>\n<p>Sie legt im Rahmen der Begutachtung ihrer deutsch-franz\u00f6sischen Programme Wert auf die Beurteilung durch ein Gutachtertandem, bestehend aus einem Gutachter von einer deutschen und einem von einer franz\u00f6sischen Hochschule.<\/p>\n<p>Die Gutachter sind gehalten, jeweils die gesamte Antragslage, d.\u00a0h. den deutschen wie auch den franz\u00f6sischen Teil zu bewerten.<\/p>\n<p>Positiv evaluierte Studieng\u00e4nge erhalten vier Jahre lang eine F\u00f6rderung (mit Ausnahme der alle f\u00fcnf Jahre evaluierten PhD-Track-Programme), die verl\u00e4ngert werden kann. Die zust\u00e4ndige Evaluationsgruppe und der Wissenschaftliche Beirat k\u00f6nnen im Rahmen des Begutachtungsverfahren in Einzelf\u00e4llen eine Kontrolle nach zwei Jahren auferlegen.<\/p>\n<p>Die DFH bietet \u2013 insbesondere den neuen Gutachtern von Studieng\u00e4ngen und PhD-Track-Programmen \u2013 jedes Jahr eine Einf\u00fchrungsveranstaltung an, um das Evaluationsverfahren und die zu beachtenden Kriterien zu erl\u00e4utern und die Teilnehmer gr\u00fcndlich auf ihre Aufgabe vorzubereiten.<\/p>\n<h2>Auswahl der Gutachter und Arbeitsbedingungen<\/h2>\n<p>Das Sekretariat der DFH sucht auf der Grundlage der nachstehenden Kriterien die deutschen und franz\u00f6sischen Gutachter aus. Anschlie\u00dfend legt es die Liste der ausgew\u00e4hlten Gutachter dem Generalsekret\u00e4r zur Information vor und schl\u00e4gt sie dem Vorsitzenden des Wissenschaftlichen Beirats zur Best\u00e4tigung vor.<\/p>\n<p>Die Auswahl und die Benennung der Gutachter, die somit punktuell f\u00fcr die DFH t\u00e4tig sind, zielen auf die Wahrung folgender Evaluationsprinzipien:<\/p>\n<h3>\nQualifikation:<\/h3>\n<p>Die Auswahl der Gutachter fu\u00dft auf bestimmten Kompetenzen:<\/p>\n<ul>\n<li>ad\u00e4quate wissenschaftliche Qualifikation und ausgewiesene Aktivit\u00e4t im jeweiligen Fachgebiet;<\/li>\n<li>regelm\u00e4\u00dfige Lehr- und\/oder Forschungst\u00e4tigkeit;<\/li>\n<li>ausreichende Kenntnisse der Fachkultur und des Hochschulsystems des jeweiligen Partnerlandes;<\/li>\n<li>nach M\u00f6glichkeit gute Kenntnis der Merkmale binationaler integrierter Studieng\u00e4nge;<\/li>\n<li>Bewusstsein f\u00fcr die Bedeutung der Eingliederung von Hochschulabsolventen in die Berufspraxis;<\/li>\n<li>Sprachkompetenz in den Arbeitssprachen der DFH, d.\u00a0h. mindestens gute passive Kenntnisse der Sprache des Partnerlandes.<\/li>\n<\/ul>\n<p>&nbsp;<\/p>\n<h3>Unabh\u00e4ngigkeit \/ Unparteilichkeit:<\/h3>\n<p>Nicht als Gutachter zugelassen werden Personen, die<\/p>\n<ul>\n<li>an der Einrichtung, f\u00fcr die das Gutachten erstellt werden soll, angestellt oder vertraglich an sie gebunden sind oder in Kooperation mit diesen einschl\u00e4gige Projekte durchf\u00fchren.<\/li>\n<li>dem Wissenschaftlichen Beirat und\/oder dem Hochschulrat der DFH angeh\u00f6ren.<\/li>\n<\/ul>\n<p>&nbsp;<\/p>\n<p>Die Vorsitzenden der Evaluationsgruppen und ihre Stellvertreter d\u00fcrfen nicht Mitglied des Wissenschaftlichen Beirats und\/oder des Hochschulrats der DFH sein. Sie k\u00f6nnen auf explizite Einladung des Wissenschaftlichen Beirats als Beobachter an dessen Sitzungen teilnehmen.<br \/>\nDes Weiteren d\u00fcrfen die Vorsitzenden der Evaluationsgruppen keine Studieng\u00e4nge f\u00fcr die DFH begutachten.<\/p>\n<h3>Fairness \/ Objektivit\u00e4t:<\/h3>\n<p>Die Gutachter verpflichten sich,<\/p>\n<ul>\n<li>im Rahmen der Evaluation die Qualit\u00e4tskriterien, Begutachtungsanforderungen und Verfahrensgrunds\u00e4tze der DFH anzuwenden.<\/li>\n<li>alle Antr\u00e4ge gleich zu behandeln und anhand derselben Kriterien zu evaluieren.<\/li>\n<\/ul>\n<p>&nbsp;<\/p>\n<h3>Verpflichtung zur Einhaltung von Fristen:<\/h3>\n<ul>\n<li>Die DFH verpflichtet sich, die Gutachter m\u00f6glichst fr\u00fchzeitig \u00fcber ihre Aufgabe zu informieren und ihnen die notwendigen Unterlagen in geeigneter Form zur Verf\u00fcgung zu stellen.<\/li>\n<li>Die Gutachter verpflichten sich, die von der DFH festgelegten Abgabetermine einzuhalten bzw. die DFH schnellstm\u00f6glich \u00fcber eine etwaige Verz\u00f6gerung zu informieren.<\/li>\n<li>Sollte das Sekretariat aufgrund einer unzureichenden Kommunikation seitens eines Gutachters einen alternativen Gutachter bestellen, Ersterer aber zu einem sp\u00e4teren doch noch ein Gutachten vorlegen, kann dieses in der Regel keine Ber\u00fccksichtigung mehr finden.<\/li>\n<\/ul>\n<p>&nbsp;<\/p>\n<h3>Vertraulichkeit und Anonymit\u00e4t:<\/h3>\n<p>Alle am Evaluationsverfahren beteiligten Personen verpflichten sich,<\/p>\n<ul>\n<li>Informationen zum begutachteten Projekt nicht an Dritte weiterzugeben oder f\u00fcr andere Zwecke als die der ihnen \u00fcberantworteten Begutachtung zu verwenden.<\/li>\n<li>bei der Verarbeitung und Archivierung von personen- und verfahrensbezogenen Daten die einschl\u00e4gigen Vorgaben und Vorschriften zu beachten.<\/li>\n<li>zwecks Wahrung der Anonymit\u00e4t keinen direkten Kontakt zu den Antragstellern aufzunehmen. Sollten zus\u00e4tzliche Informationen ben\u00f6tigt werden, sind diese ausschlie\u00dflich \u00fcber das Sekretariat der DFH einzuholen.<\/li>\n<li>das Gutachten nicht an die Antragsteller oder an Dritte weiterzugeben. Die DFH teilt den Antragstellern die Ergebnisse der Begutachtung in anonymisierter Form mit.<\/li>\n<\/ul>\n<p>&nbsp;<\/p>\n<p>Die DFH gew\u00e4hrleistet im Rahmen der Evaluation und der Bekanntgabe der Ergebnisse Vertraulichkeit und sorgt f\u00fcr die Anwendung von Regelungen zur Vermeidung von Rollen- und Interessenkonflikten in allen ihren Gremien und Organen.<\/p>\n<h3>Pers\u00f6nliche Anwesenheit:<\/h3>\n<p>Die DFH veranstaltet \u2013 insbesondere f\u00fcr den Bereich Studieng\u00e4nge \u2013 eine Einf\u00fchrungsveranstaltung f\u00fcr neue Gutachter, die von diesen wahrgenommen werden sollte. Die Teilnahme an der Evaluationssitzung, die in der Regel Mitte Februar am Sitz der DFH stattfindet, ist f\u00fcr alle Gutachter obligatorisch.<\/p>\n<h2>Beteiligung weiterer Personen am Evaluationsverfahren der integrierten Studieng\u00e4nge<\/h2>\n<p>Neben den Gutachtern nehmen Pers\u00f6nlichkeiten aus der Berufswelt sowie Wirtschafts- und Studierendenvertreter als Beobachter an der Evaluationssitzung teil. F\u00fcr diese Personen gelten dieselben Unparteilichkeits-, Vertraulichkeits- und Objektivit\u00e4tsgrunds\u00e4tze wie f\u00fcr die Gutachter, mit Ausnahme der Verpflichtung zur Lehre.<\/p>\n<h2>Pauschale Aufwandsentsch\u00e4digung f\u00fcr Gutachter<\/h2>\n<p>Die DFH gew\u00e4hrt f\u00fcr die Begutachtung von Antr\u00e4gen eine pauschale Aufwandsentsch\u00e4digung und erstattet die f\u00fcr die Teilnahme an der Evaluationssitzung entstehenden Reisekosten.<\/p>\n","protected":false},"excerpt":{"rendered":"<p>Die Begutachtung eines Studiengangs oder Programms durch die DFH erfolgt auf der Grundlage und infolge des im Rahmen der betreffenden Ausschreibung vorgelegten Antrags. Handelt es sich um einen Antrag auf Weiterf\u00f6rderung, flie\u00dfen die Ergebnisse der administrativen Begutachtung sowie der Studierendenberichte einschlie\u00dflich fr\u00fcherer Ergebnisse in die Gesamtbewertung ein. Dies gilt insbesondere f\u00fcr Studieng\u00e4nge und PhD-Track-Programme. Bei [&hellip;]<\/p>\n","protected":false},"author":3,"featured_media":0,"parent":189859,"menu_order":22,"comment_status":"closed","ping_status":"closed","template":"","meta":{"_bbp_topic_count":0,"_bbp_reply_count":0,"_bbp_total_topic_count":0,"_bbp_total_reply_count":0,"_bbp_voice_count":0,"_bbp_anonymous_reply_count":0,"_bbp_topic_count_hidden":0,"_bbp_reply_count_hidden":0,"_bbp_forum_subforum_count":0,"inline_featured_image":false},"acf":[],"_links":{"self":[{"href":"https:\/\/www.dfh-ufa.org\/en\/wp-json\/wp\/v2\/pages\/189862"}],"collection":[{"href":"https:\/\/www.dfh-ufa.org\/en\/wp-json\/wp\/v2\/pages"}],"about":[{"href":"https:\/\/www.dfh-ufa.org\/en\/wp-json\/wp\/v2\/types\/page"}],"author":[{"embeddable":true,"href":"https:\/\/www.dfh-ufa.org\/en\/wp-json\/wp\/v2\/users\/3"}],"replies":[{"embeddable":true,"href":"https:\/\/www.dfh-ufa.org\/en\/wp-json\/wp\/v2\/comments?post=189862"}],"version-history":[{"count":1,"href":"https:\/\/www.dfh-ufa.org\/en\/wp-json\/wp\/v2\/pages\/189862\/revisions"}],"predecessor-version":[{"id":189887,"href":"https:\/\/www.dfh-ufa.org\/en\/wp-json\/wp\/v2\/pages\/189862\/revisions\/189887"}],"up":[{"embeddable":true,"href":"https:\/\/www.dfh-ufa.org\/en\/wp-json\/wp\/v2\/pages\/189859"}],"wp:attachment":[{"href":"https:\/\/www.dfh-ufa.org\/en\/wp-json\/wp\/v2\/media?parent=189862"}],"curies":[{"name":"wp","href":"https:\/\/api.w.org\/{rel}","templated":true}]}}