{"id":189866,"date":"2020-05-20T16:07:15","date_gmt":"2020-05-20T14:07:15","guid":{"rendered":"https:\/\/www.dfh-ufa.org\/?page_id=189866"},"modified":"2020-05-20T16:13:33","modified_gmt":"2020-05-20T14:13:33","slug":"e-qualitaetssicherung-an-der-dfh","status":"publish","type":"page","link":"https:\/\/www.dfh-ufa.org\/en\/information-for\/hochschulen\/evaluation\/evaluationscharta-zur-qualitaetssicherung-von-studiengaengen-unf-foerderprogrammen-fuer-nachwuchswissenschaftler\/e-qualitaetssicherung-an-der-dfh","title":{"rendered":"E.\u00a0QUALIT\u00c4TSSICHERUNG AN DER DFH"},"content":{"rendered":"<p><a href=\"https:\/\/www.dfh-ufa.org\/informationen-fuer\/hochschulen\/evaluation\/evaluationscharta-zur-qualitaetssicherung-von-studiengaengen-unf-foerderprogrammen-fuer-nachwuchswissenschaftler\/e-qualitaetssicherung-an-der-dfh\/e-i-qualitaetssicherung-von-studiengaengen\">E.I. Qualit\u00e4tssicherung von Studieng\u00e4ngen<\/a><\/p>\n<p><a href=\"https:\/\/www.dfh-ufa.org\/informationen-fuer\/hochschulen\/evaluation\/evaluationscharta-zur-qualitaetssicherung-von-studiengaengen-unf-foerderprogrammen-fuer-nachwuchswissenschaftler\/e-qualitaetssicherung-an-der-dfh\/e-ii-qualitaetssicherung-von-programmen-zur-foerderung-von-nachwuchswissenschaftlern\">E.II. Qualit\u00e4tssicherung von Programmen zur F\u00f6rderung von Nachwuchswissenschaftlern<\/a><\/p>\n","protected":false},"excerpt":{"rendered":"<p>E.I. Qualit\u00e4tssicherung von Studieng\u00e4ngen E.II. Qualit\u00e4tssicherung von Programmen zur F\u00f6rderung von Nachwuchswissenschaftlern<\/p>\n","protected":false},"author":3,"featured_media":0,"parent":189830,"menu_order":0,"comment_status":"closed","ping_status":"closed","template":"","meta":{"_bbp_topic_count":0,"_bbp_reply_count":0,"_bbp_total_topic_count":0,"_bbp_total_reply_count":0,"_bbp_voice_count":0,"_bbp_anonymous_reply_count":0,"_bbp_topic_count_hidden":0,"_bbp_reply_count_hidden":0,"_bbp_forum_subforum_count":0,"inline_featured_image":false},"acf":[],"_links":{"self":[{"href":"https:\/\/www.dfh-ufa.org\/en\/wp-json\/wp\/v2\/pages\/189866"}],"collection":[{"href":"https:\/\/www.dfh-ufa.org\/en\/wp-json\/wp\/v2\/pages"}],"about":[{"href":"https:\/\/www.dfh-ufa.org\/en\/wp-json\/wp\/v2\/types\/page"}],"author":[{"embeddable":true,"href":"https:\/\/www.dfh-ufa.org\/en\/wp-json\/wp\/v2\/users\/3"}],"replies":[{"embeddable":true,"href":"https:\/\/www.dfh-ufa.org\/en\/wp-json\/wp\/v2\/comments?post=189866"}],"version-history":[{"count":2,"href":"https:\/\/www.dfh-ufa.org\/en\/wp-json\/wp\/v2\/pages\/189866\/revisions"}],"predecessor-version":[{"id":189903,"href":"https:\/\/www.dfh-ufa.org\/en\/wp-json\/wp\/v2\/pages\/189866\/revisions\/189903"}],"up":[{"embeddable":true,"href":"https:\/\/www.dfh-ufa.org\/en\/wp-json\/wp\/v2\/pages\/189830"}],"wp:attachment":[{"href":"https:\/\/www.dfh-ufa.org\/en\/wp-json\/wp\/v2\/media?parent=189866"}],"curies":[{"name":"wp","href":"https:\/\/api.w.org\/{rel}","templated":true}]}}