{"id":189871,"date":"2020-05-20T16:02:00","date_gmt":"2020-05-20T14:02:00","guid":{"rendered":"https:\/\/www.dfh-ufa.org\/?page_id=189871"},"modified":"2020-05-20T16:04:14","modified_gmt":"2020-05-20T14:04:14","slug":"e-ii-qualitaetssicherung-von-programmen-zur-foerderung-von-nachwuchswissenschaftlern","status":"publish","type":"page","link":"https:\/\/www.dfh-ufa.org\/en\/information-for\/hochschulen\/evaluation\/evaluationscharta-zur-qualitaetssicherung-von-studiengaengen-unf-foerderprogrammen-fuer-nachwuchswissenschaftler\/e-qualitaetssicherung-an-der-dfh\/e-ii-qualitaetssicherung-von-programmen-zur-foerderung-von-nachwuchswissenschaftlern","title":{"rendered":"E.II. Qualit\u00e4tssicherung von Programmen zur F\u00f6rderung von Nachwuchswissenschaftlern"},"content":{"rendered":"<p>F\u00fcr die Qualit\u00e4tssicherung von F\u00f6rderprogrammen f\u00fcr Nachwuchswissenschaftler f\u00fchrt das Sekretariat der DFH eine Pr\u00fcfung auf drei Ebenen durch:<\/p>\n<ul>\n<li>Verwendungsnachweise (zahlenm\u00e4\u00dfiger Nachweis und Sachbericht) bei allen Programmen<\/li>\n<li>Doktorandenfl\u00fcsse innerhalb der Doktorandenkollegs<\/li>\n<li>tats\u00e4chliche Teilnehmerzahl der wissenschaftlichen Veranstaltungen<\/li>\n<\/ul>\n<p>&nbsp;<\/p>\n<p>Die Projekttr\u00e4ger sind gehalten, die Verwendungsnachweise im Falle der Doktorandenkollegs jedes Jahr bis sp\u00e4testens 31.\u00a0M\u00e4rz, im Falle der wissenschaftlichen Veranstaltungen bis\u00a0vier\u00a0Monate nach Beendigung des Projekts der DFH vorzulegen.<\/p>\n<h2>Zahlenm\u00e4\u00dfiger Verwendungsnachweis<\/h2>\n<p>Jede Hochschule muss \u00fcber die Verwendung der von der DFH gezahlten Zuwendungen Rechenschaft ablegen.<br \/>\nDie Verwendungsnachweise werden gem\u00e4\u00df den aktuellen Verwendungsrichtlinien formal und rechnerisch \u00fcberpr\u00fcft.<br \/>\nSollten hierbei Unstimmigkeiten festgestellt werden, setzt sich die DFH unverz\u00fcglich mit der betreffenden Hochschule in Verbindung.<br \/>\nSollten sich die Unstimmigkeiten (z.\u00a0B. im Falle einer nicht f\u00f6rderf\u00e4higen Ausgabe) best\u00e4tigen, wird die Hochschule um eine R\u00fcckerstattung des entsprechenden Betrags gebeten.<br \/>\nVers\u00e4umt es die Einrichtung, hierzu Stellung zu nehmen, werden die Zahlungen der Infrastrukturmittel f\u00fcr das Doktorandenkolleg ausgesetzt und\/oder keine Infrastrukturmittelzahlungen f\u00fcr andere wissenschaftliche Veranstaltung der betreffenden Kooperationspartner gew\u00e4hrt.<\/p>\n<h2>Sachbericht<\/h2>\n<p>Nach Abschluss des Programms oder der wissenschaftlichen Veranstaltung erstellen die Programmbeauftragten einen Sachbericht, den sie der DFH vorlegen.<\/p>\n<p>Die in diesem Bericht zu beleuchtenden zentralen Punkte sind:<\/p>\n<h3>1) F\u00fcr Doktorandenkollegs und Cotutelles de th\u00e8se:<\/h3>\n<ul>\n<li>Qualit\u00e4t der Doktorandenbetreuung<\/li>\n<li>Erwerb von Schl\u00fcsselqualifikationen und sprachlichen und interkulturellen Kompetenzen<\/li>\n<li>bei Doktorandenkollegs zus\u00e4tzlich: Strukturierung des Doktorandenausbildungs- und Forschungsprogramms (spezifische Lehrmethoden, binationale Doktoranden-auswahl), Verzahnung der Doktoranden- und der Postdocs-ausbildung, Verbreitung der Forschungsergebnisse<\/li>\n<\/ul>\n<h3>2) F\u00fcr wissenschaftliche Veranstaltungen f\u00fcr Nachwuchswissenschaftler (Forschungsateliers, Sommerschulen):<\/h3>\n<ul>\n<li>wissenschaftliche und p\u00e4dagogische Qualit\u00e4t der Veranstaltung (Konferenzen, Workshops und Diskussionsforen; Vertiefungskurse und Fallstudien bei den Sommerschulen)<\/li>\n<li>wissenschaftliche und p\u00e4dagogische Qualit\u00e4t der Referenten<\/li>\n<li>methodologischer und interkultureller Ansatz<\/li>\n<li>Stimmigkeit bez\u00fcglich der Herkunft der Teilnehmer und internationale Ausrichtung der Veranstaltung<\/li>\n<li>tats\u00e4chliche Teilnehmerzahl<\/li>\n<li>Ver\u00f6ffentlichung der Ergebnisse der Veranstaltung (Print \/ Internet)<\/li>\n<\/ul>\n<h3>Nachweise im Falle der Cotutelles de th\u00e8se<\/h3>\n<ul>\n<li>ein Exemplar der Dissertation per Post (als Ausdruck)<\/li>\n<li>ein Abstract der Dissertation zwecks Ver\u00f6ffentlichung auf der DFH-Plattform \u201eTh\u00e8se en ligne\u201c<\/li>\n<\/ul>\n<h2>Entwicklung der Doktorandenfl\u00fcsse und \u00dcberpr\u00fcfung der tats\u00e4chlichen Teilnehmerzahl der wissenschaftlichen Veranstaltungen<\/h2>\n<p>Zur \u00dcberpr\u00fcfung der Doktorandenfl\u00fcsse und der Teilnahme an den wissenschaftlichen Veranstaltungen werden die Angaben im Antrag mit den denen im Sachbericht verglichen.<br \/>\nReichen dieselben Kooperationspartner zu einem sp\u00e4teren Zeitpunkt erneut einen F\u00f6rderantrag f\u00fcr eine wissenschaftliche Veranstaltung ein, werden diese Daten bei der Evaluation ber\u00fccksichtigt.<\/p>\n<h2>Ortsbegehung<\/h2>\n<p>Die DFH beh\u00e4lt sich die M\u00f6glichkeit vor, im Rahmen der Begutachtung auf Vorschlag des Wissenschaftlichen Beirats in seltenen Ausnahmef\u00e4llen eine Ortsbegehung durchzuf\u00fchren.<\/p>\n<p>Ziel der Begehung ist es, in den pers\u00f6nlichen Dialog mit den Partnerhochschulen zu treten, die Einhaltung der Qualit\u00e4tskriterien vor Ort zu \u00fcberpr\u00fcfen und, allgemeiner, die Fortentwicklung der betreffenden deutsch-franz\u00f6sischen Kooperation zu flankieren.<\/p>\n<h3>Zusammensetzung der Ortsbegehungsdelegation<\/h3>\n<p>Die Ortsbegehung wird von einem Mitglied der Hochschulleitung oder des Wissenschaftlichen Beirats, einer zu diesem Zweck von der DFH beauftragten Fachperson und einem Mitarbeiter des Sekretariats durchgef\u00fchrt.<\/p>\n<h3>Ablauf<\/h3>\n<p>Die Hochschulleitung der DFH informiert die Leitung der betreffenden Einrichtung sechs\u00a0Wochen im Voraus postalisch \u00fcber die Begehung. In dieser Zeit wird die Ortsbegehung vom Sekretariat der DFH vorbereitet, das alle f\u00fcr einen erfolgreichen Ablauf notwendigen Dokumente vorbereitet und zusammenstellt.<br \/>\nDie Ortsbegehungen bieten die Gelegenheit, die Leitung der Einrichtung, die Programmbeauftragten, die Studierenden des Studiengangs sowie die in der Verwaltung und Finanzabteilung t\u00e4tigen Mitarbeiter zu treffen.<\/p>\n<h3>Folgen der Ortsbegehung<\/h3>\n<p>Im Anschluss an die Ortsbegehung erstellt das Sekretariat der DFH ein Begehungsprotokoll, das zun\u00e4chst dem Gutachter, der an der Begehung teilgenommen hat, und anschlie\u00dfend dem Pr\u00e4sidenten der DFH zur Zustimmung \u00fcbermittelt wird.<br \/>\nDanach wird das Protokoll der Leitung der gepr\u00fcften Hochschule zugesendet, um ihr vor der abschlie\u00dfenden Validierung die M\u00f6glichkeit zur Stellungnahme einzur\u00e4umen.<br \/>\nEin Exemplar des Protokolls erh\u00e4lt die Hochschule, ein zweites Exemplar wird bei der DFH aufbewahrt. Der Wissenschaftliche Beirat erh\u00e4lt das Protokoll ebenfalls, um es bei der n\u00e4chsten Evaluation ber\u00fccksichtigen zu k\u00f6nnen.<\/p>\n<h2>Folgen bei M\u00e4ngeln<\/h2>\n<h3>W\u00e4hrend des Antrags- und Begutachtungsverfahrens festgestellte M\u00e4ngel<\/h3>\n<h4>Unvollst\u00e4ndig oder nicht fristgerecht eingereichter Antrag<\/h4>\n<p>In diesem Fall hat der Antragsteller keinen Anspruch auf eine weitere Antragsbearbeitung. Es liegt im Ermessen des Sekretariats zu entscheiden, ob die fehlenden Dokumente nachgereicht werden k\u00f6nnen und ob der Antrag trotz M\u00e4ngel zur Begutachtung weitergeleitet wird. Diese Entscheidung wird von der Hochschulleitung der DFH auf Empfehlung des f\u00fcr die jeweilige Programmverwaltung zust\u00e4ndigen DFH-Referats und in Abstimmung mit dem Vorsitzenden des Wissenschaftlichen Beirats der DFH getroffen.<\/p>\n<h4>W\u00e4hrend der Antragsbegutachtung auftretende Fragen<\/h4>\n<p>Sollten die Gutachter in den Antragsunterlagen Unklarheiten feststellen, die einer Nachfrage bei den Antragstellern bed\u00fcrfen und deren Kl\u00e4rung f\u00fcr die Bewertung des Antrags unabdingbar ist, gilt Folgendes:<br \/>\n\u2022 die Verantwortung f\u00fcr ein vollst\u00e4ndig und korrekt ausgef\u00fclltes Antragsformular liegt ausschlie\u00dflich beim Antragsteller;<br \/>\n\u2022 die Gutachter m\u00fcssen eindeutig feststellen k\u00f6nnen, ob der Antragsteller die F\u00f6rderkriterien erf\u00fcllt oder nicht. F\u00fcr die Bewertung bedarf es somit eindeutiger Angaben;<br \/>\n\u2022 anderenfalls ist eine Beurteilung nicht m\u00f6glich, und f\u00fcr den betreffenden Bewertungsparameter k\u00f6nnen keine Punkte vergeben werden;<br \/>\n\u2022 die Kl\u00e4rung von Fragen der Gutachter ist nur w\u00e4hrend der von ihnen durchgef\u00fchrten individuellen Bearbeitung der Antragsunterlagen m\u00f6glich. In dieser Phase k\u00f6nnen sich die Gutachter mit Fragen an das zust\u00e4ndige Referat des Sekretariats wenden, das im Rahmen seiner M\u00f6glichkeiten zun\u00e4chst selbst recherchiert und sich ggf. zur Kl\u00e4rung an den Antragsteller wendet.<\/p>\n<h3>Stellungnahme der Antragsteller nach Bekanntgabe der F\u00f6rderentscheidung<\/h3>\n<p>Die Antragsteller haben die M\u00f6glichkeit, zum F\u00f6rderbescheid und zum Gutachten Stellung zu nehmen bzw. Letzteres zu kommentieren. Die Stellungnahme ist an das Sekretariat zu richten. Das zust\u00e4ndige Referat bearbeitet das Dossier und bereitet die Antwort des Pr\u00e4sidiums der DFH vor. Der Entscheid des Hochschulrats ist jedoch unwiderruflich.<\/p>\n<h3>W\u00e4hrend des F\u00f6rderzeitraums vorgenommene \u00c4nderungen<\/h3>\n<p>Sollte das von den Gutachtern positiv bewertete, urspr\u00fcngliche Konzept eines Programms w\u00e4hrend des F\u00f6rderzeitraums in einem oder mehreren Punkten abwandelt werden, muss diese \u00c4nderung dem Sekretariat mitgeteilt und begr\u00fcndet werden.<\/p>\n<p>Dies gilt auch, wenn relevante Daten im Antragsformular ge\u00e4ndert werden m\u00fcssen.<\/p>\n<p>Es obliegt dem Sekretariat, je nach Art und Umfang der \u00c4nderungen zu entscheiden, ob die Konzept\u00e4nderung eine erneute Begutachtung erforderlich macht. Wird eine erneute Begutachtung beantragt, kann das Sekretariat ferner entscheiden, ob das betreffende Programm im Rahmen der folgenden Evaluationsrunde begutachtet wird oder ob in eiligen F\u00e4llen der urspr\u00fcngliche Gutachter um eine au\u00dferordentliche Begutachtung gebeten wird.<\/p>\n<h3>W\u00e4hrend des F\u00f6rderzeitraums festgestellte M\u00e4ngel<\/h3>\n<p>Ein Mangel liegt vor, wenn die im F\u00f6rderantrag skizzierten Qualit\u00e4tsmerkmale, die den Ausschlag f\u00fcr die positive Bewertung gegeben haben, in der Praxis nicht umgesetzt werden.<\/p>\n<p>Sollten die festgestellten M\u00e4ngel nicht sofort behoben werden k\u00f6nnen, setzt das Sekretariat den Kooperationspartnern im Auftrag der Hochschulleitung eine realistische Frist, innerhalb derer die M\u00e4ngel behoben werden m\u00fcssen. Das Sekretariat der DFH kontrolliert die Einhaltung der Frist und die Umsetzung der Korrektur. Bei gravierenden M\u00e4ngeln wird der Vorgang dem Gutachter, der den Antrag zuletzt bearbeitet hat, und\/oder dem Vorsitzenden des Wissenschaftlichen Beirats erneut zur \u00dcberpr\u00fcfung vorgelegt.<\/p>\n<p>Kann in diesem Rahmen keine Entscheidung getroffen werden, ist eine erneute Antragstellung zum n\u00e4chstm\u00f6glichen Zeitpunkt erforderlich.<\/p>\n<h3>Administrative M\u00e4ngel<\/h3>\n<p>Sollten bei der Kontrolle der Verwendungsnachweise nicht f\u00f6rderf\u00e4hige Ausgaben festgestellt werden, muss die betreffende Hochschule den entsprechenden Betrag zur\u00fcckerstatten.<\/p>\n<p>Werden Formfehler festgestellt (z.\u00a0B. fehlendes Dokument oder fehlende Unterschrift), werden ein erstes Mahnschreiben durch den Referatsleiter, ein zweites durch den Generalsekret\u00e4r und ein drittes mit Unterschrift des Pr\u00e4sidenten der DFH verschickt.<\/p>\n<h3>Schlussbemerkungen<\/h3>\n<p>Die Leitung der DFH beh\u00e4lt sich das Recht vor, weitere Sanktionen zu verh\u00e4ngen, wenn die zuvor genannten Ma\u00dfnahmen unwirksam bleiben. Ferner ist das DFH-Sekretariat unter dem Vorbehalt, dass die betreffenden Gremien entsprechend informiert werden, befugt, die vorliegende Evaluationscharta an etwaige neue, von diesen Gremien beschlossene Anforderungen und\/oder neue Programmausschreibungen anzupassen.<\/p>\n","protected":false},"excerpt":{"rendered":"<p>F\u00fcr die Qualit\u00e4tssicherung von F\u00f6rderprogrammen f\u00fcr Nachwuchswissenschaftler f\u00fchrt das Sekretariat der DFH eine Pr\u00fcfung auf drei Ebenen durch: Verwendungsnachweise (zahlenm\u00e4\u00dfiger Nachweis und Sachbericht) bei allen Programmen Doktorandenfl\u00fcsse innerhalb der Doktorandenkollegs tats\u00e4chliche Teilnehmerzahl der wissenschaftlichen Veranstaltungen &nbsp; Die Projekttr\u00e4ger sind gehalten, die Verwendungsnachweise im Falle der Doktorandenkollegs jedes Jahr bis sp\u00e4testens 31.\u00a0M\u00e4rz, im Falle der wissenschaftlichen [&hellip;]<\/p>\n","protected":false},"author":3,"featured_media":0,"parent":189866,"menu_order":22,"comment_status":"closed","ping_status":"closed","template":"","meta":{"_bbp_topic_count":0,"_bbp_reply_count":0,"_bbp_total_topic_count":0,"_bbp_total_reply_count":0,"_bbp_voice_count":0,"_bbp_anonymous_reply_count":0,"_bbp_topic_count_hidden":0,"_bbp_reply_count_hidden":0,"_bbp_forum_subforum_count":0,"inline_featured_image":false},"acf":[],"_links":{"self":[{"href":"https:\/\/www.dfh-ufa.org\/en\/wp-json\/wp\/v2\/pages\/189871"}],"collection":[{"href":"https:\/\/www.dfh-ufa.org\/en\/wp-json\/wp\/v2\/pages"}],"about":[{"href":"https:\/\/www.dfh-ufa.org\/en\/wp-json\/wp\/v2\/types\/page"}],"author":[{"embeddable":true,"href":"https:\/\/www.dfh-ufa.org\/en\/wp-json\/wp\/v2\/users\/3"}],"replies":[{"embeddable":true,"href":"https:\/\/www.dfh-ufa.org\/en\/wp-json\/wp\/v2\/comments?post=189871"}],"version-history":[{"count":1,"href":"https:\/\/www.dfh-ufa.org\/en\/wp-json\/wp\/v2\/pages\/189871\/revisions"}],"predecessor-version":[{"id":189893,"href":"https:\/\/www.dfh-ufa.org\/en\/wp-json\/wp\/v2\/pages\/189871\/revisions\/189893"}],"up":[{"embeddable":true,"href":"https:\/\/www.dfh-ufa.org\/en\/wp-json\/wp\/v2\/pages\/189866"}],"wp:attachment":[{"href":"https:\/\/www.dfh-ufa.org\/en\/wp-json\/wp\/v2\/media?parent=189871"}],"curies":[{"name":"wp","href":"https:\/\/api.w.org\/{rel}","templated":true}]}}