{"id":210582,"date":"2020-06-08T11:24:51","date_gmt":"2020-06-08T09:24:51","guid":{"rendered":"https:\/\/www.dfh-ufa.org\/?page_id=210582"},"modified":"2026-03-17T08:46:18","modified_gmt":"2026-03-17T07:46:18","slug":"vorbereitungstreffen","status":"publish","type":"page","link":"https:\/\/www.dfh-ufa.org\/en\/information-for\/hochschulen\/ausschreibungen\/vorbereitungstreffen","title":{"rendered":"Vorbereitungstreffen"},"content":{"rendered":"<p>Die Deutsch-Franz\u00f6sische Hochschule bietet eine finanzielle Unterst\u00fctzung f\u00fcr die Vorbereitungen von neuen Vorhaben f\u00fcr deutsch-franz\u00f6sische Studienprogramm- und\/oder Kooperationen f\u00fcr Nachwuchswissenschaftler.<\/p>\n<ul>\n<li class=\"download__list__item\"><a href=\"https:\/\/www.dfh-ufa.org\/app\/uploads\/2020\/05\/D_-_Ausschreibung_Vorbereitungstreffen.pdf\" target=\"_blank\" rel=\"noopener\">Ausschreibung<\/a><\/li>\n<\/ul>\n<h6><\/h6>\n<p>Hierbei handelt es sich um eine Dauerausschreibung. Antr\u00e4ge m\u00fcssen sp\u00e4testens einen Monat vor Beginn der Veranstaltung eingereicht werden.<\/p>\n","protected":false},"excerpt":{"rendered":"<p>Die Deutsch-Franz\u00f6sische Hochschule bietet eine finanzielle Unterst\u00fctzung f\u00fcr die Vorbereitungen von neuen Vorhaben f\u00fcr deutsch-franz\u00f6sische Studienprogramm- und\/oder Kooperationen f\u00fcr Nachwuchswissenschaftler. Ausschreibung Hierbei handelt es sich um eine Dauerausschreibung. Antr\u00e4ge m\u00fcssen sp\u00e4testens einen Monat vor Beginn der Veranstaltung eingereicht werden.<\/p>\n","protected":false},"author":109,"featured_media":0,"parent":846,"menu_order":1154,"comment_status":"closed","ping_status":"closed","template":"","meta":{"_bbp_topic_count":0,"_bbp_reply_count":0,"_bbp_total_topic_count":0,"_bbp_total_reply_count":0,"_bbp_voice_count":0,"_bbp_anonymous_reply_count":0,"_bbp_topic_count_hidden":0,"_bbp_reply_count_hidden":0,"_bbp_forum_subforum_count":0,"inline_featured_image":false},"acf":[],"_links":{"self":[{"href":"https:\/\/www.dfh-ufa.org\/en\/wp-json\/wp\/v2\/pages\/210582"}],"collection":[{"href":"https:\/\/www.dfh-ufa.org\/en\/wp-json\/wp\/v2\/pages"}],"about":[{"href":"https:\/\/www.dfh-ufa.org\/en\/wp-json\/wp\/v2\/types\/page"}],"author":[{"embeddable":true,"href":"https:\/\/www.dfh-ufa.org\/en\/wp-json\/wp\/v2\/users\/109"}],"replies":[{"embeddable":true,"href":"https:\/\/www.dfh-ufa.org\/en\/wp-json\/wp\/v2\/comments?post=210582"}],"version-history":[{"count":2,"href":"https:\/\/www.dfh-ufa.org\/en\/wp-json\/wp\/v2\/pages\/210582\/revisions"}],"predecessor-version":[{"id":210584,"href":"https:\/\/www.dfh-ufa.org\/en\/wp-json\/wp\/v2\/pages\/210582\/revisions\/210584"}],"up":[{"embeddable":true,"href":"https:\/\/www.dfh-ufa.org\/en\/wp-json\/wp\/v2\/pages\/846"}],"wp:attachment":[{"href":"https:\/\/www.dfh-ufa.org\/en\/wp-json\/wp\/v2\/media?parent=210582"}],"curies":[{"name":"wp","href":"https:\/\/api.w.org\/{rel}","templated":true}]}}