{"id":571487,"date":"2024-05-15T13:22:25","date_gmt":"2024-05-15T11:22:25","guid":{"rendered":"https:\/\/www.dfh-ufa.org\/en\/?page_id=571487"},"modified":"2024-05-17T12:44:01","modified_gmt":"2024-05-17T10:44:01","slug":"curriculum-vitae-stellvertretende-generalsekretarin","status":"publish","type":"page","link":"https:\/\/www.dfh-ufa.org\/en\/the-fgu\/das-team-der-dfh\/hochschulleitung-2\/curriculum-vitae-stellvertretende-generalsekretarin","title":{"rendered":"Curriculum Vitae &#8211; stellvertretende Generalsekret\u00e4rin"},"content":{"rendered":"<h2>Virginie Jouhaud-Neutard<\/h2>\n<p>ist seit Mai 2024 stellvertretende Generalsekret\u00e4rin der Deutsch-Franz\u00f6sischen Hochschule. Sie stammt aus Bordeaux und lebt seit 25 Jahren in Deutschland. Sie studierte Wirtschaftswissenschaften in Paris und Mannheim mit Schwerpunkt auf internationalen Wirtschaftsbeziehungen. Bereits als Studentin interessierte sie sich f\u00fcr europ\u00e4ische Themen und setzte sich als Mitglied der Jungen Europ\u00e4er aktiv f\u00fcr den Aufbau Europas ein. Sie begann ihre berufliche Laufbahn als Finanzanalystin und sp\u00e4ter als Marketingmanagerin f\u00fcr Finanzinstrumente in Frankfurt am Main, bevor sie sich dem Kultur- und Bildungssektor in einem deutsch-franz\u00f6sischen Kontext zuwandte. In den Jahren vor ihrem Amtsantritt an der DFH war sie Vorstandvorsitzende des Tr\u00e4gervereins der franz\u00f6sischen Vor- und Grundschule Pierre &amp; Marie Curie in Heidelberg und zuletzt Gesch\u00e4ftsf\u00fchrerin des Institut Fran\u00e7ais Mannheim.<\/p>\n","protected":false},"excerpt":{"rendered":"<p>Virginie Jouhaud-Neutard ist seit Mai 2024 stellvertretende Generalsekret\u00e4rin der Deutsch-Franz\u00f6sischen Hochschule. Sie stammt aus Bordeaux und lebt seit 25 Jahren in Deutschland. Sie studierte Wirtschaftswissenschaften in Paris und Mannheim mit Schwerpunkt auf internationalen Wirtschaftsbeziehungen. Bereits als Studentin interessierte sie sich f\u00fcr europ\u00e4ische Themen und setzte sich als Mitglied der Jungen Europ\u00e4er aktiv f\u00fcr den Aufbau [&hellip;]<\/p>\n","protected":false},"author":2,"featured_media":0,"parent":803,"menu_order":0,"comment_status":"closed","ping_status":"closed","template":"","meta":{"_bbp_topic_count":0,"_bbp_reply_count":0,"_bbp_total_topic_count":0,"_bbp_total_reply_count":0,"_bbp_voice_count":0,"_bbp_anonymous_reply_count":0,"_bbp_topic_count_hidden":0,"_bbp_reply_count_hidden":0,"_bbp_forum_subforum_count":0,"inline_featured_image":false},"acf":[],"_links":{"self":[{"href":"https:\/\/www.dfh-ufa.org\/en\/wp-json\/wp\/v2\/pages\/571487"}],"collection":[{"href":"https:\/\/www.dfh-ufa.org\/en\/wp-json\/wp\/v2\/pages"}],"about":[{"href":"https:\/\/www.dfh-ufa.org\/en\/wp-json\/wp\/v2\/types\/page"}],"author":[{"embeddable":true,"href":"https:\/\/www.dfh-ufa.org\/en\/wp-json\/wp\/v2\/users\/2"}],"replies":[{"embeddable":true,"href":"https:\/\/www.dfh-ufa.org\/en\/wp-json\/wp\/v2\/comments?post=571487"}],"version-history":[{"count":2,"href":"https:\/\/www.dfh-ufa.org\/en\/wp-json\/wp\/v2\/pages\/571487\/revisions"}],"predecessor-version":[{"id":571507,"href":"https:\/\/www.dfh-ufa.org\/en\/wp-json\/wp\/v2\/pages\/571487\/revisions\/571507"}],"up":[{"embeddable":true,"href":"https:\/\/www.dfh-ufa.org\/en\/wp-json\/wp\/v2\/pages\/803"}],"wp:attachment":[{"href":"https:\/\/www.dfh-ufa.org\/en\/wp-json\/wp\/v2\/media?parent=571487"}],"curies":[{"name":"wp","href":"https:\/\/api.w.org\/{rel}","templated":true}]}}