{"id":572184,"date":"2025-12-15T15:45:20","date_gmt":"2025-12-15T14:45:20","guid":{"rendered":"https:\/\/www.dfh-ufa.org\/en\/?page_id=572184"},"modified":"2025-12-15T15:45:20","modified_gmt":"2025-12-15T14:45:20","slug":"curriculum-vitae-vize-praesidentin","status":"publish","type":"page","link":"https:\/\/www.dfh-ufa.org\/en\/the-fgu\/das-team-der-dfh\/hochschulleitung-2\/curriculum-vitae-vize-praesidentin","title":{"rendered":"Curriculum vitae &#8211; Vize-Pr\u00e4sidentin"},"content":{"rendered":"<h2>Prof. Dr. Andrea von H\u00fclsen-Esch<\/h2>\n<p>ist seit Januar 2026 Vize-Pr\u00e4sidentin der Deutsch-Franz\u00f6sischen Hochschule (DFH). Sie ist seit 2001 Professorin f\u00fcr Kunstgeschichte an der Heinrich-Heine-Universit\u00e4t D\u00fcsseldorf, zuvor war sie von 1991 bis 2001 wissenschaftliche Referentin am Max-Planck-Institut f\u00fcr Geschichte in G\u00f6ttingen. 2002 erhielt sie den deutsch-franz\u00f6sischen Wissenschaftspreis Gay Lussac-Humboldt. Mit den Strukturen der DFH ist sie seit vielen Jahren vertraut, als Mitglied des wissenschaftlichen Beirats, als Vertreterin der Mitgliedshochschulen im Hochschulrat und als Co-Leiterin eines Doktorandenkollegs. In der Vergangenheit hat von H\u00fclsen-Esch wissenschaftliche und akademische Funktionen ausge\u00fcbt, u.a. als Gr\u00fcndungsmitglied der Graduiertenakademie HeRA der HHU und Gr\u00fcndungsdirektorin der Graduiertenakademie der Philosophischen Fakult\u00e4t, Prodekanin der Philosophischen Fakult\u00e4t und Prorektorin f\u00fcr Internationales an der Universit\u00e4t D\u00fcsseldorf sowie Sprecherin eines DFG \u2013 Graduiertenkollegs (GRK 1678). Ihre T\u00e4tigkeit als internationale Expertin erstreckt sich auf verschiedene L\u00e4nder, u.a. Frankreich (Deutsches Forum f\u00fcr Kunstgeschichte), Italien (Max-Planck-Institut f\u00fcr Kunstgeschichte, Rom), Wien (Beirat des Forschungsrats der Historisch-Kulturwiss. Fakult\u00e4t). Von H\u00fclsen-Esch ist Verfasserin und Herausgeberin zahlreicher B\u00fccher und Artikel zu kunsthistorischen und kulturwissenschaftlichen Fragestellungen zum Thema Alter(n), Materialit\u00e4t und Produktion in der Kunst, K\u00fcnstlergruppen der Moderne. Im Rahmen der DFH engagiert sie sich insbesondere f\u00fcr das Thema Nachhaltigkeit sowie f\u00fcr die Europ\u00e4ischen Hochschulallianzen und die Verst\u00e4rkung des <em>Franco-Allemand<\/em> als Kern der europ\u00e4ischen Wissenskultur.<\/p>\n","protected":false},"excerpt":{"rendered":"<p>Prof. Dr. Andrea von H\u00fclsen-Esch ist seit Januar 2026 Vize-Pr\u00e4sidentin der Deutsch-Franz\u00f6sischen Hochschule (DFH). Sie ist seit 2001 Professorin f\u00fcr Kunstgeschichte an der Heinrich-Heine-Universit\u00e4t D\u00fcsseldorf, zuvor war sie von 1991 bis 2001 wissenschaftliche Referentin am Max-Planck-Institut f\u00fcr Geschichte in G\u00f6ttingen. 2002 erhielt sie den deutsch-franz\u00f6sischen Wissenschaftspreis Gay Lussac-Humboldt. Mit den Strukturen der DFH ist sie [&hellip;]<\/p>\n","protected":false},"author":2,"featured_media":0,"parent":803,"menu_order":0,"comment_status":"closed","ping_status":"closed","template":"","meta":{"_bbp_topic_count":0,"_bbp_reply_count":0,"_bbp_total_topic_count":0,"_bbp_total_reply_count":0,"_bbp_voice_count":0,"_bbp_anonymous_reply_count":0,"_bbp_topic_count_hidden":0,"_bbp_reply_count_hidden":0,"_bbp_forum_subforum_count":0,"inline_featured_image":false},"acf":[],"_links":{"self":[{"href":"https:\/\/www.dfh-ufa.org\/en\/wp-json\/wp\/v2\/pages\/572184"}],"collection":[{"href":"https:\/\/www.dfh-ufa.org\/en\/wp-json\/wp\/v2\/pages"}],"about":[{"href":"https:\/\/www.dfh-ufa.org\/en\/wp-json\/wp\/v2\/types\/page"}],"author":[{"embeddable":true,"href":"https:\/\/www.dfh-ufa.org\/en\/wp-json\/wp\/v2\/users\/2"}],"replies":[{"embeddable":true,"href":"https:\/\/www.dfh-ufa.org\/en\/wp-json\/wp\/v2\/comments?post=572184"}],"version-history":[{"count":2,"href":"https:\/\/www.dfh-ufa.org\/en\/wp-json\/wp\/v2\/pages\/572184\/revisions"}],"predecessor-version":[{"id":572190,"href":"https:\/\/www.dfh-ufa.org\/en\/wp-json\/wp\/v2\/pages\/572184\/revisions\/572190"}],"up":[{"embeddable":true,"href":"https:\/\/www.dfh-ufa.org\/en\/wp-json\/wp\/v2\/pages\/803"}],"wp:attachment":[{"href":"https:\/\/www.dfh-ufa.org\/en\/wp-json\/wp\/v2\/media?parent=572184"}],"curies":[{"name":"wp","href":"https:\/\/api.w.org\/{rel}","templated":true}]}}