{"id":572186,"date":"2025-12-15T15:47:58","date_gmt":"2025-12-15T14:47:58","guid":{"rendered":"https:\/\/www.dfh-ufa.org\/en\/?page_id=572186"},"modified":"2025-12-15T15:47:58","modified_gmt":"2025-12-15T14:47:58","slug":"curriculum-vitae-prasident","status":"publish","type":"page","link":"https:\/\/www.dfh-ufa.org\/en\/the-fgu\/das-team-der-dfh\/hochschulleitung-2\/curriculum-vitae-prasident","title":{"rendered":"Curriculum vitae &#8211; Pr\u00e4sident"},"content":{"rendered":"<h2><strong>Prof. Dr.\u00a0Philippe Gr\u00e9ciano<\/strong><\/h2>\n<p>ist seit Januar 2026 erneut Pr\u00e4sident der Deutsch-Franz\u00f6sischen Hochschule (DFH). Bereits vor seiner Wiederwahl bekleidete er die \u00c4mter des Pr\u00e4sidenten und Vizepr\u00e4sidenten der Deutsch-Franz\u00f6sischen Hochschule. Er ist Professor an der Universit\u00e4t Grenoble Alpes (UGA), Inhaber des Jean Monnet-Lehrstuhls f\u00fcr Deutsch-Franz\u00f6sische Beziehungen, Europ\u00e4ische Integration und Globalisierung und Mitglied des Forschungszentrums f\u00fcr internationale Sicherheit und Europ\u00e4ische Kooperation (CESICE). Mit den Strukturen der DFH ist er seit mehreren\u00a0Jahren vertraut. Als Pr\u00e4sidiumsmitglied der DFH engagiert er sich insbesondere f\u00fcr die Internationalisierung des Studien- und Forschungsangebots, die Europ\u00e4ischen Hochschulallianzen sowie die Zusammenarbeit mit der Wirtschaft. In den letzten Jahren gelang es ihm, mehrere DFH-F\u00f6rderer zu gewinnen. Zudem brachte er zahlreiche deutsch-franz\u00f6sische Forschungspreise mit internationalen Partnern auf den Weg. Weiter stie\u00df er trotz der angespannten wirtschaftlichen Lage verschiedene europ\u00e4ische Programme in den Bereichen Sicherheit, Gesundheit, nachhaltige Entwicklung und technologische Innovationen an. Philippe Gr\u00e9ciano hat in Deutschland, Frankreich und \u00d6sterreich gelehrt. Er wird regelm\u00e4\u00dfig in Europa, nach Afrika, China und Japan sowie in die Vereinigten Staaten eingeladen. Au\u00dferdem war er als Gutachter f\u00fcr die Europ\u00e4ische Kommission und bei den Vereinten Nationen t\u00e4tig. Er ist Verfasser zahlreicher B\u00fccher und Artikel zu internationalen und europ\u00e4ischen Fragestellungen. Im Jahr 2024 wurde er mit den Preisen \u201eExcellence Fran\u00e7aise\u201c und \u201el\u2019Honneur en action\u201c ausgezeichnet.<\/p>\n","protected":false},"excerpt":{"rendered":"<p>Prof. Dr.\u00a0Philippe Gr\u00e9ciano ist seit Januar 2026 erneut Pr\u00e4sident der Deutsch-Franz\u00f6sischen Hochschule (DFH). Bereits vor seiner Wiederwahl bekleidete er die \u00c4mter des Pr\u00e4sidenten und Vizepr\u00e4sidenten der Deutsch-Franz\u00f6sischen Hochschule. Er ist Professor an der Universit\u00e4t Grenoble Alpes (UGA), Inhaber des Jean Monnet-Lehrstuhls f\u00fcr Deutsch-Franz\u00f6sische Beziehungen, Europ\u00e4ische Integration und Globalisierung und Mitglied des Forschungszentrums f\u00fcr internationale Sicherheit [&hellip;]<\/p>\n","protected":false},"author":2,"featured_media":0,"parent":803,"menu_order":0,"comment_status":"closed","ping_status":"closed","template":"","meta":{"_bbp_topic_count":0,"_bbp_reply_count":0,"_bbp_total_topic_count":0,"_bbp_total_reply_count":0,"_bbp_voice_count":0,"_bbp_anonymous_reply_count":0,"_bbp_topic_count_hidden":0,"_bbp_reply_count_hidden":0,"_bbp_forum_subforum_count":0,"inline_featured_image":false},"acf":[],"_links":{"self":[{"href":"https:\/\/www.dfh-ufa.org\/en\/wp-json\/wp\/v2\/pages\/572186"}],"collection":[{"href":"https:\/\/www.dfh-ufa.org\/en\/wp-json\/wp\/v2\/pages"}],"about":[{"href":"https:\/\/www.dfh-ufa.org\/en\/wp-json\/wp\/v2\/types\/page"}],"author":[{"embeddable":true,"href":"https:\/\/www.dfh-ufa.org\/en\/wp-json\/wp\/v2\/users\/2"}],"replies":[{"embeddable":true,"href":"https:\/\/www.dfh-ufa.org\/en\/wp-json\/wp\/v2\/comments?post=572186"}],"version-history":[{"count":1,"href":"https:\/\/www.dfh-ufa.org\/en\/wp-json\/wp\/v2\/pages\/572186\/revisions"}],"predecessor-version":[{"id":572187,"href":"https:\/\/www.dfh-ufa.org\/en\/wp-json\/wp\/v2\/pages\/572186\/revisions\/572187"}],"up":[{"embeddable":true,"href":"https:\/\/www.dfh-ufa.org\/en\/wp-json\/wp\/v2\/pages\/803"}],"wp:attachment":[{"href":"https:\/\/www.dfh-ufa.org\/en\/wp-json\/wp\/v2\/media?parent=572186"}],"curies":[{"name":"wp","href":"https:\/\/api.w.org\/{rel}","templated":true}]}}