{"id":7025,"date":"2018-06-25T13:30:04","date_gmt":"2018-06-25T11:30:04","guid":{"rendered":"https:\/\/www.dfh-ufa.org\/die-dfh\/die-dfh-im-ueberblick\/organisationsstruktur\/organe\/hochschulrat\/die-vertreter-der-mitgliedshochschulen-im-hochschulrat-der-dfh\/"},"modified":"2025-02-05T12:18:08","modified_gmt":"2025-02-05T11:18:08","slug":"die-vertreter-der-mitgliedshochschulen-im-hochschulrat-der-dfh","status":"publish","type":"page","link":"https:\/\/www.dfh-ufa.org\/en\/the-fgu\/what-is-the-fgu\/organisational-structure\/organe\/hochschulrat\/die-vertreter-der-mitgliedshochschulen-im-hochschulrat-der-dfh","title":{"rendered":"Die Vertreter der Mitgliedshochschulen im Hochschulrat der DFH"},"content":{"rendered":"<div id=\"c45108\" class=\"csc-default\">\n<p>Die vier\u00a0Vertreter der Mitgliedshochschulen im Hochschulrat sind in der Forschung und Lehre t\u00e4tige Wissenschaftler, die gem\u00e4\u00df Art. 6 des Weimarer Abkommens von der Versammlung der Mitgliedshochschulen gew\u00e4hlt werden. Die Amtszeit der Vertreter im Hochschulrat betr\u00e4gt vier Jahre. Eine einmalige Wiederwahl ist m\u00f6glich.<\/p>\n<p>Als Vertreter der Interessen der Mitgliedshochschulen im Hochschulrat sind sie der Ansprechpartner f\u00fcr alle Anliegen der Mitglieds- und Partnerhochschulen des Netzwerks der Deutsch-Franz\u00f6sischen Hochschule. Fragen und Anregungen sind jederzeit willkommen. Die vier gew\u00e4hlten Vertreter der Mitgliedshochschulen im Hochschulrat k\u00f6nnen \u00fcber folgende E-Mailadresse kontaktiert werden: <a href=\"http:\/\/mitglieder-membres(at)dfh-ufa.org\">mitglieder-membres(at)dfh-ufa.org<\/a><\/p>\n<p>&nbsp;<\/p>\n<\/div>\n<div id=\"c45104\" class=\"csc-default\">\n<div class=\"csc-header csc-header-n2\">\n<h2>Die Vertreter<\/h2>\n<table class=\"contenttable contenttable-0 table\">\n<tbody>\n<tr class=\"tr-even tr-0\">\n<td class=\"td-0\"><strong>Frau Prof. Dr. Eva Martha Eckkrammer<\/strong><\/td>\n<td class=\"td-last td-1\">\u00a0\u00a0 Universit\u00e4t Mannheim<\/td>\n<\/tr>\n<tr class=\"tr-odd tr-1\">\n<td class=\"td-0\"><strong>Frau Prof. Dr. Heike Jaeckels<br \/>\n<\/strong><\/td>\n<td class=\"td-last td-1\">\u00a0\u00a0 htw saar<\/td>\n<\/tr>\n<tr class=\"tr-even tr-2\">\n<td class=\"td-0\"><strong>Frau Prof. Dr. Christine Stange-Fayos<br \/>\n<\/strong><\/td>\n<td class=\"td-last td-1\">\u00a0\u00a0 Universit\u00e9 Toulouse 2<\/td>\n<\/tr>\n<tr class=\"tr-odd tr-last\">\n<td class=\"td-0\"><strong>Herr Dr. Joern P\u00fctz<br \/>\n<\/strong><\/td>\n<td class=\"td-last td-1\">\u00a0\u00a0 Universit\u00e4t Strasbourg<\/td>\n<\/tr>\n<\/tbody>\n<\/table>\n<\/div>\n<\/div>\n<div id=\"c45104\" class=\"csc-default\">\n<div class=\"table-responsive\"><\/div>\n<\/div>\n<p>&nbsp;<\/p>\n<h3>Informationen f\u00fcr Mitgliedshochschulen<\/h3>\n<p>Die Vertreter der Mitgliedshochschulen stellen regelm\u00e4\u00dfig Informationen f\u00fcr die Programmbeauftragten, Koordinatoren und Auslands\u00e4mter der Mitgliedshochschulen der DFH zur Verf\u00fcgung.<\/p>\n<p>Die Dokumente k\u00f6nnen Sie \u00fcber die Benutzeranmeldung auf der <a href=\"https:\/\/www.dfh-ufa.org\/die-dfh\/die-dfh-im-ueberblick\/organisationsstruktur\/organe\/hochschulrat\/die-vertreter-der-mitgliedshochschulen-im-hochschulrat-der-dfh\/kontakt-vertreter-der-mitgliedshochschulen\/\">Kontakt-Seite<\/a> herunterladen.<\/p>\n<p>Login vergessen? Bitte kontaktieren Sie <a href=\"http:\/\/mitglieder-membres(at)dfh-ufa.org\/\">mitglieder-membres(at)dfh-ufa.org<\/a>.<\/p>\n","protected":false},"excerpt":{"rendered":"<p>Die vier\u00a0Vertreter der Mitgliedshochschulen im Hochschulrat sind in der Forschung und Lehre t\u00e4tige Wissenschaftler, die gem\u00e4\u00df Art. 6 des Weimarer Abkommens von der Versammlung der Mitgliedshochschulen gew\u00e4hlt werden. Die Amtszeit der Vertreter im Hochschulrat betr\u00e4gt vier Jahre. Eine einmalige Wiederwahl ist m\u00f6glich. Als Vertreter der Interessen der Mitgliedshochschulen im Hochschulrat sind sie der Ansprechpartner f\u00fcr [&hellip;]<\/p>\n","protected":false},"author":2,"featured_media":0,"parent":795,"menu_order":54,"comment_status":"closed","ping_status":"closed","template":"","meta":{"_bbp_topic_count":0,"_bbp_reply_count":0,"_bbp_total_topic_count":0,"_bbp_total_reply_count":0,"_bbp_voice_count":0,"_bbp_anonymous_reply_count":0,"_bbp_topic_count_hidden":0,"_bbp_reply_count_hidden":0,"_bbp_forum_subforum_count":0,"inline_featured_image":false},"acf":[],"_links":{"self":[{"href":"https:\/\/www.dfh-ufa.org\/en\/wp-json\/wp\/v2\/pages\/7025"}],"collection":[{"href":"https:\/\/www.dfh-ufa.org\/en\/wp-json\/wp\/v2\/pages"}],"about":[{"href":"https:\/\/www.dfh-ufa.org\/en\/wp-json\/wp\/v2\/types\/page"}],"author":[{"embeddable":true,"href":"https:\/\/www.dfh-ufa.org\/en\/wp-json\/wp\/v2\/users\/2"}],"replies":[{"embeddable":true,"href":"https:\/\/www.dfh-ufa.org\/en\/wp-json\/wp\/v2\/comments?post=7025"}],"version-history":[{"count":27,"href":"https:\/\/www.dfh-ufa.org\/en\/wp-json\/wp\/v2\/pages\/7025\/revisions"}],"predecessor-version":[{"id":541860,"href":"https:\/\/www.dfh-ufa.org\/en\/wp-json\/wp\/v2\/pages\/7025\/revisions\/541860"}],"up":[{"embeddable":true,"href":"https:\/\/www.dfh-ufa.org\/en\/wp-json\/wp\/v2\/pages\/795"}],"wp:attachment":[{"href":"https:\/\/www.dfh-ufa.org\/en\/wp-json\/wp\/v2\/media?parent=7025"}],"curies":[{"name":"wp","href":"https:\/\/api.w.org\/{rel}","templated":true}]}}