{"id":795,"date":"2018-04-24T09:03:14","date_gmt":"2018-04-24T07:03:14","guid":{"rendered":"https:\/\/www.dfh-ufa.org\/die-dfh\/die-dfh-im-ueberblick\/organisationsstruktur\/organe\/hochschulrat\/"},"modified":"2025-04-11T09:00:01","modified_gmt":"2025-04-11T07:00:01","slug":"hochschulrat","status":"publish","type":"page","link":"https:\/\/www.dfh-ufa.org\/en\/the-fgu\/what-is-the-fgu\/organisational-structure\/organe\/hochschulrat","title":{"rendered":"Hochschulrat"},"content":{"rendered":"<div id=\"pl-795\"  class=\"panel-layout\" ><div id=\"pg-795-0\"  class=\"panel-grid panel-no-style\" ><div id=\"pgc-795-0-0\"  class=\"panel-grid-cell\" ><div id=\"panel-795-0-0-0\" class=\"so-panel widget widget_sow-editor panel-first-child panel-last-child\" data-index=\"0\" ><div class=\"so-widget-sow-editor so-widget-sow-editor-base\">\n<div class=\"siteorigin-widget-tinymce textwidget\">\n\t<p>Der Hochschulrat legt die Leitlinien f\u00fcr die Deutsch-Franz\u00f6sische Hochschule fest.<\/p>\n<p>Dar\u00fcber hinaus:<\/p>\n<ul>\n<li>entscheidet er \u00fcber die Bedingungen f\u00fcr die Aufnahme von Hochschulen und genehmigt die entsprechenden \u00dcbereink\u00fcnfte und Mittelzuweisungen;<\/li>\n<li>verabschiedet er den Haushalt und genehmigt den Jahresabschluss;<\/li>\n<li>erl\u00e4sst er Richtlinien f\u00fcr eine sorgsame Verwaltung der Haushaltsmittel;<\/li>\n<li>bestellt er im Einvernehmen mit den beiden Regierungen je einen deutschen und einen franz\u00f6sischen Rechnungspr\u00fcfer, die gemeinsam im Rahmen der Vorschriften der Hochschule j\u00e4hrlich die Verwendung ihrer Mittel pr\u00fcfen und dem Hochschulrat Bericht erstatten;<\/li>\n<li>erteilt er nach Pr\u00fcfung des Berichts der Rechnungspr\u00fcfer und einer etwaigen Stellungnahme des Pr\u00e4sidenten diesem Entlastung hinsichtlich der Ausf\u00fchrung des Haushaltsplans;<\/li>\n<li>genehmigt er den j\u00e4hrlichen T\u00e4tigkeitsbericht des Pr\u00e4sidenten.<\/li>\n<\/ul>\n<p>&nbsp;<\/p>\n<\/div>\n<\/div><\/div><\/div><\/div><div id=\"pg-795-1\"  class=\"panel-grid panel-no-style\" ><div id=\"pgc-795-1-0\"  class=\"panel-grid-cell panel-grid-cell-empty\" ><\/div><\/div><div id=\"pg-795-2\"  class=\"panel-grid panel-no-style\" ><div id=\"pgc-795-2-0\"  class=\"panel-grid-cell\" ><div id=\"panel-795-2-0-0\" class=\"so-panel widget widget_sow-editor panel-first-child\" data-index=\"1\" ><div class=\"so-widget-sow-editor so-widget-sow-editor-base\"><h2 class=\"widget-title\">Mitglieder des Hochschulrates <\/h2>\n<div class=\"siteorigin-widget-tinymce textwidget\">\n\t<\/div>\n<\/div><\/div><div id=\"panel-795-2-0-1\" class=\"so-panel widget widget_accordion\" data-index=\"2\" >        <div class=\"accordion\" data-collapse=\"1\">\n\n\t\t\t\t\t\t\t\t\t\t\t\t                    <div class=\"accordion__item\" id=\"69d76d1899f26\">\n\n\t\t\t\t\t\t                            <header class=\"accordion__header\">\n                                <h2 class=\"accordion__title\">Pr\u00e4sidium der DFH<\/h2>\n                            <\/header>\n\t\t\t\t\t\t\n\t\t\t\t\t\t                            <div class=\"accordion__content\">\n\t\t\t\t\t\t\t\t<table class=\"contenttable contenttable-0 table\">\n<tbody>\n<tr class=\"tr-even tr-0\">\n<th id=\"row36513-0\" class=\"td-0\" style=\"text-align: left\" scope=\"row\">Herr Prof. Dr. Olivier Mentz<\/th>\n<td class=\"td-last td-1\" style=\"text-align: left\" headers=\"row36513-0\">\u00a0\u00a0\u00a0\u00a0\u00a0\u00a0\u00a0\u00a0\u00a0\u00a0 Pr\u00e4sident der DFH<\/td>\n<\/tr>\n<tr class=\"tr-odd tr-last\">\n<th id=\"row36513-1\" class=\"td-0\" style=\"text-align: left\" scope=\"row\">Herr Prof. Dr. Philippe Gr\u00e9ciano<\/th>\n<td class=\"td-last td-1\" style=\"text-align: left\" headers=\"row36513-1\">\u00a0\u00a0\u00a0\u00a0\u00a0\u00a0\u00a0\u00a0\u00a0\u00a0 Vizepr\u00e4sident der DFH<\/td>\n<\/tr>\n<\/tbody>\n<\/table>\n                            <\/div>\n\t\t\t\t\t\t\n\t\t\t\t\t\t\n                    <\/div><!-- .accordion -->\n\n\t\t\t\t\n\t\t\t\t\t\t\t\n        <\/div><!-- .accordion -->\n\n\t\t<\/div><div id=\"panel-795-2-0-2\" class=\"so-panel widget widget_accordion\" data-index=\"3\" >        <div class=\"accordion\" data-collapse=\"1\">\n\n\t\t\t\t\t\t\t\t\t\t\t\t                    <div class=\"accordion__item\" id=\"69d76d1899f78\">\n\n\t\t\t\t\t\t                            <header class=\"accordion__header\">\n                                <h2 class=\"accordion__title\">Vertreter der staatlichen Beh\u00f6rden<\/h2>\n                            <\/header>\n\t\t\t\t\t\t\n\t\t\t\t\t\t                            <div class=\"accordion__content\">\n\t\t\t\t\t\t\t\t<table class=\"contenttable contenttable-0 table\">\n<tbody>\n<tr class=\"tr-odd tr-1\">\n<th id=\"row36858-1\" class=\"td-0\" style=\"text-align: left\" scope=\"row\">Herr Denis Despr\u00e9aux<\/th>\n<td class=\"td-last td-1\" style=\"padding-left: 90px\" headers=\"row36858-1\">Minist\u00e8re de l'Enseignement sup\u00e9rieur, de<br \/>\nla Recherche et de l'Innovation<\/td>\n<\/tr>\n<tr class=\"tr-even tr-2\">\n<th id=\"row36858-2\" class=\"td-0\" style=\"text-align: left\" scope=\"row\">Herr Peter Greisler<\/th>\n<td class=\"td-last td-1\" style=\"padding-left: 90px\" headers=\"row36858-2\">Bundesministerium f\u00fcr Bildung und Forschung<\/td>\n<\/tr>\n<tr>\n<th style=\"text-align: left\">Herr Matthieu Peyraud<\/th>\n<td style=\"padding-left: 90px\">Minist\u00e8re de l'Europe et des Affaires \u00e9trang\u00e8res<\/td>\n<\/tr>\n<tr class=\"tr-odd tr-last\">\n<th id=\"row36858-3\" class=\"td-0\" style=\"text-align: left\" scope=\"row\">Frau Dr. Susanne Reichrath<\/th>\n<td class=\"td-last td-1\" style=\"padding-left: 90px\" headers=\"row36858-3\">Kultusministerkonferenz, Staatskanzlei des Saarlandes<\/td>\n<\/tr>\n<\/tbody>\n<\/table>\n                            <\/div>\n\t\t\t\t\t\t\n\t\t\t\t\t\t\n                    <\/div><!-- .accordion -->\n\n\t\t\t\t\n\t\t\t\t\t\t\t\n        <\/div><!-- .accordion -->\n\n\t\t<\/div><div id=\"panel-795-2-0-3\" class=\"so-panel widget widget_accordion\" data-index=\"4\" >        <div class=\"accordion\" data-collapse=\"1\">\n\n\t\t\t\t\t\t\t\t\t\t\t\t                    <div class=\"accordion__item\" id=\"69d76d1899fcd\">\n\n\t\t\t\t\t\t                            <header class=\"accordion__header\">\n                                <h2 class=\"accordion__title\">Wissenschaftler<\/h2>\n                            <\/header>\n\t\t\t\t\t\t\n\t\t\t\t\t\t                            <div class=\"accordion__content\">\n\t\t\t\t\t\t\t\t<div id=\"c36593\" class=\"csc-default\">\n<div class=\"csc-header csc-header-n1\">\n<h5 class=\"csc-firstHeader\">4 Vertreter, die von der Versammlung der Mitgliedshochschulen gew\u00e4hlt werden<\/h5>\n<\/div>\n<div class=\"table-responsive\">\n<table class=\"contenttable contenttable-0 table\">\n<tbody>\n<tr class=\"tr-even tr-0\">\n<th id=\"row36593-0\" class=\"td-0\" style=\"text-align: left\" scope=\"row\">Frau Prof. Dr. Eva Martha Eckkrammer<\/th>\n<td class=\"td-last td-1\" style=\"padding-left: 30px\" headers=\"row36593-0\">Universit\u00e4t Mannheim<\/td>\n<\/tr>\n<tr class=\"tr-odd tr-1\">\n<th id=\"row36593-1\" class=\"td-0\" style=\"text-align: left\" scope=\"row\">Frau Prof. Dr. Heike Jaeckels<\/th>\n<td class=\"td-last td-1\" style=\"padding-left: 30px\" headers=\"row36593-1\">htw saar<\/td>\n<\/tr>\n<tr class=\"tr-odd tr-last\">\n<th id=\"row36593-3\" class=\"td-0\" style=\"text-align: left\" scope=\"row\">Frau Prof. Dr. Christina Stange-Fayos<\/th>\n<td class=\"td-last td-1\" style=\"padding-left: 30px;text-align: left\" headers=\"row36593-3\">Universit\u00e9 Toulouse 2<\/td>\n<\/tr>\n<tr>\n<th style=\"text-align: left\">Herr Dr. Joern P\u00fctz<\/th>\n<td style=\"padding-left: 30px;text-align: left\">Universit\u00e4t Strasbourg<\/td>\n<\/tr>\n<\/tbody>\n<\/table>\n<\/div>\n<\/div>\n<div id=\"c36598\" class=\"csc-default\">\n<div class=\"csc-header csc-header-n2\">\n<h5><\/h5>\n<h5>2 Vertreter der Hochschulrektorenkonferenz (HRK)<\/h5>\n<\/div>\n<\/div>\n<table class=\"contenttable contenttable-0 table\">\n<tbody>\n<tr class=\"tr-even tr-2\">\n<th id=\"row36593-2\" class=\"td-0\" style=\"text-align: left\" scope=\"row\">Frau Prof. Dr. Katharina Krause<\/th>\n<td class=\"td-last td-1\" headers=\"row36593-2\">\u00a0\u00a0\u00a0\u00a0\u00a0 Philipps-Universit\u00e4t Marburg<\/td>\n<\/tr>\n<tr class=\"tr-odd tr-last\">\n<th id=\"row36593-3\" class=\"td-0\" style=\"text-align: left\" scope=\"row\">Frau Prof. Dr. Anne Lequy<\/th>\n<td class=\"td-last td-1\" headers=\"row36593-3\">\u00a0\u00a0\u00a0\u00a0\u00a0 Hochschule Magdeburg-Stendal<\/td>\n<\/tr>\n<\/tbody>\n<\/table>\n<p>&nbsp;<\/p>\n<h5>1 Vertreter der Conf\u00e9rence des Pr\u00e9sidents d'Universit\u00e9s (CPU)<\/h5>\n<table class=\"contenttable contenttable-0 table\" style=\"height: 55px;width: 814px\">\n<tbody>\n<tr class=\"tr-even tr-0\" style=\"height: 42px\">\n<th id=\"row36593-0\" class=\"td-0\" style=\"width: 279.35px;height: 42px;text-align: left\" scope=\"row\">Frau Prof. Dr. Nathalie Dompnier<\/th>\n<td class=\"td-last td-1\" style=\"width: 517.15px;height: 42px\" headers=\"row36593-0\">\u00a0\u00a0\u00a0\u00a0 Universit\u00e9 Lumi\u00e8re Lyon 2<\/td>\n<\/tr>\n<\/tbody>\n<\/table>\n<h5><\/h5>\n<h5>1 Vertreter der Conf\u00e9rence des Directeurs des Ecoles Fran\u00e7aises d'Ing\u00e9nieurs (CDEFI)<\/h5>\n<table class=\"contenttable contenttable-0 table\" style=\"height: 35px;width: 822px\" width=\"832\">\n<tbody>\n<tr class=\"tr-even tr-0\" style=\"height: 33px\">\n<th id=\"row36593-0\" class=\"td-0\" style=\"width: 278.167px;text-align: left;height: 35px\" scope=\"row\">Herr Dr. Pierre Koch<\/th>\n<td class=\"td-last td-1\" style=\"width: 526.333px;height: 35px\" headers=\"row36593-0\">\u00a0\u00a0\u00a0\u00a0\u00a0 Universit\u00e9 de technologie de Troyes<\/td>\n<\/tr>\n<\/tbody>\n<\/table>\n<p>&nbsp;<\/p>\n                            <\/div>\n\t\t\t\t\t\t\n\t\t\t\t\t\t\n                    <\/div><!-- .accordion -->\n\n\t\t\t\t\n\t\t\t\t\t\t\t\n        <\/div><!-- .accordion -->\n\n\t\t<\/div><div id=\"panel-795-2-0-4\" class=\"so-panel widget widget_accordion\" data-index=\"5\" >        <div class=\"accordion\" data-collapse=\"1\">\n\n\t\t\t\t\t\t\t\t\t\t\t\t                    <div class=\"accordion__item\" id=\"69d76d189a080\">\n\n\t\t\t\t\t\t                            <header class=\"accordion__header\">\n                                <h2 class=\"accordion__title\">Mitglieder aufgrund ihrer Sachkompetenz<\/h2>\n                            <\/header>\n\t\t\t\t\t\t\n\t\t\t\t\t\t                            <div class=\"accordion__content\">\n\t\t\t\t\t\t\t\t<table class=\"contenttable contenttable-0 table\" style=\"height: 122px;width: 1062px\" width=\"1120\">\n<tbody>\n<tr class=\"tr-even tr-0\" style=\"height: 29px\">\n<th id=\"row36529-0\" class=\"td-0\" style=\"text-align: left;width: 272.1px;height: 29px\" scope=\"row\">Herr Francis Jutand<\/th>\n<td class=\"td-last td-1\" style=\"padding-left: 30px;text-align: left;width: 743.4px;height: 29px\" headers=\"row36529-0\">vom Minist\u00e8re de l'Europe et des Affaires \u00e9trang\u00e8res benannt<\/td>\n<\/tr>\n<tr class=\"tr-odd tr-1\" style=\"height: 29px\">\n<th id=\"row36529-1\" class=\"td-0\" style=\"text-align: left;width: 272.1px;height: 29px\" scope=\"row\">Frau Dr. Johanna Kowol-Santen<\/th>\n<td class=\"td-last td-1\" style=\"padding-left: 30px;text-align: left;width: 743.4px;height: 29px\" headers=\"row36529-1\">Deutsche Forschungsgemeinschaft (DFG)<\/td>\n<\/tr>\n<tr class=\"tr-even tr-2\" style=\"height: 54px\">\n<th id=\"row36529-2\" class=\"td-0\" style=\"text-align: left;width: 272.1px;height: 35px\" scope=\"row\">N. N.<\/th>\n<td class=\"td-last td-1\" style=\"padding-left: 30px;text-align: left;width: 743.4px;height: 35px\" headers=\"row36529-2\">vom Minist\u00e8re de l'Enseignement sup\u00e9rieur, de la Recherche et de l'Innovation benannt<\/td>\n<\/tr>\n<tr class=\"tr-odd tr-last\" style=\"height: 29px\">\n<th id=\"row36529-3\" class=\"td-0\" style=\"text-align: left;width: 272.1px;height: 29px\" scope=\"row\">Herr Dr. Christian Thimme<\/th>\n<td class=\"td-last td-1\" style=\"padding-left: 30px;text-align: left;width: 743.4px;height: 29px\" headers=\"row36529-3\">Deutscher Akademischer Austauschdienst (DAAD)<\/td>\n<\/tr>\n<\/tbody>\n<\/table>\n                            <\/div>\n\t\t\t\t\t\t\n\t\t\t\t\t\t\n                    <\/div><!-- .accordion -->\n\n\t\t\t\t\n\t\t\t\t\t\t\t\n        <\/div><!-- .accordion -->\n\n\t\t<\/div><div id=\"panel-795-2-0-5\" class=\"so-panel widget widget_accordion\" data-index=\"6\" >        <div class=\"accordion\" data-collapse=\"1\">\n\n\t\t\t\t\t\t\t\t\t\t\t\t                    <div class=\"accordion__item\" id=\"69d76d189a0d0\">\n\n\t\t\t\t\t\t                            <header class=\"accordion__header\">\n                                <h2 class=\"accordion__title\">Pers\u00f6nlichkeiten aus der Wirtschaft, die vom Hochschulrat kooptiert werden<\/h2>\n                            <\/header>\n\t\t\t\t\t\t\n\t\t\t\t\t\t                            <div class=\"accordion__content\">\n\t\t\t\t\t\t\t\t<table class=\"contenttable contenttable-0 table alignleft\" style=\"width: 974px;height: 167px\">\n<tbody>\n<tr>\n<th style=\"text-align: left;width: 242.7px\">Herr Dr. Eduard Kulenkamp<\/th>\n<td style=\"padding-left: 150px;width: 564.8px\">Gebr. Pfeiffer SE<\/td>\n<\/tr>\n<tr class=\"tr-even tr-0\">\n<th id=\"row36526-0\" class=\"td-0\" style=\"text-align: left;width: 242.7px\" scope=\"row\">Herr Jean-Fran<strong>\u00e7<\/strong>ois Rieffel<\/th>\n<td class=\"td-last td-1\" style=\"padding-left: 150px;width: 564.8px\" headers=\"row36526-0\">Apec Paris<\/td>\n<\/tr>\n<tr class=\"tr-odd tr-1\">\n<th id=\"row36526-1\" class=\"td-0\" style=\"text-align: left;width: 242.7px\" scope=\"row\">Herr Xavier Susterac<\/th>\n<td class=\"td-last td-1\" style=\"padding-left: 150px;width: 564.8px\" headers=\"row36526-1\">BASF Personal Care and Nutrition GmbH<\/td>\n<\/tr>\n<tr class=\"tr-even tr-2\">\n<th id=\"row36526-2\" class=\"td-0\" style=\"text-align: left;width: 242.7px\" scope=\"row\">Frau Daniela Weber-Rey<\/th>\n<td class=\"td-last td-1\" style=\"padding-left: 150px;width: 564.8px\" headers=\"row36526-2\">Rechtsanw\u00e4ltin, Mitglied der Regierungskommission Deutscher Corporate Governance Kodex<\/td>\n<\/tr>\n<\/tbody>\n<\/table>\n                            <\/div>\n\t\t\t\t\t\t\n\t\t\t\t\t\t\n                    <\/div><!-- .accordion -->\n\n\t\t\t\t\n\t\t\t\t\t\t\t\n        <\/div><!-- .accordion -->\n\n\t\t<\/div><div id=\"panel-795-2-0-6\" class=\"so-panel widget widget_accordion panel-last-child\" data-index=\"7\" >        <div class=\"accordion\" data-collapse=\"1\">\n\n\t\t\t\t\t\t\t\t\t\t\t\t                    <div class=\"accordion__item\" id=\"69d76d189a11f\">\n\n\t\t\t\t\t\t                            <header class=\"accordion__header\">\n                                <h2 class=\"accordion__title\">St\u00e4ndige G\u00e4ste<\/h2>\n                            <\/header>\n\t\t\t\t\t\t\n\t\t\t\t\t\t                            <div class=\"accordion__content\">\n\t\t\t\t\t\t\t\t<table class=\"contenttable contenttable-0 table\" style=\"height: 31px\">\n<tbody>\n<tr class=\"tr-even tr-0\" style=\"height: 31px\">\n<th id=\"row36592-0\" class=\"td-0\" style=\"text-align: left;width: 165px;height: 31px\" scope=\"row\">Herr Stefan Delfs<\/th>\n<td class=\"td-last td-1\" style=\"padding-left: 90px;width: 197px;height: 31px\" headers=\"row36592-0\">Ausw\u00e4rtiges Amt<\/td>\n<\/tr>\n<\/tbody>\n<\/table>\n                            <\/div>\n\t\t\t\t\t\t\n\t\t\t\t\t\t\n                    <\/div><!-- .accordion -->\n\n\t\t\t\t\n\t\t\t\t\t\t\t\n        <\/div><!-- .accordion -->\n\n\t\t<\/div><\/div><\/div><div id=\"pg-795-3\"  class=\"panel-grid panel-no-style\" ><div id=\"pgc-795-3-0\"  class=\"panel-grid-cell panel-grid-cell-empty\" ><\/div><\/div><div id=\"pg-795-4\"  class=\"panel-grid panel-no-style\" ><div id=\"pgc-795-4-0\"  class=\"panel-grid-cell panel-grid-cell-empty\" ><\/div><\/div><\/div>","protected":false},"excerpt":{"rendered":"<p>Der Hochschulrat legt die Leitlinien f\u00fcr die Deutsch-Franz\u00f6sische Hochschule fest. Dar\u00fcber hinaus: entscheidet er \u00fcber die Bedingungen f\u00fcr die Aufnahme von Hochschulen und genehmigt die entsprechenden \u00dcbereink\u00fcnfte und Mittelzuweisungen; verabschiedet er den Haushalt und genehmigt den Jahresabschluss; erl\u00e4sst er Richtlinien f\u00fcr eine sorgsame Verwaltung der Haushaltsmittel; bestellt er im Einvernehmen mit den beiden Regierungen je [&hellip;]<\/p>\n","protected":false},"author":1,"featured_media":0,"parent":793,"menu_order":602,"comment_status":"closed","ping_status":"closed","template":"","meta":{"_bbp_topic_count":0,"_bbp_reply_count":0,"_bbp_total_topic_count":0,"_bbp_total_reply_count":0,"_bbp_voice_count":0,"_bbp_anonymous_reply_count":0,"_bbp_topic_count_hidden":0,"_bbp_reply_count_hidden":0,"_bbp_forum_subforum_count":0,"inline_featured_image":false},"acf":[],"_links":{"self":[{"href":"https:\/\/www.dfh-ufa.org\/en\/wp-json\/wp\/v2\/pages\/795"}],"collection":[{"href":"https:\/\/www.dfh-ufa.org\/en\/wp-json\/wp\/v2\/pages"}],"about":[{"href":"https:\/\/www.dfh-ufa.org\/en\/wp-json\/wp\/v2\/types\/page"}],"author":[{"embeddable":true,"href":"https:\/\/www.dfh-ufa.org\/en\/wp-json\/wp\/v2\/users\/1"}],"replies":[{"embeddable":true,"href":"https:\/\/www.dfh-ufa.org\/en\/wp-json\/wp\/v2\/comments?post=795"}],"version-history":[{"count":166,"href":"https:\/\/www.dfh-ufa.org\/en\/wp-json\/wp\/v2\/pages\/795\/revisions"}],"predecessor-version":[{"id":568530,"href":"https:\/\/www.dfh-ufa.org\/en\/wp-json\/wp\/v2\/pages\/795\/revisions\/568530"}],"up":[{"embeddable":true,"href":"https:\/\/www.dfh-ufa.org\/en\/wp-json\/wp\/v2\/pages\/793"}],"wp:attachment":[{"href":"https:\/\/www.dfh-ufa.org\/en\/wp-json\/wp\/v2\/media?parent=795"}],"curies":[{"name":"wp","href":"https:\/\/api.w.org\/{rel}","templated":true}]}}