{"id":796,"date":"2018-04-24T09:03:14","date_gmt":"2018-04-24T07:03:14","guid":{"rendered":"https:\/\/www.dfh-ufa.org\/die-dfh\/die-dfh-im-ueberblick\/organisationsstruktur\/organe\/versammlung-der-mitgliedshochschulen\/"},"modified":"2025-03-04T17:54:39","modified_gmt":"2025-03-04T16:54:39","slug":"versammlung-der-mitgliedshochschulen","status":"publish","type":"page","link":"https:\/\/www.dfh-ufa.org\/en\/the-fgu\/what-is-the-fgu\/organisational-structure\/organe\/versammlung-der-mitgliedshochschulen","title":{"rendered":"Versammlung der Mitgliedshochschulen"},"content":{"rendered":"<div id=\"pl-796\"  class=\"panel-layout\" ><div id=\"pg-796-0\"  class=\"panel-grid panel-no-style\" ><div id=\"pgc-796-0-0\"  class=\"panel-grid-cell\" ><div id=\"panel-796-0-0-0\" class=\"so-panel widget widget_sow-editor panel-first-child\" data-index=\"0\" ><div class=\"so-widget-sow-editor so-widget-sow-editor-base\">\n<div class=\"siteorigin-widget-tinymce textwidget\">\n\t<p>Mit der Aufnahme als Mitglied in die DFH erhalten die Hochschulen Stimmrecht in der Versammlung der Mitgliedshochschulen. Diese ist neben dem <a href=\"https:\/\/www.dfh-ufa.org\/organe\/hochschulrat\/\">Hochschulrat<\/a> und dem <a href=\"https:\/\/www.dfh-ufa.org\/organe\/praesidium\/?noredirect=de_DE\">Pr\u00e4sidium<\/a> ein Organ der Deutsch-Franz\u00f6sischen Hochschule. Die Versammlung der Mitgliedshochschulen besteht aus je einem Vertreter der Mitgliedshochschulen.<br \/>\nDie Versammlung der Mitgliedshochschulen ernennt ihre Vertreter im Hochschulrat und w\u00e4hlt auf Vorschlag des Hochschulrats den\/die Pr\u00e4sident\/in und Vizepr\u00e4sidenten\/in. Sie nimmt den j\u00e4hrlichen T\u00e4tigkeitsbericht des Pr\u00e4sidenten entgegen.<br \/>\nDie Versammlung der Mitgliedshochschulen kann dem Hochschulrat Vorschl\u00e4ge zu Hochschul- und Forschungsangelegenheiten unterbreiten.<\/p>\n<div class=\"button \" style=\"\"><a class=\"button primary\" href=\"https:\/\/www.dfh-ufa.org\/die-dfh\/die-dfh-im-ueberblick\/netzwerk\/\" target=\"_self\">Hier k\u00f6nnen Sie die Partner- und Mitgliedshochschulen des DFH-Netzwerks einsehen<\/a><\/div>\n<\/div>\n<\/div><\/div><div id=\"panel-796-0-0-1\" class=\"so-panel widget widget_media_image\" data-index=\"1\" ><img width=\"950\" height=\"672\" src=\"https:\/\/www.dfh-ufa.org\/app\/uploads\/2020\/12\/MV-scaled-1024x724.jpg\" class=\"image wp-image-532117  attachment-950x672 size-950x672\" alt=\"\" decoding=\"async\" loading=\"lazy\" style=\"max-width: 100%; height: auto;\" srcset=\"https:\/\/www.dfh-ufa.org\/app\/uploads\/2020\/12\/MV-scaled-1024x724.jpg 1024w, https:\/\/www.dfh-ufa.org\/app\/uploads\/2020\/12\/MV-scaled-250x177.jpg 250w, https:\/\/www.dfh-ufa.org\/app\/uploads\/2020\/12\/MV-scaled-768x543.jpg 768w, https:\/\/www.dfh-ufa.org\/app\/uploads\/2020\/12\/MV-scaled-1536x1086.jpg 1536w, https:\/\/www.dfh-ufa.org\/app\/uploads\/2020\/12\/MV-scaled-2048x1448.jpg 2048w\" sizes=\"(max-width: 950px) 100vw, 950px\" \/><\/div><div id=\"panel-796-0-0-2\" class=\"so-panel widget widget_sow-editor\" data-index=\"2\" ><div class=\"so-widget-sow-editor so-widget-sow-editor-base\">\n<div class=\"siteorigin-widget-tinymce textwidget\">\n\t<p>&nbsp;<\/p>\n<p><strong>Das Programm der Versammlung 2020 k\u00f6nnen Sie <a href=\"https:\/\/www.dfh-ufa.org\/aktuelles\/news\/mv2020\" target=\"_blank\" rel=\"noopener noreferrer\">hier<\/a> einsehen.<\/strong><\/p>\n<p><strong>Der Tagungsreader sowie die Reden zur Versammlung der Mitgliedshochschulen 2019 in Hamburg k\u00f6nnen <a href=\"https:\/\/www.dfh-ufa.org\/aktuelles\/news\/pbt-und-mv-hamburg-2019\/\">hier<\/a> eingesehen werden.<\/strong><\/p>\n<p>&nbsp;<\/p>\n<\/div>\n<\/div><\/div><div id=\"panel-796-0-0-3\" class=\"so-panel widget widget_accordion panel-last-child\" data-index=\"3\" >        <div class=\"accordion\" data-collapse=\"1\">\n\n\t\t\t\t\t\t\t\t\t\t\t\t                    <div class=\"accordion__item\" id=\"69d0cc22c976d\">\n\n\t\t\t\t\t\t                            <header class=\"accordion__header\">\n                                <h2 class=\"accordion__title\">Kriterien f\u00fcr die Mitgliedschaft in der DFH<\/h2>\n                            <\/header>\n\t\t\t\t\t\t\n\t\t\t\t\t\t                            <div class=\"accordion__content\">\n\t\t\t\t\t\t\t\t<ol>\n<li>Der Antrag auf Mitgliedschaft in der Deutsch-Franz\u00f6sischen Hochschule (DFH) wird von einer deutschen bzw. franz\u00f6sischen Partnerhochschule gestellt. Diese tritt der DFH f\u00fcr die Durchf\u00fchrung\u00a0 von deutsch-franz\u00f6sischen Kooperationsprogrammen in den Bereichen Lehre, Forschung oder F\u00f6rderung des\u00a0 wissenschaftlichen Nachwuchses bei. Mit der Antragsstellung erkl\u00e4rt die Hochschule ihre Bereitschaft, die Ziele und die weitere Entwicklung der DFH zu unterst\u00fctzen.<\/li>\n<li>Die Aufnahme als Mitglied der DFH setzt mindestens einen von der DFH gef\u00f6rderten deutsch-franz\u00f6sischen Studiengang oder ein Deutsch-Franz\u00f6sisches Doktorandenkolleg voraus. Die Entscheidung \u00fcber eine F\u00f6rderung sowie die \u00dcberpr\u00fcfung der dauerhaften Erf\u00fcllung der Kriterien erfolgen im Rahmen der Evaluierung durch den Wissenschaftlichen Beirat und den Hochschulrat und richten sich nach den in der Evaluationscharta aufgef\u00fchrten Qualit\u00e4tsstandards.<\/li>\n<li>\u00dcber die Aufnahme als Mitgliedshochschule entscheidet der Hochschulrat. Der Antrag auf Mitgliedschaft ist an den Pr\u00e4sidenten der DFH zu richten.<\/li>\n<li>Die Mitgliedschaft ist an die Durchf\u00fchrung eines Programms gebunden. F\u00e4llt diese Voraussetzung z.B. durch negative Evaluierung weg, erlischt die Mitgliedschaft zum n\u00e4chstm\u00f6glichen Zeitpunkt.<\/li>\n<li>Verh\u00e4lt sich eine Mitgliedshochschule netzwerksch\u00e4digend, kann der Hochschulrat den Ausschluss beschlie\u00dfen.<\/li>\n<li>Jede Mitgliedshochschule hat Sitz und Stimme in der Mitgliederversammlung der DFH.<\/li>\n<\/ol>\n                            <\/div>\n\t\t\t\t\t\t\n\t\t\t\t\t\t\n                    <\/div><!-- .accordion -->\n\n\t\t\t\t\n\t\t\t\t\t\t\t\n        <\/div><!-- .accordion -->\n\n\t\t<\/div><\/div><\/div><\/div>","protected":false},"excerpt":{"rendered":"<p>Mit der Aufnahme als Mitglied in die DFH erhalten die Hochschulen Stimmrecht in der Versammlung der Mitgliedshochschulen. Diese ist neben dem Hochschulrat und dem Pr\u00e4sidium ein Organ der Deutsch-Franz\u00f6sischen Hochschule. Die Versammlung der Mitgliedshochschulen besteht aus je einem Vertreter der Mitgliedshochschulen. Die Versammlung der Mitgliedshochschulen ernennt ihre Vertreter im Hochschulrat und w\u00e4hlt auf Vorschlag des [&hellip;]<\/p>\n","protected":false},"author":1,"featured_media":0,"parent":793,"menu_order":614,"comment_status":"closed","ping_status":"closed","template":"","meta":{"_bbp_topic_count":0,"_bbp_reply_count":0,"_bbp_total_topic_count":0,"_bbp_total_reply_count":0,"_bbp_voice_count":0,"_bbp_anonymous_reply_count":0,"_bbp_topic_count_hidden":0,"_bbp_reply_count_hidden":0,"_bbp_forum_subforum_count":0,"inline_featured_image":false},"acf":[],"_links":{"self":[{"href":"https:\/\/www.dfh-ufa.org\/en\/wp-json\/wp\/v2\/pages\/796"}],"collection":[{"href":"https:\/\/www.dfh-ufa.org\/en\/wp-json\/wp\/v2\/pages"}],"about":[{"href":"https:\/\/www.dfh-ufa.org\/en\/wp-json\/wp\/v2\/types\/page"}],"author":[{"embeddable":true,"href":"https:\/\/www.dfh-ufa.org\/en\/wp-json\/wp\/v2\/users\/1"}],"replies":[{"embeddable":true,"href":"https:\/\/www.dfh-ufa.org\/en\/wp-json\/wp\/v2\/comments?post=796"}],"version-history":[{"count":73,"href":"https:\/\/www.dfh-ufa.org\/en\/wp-json\/wp\/v2\/pages\/796\/revisions"}],"predecessor-version":[{"id":532119,"href":"https:\/\/www.dfh-ufa.org\/en\/wp-json\/wp\/v2\/pages\/796\/revisions\/532119"}],"up":[{"embeddable":true,"href":"https:\/\/www.dfh-ufa.org\/en\/wp-json\/wp\/v2\/pages\/793"}],"wp:attachment":[{"href":"https:\/\/www.dfh-ufa.org\/en\/wp-json\/wp\/v2\/media?parent=796"}],"curies":[{"name":"wp","href":"https:\/\/api.w.org\/{rel}","templated":true}]}}