{"id":798,"date":"2018-04-24T09:03:14","date_gmt":"2018-04-24T07:03:14","guid":{"rendered":"https:\/\/www.dfh-ufa.org\/die-dfh\/die-dfh-im-ueberblick\/organisationsstruktur\/gremien\/wissenschaftlicher-beirat\/"},"modified":"2025-03-19T09:31:29","modified_gmt":"2025-03-19T08:31:29","slug":"wissenschaftlicher-beirat","status":"publish","type":"page","link":"https:\/\/www.dfh-ufa.org\/en\/the-fgu\/what-is-the-fgu\/organisational-structure\/gremien\/wissenschaftlicher-beirat","title":{"rendered":"Wissenschaftlicher Beirat"},"content":{"rendered":"<div id=\"pl-798\"  class=\"panel-layout\" ><div id=\"pg-798-0\"  class=\"panel-grid panel-no-style\" ><div id=\"pgc-798-0-0\"  class=\"panel-grid-cell\" ><div id=\"panel-798-0-0-0\" class=\"so-panel widget widget_sow-editor panel-first-child panel-last-child\" data-index=\"0\" ><div class=\"so-widget-sow-editor so-widget-sow-editor-base\">\n<div class=\"siteorigin-widget-tinymce textwidget\">\n\t<p><!-- wp:image --><\/p>\n<figure class=\"wp-block-image\"><\/figure>\n<p><!-- \/wp:image --><\/p>\n<p><!-- wp:paragraph --><\/p>\n<div class=\"csc-textpic-text\">\n<div id=\"c30349\" class=\"csc-default align-left\">\n<p>Der Wissenschaftliche Beirat wird gem\u00e4\u00df den Bestimmungen des Weimarer Abkommens vom <a href=\"https:\/\/www.dfh-ufa.org\/die-dfh\/die-dfh-im-ueberblick\/organisationsstruktur\/organe\/hochschulrat\/\">Hochschulrat<\/a> der Deutsch-Franz\u00f6sischen Hochschule eingesetzt. Er setzt sich derzeit aus insgesamt 20 Wissenschaftlern deutscher und franz\u00f6sischer Hochschulen zusammen, die sich zwei Mal im Jahr versammeln.<\/p>\n<p>Die Rolle des Wissenschaftlichen Beirats besteht darin, die Organe der DFH in allen Fragen der Forschung und der Lehre zu beraten. Eine seiner Hauptaufgaben ist ebenfalls die wissenschaftliche Begleitung des Evaluationsverfahrens der DFH.<\/p>\n<p>Nachfolgend finden Sie die Namen der Beiratsmitglieder 2021-2024.<\/p>\n<p>&nbsp;<\/p>\n<\/div>\n<\/div>\n<p><!-- \/wp:paragraph --><\/p>\n<\/div>\n<\/div><\/div><\/div><\/div><div id=\"pg-798-1\"  class=\"panel-grid panel-no-style\" ><div id=\"pgc-798-1-0\"  class=\"panel-grid-cell\" ><div id=\"panel-798-1-0-0\" class=\"so-panel widget widget_sow-editor panel-first-child panel-last-child\" data-index=\"1\" ><div class=\"so-widget-sow-editor so-widget-sow-editor-base\"><h2 class=\"widget-title\">Mitglieder<\/h2>\n<div class=\"siteorigin-widget-tinymce textwidget\">\n\t<\/div>\n<\/div><\/div><\/div><\/div><div id=\"pg-798-2\"  class=\"panel-grid panel-no-style\" ><div id=\"pgc-798-2-0\"  class=\"panel-grid-cell\" ><div id=\"panel-798-2-0-0\" class=\"so-panel widget widget_accordion panel-first-child\" data-index=\"2\" >        <div class=\"accordion\" data-collapse=\"1\">\n\n\t\t\t\t\t\t\t\t\t\t\t\t                    <div class=\"accordion__item\" id=\"69d28eb1efde7\">\n\n\t\t\t\t\t\t                            <header class=\"accordion__header\">\n                                <h2 class=\"accordion__title\">Mitglieder deutscher Hochschulen<\/h2>\n                            <\/header>\n\t\t\t\t\t\t\n\t\t\t\t\t\t                            <div class=\"accordion__content\">\n\t\t\t\t\t\t\t\t<table class=\"contenttable contenttable-0 table\">\n<tbody>\n<tr class=\"tr-odd tr-1\">\n<th id=\"row36635-1\" class=\"td-0\" scope=\"row\">1.<\/th>\n<td class=\"td-1\" headers=\"row36635-1\"><strong>Prof. Dr. Reinhard Brocks<br \/>\n<\/strong><\/td>\n<td class=\"td-2\" headers=\"row36635-1\">htw saar<\/td>\n<td class=\"td-last td-3\" headers=\"row36635-1\">Ingenieur- und Naturwissenschaften<\/td>\n<\/tr>\n<tr class=\"tr-even tr-2\">\n<th id=\"row36635-2\" class=\"td-0\" scope=\"row\">2.<\/th>\n<td class=\"td-1\" headers=\"row36635-2\"><strong>Prof. Dr. Philippe Depreux <\/strong><\/td>\n<td class=\"td-2\" headers=\"row36635-2\">U Hamburg<\/td>\n<td class=\"td-last td-3\" headers=\"row36635-2\">Geistes- und Sozialwissenschaften<\/td>\n<\/tr>\n<tr class=\"tr-odd tr-3\">\n<th id=\"row36635-3\" class=\"td-0\" scope=\"row\">3.<\/th>\n<td class=\"td-1\" headers=\"row36635-3\"><strong>Prof. Dr. V\u00e9ronique Goehlich<br \/>\n<\/strong><\/td>\n<td class=\"td-2\" headers=\"row36635-3\">HS Pforzheim<\/td>\n<td class=\"td-last td-3\" headers=\"row36635-3\">Wirtschaftswissenschaften und Jura<\/td>\n<\/tr>\n<tr class=\"tr-even tr-4\">\n<th id=\"row36635-4\" class=\"td-0\" scope=\"row\">4.<\/th>\n<td class=\"td-1\" headers=\"row36635-4\"><strong>Prof. Dr. Johannes Henn <\/strong><\/td>\n<td class=\"td-2\" headers=\"row36635-4\">MPI f\u00fcr Physik - Werner-Heisenberg-Institut<\/td>\n<td class=\"td-last td-3\" headers=\"row36635-4\">Ingenieur- und Naturwissenschaften<\/td>\n<\/tr>\n<tr class=\"tr-odd tr-5\">\n<th id=\"row36635-5\" class=\"td-0\" scope=\"row\">5.<\/th>\n<td class=\"td-1\" headers=\"row36635-5\"><strong>Prof. Dr. Andrea von H\u00fclsen-Esch<\/strong><\/td>\n<td class=\"td-2\" headers=\"row36635-5\">HHU D\u00fcsseldorf<\/td>\n<td class=\"td-last td-3\" headers=\"row36635-5\">Geistes- und Sozialwissenschaften<\/td>\n<\/tr>\n<tr class=\"tr-even tr-6\">\n<th id=\"row36635-6\" class=\"td-0\" scope=\"row\">6.<\/th>\n<td class=\"td-1\" headers=\"row36635-6\"><strong>Prof. Dr. Ulf Nestler<br \/>\n<\/strong><\/td>\n<td class=\"td-2\" headers=\"row36635-6\">U Leipzig<\/td>\n<td class=\"td-last td-3\" headers=\"row36635-6\">Ingenieur- und Naturwissenschaften<\/td>\n<\/tr>\n<tr class=\"tr-odd tr-7\">\n<th id=\"row36635-7\" class=\"td-0\" scope=\"row\">7.<\/th>\n<td class=\"td-1\" headers=\"row36635-7\"><strong>Prof. Dr. Sylvie Roelly<br \/>\n<\/strong><\/td>\n<td class=\"td-2\" headers=\"row36635-7\">U Potsdam<\/td>\n<td class=\"td-last td-3\" headers=\"row36635-7\">Ingenieur- und Naturwissenschaften<\/td>\n<\/tr>\n<tr>\n<th>8.<\/th>\n<td><strong>Prof. Dr. Lothar Schilling<br \/>\n<\/strong><\/td>\n<td>U Augsburg<\/td>\n<td>Geistes- und Sozialwissenschaften<\/td>\n<\/tr>\n<tr class=\"tr-even tr-8\">\n<th id=\"row36635-8\" class=\"td-0\" scope=\"row\">9.<\/th>\n<td class=\"td-1\" headers=\"row36635-8\"><strong>Prof. Dr. Ulrich Stelkens<br \/>\n<\/strong><\/td>\n<td class=\"td-2\" headers=\"row36635-8\">DUV Speyer<\/td>\n<td class=\"td-last td-3\" headers=\"row36635-8\">Wirtschaftswissenschaften und Jura<\/td>\n<\/tr>\n<tr class=\"tr-odd tr-last\">\n<th id=\"row36635-9\" class=\"td-0\" scope=\"row\">10.<\/th>\n<td class=\"td-1\" headers=\"row36635-9\"><strong>Prof. Dr. Udo Thelen<br \/>\n<\/strong><\/td>\n<td class=\"td-2\" headers=\"row36635-9\">Europ. Fernhochschule Hamburg<\/td>\n<td class=\"td-last td-3\" headers=\"row36635-9\">Wirtschaftswissenschaften und Jura<\/td>\n<\/tr>\n<\/tbody>\n<\/table>\n                            <\/div>\n\t\t\t\t\t\t\n\t\t\t\t\t\t\n                    <\/div><!-- .accordion -->\n\n\t\t\t\t\n\t\t\t\t\t\t\t\n        <\/div><!-- .accordion -->\n\n\t\t<\/div><div id=\"panel-798-2-0-1\" class=\"so-panel widget widget_accordion panel-last-child\" data-index=\"3\" >        <div class=\"accordion\" data-collapse=\"1\">\n\n\t\t\t\t\t\t\t\t\t\t\t\t                    <div class=\"accordion__item\" id=\"69d28eb1efea5\">\n\n\t\t\t\t\t\t                            <header class=\"accordion__header\">\n                                <h2 class=\"accordion__title\">Mitglieder franz\u00f6sischer Hochschulen<\/h2>\n                            <\/header>\n\t\t\t\t\t\t\n\t\t\t\t\t\t                            <div class=\"accordion__content\">\n\t\t\t\t\t\t\t\t<table class=\"contenttable contenttable-0 table\">\n<tbody>\n<tr class=\"tr-even tr-0\">\n<th id=\"row36637-0\" class=\"td-0\" scope=\"row\">1.<\/th>\n<td class=\"td-1\" headers=\"row36637-0\"><strong>Prof. Dr. Nicole Colin-Umlauf<\/strong><\/td>\n<td class=\"td-2\" headers=\"row36637-0\">U Aix-Marseille<\/td>\n<td class=\"td-last td-3\" headers=\"row36637-0\">Geistes- und Sozialwissenschaften<\/td>\n<\/tr>\n<tr class=\"tr-odd tr-1\">\n<th id=\"row36637-1\" class=\"td-0\" scope=\"row\">2.<\/th>\n<td class=\"td-1\" headers=\"row36637-1\"><strong>Prof. Dr. Pascal Dubourg Glatigny<br \/>\n<\/strong><\/td>\n<td class=\"td-2\" headers=\"row36637-1\">EHESS<\/td>\n<td class=\"td-last td-3\" headers=\"row36637-1\">Geistes- und Sozialwissenschaften<\/td>\n<\/tr>\n<tr class=\"tr-even tr-2\">\n<th id=\"row36637-2\" class=\"td-0\" scope=\"row\">3.<\/th>\n<td class=\"td-1\" headers=\"row36637-2\"><strong>Prof. Dr. Laurent Guih\u00e9ry<br \/>\n<\/strong><\/td>\n<td class=\"td-2\" headers=\"row36637-2\">CY Cergy Paris<\/td>\n<td class=\"td-last td-3\" headers=\"row36637-2\">Wirtschaftswissenschaften und Jura<\/td>\n<\/tr>\n<tr class=\"tr-odd tr-3\">\n<th id=\"row36637-3\" class=\"td-0\" scope=\"row\">4.<\/th>\n<td class=\"td-1\" headers=\"row36637-3\"><strong>Prof. Dr. Catherine Haguenau-Moizard<\/strong><\/td>\n<td class=\"td-2\" headers=\"row36637-3\">U Strasbourg<\/td>\n<td class=\"td-last td-3\" headers=\"row36637-3\">Wirtschaftswissenschaften und Jura<\/td>\n<\/tr>\n<tr class=\"tr-even tr-4\">\n<th id=\"row36637-4\" class=\"td-0\" scope=\"row\">5.<\/th>\n<td class=\"td-1\" headers=\"row36637-4\"><strong>Prof. Dr. Anne Jacquement-Gauch\u00e9<br \/>\n<\/strong><\/td>\n<td class=\"td-2\" headers=\"row36637-4\">U Clermont Auvergne<\/td>\n<td class=\"td-last td-3\" headers=\"row36637-4\">Wirtschaftswissenschaften und Jura<\/td>\n<\/tr>\n<tr class=\"tr-odd tr-5\">\n<th id=\"row36637-5\" class=\"td-0\" scope=\"row\">6.<\/th>\n<td class=\"td-1\" headers=\"row36637-5\"><strong>Prof. Dr. Benjamin Katryniok<br \/>\n<\/strong><\/td>\n<td class=\"td-2\" headers=\"row36637-5\">EC Lille<\/td>\n<td class=\"td-last td-3\" headers=\"row36637-5\">Ingenieur- und Naturwissenschaften<\/td>\n<\/tr>\n<tr class=\"tr-even tr-6\">\n<th id=\"row36637-6\" class=\"td-0\" scope=\"row\">7.<\/th>\n<td class=\"td-1\" headers=\"row36637-6\"><strong>Prof. Dr. Guy Le Thiec<br \/>\n<\/strong><\/td>\n<td class=\"td-2\" headers=\"row36637-6\">U Aix-Marseille<\/td>\n<td class=\"td-last td-3\" headers=\"row36637-6\">Geistes- und Sozialwissenschaften<\/td>\n<\/tr>\n<tr class=\"tr-odd tr-7\">\n<th id=\"row36637-7\" class=\"td-0\" scope=\"row\">8.<\/th>\n<td class=\"td-1\" headers=\"row36637-7\"><strong>Prof. Dr. J\u00fcrgen Ritte<br \/>\n<\/strong><\/td>\n<td class=\"td-2\" headers=\"row36637-7\">U Paris Sorbonne Nouvelle<\/td>\n<td class=\"td-last td-3\" headers=\"row36637-7\">Geistes- und Sozialwissenschaften<\/td>\n<\/tr>\n<tr class=\"tr-even tr-8\">\n<th id=\"row36637-8\" class=\"td-0\" scope=\"row\">9.<\/th>\n<td class=\"td-1\" headers=\"row36637-8\"><strong>Prof. Dr. St\u00e9phanie Rohlfing-Dijoux<br \/>\n<\/strong><\/td>\n<td class=\"td-2\" headers=\"row36637-8\">U Paris Nanterre<\/td>\n<td class=\"td-last td-3\" headers=\"row36637-8\">Wirtschaftswissenschaften und Jura<\/td>\n<\/tr>\n<tr class=\"tr-odd tr-last\">\n<th id=\"row36637-9\" class=\"td-0\" scope=\"row\">10.<\/th>\n<td class=\"td-1\" headers=\"row36637-9\"><strong>Prof. Dr. Denis Spitzer<br \/>\n<\/strong><\/td>\n<td class=\"td-2\" headers=\"row36637-9\">U Strasbourg<\/td>\n<td class=\"td-last td-3\" headers=\"row36637-9\">Ingenieur- und Naturwissenschaften<\/td>\n<\/tr>\n<\/tbody>\n<\/table>\n                            <\/div>\n\t\t\t\t\t\t\n\t\t\t\t\t\t\n                    <\/div><!-- .accordion -->\n\n\t\t\t\t\n\t\t\t\t\t\t\t\n        <\/div><!-- .accordion -->\n\n\t\t<\/div><\/div><\/div><div id=\"pg-798-3\"  class=\"panel-grid panel-no-style\" ><div id=\"pgc-798-3-0\"  class=\"panel-grid-cell panel-grid-cell-empty\" ><\/div><\/div><\/div>","protected":false},"excerpt":{"rendered":"<p>Der Wissenschaftliche Beirat wird gem\u00e4\u00df den Bestimmungen des Weimarer Abkommens vom Hochschulrat der Deutsch-Franz\u00f6sischen Hochschule eingesetzt. Er setzt sich derzeit aus insgesamt 20 Wissenschaftlern deutscher und franz\u00f6sischer Hochschulen zusammen, die sich zwei Mal im Jahr versammeln. Die Rolle des Wissenschaftlichen Beirats besteht darin, die Organe der DFH in allen Fragen der Forschung und der Lehre [&hellip;]<\/p>\n","protected":false},"author":1,"featured_media":0,"parent":797,"menu_order":639,"comment_status":"closed","ping_status":"closed","template":"","meta":{"_bbp_topic_count":0,"_bbp_reply_count":0,"_bbp_total_topic_count":0,"_bbp_total_reply_count":0,"_bbp_voice_count":0,"_bbp_anonymous_reply_count":0,"_bbp_topic_count_hidden":0,"_bbp_reply_count_hidden":0,"_bbp_forum_subforum_count":0,"inline_featured_image":false},"acf":[],"_links":{"self":[{"href":"https:\/\/www.dfh-ufa.org\/en\/wp-json\/wp\/v2\/pages\/798"}],"collection":[{"href":"https:\/\/www.dfh-ufa.org\/en\/wp-json\/wp\/v2\/pages"}],"about":[{"href":"https:\/\/www.dfh-ufa.org\/en\/wp-json\/wp\/v2\/types\/page"}],"author":[{"embeddable":true,"href":"https:\/\/www.dfh-ufa.org\/en\/wp-json\/wp\/v2\/users\/1"}],"replies":[{"embeddable":true,"href":"https:\/\/www.dfh-ufa.org\/en\/wp-json\/wp\/v2\/comments?post=798"}],"version-history":[{"count":62,"href":"https:\/\/www.dfh-ufa.org\/en\/wp-json\/wp\/v2\/pages\/798\/revisions"}],"predecessor-version":[{"id":568528,"href":"https:\/\/www.dfh-ufa.org\/en\/wp-json\/wp\/v2\/pages\/798\/revisions\/568528"}],"up":[{"embeddable":true,"href":"https:\/\/www.dfh-ufa.org\/en\/wp-json\/wp\/v2\/pages\/797"}],"wp:attachment":[{"href":"https:\/\/www.dfh-ufa.org\/en\/wp-json\/wp\/v2\/media?parent=798"}],"curies":[{"name":"wp","href":"https:\/\/api.w.org\/{rel}","templated":true}]}}