{"id":802,"date":"2018-04-24T09:03:14","date_gmt":"2018-04-24T07:03:14","guid":{"rendered":"https:\/\/www.dfh-ufa.org\/die-dfh\/das-team-der-dfh\/"},"modified":"2025-02-18T15:22:12","modified_gmt":"2025-02-18T14:22:12","slug":"das-team-der-dfh","status":"publish","type":"page","link":"https:\/\/www.dfh-ufa.org\/en\/the-fgu\/das-team-der-dfh","title":{"rendered":"Das Team der DFH"},"content":{"rendered":"<div id=\"pl-802\"  class=\"panel-layout\" ><div id=\"pg-802-0\"  class=\"panel-grid panel-no-style\" ><div id=\"pgc-802-0-0\"  class=\"panel-grid-cell\" ><div id=\"panel-802-0-0-0\" class=\"so-panel widget widget_sow-editor panel-first-child panel-last-child\" data-index=\"0\" ><div class=\"so-widget-sow-editor so-widget-sow-editor-base\">\n<div class=\"siteorigin-widget-tinymce textwidget\">\n\t<h4><img decoding=\"async\" loading=\"lazy\" class=\"size-medium wp-image-8929 alignleft\" src=\"https:\/\/www.dfh-ufa.org\/app\/uploads\/2018\/07\/teamseite_foto-min-300x199.jpg\" alt=\"\" width=\"300\" height=\"199\" srcset=\"https:\/\/www.dfh-ufa.org\/app\/uploads\/2018\/07\/teamseite_foto-min-300x199.jpg 300w, https:\/\/www.dfh-ufa.org\/app\/uploads\/2018\/07\/teamseite_foto-min-768x510.jpg 768w, https:\/\/www.dfh-ufa.org\/app\/uploads\/2018\/07\/teamseite_foto-min-1024x680.jpg 1024w\" sizes=\"(max-width: 300px) 100vw, 300px\" \/><\/h4>\n<h4>Die Aktivit\u00e4ten und Programme der Deutsch-Franz\u00f6sischen Hochschule werden von einem Sekretariat unterst\u00fctzt, das seinen Sitz in Saarbr\u00fccken hat:<\/h4>\n<h4>Z\u00f6gern Sie nicht,\u00a0 Ihre Fragen an die jeweils zust\u00e4ndigen Mitarbeiterinnen und Mitarbeiter der DFH pers\u00f6nlich zu richten!<\/h4>\n<\/div>\n<\/div><\/div><\/div><\/div><\/div>","protected":false},"excerpt":{"rendered":"<p>Die Aktivit\u00e4ten und Programme der Deutsch-Franz\u00f6sischen Hochschule werden von einem Sekretariat unterst\u00fctzt, das seinen Sitz in Saarbr\u00fccken hat: Z\u00f6gern Sie nicht,\u00a0 Ihre Fragen an die jeweils zust\u00e4ndigen Mitarbeiterinnen und Mitarbeiter der DFH pers\u00f6nlich zu richten!<\/p>\n","protected":false},"author":1,"featured_media":7007,"parent":788,"menu_order":676,"comment_status":"closed","ping_status":"closed","template":"templates\/tpl.no-headline.php","meta":{"_bbp_topic_count":0,"_bbp_reply_count":0,"_bbp_total_topic_count":0,"_bbp_total_reply_count":0,"_bbp_voice_count":0,"_bbp_anonymous_reply_count":0,"_bbp_topic_count_hidden":0,"_bbp_reply_count_hidden":0,"_bbp_forum_subforum_count":0,"inline_featured_image":false},"acf":[],"_links":{"self":[{"href":"https:\/\/www.dfh-ufa.org\/en\/wp-json\/wp\/v2\/pages\/802"}],"collection":[{"href":"https:\/\/www.dfh-ufa.org\/en\/wp-json\/wp\/v2\/pages"}],"about":[{"href":"https:\/\/www.dfh-ufa.org\/en\/wp-json\/wp\/v2\/types\/page"}],"author":[{"embeddable":true,"href":"https:\/\/www.dfh-ufa.org\/en\/wp-json\/wp\/v2\/users\/1"}],"replies":[{"embeddable":true,"href":"https:\/\/www.dfh-ufa.org\/en\/wp-json\/wp\/v2\/comments?post=802"}],"version-history":[{"count":29,"href":"https:\/\/www.dfh-ufa.org\/en\/wp-json\/wp\/v2\/pages\/802\/revisions"}],"predecessor-version":[{"id":571968,"href":"https:\/\/www.dfh-ufa.org\/en\/wp-json\/wp\/v2\/pages\/802\/revisions\/571968"}],"up":[{"embeddable":true,"href":"https:\/\/www.dfh-ufa.org\/en\/wp-json\/wp\/v2\/pages\/788"}],"wp:featuredmedia":[{"embeddable":true,"href":"https:\/\/www.dfh-ufa.org\/en\/wp-json\/wp\/v2\/media\/7007"}],"wp:attachment":[{"href":"https:\/\/www.dfh-ufa.org\/en\/wp-json\/wp\/v2\/media?parent=802"}],"curies":[{"name":"wp","href":"https:\/\/api.w.org\/{rel}","templated":true}]}}