{"id":803,"date":"2018-04-24T09:03:14","date_gmt":"2018-04-24T07:03:14","guid":{"rendered":"https:\/\/www.dfh-ufa.org\/die-dfh\/das-team-der-dfh\/hochschulleitung\/"},"modified":"2025-09-15T15:41:12","modified_gmt":"2025-09-15T13:41:12","slug":"hochschulleitung-2","status":"publish","type":"page","link":"https:\/\/www.dfh-ufa.org\/en\/the-fgu\/das-team-der-dfh\/hochschulleitung-2","title":{"rendered":"Hochschulleitung"},"content":{"rendered":"<h2>Organigramm<\/h2>\n<div class=\"tmm tmm_university-administration tmm-floating-pic\"><div class=\"tmm_2_columns tmm_wrap tmm_plugin_f\"><span class=\"tmm_two_containers_tablet\"><\/span><div class=\"tmm_container tmm-equalizer\"><div class=\"tmm_member tmm_plugin_f\" style=\"border-top:#009cdd solid 5px;\"><div class=\" tmm_photo tmm_pic_university-administration_0\" style=\"background: url(https:\/\/www.dfh-ufa.org\/app\/uploads\/2026\/01\/team_greciano.jpg); margin-left: auto; margin-right:auto; background-size:cover !important;\"><\/div><div class=\"tmm_textblock\"><div class=\"tmm_names\"><span class=\"tmm_fname\">Prof. Dr. Philippe<\/span> <span class=\"tmm_lname\">Gr\u00e9ciano<\/span><\/div><div class=\"tmm_job\">Vizepr\u00e4sident<\/div><div class=\"tmm_desc\" style=\"text-align:\">+49 681 9 38 12 \u2013 101<\/div><div class=\"tmm_scblock\"><a class=\"tmm_sociallink\" href=\"tel:+49 681 9 38 12 \u2013 101\" title=\"phone\"><img alt=\"phone\" src=\"https:\/\/www.dfh-ufa.org\/app\/plugins\/team-members-pro\/inc\/img\/links\/phone.png\"\/><\/a><a class=\"tmm_sociallink\" href=\"mailto:greciano@dfh-ufa.org\" title=\"email\"><img alt=\"email\" src=\"https:\/\/www.dfh-ufa.org\/app\/plugins\/team-members-pro\/inc\/img\/links\/email.png\"\/><\/a><a target=\"_blank\" class=\"tmm_sociallink\" href=\"https:\/\/www.dfh-ufa.org\/die-dfh\/das-team-der-dfh\/hochschulleitung\/curriculum-vitae-praesident-2?noredirect=de_DE\" title=\"Curriculum vitae\"><img alt=\"Curriculum vitae\" src=\"https:\/\/www.dfh-ufa.org\/app\/plugins\/team-members-pro\/inc\/img\/links\/website.png\"\/><\/a><\/div><\/div><\/div><div class=\"tmm_member tmm_plugin_f\" style=\"border-top:#009cdd solid 5px;\"><div class=\" tmm_photo tmm_pic_university-administration_1\" style=\"background: url(https:\/\/www.dfh-ufa.org\/app\/uploads\/2026\/01\/team_huelsen_esch.jpg); margin-left: auto; margin-right:auto; background-size:cover !important;\"><\/div><div class=\"tmm_textblock\"><div class=\"tmm_names\"><span class=\"tmm_fname\">Prof. Dr. Andrea<\/span> <span class=\"tmm_lname\">von H\u00fclsen-Esch<\/span><\/div><div class=\"tmm_job\">Vizepr\u00e4sidentin<\/div><div class=\"tmm_desc\" style=\"text-align:\">+49 681 9 38 12 \u2013 102<\/div><div class=\"tmm_scblock\"><a class=\"tmm_sociallink\" href=\"tel:+49 681 9 38 12 \u2013 102\" title=\"phone\"><img alt=\"phone\" src=\"https:\/\/www.dfh-ufa.org\/app\/plugins\/team-members-pro\/inc\/img\/links\/phone.png\"\/><\/a><a class=\"tmm_sociallink\" href=\"mailto:huelsen-esch@dfh-ufa.org\" title=\"email\"><img alt=\"email\" src=\"https:\/\/www.dfh-ufa.org\/app\/plugins\/team-members-pro\/inc\/img\/links\/email.png\"\/><\/a><a target=\"_blank\" class=\"tmm_sociallink\" href=\"https:\/\/www.dfh-ufa.org\/en\/the-fgu\/das-team-der-dfh\/hochschulleitung-2\/curriculum-vitae-vize-praesidentin\" title=\"Curriculum vitae\"><img alt=\"Curriculum vitae\" src=\"https:\/\/www.dfh-ufa.org\/app\/plugins\/team-members-pro\/inc\/img\/links\/website.png\"\/><\/a><\/div><\/div><\/div><span class=\"tmm_two_containers_tablet\"><\/span><\/div><span class=\"tmm_columns_containers_desktop\"><\/span><div class=\"tmm_container tmm-equalizer\"><div class=\"tmm_member tmm_plugin_f\" style=\"border-top:#009cdd solid 5px;\"><div class=\" tmm_photo tmm_pic_university-administration_2\" style=\"background: url(https:\/\/www.dfh-ufa.org\/app\/uploads\/2025\/03\/Team_2025_Udo_Thelen.png); margin-left: auto; margin-right:auto; background-size:cover !important;\"><\/div><div class=\"tmm_textblock\"><div class=\"tmm_names\"><span class=\"tmm_fname\">Dr. Udo<\/span> <span class=\"tmm_lname\">Thelen<\/span><\/div><div class=\"tmm_job\">Generalsekret\u00e4r<\/div><div class=\"tmm_desc\" style=\"text-align:\">+49 681 9 38 12 \u2013 103<\/div><div class=\"tmm_scblock\"><a class=\"tmm_sociallink\" href=\"tel:+49 681 9 38 12 \u2013 103\" title=\"phone\"><img alt=\"phone\" src=\"https:\/\/www.dfh-ufa.org\/app\/plugins\/team-members-pro\/inc\/img\/links\/phone.png\"\/><\/a><a class=\"tmm_sociallink\" href=\"mailto:thelen@dfh-ufa.org\" title=\"email\"><img alt=\"email\" src=\"https:\/\/www.dfh-ufa.org\/app\/plugins\/team-members-pro\/inc\/img\/links\/email.png\"\/><\/a><a target=\"_blank\" class=\"tmm_sociallink\" href=\"https:\/\/www.dfh-ufa.org\/die-dfh\/hochschulleitung\/curriculum-vitae-generalsekretaer?noredirect=de_DE\" title=\"Curriculum vitae\"><img alt=\"Curriculum vitae\" src=\"https:\/\/www.dfh-ufa.org\/app\/plugins\/team-members-pro\/inc\/img\/links\/website.png\"\/><\/a><\/div><\/div><\/div><div class=\"tmm_member tmm_plugin_f\" style=\"border-top:#009cdd solid 5px;\"><div class=\" tmm_photo tmm_pic_university-administration_3\" style=\"background: url(https:\/\/www.dfh-ufa.org\/app\/uploads\/2025\/03\/team_virginie_jouhaud_neutard_2024-2-168x250-1.png); margin-left: auto; margin-right:auto; background-size:cover !important;\"><\/div><div class=\"tmm_textblock\"><div class=\"tmm_names\"><span class=\"tmm_fname\">Virginie<\/span> <span class=\"tmm_lname\">Jouhaud-Neutard<\/span><\/div><div class=\"tmm_job\">Stellvertretende Generalsekret\u00e4rin<\/div><div class=\"tmm_desc\" style=\"text-align:\">+49 681 9 38 12 \u2013 107<\/div><div class=\"tmm_scblock\"><a class=\"tmm_sociallink\" href=\"tel:+49 681 9 38 12 \u2013 107\" title=\"phone\"><img alt=\"phone\" src=\"https:\/\/www.dfh-ufa.org\/app\/plugins\/team-members-pro\/inc\/img\/links\/phone.png\"\/><\/a><a class=\"tmm_sociallink\" href=\"mailto:jouhaud-neutard@dfh-ufa.org\" title=\"email\"><img alt=\"email\" src=\"https:\/\/www.dfh-ufa.org\/app\/plugins\/team-members-pro\/inc\/img\/links\/email.png\"\/><\/a><a target=\"_blank\" class=\"tmm_sociallink\" href=\"https:\/\/www.dfh-ufa.org\/die-dfh\/das-team-der-dfh\/hochschulleitung\/curriculum-vitae-stellv_generalsekretaerin\" title=\"Curriculum vitae\"><img alt=\"Curriculum vitae\" src=\"https:\/\/www.dfh-ufa.org\/app\/plugins\/team-members-pro\/inc\/img\/links\/website.png\"\/><\/a><\/div><\/div><\/div><div style=\"clear:both;\"><\/div><\/div><\/div><\/div>\n<h2>Assistenz der Hochschulleitung<\/h2>\n<div class=\"tmm tmm_assistance-to-the-university-administration tmm-floating-pic\"><div class=\"tmm_3_columns tmm_wrap tmm_plugin_f\"><span class=\"tmm_two_containers_tablet\"><\/span><div class=\"tmm_container tmm-equalizer\"><div class=\"tmm_member tmm_plugin_f\" style=\"border-top:#009cdd solid 5px;\"><div class=\" tmm_photo tmm_pic_assistance-to-the-university-administration_0\" style=\"background: url(https:\/\/www.dfh-ufa.org\/app\/uploads\/2025\/03\/team_neumann_christine_2020-1.png); margin-left: auto; margin-right:auto; background-size:cover !important;\"><\/div><div class=\"tmm_textblock\"><div class=\"tmm_names\"><span class=\"tmm_fname\">Christine<\/span> <span class=\"tmm_lname\">Neumann<\/span><\/div><div class=\"tmm_job\">Assistentin der Hochschulleitung<\/div><div class=\"tmm_desc\" style=\"text-align:\">+49 681 9 38 12 \u2013 106<\/div><div class=\"tmm_scblock\"><a class=\"tmm_sociallink\" href=\"tel:+49 681 9 38 12 \u2013 106\" title=\"phone\"><img alt=\"phone\" src=\"https:\/\/www.dfh-ufa.org\/app\/plugins\/team-members-pro\/inc\/img\/links\/phone.png\"\/><\/a><a class=\"tmm_sociallink\" href=\"mailto:neumann@dfh-ufa.org\" title=\"email\"><img alt=\"email\" src=\"https:\/\/www.dfh-ufa.org\/app\/plugins\/team-members-pro\/inc\/img\/links\/email.png\"\/><\/a><\/div><\/div><\/div><div class=\"tmm_member tmm_plugin_f\" style=\"border-top:#009cdd solid 5px;\"><div class=\" tmm_photo tmm_pic_assistance-to-the-university-administration_1\" style=\"background: url(https:\/\/www.dfh-ufa.org\/app\/uploads\/2025\/03\/Team_2025_nais_henry-scaled-2.png); margin-left: auto; margin-right:auto; background-size:cover !important;\"><\/div><div class=\"tmm_textblock\"><div class=\"tmm_names\"><span class=\"tmm_fname\">Na\u00efs<\/span> <span class=\"tmm_lname\">Henry<\/span><\/div><div class=\"tmm_job\">Assistentin der Hochschulleitung<\/div><div class=\"tmm_desc\" style=\"text-align:\">+49 681 9 38 12 \u2013 120<\/div><div class=\"tmm_scblock\"><a class=\"tmm_sociallink\" href=\"tel:+49 681 9 38 12 \u2013 120\" title=\"phone\"><img alt=\"phone\" src=\"https:\/\/www.dfh-ufa.org\/app\/plugins\/team-members-pro\/inc\/img\/links\/phone.png\"\/><\/a><a class=\"tmm_sociallink\" href=\"mailto:henry@dfh-ufa.org\" title=\"email\"><img alt=\"email\" src=\"https:\/\/www.dfh-ufa.org\/app\/plugins\/team-members-pro\/inc\/img\/links\/email.png\"\/><\/a><\/div><\/div><\/div><div style=\"clear:both;\"><\/div><\/div><\/div><\/div>\n<hr \/>\n<p>F\u00fcr Fragen, die nicht die Hochschulleitung der DFH betreffen, stehen Ihnen gerne folgende Referate zur Verf\u00fcgung<\/p>\n<h5 class=\"entry__title\"><a href=\"https:\/\/www.dfh-ufa.org\/die-dfh\/das-team-der-dfh\/studiengaenge-und-promotion\">Studieng\u00e4nge und Promotion (Durchwahl: -160)<\/a><\/h5>\n<h5 class=\"entry__title\"><a href=\"https:\/\/www.dfh-ufa.org\/die-dfh\/das-team-der-dfh\/oeffentlichkeitsarbeit-und-externe-kooperationen\">\u00d6ffentlichkeitsarbeit und externe Kooperationen (Durchwahl: -146)<\/a><\/h5>\n<h5 class=\"entry__title\"><a href=\"https:\/\/www.dfh-ufa.org\/die-dfh\/das-team-der-dfh\/steuerungsgremien-und-wissenschaftliche-projekte\">Steuerungsgremien und wissenschaftliche Projekte (Durchwahl: -180)<\/a><\/h5>\n<div class=\"row\">\n<div class=\"col-md-6\">\n<h5 class=\"entry__title\"><a href=\"https:\/\/www.dfh-ufa.org\/die-dfh\/das-team-der-dfh\/it-und-digitale-medien\">Informationstechnik (Durchwahl: -132)<\/a><\/h5>\n<h5 class=\"entry__title\"><a href=\"https:\/\/www.dfh-ufa.org\/die-dfh\/das-team-der-dfh\/finanzen-personal-interne-dienste\">Finanzen, Personal, interne Dienste (Durchwahl: -191)<\/a><\/h5>\n<p>&nbsp;<\/p>\n<p><strong>Studierende k\u00f6nnen ihre Fragen direkt an das Referat 1\u00a0Studieng\u00e4nge und Promotion (Durchwahl: -160) stellen.<\/strong><\/p>\n<p><strong>\u00a0<\/strong><\/p>\n<\/div>\n<\/div>\n","protected":false},"excerpt":{"rendered":"<p>Organigramm Assistenz der Hochschulleitung F\u00fcr Fragen, die nicht die Hochschulleitung der DFH betreffen, stehen Ihnen gerne folgende Referate zur Verf\u00fcgung Studieng\u00e4nge und Promotion (Durchwahl: -160) \u00d6ffentlichkeitsarbeit und externe Kooperationen (Durchwahl: -146) Steuerungsgremien und wissenschaftliche Projekte (Durchwahl: -180) Informationstechnik (Durchwahl: -132) Finanzen, Personal, interne Dienste (Durchwahl: -191) &nbsp; Studierende k\u00f6nnen ihre Fragen direkt an das Referat [&hellip;]<\/p>\n","protected":false},"author":1,"featured_media":0,"parent":802,"menu_order":0,"comment_status":"closed","ping_status":"closed","template":"","meta":{"_bbp_topic_count":0,"_bbp_reply_count":0,"_bbp_total_topic_count":0,"_bbp_total_reply_count":0,"_bbp_voice_count":0,"_bbp_anonymous_reply_count":0,"_bbp_topic_count_hidden":0,"_bbp_reply_count_hidden":0,"_bbp_forum_subforum_count":0,"inline_featured_image":false},"acf":[],"_links":{"self":[{"href":"https:\/\/www.dfh-ufa.org\/en\/wp-json\/wp\/v2\/pages\/803"}],"collection":[{"href":"https:\/\/www.dfh-ufa.org\/en\/wp-json\/wp\/v2\/pages"}],"about":[{"href":"https:\/\/www.dfh-ufa.org\/en\/wp-json\/wp\/v2\/types\/page"}],"author":[{"embeddable":true,"href":"https:\/\/www.dfh-ufa.org\/en\/wp-json\/wp\/v2\/users\/1"}],"replies":[{"embeddable":true,"href":"https:\/\/www.dfh-ufa.org\/en\/wp-json\/wp\/v2\/comments?post=803"}],"version-history":[{"count":106,"href":"https:\/\/www.dfh-ufa.org\/en\/wp-json\/wp\/v2\/pages\/803\/revisions"}],"predecessor-version":[{"id":572152,"href":"https:\/\/www.dfh-ufa.org\/en\/wp-json\/wp\/v2\/pages\/803\/revisions\/572152"}],"up":[{"embeddable":true,"href":"https:\/\/www.dfh-ufa.org\/en\/wp-json\/wp\/v2\/pages\/802"}],"wp:attachment":[{"href":"https:\/\/www.dfh-ufa.org\/en\/wp-json\/wp\/v2\/media?parent=803"}],"curies":[{"name":"wp","href":"https:\/\/api.w.org\/{rel}","templated":true}]}}