{"id":8030,"date":"2018-07-08T16:38:42","date_gmt":"2018-07-08T14:38:42","guid":{"rendered":"https:\/\/www.dfh-ufa.org\/?page_id=8030"},"modified":"2025-06-17T10:31:07","modified_gmt":"2025-06-17T08:31:07","slug":"curriculum-vitae-praesident","status":"publish","type":"page","link":"https:\/\/www.dfh-ufa.org\/en\/the-fgu\/das-team-der-dfh\/hochschulleitung-2\/curriculum-vitae-praesident","title":{"rendered":"Curriculum vitae &#8211; Vize-Pr\u00e4sident"},"content":{"rendered":"<div id=\"c39261\" class=\"csc-default\">\n<h2>Prof. Dr. Philippe Gr\u00e9ciano<\/h2>\n<p>ist seit Januar 2024 Vize-Pr\u00e4sident der Deutsch-Franz\u00f6sischen Hochschule (DFH). Zuvor bekleidete er die \u00c4mter des Pr\u00e4sidenten der Deutsch-Franz\u00f6sischen Hochschule sowie des Pr\u00e4sidenten des Deutsch-Franz\u00f6sischen Forums. Er ist Professor an der Universit\u00e4t Grenoble Alpes (UGA) und Inhaber des Jean Monnet-Lehrstuhls f\u00fcr Deutsch-Franz\u00f6sische Beziehungen, Europ\u00e4ische Integration und Globalisierung. Mit den Strukturen der DFH ist er seit mehreren Jahren vertraut. Im Rahmen seiner Pr\u00e4sidentschaft an der Deutsch-Franz\u00f6sischen Hochschule engagiert er sich insbesondere f\u00fcr die Europ\u00e4ischen Hochschulallianzen, die Forschung (Expertentreffen) und\u00a0 die Schaffung von mehreren neuen deutsch-franz\u00f6sischen Tutoraten und Professuren. Als Gastdozent lehrte Gr\u00e9ciano in Berlin, Frankfurt\/Oder, Salzburg und Wien. In der Vergangenheit leitete er dar\u00fcber hinaus auch die Forschungsgruppe \u00fcber die Geschichte der Internationalen Justiz (GREHJI) im Zentrum f\u00fcr Internationale Sicherheit und Europ\u00e4ische Kooperationen (CESICE) in Grenoble. Au\u00dferdem war er als Gutachter f\u00fcr die EU und die UNO t\u00e4tig. Er ist Verfasser zahlreicher B\u00fccher und Artikel zu internationalen sowie europ\u00e4ischen Fragestellungen.<\/p>\n<\/div>\n","protected":false},"excerpt":{"rendered":"<p>Prof. Dr. Philippe Gr\u00e9ciano ist seit Januar 2024 Vize-Pr\u00e4sident der Deutsch-Franz\u00f6sischen Hochschule (DFH). Zuvor bekleidete er die \u00c4mter des Pr\u00e4sidenten der Deutsch-Franz\u00f6sischen Hochschule sowie des Pr\u00e4sidenten des Deutsch-Franz\u00f6sischen Forums. Er ist Professor an der Universit\u00e4t Grenoble Alpes (UGA) und Inhaber des Jean Monnet-Lehrstuhls f\u00fcr Deutsch-Franz\u00f6sische Beziehungen, Europ\u00e4ische Integration und Globalisierung. Mit den Strukturen der DFH [&hellip;]<\/p>\n","protected":false},"author":2,"featured_media":0,"parent":803,"menu_order":0,"comment_status":"closed","ping_status":"closed","template":"","meta":{"_bbp_topic_count":0,"_bbp_reply_count":0,"_bbp_total_topic_count":0,"_bbp_total_reply_count":0,"_bbp_voice_count":0,"_bbp_anonymous_reply_count":0,"_bbp_topic_count_hidden":0,"_bbp_reply_count_hidden":0,"_bbp_forum_subforum_count":0,"inline_featured_image":false},"acf":[],"_links":{"self":[{"href":"https:\/\/www.dfh-ufa.org\/en\/wp-json\/wp\/v2\/pages\/8030"}],"collection":[{"href":"https:\/\/www.dfh-ufa.org\/en\/wp-json\/wp\/v2\/pages"}],"about":[{"href":"https:\/\/www.dfh-ufa.org\/en\/wp-json\/wp\/v2\/types\/page"}],"author":[{"embeddable":true,"href":"https:\/\/www.dfh-ufa.org\/en\/wp-json\/wp\/v2\/users\/2"}],"replies":[{"embeddable":true,"href":"https:\/\/www.dfh-ufa.org\/en\/wp-json\/wp\/v2\/comments?post=8030"}],"version-history":[{"count":12,"href":"https:\/\/www.dfh-ufa.org\/en\/wp-json\/wp\/v2\/pages\/8030\/revisions"}],"predecessor-version":[{"id":572102,"href":"https:\/\/www.dfh-ufa.org\/en\/wp-json\/wp\/v2\/pages\/8030\/revisions\/572102"}],"up":[{"embeddable":true,"href":"https:\/\/www.dfh-ufa.org\/en\/wp-json\/wp\/v2\/pages\/803"}],"wp:attachment":[{"href":"https:\/\/www.dfh-ufa.org\/en\/wp-json\/wp\/v2\/media?parent=8030"}],"curies":[{"name":"wp","href":"https:\/\/api.w.org\/{rel}","templated":true}]}}