{"id":822,"date":"2018-04-24T09:03:15","date_gmt":"2018-04-24T07:03:15","guid":{"rendered":"https:\/\/www.dfh-ufa.org\/informationen-fuer\/studierende-doktoranden-alumni\/studierende\/internationale-studierenden-karte\/"},"modified":"2025-12-02T10:33:13","modified_gmt":"2025-12-02T09:33:13","slug":"internationale-studierenden-karte","status":"publish","type":"page","link":"https:\/\/www.dfh-ufa.org\/en\/information-for\/studierende\/internationale-studierenden-karte","title":{"rendered":"Internationale Studierenden-Karte"},"content":{"rendered":"<p><strong>Kostenloser internationaler Studierendenausweis f\u00fcr Studierende der DFH<\/strong><\/p>\n<p>Aktuell ist die Beantragung der Student Identity Card (ISIC) aus technischen Gr\u00fcnden nicht m\u00f6glich. Wir informieren Sie, sobald Sie die internationale Studierendenkarte wieder beantragen k\u00f6nnen.<\/p>\n<p>Die DFH bietet ihren Studierenden zusammen mit International Student Identity Card (ISIC) die M\u00f6glichkeit, einen internationalen Studentenausweis zu erwerben. Mit diesem Ausweis profitieren die DFH-Studierenden in 130 L\u00e4ndern in den verschiedensten Bereichen (Kultur, Mode, Musik, Reisen etc.) von zahlreichen Verg\u00fcnstigungen.<\/p>\n<p>Die ersten 500 Antragsteller erhalten den Ausweis kostenlos.<\/p>\n<p>Sie m\u00f6chten das Angebot nutzen? Dann einfach den Antrag auf der Website von ISIC ausf\u00fcllen.\u00a0 <a href=\"https:\/\/de-online.aliveplatform.com?partnerId=748\" target=\"_blank\" rel=\"noopener noreferrer\">ISIC beantragen<\/a>\u00a0(Ihre Angaben werden von ISIC bearbeitet)<\/p>\n<p>Ihr Status als DFH-Student\/-in muss zun\u00e4chst best\u00e4tigt werden. Anschlie\u00dfend wird Ihnen der Ausweis innerhalb von 14 Tagen an die von Ihnen in nachstehendem Formular angegebene Anschrift zugestellt.<\/p>\n<p>Das Angebot gilt nur f\u00fcr Studierende der DFH; bitte leiten Sie das Antragsformular deshalb nicht an Studierende weiter, die nicht an der DFH eingeschrieben sind.<\/p>\n<p>Weitere Informationen erhalten Sie bei Frau Carole Reimeringer (0681 938 12 162 \/ reimeringer(at)dfh-ufa.org) und Frau H\u00e9l\u00e8ne Dinter (0681 938 12 165 \/ dinter(at)dfh-ufa.org).<\/p>\n<p>Mehr zur ISIC: <a href=\"https:\/\/www.isic.de\/\" target=\"_blank\" rel=\"noopener noreferrer\">https:\/\/www.isic.de\/<\/a><\/p>\n","protected":false},"excerpt":{"rendered":"<p>Kostenloser internationaler Studierendenausweis f\u00fcr Studierende der DFH Aktuell ist die Beantragung der Student Identity Card (ISIC) aus technischen Gr\u00fcnden nicht m\u00f6glich. Wir informieren Sie, sobald Sie die internationale Studierendenkarte wieder beantragen k\u00f6nnen. Die DFH bietet ihren Studierenden zusammen mit International Student Identity Card (ISIC) die M\u00f6glichkeit, einen internationalen Studentenausweis zu erwerben. Mit diesem Ausweis profitieren [&hellip;]<\/p>\n","protected":false},"author":1,"featured_media":0,"parent":570476,"menu_order":0,"comment_status":"closed","ping_status":"closed","template":"","meta":{"_bbp_topic_count":0,"_bbp_reply_count":0,"_bbp_total_topic_count":0,"_bbp_total_reply_count":0,"_bbp_voice_count":0,"_bbp_anonymous_reply_count":0,"_bbp_topic_count_hidden":0,"_bbp_reply_count_hidden":0,"_bbp_forum_subforum_count":0,"inline_featured_image":false},"acf":[],"_links":{"self":[{"href":"https:\/\/www.dfh-ufa.org\/en\/wp-json\/wp\/v2\/pages\/822"}],"collection":[{"href":"https:\/\/www.dfh-ufa.org\/en\/wp-json\/wp\/v2\/pages"}],"about":[{"href":"https:\/\/www.dfh-ufa.org\/en\/wp-json\/wp\/v2\/types\/page"}],"author":[{"embeddable":true,"href":"https:\/\/www.dfh-ufa.org\/en\/wp-json\/wp\/v2\/users\/1"}],"replies":[{"embeddable":true,"href":"https:\/\/www.dfh-ufa.org\/en\/wp-json\/wp\/v2\/comments?post=822"}],"version-history":[{"count":6,"href":"https:\/\/www.dfh-ufa.org\/en\/wp-json\/wp\/v2\/pages\/822\/revisions"}],"predecessor-version":[{"id":544112,"href":"https:\/\/www.dfh-ufa.org\/en\/wp-json\/wp\/v2\/pages\/822\/revisions\/544112"}],"up":[{"embeddable":true,"href":"https:\/\/www.dfh-ufa.org\/en\/wp-json\/wp\/v2\/pages\/570476"}],"wp:attachment":[{"href":"https:\/\/www.dfh-ufa.org\/en\/wp-json\/wp\/v2\/media?parent=822"}],"curies":[{"name":"wp","href":"https:\/\/api.w.org\/{rel}","templated":true}]}}