{"id":826,"date":"2018-04-24T09:03:15","date_gmt":"2018-04-24T07:03:15","guid":{"rendered":"https:\/\/www.dfh-ufa.org\/informationen-fuer\/studierende-doktoranden-alumni\/studierende\/faq-studierende\/"},"modified":"2025-12-02T10:37:47","modified_gmt":"2025-12-02T09:37:47","slug":"faq-studierende","status":"publish","type":"page","link":"https:\/\/www.dfh-ufa.org\/en\/information-for\/studierende\/faq-studierende","title":{"rendered":"FAQ Studierende"},"content":{"rendered":"\r\n<ol>\r\n<li><a href=\"https:\/\/www.dfh-ufa.org\/faq-kategorie\/dfh-integrierte-studiengaenge\/\">DFH-integrierte Studieng\u00e4nge<\/a><\/li>\r\n<li><a href=\"https:\/\/www.dfh-ufa.org\/faq-kategorie\/bewerbung-fuer-einen-integrierten-studiengang\/\">Bewerbung f\u00fcr einen integrierten Studiengang<\/a><\/li>\r\n<li><a href=\"https:\/\/www.dfh-ufa.org\/faq-kategorie\/einschreibung-und-rueckmeldung-an-der-dfh\/\">Einschreibung und R\u00fcckmeldung an der DFH<\/a><\/li>\r\n<li><a href=\"https:\/\/www.dfh-ufa.org\/faq-kategorie\/mobilitaetsbeihilfe\/\">Mobilit\u00e4tsbeihilfe<\/a><\/li>\r\n<li><a href=\"https:\/\/www.dfh-ufa.org\/faq-kategorie\/studienverlauf\/\">Studienverlauf<\/a><\/li>\r\n<li><a href=\"https:\/\/www.dfh-ufa.org\/faq-kategorie\/praktika\/\">Praktika<\/a><\/li>\r\n<li><a href=\"https:\/\/www.dfh-ufa.org\/faq-kategorie\/studienabbruch-rueckzahlung-der-mobilitaetsbeihilfe\/\">Studienabbruch &amp; R\u00fcckzahlung der Mobilit\u00e4tsbeihilfe<\/a><\/li>\r\n<li><a href=\"https:\/\/www.dfh-ufa.org\/faq-kategorie\/studierendenberichte\/\">Studierendenberichte<\/a><\/li>\r\n<li><a href=\"https:\/\/www.dfh-ufa.org\/faq-kategorie\/deutsch-franzoesisches-forum\/\">Deutsch-Franz\u00f6sisches Forum<\/a><\/li>\r\n<li><a href=\"https:\/\/www.dfh-ufa.org\/faq-kategorie\/nuetzliche-ansprechpartner-an-der-dfh\/\">N\u00fctzliche Ansprechpartner an der DFH<\/a><\/li>\r\n<\/ol>\r\n\r\n\r\n\r\n<p>Aus Gr\u00fcnden der leichteren Lesbarkeit wird auf eine geschlechtsspezifische Differenzierung verzichtet. Entsprechende Begriffe gelten im Sinne der Gleichbehandlung f\u00fcr beide Geschlechter.<\/p>\r\n","protected":false},"excerpt":{"rendered":"<p>DFH-integrierte Studieng\u00e4nge Bewerbung f\u00fcr einen integrierten Studiengang Einschreibung und R\u00fcckmeldung an der DFH Mobilit\u00e4tsbeihilfe Studienverlauf Praktika Studienabbruch &amp; R\u00fcckzahlung der Mobilit\u00e4tsbeihilfe Studierendenberichte Deutsch-Franz\u00f6sisches Forum N\u00fctzliche Ansprechpartner an der DFH Aus Gr\u00fcnden der leichteren Lesbarkeit wird auf eine geschlechtsspezifische Differenzierung verzichtet. Entsprechende Begriffe gelten im Sinne der Gleichbehandlung f\u00fcr beide Geschlechter.<\/p>\n","protected":false},"author":1,"featured_media":0,"parent":570476,"menu_order":0,"comment_status":"closed","ping_status":"closed","template":"","meta":{"_bbp_topic_count":0,"_bbp_reply_count":0,"_bbp_total_topic_count":0,"_bbp_total_reply_count":0,"_bbp_voice_count":0,"_bbp_anonymous_reply_count":0,"_bbp_topic_count_hidden":0,"_bbp_reply_count_hidden":0,"_bbp_forum_subforum_count":0,"inline_featured_image":false},"acf":[],"_links":{"self":[{"href":"https:\/\/www.dfh-ufa.org\/en\/wp-json\/wp\/v2\/pages\/826"}],"collection":[{"href":"https:\/\/www.dfh-ufa.org\/en\/wp-json\/wp\/v2\/pages"}],"about":[{"href":"https:\/\/www.dfh-ufa.org\/en\/wp-json\/wp\/v2\/types\/page"}],"author":[{"embeddable":true,"href":"https:\/\/www.dfh-ufa.org\/en\/wp-json\/wp\/v2\/users\/1"}],"replies":[{"embeddable":true,"href":"https:\/\/www.dfh-ufa.org\/en\/wp-json\/wp\/v2\/comments?post=826"}],"version-history":[{"count":12,"href":"https:\/\/www.dfh-ufa.org\/en\/wp-json\/wp\/v2\/pages\/826\/revisions"}],"predecessor-version":[{"id":571100,"href":"https:\/\/www.dfh-ufa.org\/en\/wp-json\/wp\/v2\/pages\/826\/revisions\/571100"}],"up":[{"embeddable":true,"href":"https:\/\/www.dfh-ufa.org\/en\/wp-json\/wp\/v2\/pages\/570476"}],"wp:attachment":[{"href":"https:\/\/www.dfh-ufa.org\/en\/wp-json\/wp\/v2\/media?parent=826"}],"curies":[{"name":"wp","href":"https:\/\/api.w.org\/{rel}","templated":true}]}}