{"id":8314,"date":"2018-07-10T11:31:52","date_gmt":"2018-07-10T09:31:52","guid":{"rendered":"https:\/\/www.dfh-ufa.org\/?page_id=8314"},"modified":"2018-07-12T15:29:43","modified_gmt":"2018-07-12T13:29:43","slug":"erfahrungsberichte","status":"publish","type":"page","link":"https:\/\/www.dfh-ufa.org\/en\/information-for\/alumni\/erfahrungsberichte","title":{"rendered":"Erfahrungsberichte"},"content":{"rendered":"            <section class=\"testimonials\">\n                <blockquote class=\"testimonial\">\n\n    <div class=\"testimonial__container\">\n\n        <div class=\"testimonial__content\">\n            <p style=\"text-align: left\"><img decoding=\"async\" loading=\"lazy\" class=\"size-medium wp-image-377960 alignleft\" src=\"https:\/\/www.dfh-ufa.org\/app\/uploads\/2020\/09\/Larue_Xavier-166x250.jpg\" alt=\"\" width=\"166\" height=\"250\" srcset=\"https:\/\/www.dfh-ufa.org\/app\/uploads\/2020\/09\/Larue_Xavier-166x250.jpg 166w, https:\/\/www.dfh-ufa.org\/app\/uploads\/2020\/09\/Larue_Xavier.jpg 190w\" sizes=\"(max-width: 166px) 100vw, 166px\" \/>Das interkulturelle Bewerbertraining vom 23. bis 25. November 2018 in Paris war f\u00fcr mich eine bereichernde Erfahrung. Die beiden Trainerinnen waren sehr nett und kannten sich gut aus mit dem deutsch-franz\u00f6sischen Arbeitsmarkt. In den Gruppenarbeiten ging es um interkulturelle Kompetenz, Selbstreflexion und die Simulation von Vorstellungsgespr\u00e4chen. Au\u00dferdem konnte dabei jeder seine beruflichen Erfahrungen mit den anderen Teilnehmern und den Trainerinnen teilen. Dies half mir, mich meiner F\u00e4higkeiten, meiner St\u00e4rken und Schw\u00e4chen sowie meiner Werte bewusst zu werden. Die Atmosph\u00e4re zwischen den Studierenden aus den verschiedenen Studienprogrammen der DFH war sehr angenehm, was eine dynamische Gruppenarbeit erm\u00f6glichte und au\u00dferdem unser Netzwerk f\u00fcr den weiteren Austausch erweiterte. Ein H\u00f6hepunkt des Seminarwochenendes war das <em>Business Dinner<\/em> bei dem sich die Seminarteilnehmer mit Vertretern aus deutsch-franz\u00f6sischen Unternehmen und Institutionen austauschen und einen pers\u00f6nlichen Eindruck von der Arbeitswelt bekommen konnten. Durch das Seminar habe ich einen klareren Blick auf meine berufliche Zukunft erhalten und kann das Gelernte nun bei der Jobsuche anwenden. Ich empfehle allen Absolventen der DFH die Teilnahme an diesem interkulturellen Bewerbertraining.<\/p>\n        <\/div><!-- .testimonial__content -->\n\n        <footer class=\"testimonial__footer\">\n            <cite class=\"testimonial__author\">\n                <b>Xavier Larue<\/b><br \/>\n                Seminarteilnehmer, IKB vom 23. bis 25. November 2018 in Paris <br \/>\n                            <\/cite>\n        <\/footer><!-- .testimonial__Foter -->\n\n    <\/div><!-- .testimonial__container -->\n\n    \n<\/blockquote><!-- .testimonial -->\n<blockquote class=\"testimonial\">\n\n    <div class=\"testimonial__container\">\n\n        <div class=\"testimonial__content\">\n            <p><img decoding=\"async\" loading=\"lazy\" class=\"size-medium wp-image-377957 alignleft\" src=\"https:\/\/www.dfh-ufa.org\/app\/uploads\/2020\/09\/Valentin-Boyer-1-205x300-166x250.jpg\" alt=\"\" width=\"166\" height=\"250\" srcset=\"https:\/\/www.dfh-ufa.org\/app\/uploads\/2020\/09\/Valentin-Boyer-1-205x300-166x250.jpg 166w, https:\/\/www.dfh-ufa.org\/app\/uploads\/2020\/09\/Valentin-Boyer-1-205x300.jpg 190w\" sizes=\"(max-width: 166px) 100vw, 166px\" \/>Das interkulturelle Bewerbertraining in Paris, an dem ich vom 23. bis 25. November 2018 teilgenommen habe, kann ich sehr empfehlen. Ich konnte dort neue Kontakte im deutsch-franz\u00f6sischen Bereich kn\u00fcpfen, habe gelernt wie man eine aussagekr\u00e4ftige Bewerbung schreibt und bin nun auf den Bewerbungsprozess und Bewerbungsgespr\u00e4che im Partnerland vorbereitet. Das Seminar hat mir au\u00dferdem gezeigt, wie ich meine St\u00e4rken je nach Institution hervorheben und so zuk\u00fcnftig verschiedene Jobm\u00f6glichkeiten in Betracht ziehen kann. Das Training ist an alle Profile und Branchen angepasst und die Gruppenarbeiten erleichterten den Austausch \u00fcber pers\u00f6nliche Erfahrungen mit den anderen Teilnehmern. Die geringe Teilnehmerzahl erm\u00f6glichte es au\u00dferdem, schnell eine gute Gruppendynamik aufzubauen und die beiden Trainerinnen standen w\u00e4hrend der drei sehr intensiven Seminartage stets f\u00fcr Fragen zur Verf\u00fcgung. Das <em>Business Dinner<\/em> bot die M\u00f6glichkeit, die zahlreichen Tipps aus dem Seminar direkt anzuwenden und mit Vertretern aus Wirtschaft und Institutionen zu sprechen, die sich sehr interessiert an dem Austausch mit uns zeigten und uns gern \u00fcber die aktuellen Gegebenheiten des Arbeitslebens in ihrer Branche informierten und zahlreiche Tipps gaben.<\/p>\n        <\/div><!-- .testimonial__content -->\n\n        <footer class=\"testimonial__footer\">\n            <cite class=\"testimonial__author\">\n                <b>Valentin Boyer<\/b><br \/>\n                Seminarteilnehmer, IKB vom 23. bis 25. November 2018 in Paris<br \/>\n                            <\/cite>\n        <\/footer><!-- .testimonial__Foter -->\n\n    <\/div><!-- .testimonial__container -->\n\n    \n<\/blockquote><!-- .testimonial -->\n<blockquote class=\"testimonial\">\n\n    <div class=\"testimonial__container\">\n\n        <div class=\"testimonial__content\">\n            <p><img decoding=\"async\" loading=\"lazy\" class=\"size-medium wp-image-377954 alignleft\" src=\"https:\/\/www.dfh-ufa.org\/app\/uploads\/2020\/09\/Foto-David-Hackling-300x300-1-166x250.jpg\" alt=\"\" width=\"166\" height=\"250\" srcset=\"https:\/\/www.dfh-ufa.org\/app\/uploads\/2020\/09\/Foto-David-Hackling-300x300-1-166x250.jpg 166w, https:\/\/www.dfh-ufa.org\/app\/uploads\/2020\/09\/Foto-David-Hackling-300x300-1.jpg 190w\" sizes=\"(max-width: 166px) 100vw, 166px\" \/>Wir Teilnehmer wurden optimal auf die Eigenheiten und Herausforderungen im deutschen und franz\u00f6sischen Arbeitsmarkt vorbereitet. Insbesondere in Gruppenarbeiten zur Selbstreflexion, interkulturellen Handlungskompetenz und zu Bewerbungsgespr\u00e4chen konnte ich mich meiner eigenen Pr\u00e4ferenzen und St\u00e4rken genauer bewusstwerden und mich mit mehr Zuversicht und Selbstbewusstsein f\u00fcr die Zukunft ausstatten. Das IKB war zudem eine perfekte Gelegenheit, Kontakte mit Studierenden und Alumni anderer DFH-Studieng\u00e4nge zu kn\u00fcpfen und mit ihren Erfahrungen und Eindr\u00fccken meinen eigenen Horizont zu erweitern. Das Business Dinner, als M\u00f6glichkeit, von hochkar\u00e4tigen F\u00fchrungskr\u00e4ften aus dem deutsch-franz\u00f6sischen Arbeitsumfeld exklusive Einblicke in das Arbeitsleben zu gewinnen, war dabei das i-T\u00fcpfelchen. Alles in allem betrachte ich das IKB daher als ein absolutes Privileg, welches von Studierenden der DFH unbedingt genutzt werden sollte!<\/p>\n        <\/div><!-- .testimonial__content -->\n\n        <footer class=\"testimonial__footer\">\n            <cite class=\"testimonial__author\">\n                <b>David Hackling<\/b><br \/>\n                Seminarteilnehmer, IKB vom 23. bis 25. M\u00e4rz 2018<br \/>\n                            <\/cite>\n        <\/footer><!-- .testimonial__Foter -->\n\n    <\/div><!-- .testimonial__container -->\n\n    \n<\/blockquote><!-- .testimonial -->\n<blockquote class=\"testimonial\">\n\n    <div class=\"testimonial__container\">\n\n        <div class=\"testimonial__content\">\n            <div class=\"col-sm-9 col-sm-pull-3\">Ich werde meine Teilnahme am interkulturellen Bewerbertraining der DFH in bester Erinnerung behalten. Besonders der Erfahrungsaustausch mit den Trainerinnen und den anderen Seminarteilnehmern aus unterschiedlichen Fachrichtungen halfen mir, meine eigenen F\u00e4higkeiten, Schw\u00e4chen und Wertvorstellungen zu reflektieren. Zudem konnte ich diese Aspekte dank der Simulation eines Bewerbungsgespr\u00e4chs als gute Vorbereitung f\u00fcr den \u201eErnstfall\u201c verbalisieren. Es hat mir au\u00dferdem gut gefallen, mehr \u00fcber kulturelle Besonderheiten der Bewerbungsverfahren und den Arbeitsmarkt in Frankreich und Deutschland zu erfahren. Das IKB war f\u00fcr mich bereichernd, interessant und abwechslungsreich, sodass ich das Seminar uneingeschr\u00e4nkt allen Alumni und denjenigen, die kurz vor dem Ende Ihres Studiums stehen, weiterempfehle.<\/div>\n        <\/div><!-- .testimonial__content -->\n\n        <footer class=\"testimonial__footer\">\n            <cite class=\"testimonial__author\">\n                <b>Ramona Warnecke<\/b><br \/>\n                Seminarteilnehmerin, IKB vom 29. September bis 2. Oktober 2016 in Toulouse<br \/>\n                            <\/cite>\n        <\/footer><!-- .testimonial__Foter -->\n\n    <\/div><!-- .testimonial__container -->\n\n    \n<\/blockquote><!-- .testimonial -->\n<blockquote class=\"testimonial\">\n\n    <div class=\"testimonial__container\">\n\n        <div class=\"testimonial__content\">\n            <p>F\u00fcr mich war das Training enorm hilfreich. Das \u201eDeutsch-Franz\u00f6sische\u201c habe ich wirklich nochmal ganz neu f\u00fcr mich entdeckt. Kurz darauf hatte ich zwei Job-Interviews und habe prompt von beiden eine Zusage bekommen. Sicher ist das Training daran nicht ganz unschuldig! Ich habe mich bei der konkreten Aufz\u00e4hlung meiner St\u00e4rken und Schw\u00e4chen selbst \u00fcberrascht und war auch insgesamt viel gelassener, als ich es sonst gewesen w\u00e4re.<\/p>\n        <\/div><!-- .testimonial__content -->\n\n        <footer class=\"testimonial__footer\">\n            <cite class=\"testimonial__author\">\n                <b>Carina Lange<\/b><br \/>\n                Seminarteilnehmerin, IKB vom 24. bis 26. Juni 2016 in Saarbr\u00fccken<br \/>\n                            <\/cite>\n        <\/footer><!-- .testimonial__Foter -->\n\n    <\/div><!-- .testimonial__container -->\n\n    \n<\/blockquote><!-- .testimonial -->\n<blockquote class=\"testimonial\">\n\n    <div class=\"testimonial__container\">\n\n        <div class=\"testimonial__content\">\n            <p>Beim Interkulturellen Bewerbertraining bekommt man die Gelegenheit, viel \u00fcber die kulturellen Unterschiede zwischen Frankreich und Deutschland zu lernen. Die erfahrenen Trainerinnen, Anna Royon-Weigelt und Pamela Stenzel, bieten ein reichhaltiges Programm an, das die Besonderheiten des jeweiligen Landes erl\u00e4utert. Dar\u00fcber hinaus stehen sie allen immer f\u00fcr individuelle Fragen zur Verf\u00fcgung.<br \/>\nDie Erfahrung st\u00e4rkt das Selbstvertrauen und l\u00e4sst einen optimistisch an die zuk\u00fcnftige Stellensuche herangehen. Einige Teilnehmer mit Selbstzweifeln konnten diese so ablegen und sich stattdessen ihrer St\u00e4rken bewusst werden.<br \/>\nBei den Gruppenarbeiten kann man in Ruhe \u00fcber seine Berufsvorstellungen nachdenken und sich inspirieren lassen von den Erfahrungen und der Vielfalt der anderen Teilnehmer. In dieser geselligen und entspannten Atmosph\u00e4re kann man Klarheit \u00fcber seine Berufsvorstellungen erlangen und interessante Leute aus dem deutsch-franz\u00f6sischen Kontext kennenlernen, sowohl unter den Teilnehmern als auch beim Business Dinner, an dem Praxisvertreter aller Bereiche teilnehmen.<\/p>\n        <\/div><!-- .testimonial__content -->\n\n        <footer class=\"testimonial__footer\">\n            <cite class=\"testimonial__author\">\n                <b>Quentin Dequiret<\/b><br \/>\n                Seminarteilnehmer, IKB vom 6. bis 8. M\u00e4rz 2015 in Stuttgart<br \/>\n                            <\/cite>\n        <\/footer><!-- .testimonial__Foter -->\n\n    <\/div><!-- .testimonial__container -->\n\n    \n<\/blockquote><!-- .testimonial -->\n<blockquote class=\"testimonial\">\n\n    <div class=\"testimonial__container\">\n\n        <div class=\"testimonial__content\">\n            <p>Das Seminar bietet die einmalige Gelegenheit, mit zwei erfahrenen Trainerinnen zu arbeiten, die gerade den deutsch-franz\u00f6sischen Arbeitsmarkt sehr gut kennen und so ihren reichen Erfahrungsschatz teilen k\u00f6nnen.Sie haben uns vor allem f\u00fcr die Unterschiede der Arbeitswelt in beiden L\u00e4ndern sensibilisiert, sodass ich pers\u00f6nlich nicht nur viel dazugelernt habe, sondern auch k\u00fcnftige Bewerbungen zuversichtlich angehen kann.<\/p>\n<p>Ein interessantes Wochenende mit DFH-Studenten aus den verschiedensten Fachrichtungen, welches dank toller Gruppendynamik und abwechslungsreicher Trainingsmethoden wie im Flug verging!<\/p>\n        <\/div><!-- .testimonial__content -->\n\n        <footer class=\"testimonial__footer\">\n            <cite class=\"testimonial__author\">\n                <b>Lisa Hafner<\/b><br \/>\n                Seminarteilnehmerin, IKB vom 19. bis 21. September 2014 in Lille<br \/>\n                            <\/cite>\n        <\/footer><!-- .testimonial__Foter -->\n\n    <\/div><!-- .testimonial__container -->\n\n    \n<\/blockquote><!-- .testimonial -->\n<blockquote class=\"testimonial\">\n\n    <div class=\"testimonial__container\">\n\n        <div class=\"testimonial__content\">\n            <div class=\"col-sm-9 col-sm-pull-3\">Das Seminar ist eine sehr n\u00fctzliche Vorbereitung auf den Arbeitsmarkt. Das Programm ist sehr umfangreich und umfasst so unterschiedliche Aspekte wie die Formalit\u00e4ten im Bewerbungsprozess in beiden L\u00e4ndern oder die verschiedenen Arbeitskulturen, bietet aber auch, und das hat mir am besten gefallen, eine individuelle Orientierung, welche die pers\u00f6nlichen Interessen und Kompetenzen ber\u00fccksichtigt. Au\u00dferdem ist es eine gro\u00dfartige Gelegenheit, um Studierende anderer deutsch-franz\u00f6sischer Studieng\u00e4nge kennenzulernen.<\/div>\n        <\/div><!-- .testimonial__content -->\n\n        <footer class=\"testimonial__footer\">\n            <cite class=\"testimonial__author\">\n                <b>Lucile Tronel<\/b><br \/>\n                Seminarteilnehmerin, IKB vom 16. bis 18. Mai 2014<br \/>\n                            <\/cite>\n        <\/footer><!-- .testimonial__Foter -->\n\n    <\/div><!-- .testimonial__container -->\n\n    \n<\/blockquote><!-- .testimonial -->\n<blockquote class=\"testimonial\">\n\n    <div class=\"testimonial__container\">\n\n        <div class=\"testimonial__content\">\n            <p>Die Teilnahme am interkulturellen Bewerbertraining, das vom 29.Nov bis 01.Dez 2013 in Lyon stattfand, hat sich f\u00fcr mich auf jeden Fall gelohnt. Die beiden Referentinnen waren \u00e4u\u00dferst kompetent und ihr Vortragsstil sehr angenehm und unterhaltsam. Wir haben durch sie sehr viel gelernt &#8211; sowohl was den Bewerbungsprozess im In- und Ausland angeht, als auch \u00fcber die interkulturellen Besonderheiten im Berufsleben. Die Kombination dieser beiden Themen und die Praxisbeispiele der Referentinnen machten das IKB f\u00fcr mich so interessant.<\/p>\n        <\/div><!-- .testimonial__content -->\n\n        <footer class=\"testimonial__footer\">\n            <cite class=\"testimonial__author\">\n                <b>Max Wandel<\/b><br \/>\n                Seminarteilnehmer, IKB vom 29. November bis 1. Dezember 2013<br \/>\n                            <\/cite>\n        <\/footer><!-- .testimonial__Foter -->\n\n    <\/div><!-- .testimonial__container -->\n\n    \n<\/blockquote><!-- .testimonial -->\n<blockquote class=\"testimonial\">\n\n    <div class=\"testimonial__container\">\n\n        <div class=\"testimonial__content\">\n            <p>Dank des Interkulturellen Bewerbertrainings ist mir bewusst geworden, dass der Erfolg einer Bewerbung nicht nur von einem sch\u00f6n formulierten Anschreiben abh\u00e4ngt: Vielmehr ist er das Ergebnis intensiver Selbstreflexion.<\/p>\n<p>Daher habe ich insbesondere von der Kompetenzenbilanz profitiert, die wir mit Anna Royon-Weigelt erstellt haben. Durch die wertvollen Ratschl\u00e4ge von Pamela Stenzel habe ich au\u00dferdem gelernt, meine Online-Reputation und mein Netzwerk zu pflegen. Ebenso hat mir gut gefallen, wie viel Zeit f\u00fcr praktische \u00dcbungen zur Verf\u00fcgung stand. So konnte man sich selbst prima ausprobieren. Ich behalte dieses Wochenende, bei dem ich noch dazu viele interessante Leute getroffen habe, in bester Erinnerung.<\/p>\n        <\/div><!-- .testimonial__content -->\n\n        <footer class=\"testimonial__footer\">\n            <cite class=\"testimonial__author\">\n                <b>Ana\u00efs Ytto El Adel<\/b><br \/>\n                Seminarteilnehmerin, IKB von 30. August bis 1. September 2013 in D\u00fcsseldorf<br \/>\n                            <\/cite>\n        <\/footer><!-- .testimonial__Foter -->\n\n    <\/div><!-- .testimonial__container -->\n\n    \n<\/blockquote><!-- .testimonial -->\n<blockquote class=\"testimonial\">\n\n    <div class=\"testimonial__container\">\n\n        <div class=\"testimonial__content\">\n            <p>Interessant und lehrreich war das dreit\u00e4gige Interkulturelle Bewerbertraining in M\u00fcnchen. Angeleitet von den beiden hervorragenden Trainerinnen wurden wir \u2013 DFH-Studenten aller Fachrichtungen \u2013 anhand verschiedener \u00dcbungen f\u00fcr die Unterschiede zwischen deutschen und franz\u00f6sischen Bewerbungsverfahren sensibilisiert. In einer sehr angenehmen Atmosph\u00e4re lernte ich dabei insbesondere, wie man bei Bewerbung und Auswahlgespr\u00e4ch mit seinen St\u00e4rken und Schw\u00e4chen richtig umgeht. Das \u201eBusiness Dinner\u201c bot zudem die M\u00f6glichkeit, sich im pers\u00f6nlichen Gespr\u00e4ch mit Praxisvertretern verschiedener Branchen auszutauschen und erg\u00e4nzte das Bewerbertraining somit perfekt.<\/p>\n        <\/div><!-- .testimonial__content -->\n\n        <footer class=\"testimonial__footer\">\n            <cite class=\"testimonial__author\">\n                <b>Philippe Klein<\/b><br \/>\n                Seminarteilnehmer, IKB vom 7. bis 9. Dezember 2012<br \/>\n                            <\/cite>\n        <\/footer><!-- .testimonial__Foter -->\n\n    <\/div><!-- .testimonial__container -->\n\n    \n<\/blockquote><!-- .testimonial -->\n<blockquote class=\"testimonial\">\n\n    <div class=\"testimonial__container\">\n\n        <div class=\"testimonial__content\">\n            <p>Das Interkulturelle Bewerbertraining hat mir vor allem f\u00fcr das Bewerbungsgespr\u00e4ch geholfen. Ich wei\u00df nun, wie ich mich darauf vorbereiten kann, welche Fragen ich erwarten muss etc. Das Programm war insgesamt sehr interessant und ich habe viel lernen k\u00f6nnen. Das Seminar war sehr interaktiv und die Trainerinnen sehr professionell. Sie haben darauf geachtet, dass wir in einer angenehmen Atmosph\u00e4re arbeiten. Dar\u00fcber hinaus habe ich auch viele nette DFH-Studenten kennengelernt, die \u00e4hnliche Erfahrungen wie ich gesammelt haben. Durch das Interkulturelle Bewerbertraining konnte ich mich mit Praxisvertretern austauschen, die mir die Angst vor dem Berufseinstieg nehmen konnten. Ich kann diese Erfahrung also nur weiterempfehlen!<\/p>\n        <\/div><!-- .testimonial__content -->\n\n        <footer class=\"testimonial__footer\">\n            <cite class=\"testimonial__author\">\n                <b>St\u00e9phanie Mazoyer<\/b><br \/>\n                Seminarteilnehmerin, IKB vom 28. bis 30. September 2012<br \/>\n                            <\/cite>\n        <\/footer><!-- .testimonial__Foter -->\n\n    <\/div><!-- .testimonial__container -->\n\n    \n<\/blockquote><!-- .testimonial -->\n<blockquote class=\"testimonial\">\n\n    <div class=\"testimonial__container\">\n\n        <div class=\"testimonial__content\">\n            <p>Die drei Tage deutsch-franz\u00f6sisches Bewerbertraining haben gro\u00dfen Spa\u00df gemacht und sind wie im Fluge vergangen. Das Seminar war eine tolle Gelegenheit, andere DFH-Studenten kennenzulernen und sich \u00fcber m\u00f6gliche Perspektiven nach dem Studium auszutauschen. Die Trainerinnen waren nicht nur kompetent und freundlich, sondern auch kreativ was die verschiedenen \u00dcbungen anging. Mir pers\u00f6nlich konnten sie etwas die Scheu vor dem nahenden Arbeitsleben nehmen. Ich habe viele n\u00fctzliche Tipps f\u00fcr zuk\u00fcnftige Bewerbungen in Deutschland und in Frankreich bekommen. Besonders gut gefallen haben mir die Simulation eines Bewerbungsgespr\u00e4chs und die kurze, aber spannende individuelle Kompetenzberatung. Ich kann das Bewerbertraining also nur weiter empfehlen!<\/p>\n        <\/div><!-- .testimonial__content -->\n\n        <footer class=\"testimonial__footer\">\n            <cite class=\"testimonial__author\">\n                <b>Paul Kuhlmann<\/b><br \/>\n                Seminarteilnehmer, IKB vom 4. bis 6. Mai 2012<br \/>\n                            <\/cite>\n        <\/footer><!-- .testimonial__Foter -->\n\n    <\/div><!-- .testimonial__container -->\n\n    \n<\/blockquote><!-- .testimonial -->\n<blockquote class=\"testimonial\">\n\n    <div class=\"testimonial__container\">\n\n        <div class=\"testimonial__content\">\n            <p>Das Interkulturelle Bewerbertraining hat es mir erm\u00f6glicht, mich besser auf die verschiedenen Fragen eines Bewerbungsgespr\u00e4chs vorzubereiten. Dies erfolgte sowohl durch die Vermittlung theoretischen Wissens als durch dessen Umsetzung in die Praxis. So k\u00f6nnen die eigenen St\u00e4rken, aber auch verbesserungsf\u00e4hige Elemente festgestellt werden. Dank der erfahrenen Trainerinnen sind mir die St\u00e4rken meiner schulischen, beruflichen aber auch pers\u00f6nlichen Laufbahn bewusst geworden, die ich bis dahin nicht ausreichend hervorgehoben habe. Die Erstellung eines Lebenslaufs ist mit vielen Fragen verbunden. Auch hier habe ich zahlreiche Ratschl\u00e4ge zur Verbesserung meiner Unterlagen und ihres Layouts erhalten, so dass sie den Anforderungen der deutschen oder franz\u00f6sischen Unternehmen entsprechen. Das IKB findet in einer herzlichen Atmosph\u00e4re statt, in der auch freundschaftliche und sogar berufliche Kontakte gekn\u00fcpft werden k\u00f6nnen. Nicht zuletzt haben die Veranstalter durch ihre professionelle Betreuung zum reibungslosen Ablauf des Seminars beigetragen.<\/p>\n        <\/div><!-- .testimonial__content -->\n\n        <footer class=\"testimonial__footer\">\n            <cite class=\"testimonial__author\">\n                <b>Jimmy Methot<\/b><br \/>\n                Seminarteilnehmer, IKB vom 2. bis 4. Dezember 2011<br \/>\n                            <\/cite>\n        <\/footer><!-- .testimonial__Foter -->\n\n    <\/div><!-- .testimonial__container -->\n\n    \n<\/blockquote><!-- .testimonial -->\n<blockquote class=\"testimonial\">\n\n    <div class=\"testimonial__container\">\n\n        <div class=\"testimonial__content\">\n            <p>Das Interkulturelle Bewerbertraining war super! Wir haben einerseits alle wichtigen Informationen zur deutschen und franz\u00f6sischen Arbeitswelt und den unterschiedlichen Bewerbungsprozessen erhalten. Andererseits wurden die pers\u00f6nlichen St\u00e4rken und Schw\u00e4chen der Teilnehmer herausgearbeitet und Bewerbungsgespr\u00e4che simuliert, sodass man sich f\u00fcr zuk\u00fcnftige Bewerbungen besser vorbereitet f\u00fchlt. Mir hat das IKB mehr Zuversicht gegeben.<\/p>\n        <\/div><!-- .testimonial__content -->\n\n        <footer class=\"testimonial__footer\">\n            <cite class=\"testimonial__author\">\n                <b>Eva Liebhold<\/b><br \/>\n                Seminarteilnehmerin, IKB vom 2. bis 4. September 2011<br \/>\n                            <\/cite>\n        <\/footer><!-- .testimonial__Foter -->\n\n    <\/div><!-- .testimonial__container -->\n\n    \n<\/blockquote><!-- .testimonial -->\n<blockquote class=\"testimonial\">\n\n    <div class=\"testimonial__container\">\n\n        <div class=\"testimonial__content\">\n            <div class=\"col-sm-9\">Das Interkulturelle Bewerbertraining gew\u00e4hrte mir dank der erfahrenen Trainerinnen einen tiefen Einblick in die Arbeitswelten und -m\u00f6glichkeiten sowie in die Bewerbungsverfahren Deutschlands und Frankreichs. Zudem bekam ich zahlreiche Tipps und Infos zum Thema interkulturelle Zusammenarbeit, die mir in meiner bisherigen Laufbahn bereits gro\u00dfe Dienste geleistet haben. Nicht zuletzt wurde ich auf ein Vorstellungsgespr\u00e4ch vorbereitet, das ich daraufhin erfolgreich gemeistert habe. Herzlichen Dank an die DFH.<\/div>\n        <\/div><!-- .testimonial__content -->\n\n        <footer class=\"testimonial__footer\">\n            <cite class=\"testimonial__author\">\n                <b>Rahel Zwalla<\/b><br \/>\n                Seminarteilnehmerin, IKB vom 1. bis 3. April 2011<br \/>\n                            <\/cite>\n        <\/footer><!-- .testimonial__Foter -->\n\n    <\/div><!-- .testimonial__container -->\n\n    \n<\/blockquote><!-- .testimonial -->\n<blockquote class=\"testimonial\">\n\n    <div class=\"testimonial__container\">\n\n        <div class=\"testimonial__content\">\n            <p>Das Interkulturelle Bewerbertraining hat mir erm\u00f6glicht, die Unterschiede zwischen der deutschen und der franz\u00f6sischen Bewerbung kennen zu lernen \u2013 was f\u00fcr die Vorbereitung meiner eigenen Bewerbungen sehr hilfreich war. Auch der Erfahrungsaustausch und Dialog unter den Teilnehmern erm\u00f6glichte uns, die vorgestellten Themen untereinander zu besprechen und stellte somit eine gro\u00dfe Bereicherung f\u00fcr mich dar.<\/p>\n        <\/div><!-- .testimonial__content -->\n\n        <footer class=\"testimonial__footer\">\n            <cite class=\"testimonial__author\">\n                <b>Martin Windstein<\/b><br \/>\n                Seminarteilnehmer, IKB vom 19. bis 21. September 2008<br \/>\n                            <\/cite>\n        <\/footer><!-- .testimonial__Foter -->\n\n    <\/div><!-- .testimonial__container -->\n\n    \n<\/blockquote><!-- .testimonial -->\n            <\/section><!-- .testimonials -->\n            \n","protected":false},"excerpt":{"rendered":"","protected":false},"author":2,"featured_media":0,"parent":836,"menu_order":45,"comment_status":"closed","ping_status":"closed","template":"","meta":{"_bbp_topic_count":0,"_bbp_reply_count":0,"_bbp_total_topic_count":0,"_bbp_total_reply_count":0,"_bbp_voice_count":0,"_bbp_anonymous_reply_count":0,"_bbp_topic_count_hidden":0,"_bbp_reply_count_hidden":0,"_bbp_forum_subforum_count":0,"inline_featured_image":false},"acf":[],"_links":{"self":[{"href":"https:\/\/www.dfh-ufa.org\/en\/wp-json\/wp\/v2\/pages\/8314"}],"collection":[{"href":"https:\/\/www.dfh-ufa.org\/en\/wp-json\/wp\/v2\/pages"}],"about":[{"href":"https:\/\/www.dfh-ufa.org\/en\/wp-json\/wp\/v2\/types\/page"}],"author":[{"embeddable":true,"href":"https:\/\/www.dfh-ufa.org\/en\/wp-json\/wp\/v2\/users\/2"}],"replies":[{"embeddable":true,"href":"https:\/\/www.dfh-ufa.org\/en\/wp-json\/wp\/v2\/comments?post=8314"}],"version-history":[{"count":4,"href":"https:\/\/www.dfh-ufa.org\/en\/wp-json\/wp\/v2\/pages\/8314\/revisions"}],"predecessor-version":[{"id":9138,"href":"https:\/\/www.dfh-ufa.org\/en\/wp-json\/wp\/v2\/pages\/8314\/revisions\/9138"}],"up":[{"embeddable":true,"href":"https:\/\/www.dfh-ufa.org\/en\/wp-json\/wp\/v2\/pages\/836"}],"wp:attachment":[{"href":"https:\/\/www.dfh-ufa.org\/en\/wp-json\/wp\/v2\/media?parent=8314"}],"curies":[{"name":"wp","href":"https:\/\/api.w.org\/{rel}","templated":true}]}}