{"id":8447,"date":"2018-07-11T10:21:08","date_gmt":"2018-07-11T08:21:08","guid":{"rendered":"https:\/\/www.dfh-ufa.org\/?page_id=8447"},"modified":"2025-12-15T15:41:43","modified_gmt":"2025-12-15T14:41:43","slug":"curriculum-vitae-vize-praesident","status":"publish","type":"page","link":"https:\/\/www.dfh-ufa.org\/en\/the-fgu\/das-team-der-dfh\/hochschulleitung-2\/curriculum-vitae-vize-praesident","title":{"rendered":"Curriculum vitae &#8211; Vizepr\u00e4sidentin"},"content":{"rendered":"<h2><b>Prof. Dr. Eva Martha Eckkrammer<\/b><\/h2>\n<p>ist seit Januar 2022 Vizepr\u00e4sidentin der Deutsch-Franz\u00f6sischen Hochschule. Sie ist Inhaberin des Lehrstuhls f\u00fcr Romanische Sprach- und Medienwissenschaften an der Universit\u00e4t Mannheim. Mit den Strukturen der DFH ist sie durch ihre T\u00e4tigkeit als Vertreterin der Mitgliedshochschulen im Hochschulrat der DFH von 2017 bis 2021 vertraut. In der Vergangenheit hat Eckkrammer bereits diverse wissenschaftliche und akademische Funktionen ausge\u00fcbt, die sie f\u00fcr das hochschulpolitische Amt im DFH-Pr\u00e4sidium mitbringt: Pr\u00e4sidentin des Deutschen Romanistenverbandes, Gr\u00fcndungsmitglied und akademische Direktorin des Institut Fran\u00e7ais f\u00fcr Wirtschaft und Interkulturalit\u00e4t, Prorektorin an der Universit\u00e4t Mannheim sowie Vorsitzende des Hochschulrats der Hochschule Mannheim. Ihre T\u00e4tigkeit als externe internationale Expertin bei der franz\u00f6sischen Qualit\u00e4tssicherungsagentur Haut Conseil de l\u2019\u00e9valuation de la recherche et de l\u2019enseignement sup\u00e9rieur (HCERES) in Paris zertifiziert ihre Kenntnisse der franz\u00f6sischen Hochschullandschaft. Eckkrammer ist Verfasserin und Herausgeberin zahlreicher B\u00fccher und Artikel zu internationalen sowie europ\u00e4ischen Fragestellungen.<\/p>\n<p>&nbsp;<\/p>\n","protected":false},"excerpt":{"rendered":"<p>Prof. Dr. Eva Martha Eckkrammer ist seit Januar 2022 Vizepr\u00e4sidentin der Deutsch-Franz\u00f6sischen Hochschule. Sie ist Inhaberin des Lehrstuhls f\u00fcr Romanische Sprach- und Medienwissenschaften an der Universit\u00e4t Mannheim. Mit den Strukturen der DFH ist sie durch ihre T\u00e4tigkeit als Vertreterin der Mitgliedshochschulen im Hochschulrat der DFH von 2017 bis 2021 vertraut. In der Vergangenheit hat Eckkrammer [&hellip;]<\/p>\n","protected":false},"author":26,"featured_media":0,"parent":803,"menu_order":47,"comment_status":"closed","ping_status":"closed","template":"","meta":{"_bbp_topic_count":0,"_bbp_reply_count":0,"_bbp_total_topic_count":0,"_bbp_total_reply_count":0,"_bbp_voice_count":0,"_bbp_anonymous_reply_count":0,"_bbp_topic_count_hidden":0,"_bbp_reply_count_hidden":0,"_bbp_forum_subforum_count":0,"inline_featured_image":false},"acf":[],"_links":{"self":[{"href":"https:\/\/www.dfh-ufa.org\/en\/wp-json\/wp\/v2\/pages\/8447"}],"collection":[{"href":"https:\/\/www.dfh-ufa.org\/en\/wp-json\/wp\/v2\/pages"}],"about":[{"href":"https:\/\/www.dfh-ufa.org\/en\/wp-json\/wp\/v2\/types\/page"}],"author":[{"embeddable":true,"href":"https:\/\/www.dfh-ufa.org\/en\/wp-json\/wp\/v2\/users\/26"}],"replies":[{"embeddable":true,"href":"https:\/\/www.dfh-ufa.org\/en\/wp-json\/wp\/v2\/comments?post=8447"}],"version-history":[{"count":11,"href":"https:\/\/www.dfh-ufa.org\/en\/wp-json\/wp\/v2\/pages\/8447\/revisions"}],"predecessor-version":[{"id":570998,"href":"https:\/\/www.dfh-ufa.org\/en\/wp-json\/wp\/v2\/pages\/8447\/revisions\/570998"}],"up":[{"embeddable":true,"href":"https:\/\/www.dfh-ufa.org\/en\/wp-json\/wp\/v2\/pages\/803"}],"wp:attachment":[{"href":"https:\/\/www.dfh-ufa.org\/en\/wp-json\/wp\/v2\/media?parent=8447"}],"curies":[{"name":"wp","href":"https:\/\/api.w.org\/{rel}","templated":true}]}}