{"id":846,"date":"2018-04-24T09:03:16","date_gmt":"2018-04-24T07:03:16","guid":{"rendered":"https:\/\/www.dfh-ufa.org\/informationen-fuer\/hochschulen\/ausschreibungen\/"},"modified":"2026-02-23T12:49:32","modified_gmt":"2026-02-23T11:49:32","slug":"ausschreibungen","status":"publish","type":"page","link":"https:\/\/www.dfh-ufa.org\/en\/information-for\/hochschulen\/ausschreibungen","title":{"rendered":"Ausschreibungen"},"content":{"rendered":"\r\n<h2 class=\"wp-block-heading\">Die Deutsch-Franz\u00f6sische Hochschule f\u00f6rdert&#8230;<\/h2>\r\n\r\n\r\n\r\n<p>&#8230; Programme und Projekte f\u00fcr Studierende und Nachwuchswissenschaftler\/innen auf Bachelor-, Master- und Promotionsebene, darunter:<\/p>\r\n<p>&nbsp;<\/p>\r\n<ul>\r\n<li><a href=\"https:\/\/www.dfh-ufa.org\/informationen-fuer\/hochschulen\/ausschreibungen\/studiengaenge\/\">integrierte und teilintegrierte Studieng\u00e4nge<\/a><\/li>\r\n<li><a href=\"https:\/\/www.dfh-ufa.org\/informationen-fuer\/hochschulen\/ausschreibungen\/studiengaenge\/\">PhD-Track-Programme<\/a><\/li>\r\n<li><a href=\"https:\/\/www.dfh-ufa.org\/informationen-fuer\/hochschulen\/ausschreibungen\/vorbereitungstreffen\">Vorbereitungstreffen<\/a><\/li>\r\n<li><a href=\"https:\/\/www.dfh-ufa.org\/informationen-fuer\/hochschulen\/ausschreibungen\/promotion\/\">Doktorandenkollegs<\/a><\/li>\r\n<li><a href=\"https:\/\/www.dfh-ufa.org\/informationen-fuer\/hochschulen\/ausschreibungen\/promotion\/\">Cotutelles de th\u00e8se<\/a><\/li>\r\n<li><a href=\"https:\/\/www.dfh-ufa.org\/informationen-fuer\/hochschulen\/ausschreibungen\/wissenschaftliche-veranstaltungen\/\">Wissenschaftliche Veranstaltungen<\/a><\/li>\r\n<\/ul>\r\n","protected":false},"excerpt":{"rendered":"<p>Die Deutsch-Franz\u00f6sische Hochschule f\u00f6rdert&#8230; &#8230; Programme und Projekte f\u00fcr Studierende und Nachwuchswissenschaftler\/innen auf Bachelor-, Master- und Promotionsebene, darunter: &nbsp; integrierte und teilintegrierte Studieng\u00e4nge PhD-Track-Programme Vorbereitungstreffen Doktorandenkollegs Cotutelles de th\u00e8se Wissenschaftliche Veranstaltungen<\/p>\n","protected":false},"author":1,"featured_media":0,"parent":570478,"menu_order":0,"comment_status":"closed","ping_status":"closed","template":"","meta":{"_bbp_topic_count":0,"_bbp_reply_count":0,"_bbp_total_topic_count":0,"_bbp_total_reply_count":0,"_bbp_voice_count":0,"_bbp_anonymous_reply_count":0,"_bbp_topic_count_hidden":0,"_bbp_reply_count_hidden":0,"_bbp_forum_subforum_count":0,"inline_featured_image":false},"acf":[],"_links":{"self":[{"href":"https:\/\/www.dfh-ufa.org\/en\/wp-json\/wp\/v2\/pages\/846"}],"collection":[{"href":"https:\/\/www.dfh-ufa.org\/en\/wp-json\/wp\/v2\/pages"}],"about":[{"href":"https:\/\/www.dfh-ufa.org\/en\/wp-json\/wp\/v2\/types\/page"}],"author":[{"embeddable":true,"href":"https:\/\/www.dfh-ufa.org\/en\/wp-json\/wp\/v2\/users\/1"}],"replies":[{"embeddable":true,"href":"https:\/\/www.dfh-ufa.org\/en\/wp-json\/wp\/v2\/comments?post=846"}],"version-history":[{"count":19,"href":"https:\/\/www.dfh-ufa.org\/en\/wp-json\/wp\/v2\/pages\/846\/revisions"}],"predecessor-version":[{"id":430501,"href":"https:\/\/www.dfh-ufa.org\/en\/wp-json\/wp\/v2\/pages\/846\/revisions\/430501"}],"up":[{"embeddable":true,"href":"https:\/\/www.dfh-ufa.org\/en\/wp-json\/wp\/v2\/pages\/570478"}],"wp:attachment":[{"href":"https:\/\/www.dfh-ufa.org\/en\/wp-json\/wp\/v2\/media?parent=846"}],"curies":[{"name":"wp","href":"https:\/\/api.w.org\/{rel}","templated":true}]}}