{"id":850,"date":"2018-04-24T09:03:16","date_gmt":"2018-04-24T07:03:16","guid":{"rendered":"https:\/\/www.dfh-ufa.org\/informationen-fuer\/hochschulen\/evaluation\/"},"modified":"2021-03-26T16:14:16","modified_gmt":"2021-03-26T15:14:16","slug":"evaluation","status":"publish","type":"page","link":"https:\/\/www.dfh-ufa.org\/en\/information-for\/hochschulen\/evaluation","title":{"rendered":"Evaluation"},"content":{"rendered":"<div class=\"csc-default\">\n<div class=\"csc-header csc-header-n1\">\n<h2 class=\"csc-firstHeader\">Evaluationscharta<\/h2>\n<\/div>\n<ul class=\"csc-uploads csc-uploads-0\">\n<li class=\"download__list__item\"><span class=\"csc-uploads-fileName\"><span class=\"csc-uploads-fileName\"><a href=\"https:\/\/www.dfh-ufa.org\/app\/uploads\/2020\/05\/dfh_ufa_EVALUATIONSCHARTA_D.pdf\">Evaluationscharta zur Qualit\u00e4tssicherung von Studieng\u00e4ngen und F\u00f6rderprogrammen f\u00fcr Nachwuchswissenschaftler<\/a> <em>(Druckversion in PDF-Format)<\/em><\/span><\/span><\/li>\n<\/ul>\n<p>&nbsp;<\/p>\n<p>Die Webversion der Evaluationscharta finden Sie <a href=\"https:\/\/www.dfh-ufa.org\/informationen-fuer\/hochschulen\/evaluation\/evaluationscharta-zur-qualitaetssicherung-von-studiengaengen-unf-foerderprogrammen-fuer-nachwuchswissenschaftler\">hier<\/a>.<\/p>\n<\/div>\n","protected":false},"excerpt":{"rendered":"<p>Evaluationscharta Evaluationscharta zur Qualit\u00e4tssicherung von Studieng\u00e4ngen und F\u00f6rderprogrammen f\u00fcr Nachwuchswissenschaftler (Druckversion in PDF-Format) &nbsp; Die Webversion der Evaluationscharta finden Sie hier.<\/p>\n","protected":false},"author":1,"featured_media":0,"parent":570478,"menu_order":0,"comment_status":"closed","ping_status":"closed","template":"","meta":{"_bbp_topic_count":0,"_bbp_reply_count":0,"_bbp_total_topic_count":0,"_bbp_total_reply_count":0,"_bbp_voice_count":0,"_bbp_anonymous_reply_count":0,"_bbp_topic_count_hidden":0,"_bbp_reply_count_hidden":0,"_bbp_forum_subforum_count":0,"inline_featured_image":false},"acf":[],"_links":{"self":[{"href":"https:\/\/www.dfh-ufa.org\/en\/wp-json\/wp\/v2\/pages\/850"}],"collection":[{"href":"https:\/\/www.dfh-ufa.org\/en\/wp-json\/wp\/v2\/pages"}],"about":[{"href":"https:\/\/www.dfh-ufa.org\/en\/wp-json\/wp\/v2\/types\/page"}],"author":[{"embeddable":true,"href":"https:\/\/www.dfh-ufa.org\/en\/wp-json\/wp\/v2\/users\/1"}],"replies":[{"embeddable":true,"href":"https:\/\/www.dfh-ufa.org\/en\/wp-json\/wp\/v2\/comments?post=850"}],"version-history":[{"count":9,"href":"https:\/\/www.dfh-ufa.org\/en\/wp-json\/wp\/v2\/pages\/850\/revisions"}],"predecessor-version":[{"id":189913,"href":"https:\/\/www.dfh-ufa.org\/en\/wp-json\/wp\/v2\/pages\/850\/revisions\/189913"}],"up":[{"embeddable":true,"href":"https:\/\/www.dfh-ufa.org\/en\/wp-json\/wp\/v2\/pages\/570478"}],"wp:attachment":[{"href":"https:\/\/www.dfh-ufa.org\/en\/wp-json\/wp\/v2\/media?parent=850"}],"curies":[{"name":"wp","href":"https:\/\/api.w.org\/{rel}","templated":true}]}}