{"id":851,"date":"2018-04-24T09:03:16","date_gmt":"2018-04-24T07:03:16","guid":{"rendered":"https:\/\/www.dfh-ufa.org\/informationen-fuer\/hochschulen\/evaluation\/entwicklungsstand-der-studiengaenge\/"},"modified":"2025-05-09T10:22:16","modified_gmt":"2025-05-09T08:22:16","slug":"entwicklungsstand-der-studiengaenge","status":"publish","type":"page","link":"https:\/\/www.dfh-ufa.org\/en\/information-for\/hochschulen\/evaluation\/entwicklungsstand-der-studiengaenge","title":{"rendered":"Entwicklungsstand der Studieng\u00e4nge und PhD-Track-Programme"},"content":{"rendered":"<div class=\"csc-default\">\n<div class=\"csc-textpicHeader csc-textpicHeader-2\">\n<div class=\"csc-header csc-header-n1\">\n<h2 class=\"csc-firstHeader\">Entwicklungsstand der Studieng\u00e4nge und PhD-Track-Programme sowie Zeitpunkt der n\u00e4chsten Antragstellung<\/h2>\n<\/div>\n<\/div>\n<div class=\"csc-textpic-text\">\n<p>Nach einem positiv evaluierten Neuantrag wird eine Kooperation an der DFH in das 1. F\u00f6rderjahr eingestuft. Die Antragstellung auf Weiterf\u00f6rderung erfolgt bei Studieng\u00e4ngen anschlie\u00dfend alle 4 Jahre, d.h. im 4., 8., 12., 16, &#8230; F\u00f6rderjahr, im Falle von PhD-Track-Programmen alle 5 Jahre.<\/p>\n<p>Im untenstehenden Dokument erfahren Sie, in welchem Jahr f\u00fcr Ihre Kooperation eine erneute Evaluation und damit eine Antragstellung auf Weiterf\u00f6rderung ansteht. Die Antr\u00e4ge m\u00fcssen bei der DFH immer bis zum 30.06. angek\u00fcndigt und bis sp\u00e4testens 31.10. des jeweiligen Jahres gestellt (d.h. online validiert) werden.<\/p>\n<p>Eine graphische Darstellung der F\u00f6rderstruktur f\u00fcr die Studieng\u00e4nge der DFH inklusive der Zeitpunkte f\u00fcr eine Antragstellung finden Sie <a href=\"https:\/\/www.dfh-ufa.org\/informationen-fuer\/hochschulen\/evaluation\/foerderstruktur-und-evaluationsrhythmus\/\">hier<\/a>.<\/p>\n<p>Ab dem 1. F\u00f6rderjahr erfolgt die Antragstellung auf Weiterf\u00f6rderung alle 4 Jahre, d.h. \u00a0im 4., 8., 12., 16.,\u2026 F\u00f6rderjahr.<\/p>\n<hr \/>\n<\/div>\n<\/div>\n<div class=\"csc-default\">\n<div class=\"csc-header csc-header-n2\">\n<h2>Zeitpunkt der n\u00e4chsten Antragstellung der Kooperationen, Stand 2020-21<\/h2>\n<\/div>\n<p>&nbsp;<\/p>\n<ul>\n<li class=\"download__list__item\"><a href=\"https:\/\/www.dfh-ufa.org\/app\/uploads\/2020\/05\/DF_dfh-ufa_naechste_Antragstellung_prochain_depot_de_demande_2020-21-1.pdf\">n\u00e4chste Antragstellung f\u00fcr Studieng\u00e4nge und PhD-Track-Programme<\/a><\/li>\n<\/ul>\n<\/div>\n<div class=\"csc-default\">\n<p>&nbsp;<\/p>\n<\/div>\n","protected":false},"excerpt":{"rendered":"<p>Entwicklungsstand der Studieng\u00e4nge und PhD-Track-Programme sowie Zeitpunkt der n\u00e4chsten Antragstellung Nach einem positiv evaluierten Neuantrag wird eine Kooperation an der DFH in das 1. F\u00f6rderjahr eingestuft. Die Antragstellung auf Weiterf\u00f6rderung erfolgt bei Studieng\u00e4ngen anschlie\u00dfend alle 4 Jahre, d.h. im 4., 8., 12., 16, &#8230; F\u00f6rderjahr, im Falle von PhD-Track-Programmen alle 5 Jahre. Im untenstehenden Dokument [&hellip;]<\/p>\n","protected":false},"author":1,"featured_media":0,"parent":850,"menu_order":1173,"comment_status":"closed","ping_status":"closed","template":"","meta":{"_bbp_topic_count":0,"_bbp_reply_count":0,"_bbp_total_topic_count":0,"_bbp_total_reply_count":0,"_bbp_voice_count":0,"_bbp_anonymous_reply_count":0,"_bbp_topic_count_hidden":0,"_bbp_reply_count_hidden":0,"_bbp_forum_subforum_count":0,"inline_featured_image":false},"acf":[],"_links":{"self":[{"href":"https:\/\/www.dfh-ufa.org\/en\/wp-json\/wp\/v2\/pages\/851"}],"collection":[{"href":"https:\/\/www.dfh-ufa.org\/en\/wp-json\/wp\/v2\/pages"}],"about":[{"href":"https:\/\/www.dfh-ufa.org\/en\/wp-json\/wp\/v2\/types\/page"}],"author":[{"embeddable":true,"href":"https:\/\/www.dfh-ufa.org\/en\/wp-json\/wp\/v2\/users\/1"}],"replies":[{"embeddable":true,"href":"https:\/\/www.dfh-ufa.org\/en\/wp-json\/wp\/v2\/comments?post=851"}],"version-history":[{"count":15,"href":"https:\/\/www.dfh-ufa.org\/en\/wp-json\/wp\/v2\/pages\/851\/revisions"}],"predecessor-version":[{"id":189763,"href":"https:\/\/www.dfh-ufa.org\/en\/wp-json\/wp\/v2\/pages\/851\/revisions\/189763"}],"up":[{"embeddable":true,"href":"https:\/\/www.dfh-ufa.org\/en\/wp-json\/wp\/v2\/pages\/850"}],"wp:attachment":[{"href":"https:\/\/www.dfh-ufa.org\/en\/wp-json\/wp\/v2\/media?parent=851"}],"curies":[{"name":"wp","href":"https:\/\/api.w.org\/{rel}","templated":true}]}}