{"id":852,"date":"2018-04-24T09:03:16","date_gmt":"2018-04-24T07:03:16","guid":{"rendered":"https:\/\/www.dfh-ufa.org\/informationen-fuer\/hochschulen\/evaluation\/zeitplan-und-ablauf-der-evaluation\/"},"modified":"2025-04-30T14:27:54","modified_gmt":"2025-04-30T12:27:54","slug":"zeitplan-und-ablauf-der-evaluation","status":"publish","type":"page","link":"https:\/\/www.dfh-ufa.org\/en\/information-for\/hochschulen\/evaluation\/zeitplan-und-ablauf-der-evaluation","title":{"rendered":"Zeitplan und Ablauf der Evaluation"},"content":{"rendered":"<div class=\"csc-default\">\n<div class=\"csc-textpic-text\">\n<p><strong>15. Mai 2020<\/strong><\/p>\n<p>Ver\u00f6ffentlichung der <a href=\"https:\/\/www.dfh-ufa.org\/informationen-fuer\/hochschulen\/ausschreibungen\/studiengaenge\/\">Ausschreibung<\/a> f\u00fcr deutsch-franz\u00f6sische Studieng\u00e4nge und PhD-Track-Programme<\/p>\n<h6><\/h6>\n<p><strong>15. Juli 2020<\/strong><\/p>\n<p>Frist f\u00fcr die Signalisierung der geplanten Antragstellung (Formular &#8220;<a href=\"https:\/\/www.dfh-ufa.org\/app\/uploads\/2020\/05\/Antragsankuendigung_Manifestation-interet_07-15-neu.pdf\">Antragsank\u00fcndigung<\/a>&#8221; zwingend per E-Mail an weislinger@dfh-ufa.org einzureichen); im Anschluss Versand des Links zum Online-Antrag durch die DFH<\/p>\n<h6><\/h6>\n<p><strong>31. Oktober 2020<\/strong><\/p>\n<p><i>\u00a0<\/i>Frist f\u00fcr die Validierung der Online-Antr\u00e4ge f\u00fcr 2021\/22 (Validierung des Antrags bis 23h59)<\/p>\n<h6><\/h6>\n<p><strong>November 2020<\/strong><\/p>\n<p>Administrative Evaluation (Sekretariat der DFH)<\/p>\n<p><i>\u00a0<\/i><strong>Dezember 2020<\/strong><strong> \u2013 M\u00e4rz 2021<\/strong><\/p>\n<p>Wissenschaftliche Evaluation<br \/>\n(deutsch-franz\u00f6sische Gutachtertandems, fachlich differenzierte Evaluationsgruppen, wissenschaftlicher Beirat)<\/p>\n<p><i>\u00a0<\/i><strong>April<\/strong><strong> 2021<\/strong><\/p>\n<p>Beschlussfassung des Hochschulrates \u00fcber die F\u00f6rderung von integrierten und teilintegrierten Studieng\u00e4ngen sowie von PhD-Track-Programmen f\u00fcr das akademische Jahr 2021\/22<\/p>\n<h6><\/h6>\n<p><i>\u00a0<\/i><strong>Mitte April 2021 <em>(unmittelbar nach dem Hochschulrat)<\/em><\/strong><\/p>\n<p>Mitteilung der F\u00f6rderentscheidung an die Hochschulen<br \/>\n(per Post an die Hochschulleitung, per E-Mail an die Programmbeauftragten)<\/p>\n<\/div>\n<\/div>\n","protected":false},"excerpt":{"rendered":"<p>15. Mai 2020 Ver\u00f6ffentlichung der Ausschreibung f\u00fcr deutsch-franz\u00f6sische Studieng\u00e4nge und PhD-Track-Programme 15. Juli 2020 Frist f\u00fcr die Signalisierung der geplanten Antragstellung (Formular &#8220;Antragsank\u00fcndigung&#8221; zwingend per E-Mail an weislinger@dfh-ufa.org einzureichen); im Anschluss Versand des Links zum Online-Antrag durch die DFH 31. Oktober 2020 \u00a0Frist f\u00fcr die Validierung der Online-Antr\u00e4ge f\u00fcr 2021\/22 (Validierung des Antrags bis 23h59) [&hellip;]<\/p>\n","protected":false},"author":1,"featured_media":0,"parent":850,"menu_order":1183,"comment_status":"closed","ping_status":"closed","template":"","meta":{"_bbp_topic_count":0,"_bbp_reply_count":0,"_bbp_total_topic_count":0,"_bbp_total_reply_count":0,"_bbp_voice_count":0,"_bbp_anonymous_reply_count":0,"_bbp_topic_count_hidden":0,"_bbp_reply_count_hidden":0,"_bbp_forum_subforum_count":0,"inline_featured_image":false},"acf":[],"_links":{"self":[{"href":"https:\/\/www.dfh-ufa.org\/en\/wp-json\/wp\/v2\/pages\/852"}],"collection":[{"href":"https:\/\/www.dfh-ufa.org\/en\/wp-json\/wp\/v2\/pages"}],"about":[{"href":"https:\/\/www.dfh-ufa.org\/en\/wp-json\/wp\/v2\/types\/page"}],"author":[{"embeddable":true,"href":"https:\/\/www.dfh-ufa.org\/en\/wp-json\/wp\/v2\/users\/1"}],"replies":[{"embeddable":true,"href":"https:\/\/www.dfh-ufa.org\/en\/wp-json\/wp\/v2\/comments?post=852"}],"version-history":[{"count":13,"href":"https:\/\/www.dfh-ufa.org\/en\/wp-json\/wp\/v2\/pages\/852\/revisions"}],"predecessor-version":[{"id":510370,"href":"https:\/\/www.dfh-ufa.org\/en\/wp-json\/wp\/v2\/pages\/852\/revisions\/510370"}],"up":[{"embeddable":true,"href":"https:\/\/www.dfh-ufa.org\/en\/wp-json\/wp\/v2\/pages\/850"}],"wp:attachment":[{"href":"https:\/\/www.dfh-ufa.org\/en\/wp-json\/wp\/v2\/media?parent=852"}],"curies":[{"name":"wp","href":"https:\/\/api.w.org\/{rel}","templated":true}]}}