{"id":853,"date":"2018-04-24T09:03:16","date_gmt":"2018-04-24T07:03:16","guid":{"rendered":"https:\/\/www.dfh-ufa.org\/informationen-fuer\/hochschulen\/evaluation\/foerderstruktur-und-evaluationsrhythmus\/"},"modified":"2025-05-09T10:24:59","modified_gmt":"2025-05-09T08:24:59","slug":"foerderstruktur-und-evaluationsrhythmus","status":"publish","type":"page","link":"https:\/\/www.dfh-ufa.org\/en\/information-for\/hochschulen\/evaluation\/foerderstruktur-und-evaluationsrhythmus","title":{"rendered":"F\u00f6rderstruktur und Evaluationsrhythmus"},"content":{"rendered":"<div class=\"csc-default\">\n<div class=\"csc-header csc-header-n1\">\n<h2 class=\"csc-firstHeader\">Die F\u00f6rderstruktur f\u00fcr die von der DFH unterst\u00fctzten Studieng\u00e4nge<\/h2>\n<\/div>\n<\/div>\n<div class=\"csc-default\">\n<div class=\"csc-textpicHeader csc-textpicHeader-2\"><img decoding=\"async\" loading=\"lazy\" class=\"aligncenter wp-image-6548 size-large\" src=\"https:\/\/www.dfh-ufa.org\/app\/uploads\/2018\/06\/Foerderstruktur_neu-1024x378.jpg\" alt=\"\" width=\"1024\" height=\"378\" srcset=\"https:\/\/www.dfh-ufa.org\/app\/uploads\/2018\/06\/Foerderstruktur_neu-1024x378.jpg 1024w, https:\/\/www.dfh-ufa.org\/app\/uploads\/2018\/06\/Foerderstruktur_neu-300x111.jpg 300w, https:\/\/www.dfh-ufa.org\/app\/uploads\/2018\/06\/Foerderstruktur_neu-768x283.jpg 768w, https:\/\/www.dfh-ufa.org\/app\/uploads\/2018\/06\/Foerderstruktur_neu.jpg 1184w\" sizes=\"(max-width: 1024px) 100vw, 1024px\" \/><\/div>\n<div class=\"csc-textpic csc-textpic-left csc-textpic-above\">\n<div class=\"csc-textpic-imagewrap\">\n<div class=\"row\">\n<div class=\"col-xs-12\">\n<div class=\"csc-header csc-header-n3\">\n<h2>Evaluationsrhythmus<\/h2>\n<\/div>\n<\/div>\n<div>\n<section class=\"col-md-8\">\n<div class=\"main-content\">\n<div id=\"c8368\" class=\"csc-default\">\n<div class=\"csc-textpic-text\">\n<p>&nbsp;<\/p>\n<p><strong>Die F\u00f6rderung der Studieng\u00e4nge durch die DFH ist an eine regelm\u00e4\u00dfige Evaluation der Programme gebunden. Der Evaluation geht eine Antragstellung voraus.<\/strong><\/p>\n<h6><\/h6>\n<p><strong>In folgenden F\u00e4llen empfehlen wir Ihnen eine Antragstellung mit anschlie\u00dfender Evaluation f\u00fcr das akademische Jahr 2021\/22 (Frist: 31.10.2020):<\/strong><\/p>\n<h6><\/h6>\n<p>1. Sie m\u00f6chten einen Studiengang neu entwickeln oder haben diesen bereits entwickelt. Dieser entspricht den aktuellen Ausschreibungskriterien der DFH f\u00fcr\u00a0deutsch-franz\u00f6sische Studieng\u00e4nge, befindet sich bislang aber noch nicht unter dem Dach der DFH. In diesem Fall stellen Sie einen <i><strong>Neuantrag<\/strong><\/i> gem\u00e4\u00df der in der Ausschreibung ausgef\u00fchrten Modalit\u00e4ten.<\/p>\n<h6><\/h6>\n<p>2. Ihr Studiengang wird bereits von der DFH gef\u00f6rdert und befindet sich im Studienjahr 2020\/21 im F\u00f6rderjahr 4 oder 8. In diesem Fall m\u00fcssen Sie einen Antrag auf <i><strong>Weiterf\u00f6rderung<\/strong><\/i> stellen, damit die F\u00f6rderung fortgef\u00fchrt werden kann. Wann f\u00fcr Sie ein Antrag auf Weiterf\u00f6rderung ansteht, k\u00f6nnen Sie auch unter &#8220;<a href=\"https:\/\/www.dfh-ufa.org\/informationen-fuer\/hochschulen\/evaluation\/entwicklungsstand-der-studiengaenge\/\">Entwicklungsstand der Studieng\u00e4nge und Zeitpunkt der n\u00e4chsten Antragstellung<\/a>&#8221; \u00fcberpr\u00fcfen.<\/p>\n<h6><\/h6>\n<p>3. Ihr Studiengang wurde nach der letzten Evaluation auf <strong>Bachelor\/Master umgestellt oder es wurde eine substantielle \u00c4nderung vorgenommen.<\/strong> Er soll weiterhin von der DFH gef\u00f6rdert werden. In diesem Fall m\u00fcssen Sie zum n\u00e4chstm\u00f6glichen Zeitpunkt einen erneuten Antrag auf F\u00f6rderung stellen.<\/p>\n<h6><\/h6>\n<p>4. Ihr Studiengang wurde bei der letzten Antragstellung <strong>negativ evaluiert<\/strong>. Wie im F\u00f6rderbescheid angegeben, k\u00f6nnen Sie erneut einen Antrag auf F\u00f6rderung stellen.<\/p>\n<h6><\/h6>\n<p>5. Ihr Studiengang<strong> ruhte<\/strong> bislang in Absprache mit der DFH. Wenn Sie f\u00fcr 2021\/22 eine erneute DFH-F\u00f6rderung anstreben, m\u00fcssen Sie einen entsprechenden Neuantrag stellen.<\/p>\n<\/div>\n<\/div>\n<div id=\"c11192\" class=\"csc-default\">\n<div class=\"csc-textpic-text\">\n<h5><\/h5>\n<p><strong>Bitte beachten Sie dazu auch folgende Dokumente:<\/strong><\/p>\n<h6><\/h6>\n<ul>\n<li><a href=\"https:\/\/www.dfh-ufa.org\/app\/uploads\/2020\/05\/D_dfh-ufa_Ausschreibung_Studiengaenge_2021-22.pdf\">Ausschreibung f\u00fcr deutsch-franz\u00f6sische Stuidienprogramme<\/a><\/li>\n<li><a href=\"https:\/\/www.dfh-ufa.org\/app\/uploads\/2020\/05\/dfh_2021-22_allg_infos_fuer_antragsteller.pdf\">Allgemeine Informationen f\u00fcr Antragsteller<\/a><\/li>\n<li><a href=\"https:\/\/www.dfh-ufa.org\/app\/uploads\/2020\/05\/DF_dfh-ufa_naechste_Antragstellung_prochain_depot_de_demande_2020-21-1.pdf\">Auskunft \u00fcber den Zeitpunkt der n\u00e4chsten Antragstellung<\/a><\/li>\n<\/ul>\n<h6><\/h6>\n<p>Die Antr\u00e4ge sind von den beteiligten Hochschulen gemeinsam zu stellen und m\u00fcssen der DFH <strong>bis sp\u00e4testens 31.10.2020 <\/strong>vorliegen. Bitte signalisieren Sie uns Ihre beabsichtigte Antragstellung vor dem 15.07.2020 anhand des Formulars \u201e<a href=\"https:\/\/www.dfh-ufa.org\/app\/uploads\/2020\/05\/Antragsankuendigung_Manifestation-interet_07-15-neu.pdf\">Antragsank\u00fcndigung<\/a>\u201c per E-Mail (<a>weislinger@dfh-ufa.org<\/a>). Sobald der DFH die Antragsank\u00fcndigung vorliegt, kann Ihnen ein entsprechender Online-Antrag erstellt werden.<\/p>\n<\/div>\n<\/div>\n<\/div>\n<\/section>\n<aside class=\"col-md-4\">\n<div class=\"right-content\"><\/div>\n<\/aside>\n<\/div>\n<\/div>\n<\/div>\n<\/div>\n<\/div>\n","protected":false},"excerpt":{"rendered":"<p>Die F\u00f6rderstruktur f\u00fcr die von der DFH unterst\u00fctzten Studieng\u00e4nge Evaluationsrhythmus &nbsp; Die F\u00f6rderung der Studieng\u00e4nge durch die DFH ist an eine regelm\u00e4\u00dfige Evaluation der Programme gebunden. Der Evaluation geht eine Antragstellung voraus. In folgenden F\u00e4llen empfehlen wir Ihnen eine Antragstellung mit anschlie\u00dfender Evaluation f\u00fcr das akademische Jahr 2021\/22 (Frist: 31.10.2020): 1. Sie m\u00f6chten einen Studiengang [&hellip;]<\/p>\n","protected":false},"author":1,"featured_media":0,"parent":850,"menu_order":1193,"comment_status":"closed","ping_status":"closed","template":"","meta":{"_bbp_topic_count":0,"_bbp_reply_count":0,"_bbp_total_topic_count":0,"_bbp_total_reply_count":0,"_bbp_voice_count":0,"_bbp_anonymous_reply_count":0,"_bbp_topic_count_hidden":0,"_bbp_reply_count_hidden":0,"_bbp_forum_subforum_count":0,"inline_featured_image":false},"acf":[],"_links":{"self":[{"href":"https:\/\/www.dfh-ufa.org\/en\/wp-json\/wp\/v2\/pages\/853"}],"collection":[{"href":"https:\/\/www.dfh-ufa.org\/en\/wp-json\/wp\/v2\/pages"}],"about":[{"href":"https:\/\/www.dfh-ufa.org\/en\/wp-json\/wp\/v2\/types\/page"}],"author":[{"embeddable":true,"href":"https:\/\/www.dfh-ufa.org\/en\/wp-json\/wp\/v2\/users\/1"}],"replies":[{"embeddable":true,"href":"https:\/\/www.dfh-ufa.org\/en\/wp-json\/wp\/v2\/comments?post=853"}],"version-history":[{"count":17,"href":"https:\/\/www.dfh-ufa.org\/en\/wp-json\/wp\/v2\/pages\/853\/revisions"}],"predecessor-version":[{"id":189764,"href":"https:\/\/www.dfh-ufa.org\/en\/wp-json\/wp\/v2\/pages\/853\/revisions\/189764"}],"up":[{"embeddable":true,"href":"https:\/\/www.dfh-ufa.org\/en\/wp-json\/wp\/v2\/pages\/850"}],"wp:attachment":[{"href":"https:\/\/www.dfh-ufa.org\/en\/wp-json\/wp\/v2\/media?parent=853"}],"curies":[{"name":"wp","href":"https:\/\/api.w.org\/{rel}","templated":true}]}}