{"id":854,"date":"2018-04-24T09:03:16","date_gmt":"2018-04-24T07:03:16","guid":{"rendered":"https:\/\/www.dfh-ufa.org\/informationen-fuer\/hochschulen\/verwaltung-der-programme\/"},"modified":"2026-02-13T11:01:24","modified_gmt":"2026-02-13T10:01:24","slug":"verwaltung-der-programme","status":"publish","type":"page","link":"https:\/\/www.dfh-ufa.org\/en\/information-for\/hochschulen\/verwaltung-der-programme","title":{"rendered":"Verwaltung der Programme"},"content":{"rendered":"<p>Liebe Programmbeauftragte,<\/p>\n<p>Sie finden unter dieser Rubrik Informationen zur Verwaltung Ihres DFH-Studiengangs.<\/p>\n<p>Hierf\u00fcr stellen wir Ihnen unseren Kalender mit einer \u00dcbersicht \u00fcber die verschiedenen Aufgaben der Programmbeauftragten der DFH sowie die Pr\u00e4sentation zu unserer letzten Weiterbildungsveranstaltung f\u00fcr Programmbeauftragte zur Verf\u00fcgung.<\/p>\n<p>Bei Fragen k\u00f6nnen Sie <a href=\"https:\/\/www.dfh-ufa.org\/die-dfh\/das-team-der-dfh\/studiengaenge-und-promotion\/\" target=\"_blank\" rel=\"noopener noreferrer\">uns<\/a> auch gerne kontaktieren.<\/p>\n<h3>Jahresplanung f\u00fcr Programmbeauftragte<\/h3>\n<ul>\n<li class=\"download__list__item\"><a href=\"https:\/\/www.dfh-ufa.org\/app\/uploads\/2019\/05\/Jahresplanung_DFH_Programmbeauftragte_D_2019-1.pdf\"><span class=\"csc-uploads-fileName\">\u00dcbersicht aller f\u00fcr DFH-Programmbeauftragte relevanten Termine 2019\/20<\/span><\/a><\/li>\n<\/ul>\n<h3><\/h3>\n<h3>Weiterbildungsveranstaltung f\u00fcr Programmbeauftragte<\/h3>\n<ul>\n<li class=\"download__list__item\"><a href=\"https:\/\/www.dfh-ufa.org\/app\/uploads\/2020\/10\/Praesentation-Weiterbildungsveranstaltung-2020.pdf\">Pr\u00e4sentation &#8211; Weiterbildungsveranstaltung 2020<\/a><\/li>\n<\/ul>\n","protected":false},"excerpt":{"rendered":"<p>Liebe Programmbeauftragte, Sie finden unter dieser Rubrik Informationen zur Verwaltung Ihres DFH-Studiengangs. Hierf\u00fcr stellen wir Ihnen unseren Kalender mit einer \u00dcbersicht \u00fcber die verschiedenen Aufgaben der Programmbeauftragten der DFH sowie die Pr\u00e4sentation zu unserer letzten Weiterbildungsveranstaltung f\u00fcr Programmbeauftragte zur Verf\u00fcgung. Bei Fragen k\u00f6nnen Sie uns auch gerne kontaktieren. Jahresplanung f\u00fcr Programmbeauftragte \u00dcbersicht aller f\u00fcr DFH-Programmbeauftragte [&hellip;]<\/p>\n","protected":false},"author":1,"featured_media":0,"parent":570478,"menu_order":0,"comment_status":"closed","ping_status":"closed","template":"","meta":{"_bbp_topic_count":0,"_bbp_reply_count":0,"_bbp_total_topic_count":0,"_bbp_total_reply_count":0,"_bbp_voice_count":0,"_bbp_anonymous_reply_count":0,"_bbp_topic_count_hidden":0,"_bbp_reply_count_hidden":0,"_bbp_forum_subforum_count":0,"inline_featured_image":false},"acf":[],"_links":{"self":[{"href":"https:\/\/www.dfh-ufa.org\/en\/wp-json\/wp\/v2\/pages\/854"}],"collection":[{"href":"https:\/\/www.dfh-ufa.org\/en\/wp-json\/wp\/v2\/pages"}],"about":[{"href":"https:\/\/www.dfh-ufa.org\/en\/wp-json\/wp\/v2\/types\/page"}],"author":[{"embeddable":true,"href":"https:\/\/www.dfh-ufa.org\/en\/wp-json\/wp\/v2\/users\/1"}],"replies":[{"embeddable":true,"href":"https:\/\/www.dfh-ufa.org\/en\/wp-json\/wp\/v2\/comments?post=854"}],"version-history":[{"count":21,"href":"https:\/\/www.dfh-ufa.org\/en\/wp-json\/wp\/v2\/pages\/854\/revisions"}],"predecessor-version":[{"id":411643,"href":"https:\/\/www.dfh-ufa.org\/en\/wp-json\/wp\/v2\/pages\/854\/revisions\/411643"}],"up":[{"embeddable":true,"href":"https:\/\/www.dfh-ufa.org\/en\/wp-json\/wp\/v2\/pages\/570478"}],"wp:attachment":[{"href":"https:\/\/www.dfh-ufa.org\/en\/wp-json\/wp\/v2\/media?parent=854"}],"curies":[{"name":"wp","href":"https:\/\/api.w.org\/{rel}","templated":true}]}}