{"id":856,"date":"2018-04-24T09:03:16","date_gmt":"2018-04-24T07:03:16","guid":{"rendered":"https:\/\/www.dfh-ufa.org\/informationen-fuer\/hochschulen\/verwaltung-der-programme\/weiterbildung\/"},"modified":"2026-02-13T11:08:47","modified_gmt":"2026-02-13T10:08:47","slug":"weiterbildung","status":"publish","type":"page","link":"https:\/\/www.dfh-ufa.org\/en\/information-for\/hochschulen\/verwaltung-der-programme\/weiterbildung","title":{"rendered":"Weiterbildung"},"content":{"rendered":"<p>Die DFH empfing am 25. September 2020 bereits im elften Jahr infolge gr\u00f6\u00dftenteils neue aber auch erfahrene Programmbeauftragte bei einer vom Referat \u201eStudieng\u00e4nge und Promotion\u201c organisierten interaktiven Weiterbildung in Saarbr\u00fccken.<\/p>\n<p>Antragsformular, Einschreibung der Studierenden, Antrag auf Mobilit\u00e4tsbeihilfen, Verwendungsnachweise \u2026 Alle diese Aspekte der Verwaltung eines Studiengangs wurden den anwesenden Programmbeauftragten von den Mitarbeiterinnen der DFH pr\u00e4sentiert. Die Ansprechpartner an den Partnerhochschulen der DFH sind das ganze Jahr \u00fcber sowohl im Hinblick auf die p\u00e4dagogische als auch die administrative Verwaltung ihrer Studienprogramme gefordert und konnten sich nun mit den Formularen, den zu beachtenden Fristen, den Finanzierungsrichtlinien vertraut machen und sich mit den Kollegen austauschen. Melden Sie sich f\u00fcr den n\u00e4chsten Termin 2021 an!<\/p>\n<p>Die kompletten zugeh\u00f6rigen Unterlagen finden Sie <a href=\"https:\/\/www.dfh-ufa.org\/app\/uploads\/2020\/10\/Praesentation-Weiterbildungsveranstaltung-2020.pdf\">hier<\/a>.<\/p>\n<p>Die Pr\u00e4sentation von &#8220;Deutsch Uni Online (DUO)&#8221; finden Sie <a href=\"https:\/\/www.dfh-ufa.org\/app\/uploads\/2020\/11\/200925_DUO_DFH.pdf\">hier<\/a>.<\/p>\n<p>&nbsp;<\/p>\n<p>&nbsp;<\/p>\n<p>&nbsp;<\/p>\n<p>&nbsp;<\/p>\n","protected":false},"excerpt":{"rendered":"<p>Die DFH empfing am 25. September 2020 bereits im elften Jahr infolge gr\u00f6\u00dftenteils neue aber auch erfahrene Programmbeauftragte bei einer vom Referat \u201eStudieng\u00e4nge und Promotion\u201c organisierten interaktiven Weiterbildung in Saarbr\u00fccken. Antragsformular, Einschreibung der Studierenden, Antrag auf Mobilit\u00e4tsbeihilfen, Verwendungsnachweise \u2026 Alle diese Aspekte der Verwaltung eines Studiengangs wurden den anwesenden Programmbeauftragten von den Mitarbeiterinnen der DFH [&hellip;]<\/p>\n","protected":false},"author":1,"featured_media":0,"parent":854,"menu_order":1223,"comment_status":"closed","ping_status":"closed","template":"","meta":{"_bbp_topic_count":0,"_bbp_reply_count":0,"_bbp_total_topic_count":0,"_bbp_total_reply_count":0,"_bbp_voice_count":0,"_bbp_anonymous_reply_count":0,"_bbp_topic_count_hidden":0,"_bbp_reply_count_hidden":0,"_bbp_forum_subforum_count":0,"inline_featured_image":false},"acf":[],"_links":{"self":[{"href":"https:\/\/www.dfh-ufa.org\/en\/wp-json\/wp\/v2\/pages\/856"}],"collection":[{"href":"https:\/\/www.dfh-ufa.org\/en\/wp-json\/wp\/v2\/pages"}],"about":[{"href":"https:\/\/www.dfh-ufa.org\/en\/wp-json\/wp\/v2\/types\/page"}],"author":[{"embeddable":true,"href":"https:\/\/www.dfh-ufa.org\/en\/wp-json\/wp\/v2\/users\/1"}],"replies":[{"embeddable":true,"href":"https:\/\/www.dfh-ufa.org\/en\/wp-json\/wp\/v2\/comments?post=856"}],"version-history":[{"count":36,"href":"https:\/\/www.dfh-ufa.org\/en\/wp-json\/wp\/v2\/pages\/856\/revisions"}],"predecessor-version":[{"id":446233,"href":"https:\/\/www.dfh-ufa.org\/en\/wp-json\/wp\/v2\/pages\/856\/revisions\/446233"}],"up":[{"embeddable":true,"href":"https:\/\/www.dfh-ufa.org\/en\/wp-json\/wp\/v2\/pages\/854"}],"wp:attachment":[{"href":"https:\/\/www.dfh-ufa.org\/en\/wp-json\/wp\/v2\/media?parent=856"}],"curies":[{"name":"wp","href":"https:\/\/api.w.org\/{rel}","templated":true}]}}