{"id":857,"date":"2018-04-24T09:03:16","date_gmt":"2018-04-24T07:03:16","guid":{"rendered":"https:\/\/www.dfh-ufa.org\/informationen-fuer\/hochschulen\/verwaltung-der-programme\/finanzierungsrichtlinien\/"},"modified":"2025-06-25T11:53:05","modified_gmt":"2025-06-25T09:53:05","slug":"finanzierungsrichtlinien","status":"publish","type":"page","link":"https:\/\/www.dfh-ufa.org\/en\/information-for\/hochschulen\/verwaltung-der-programme\/finanzierungsrichtlinien","title":{"rendered":"Finanzierungsrichtlinien"},"content":{"rendered":"\r\n<h1 class=\"wp-block-heading\">Finanzielle F\u00f6rderung der DFH<\/h1>\r\n\r\n\r\n\r\n<h3 class=\"wp-block-heading\">Finanzierungsrichtlinien<\/h3>\r\n\r\n\r\n\r\n<ul>\r\n<li><a href=\"https:\/\/www.dfh-ufa.org\/app\/uploads\/2020\/05\/Finanzierungsrichtlinien_2020-21_extern.pdf\">2020\/21, binationale und trinationale Studieng\u00e4nge<\/a><\/li>\r\n<li><a href=\"https:\/\/www.dfh-ufa.org\/app\/uploads\/2020\/05\/D_Finanzierungsrichtlinien_PhD_2020-21_extern.pdf\">2020\/21, PhD-Track-Programme<\/a><\/li>\r\n<li><a href=\"https:\/\/www.dfh-ufa.org\/app\/uploads\/2019\/05\/Finanzierungsrichtlinien_2019-20.pdf\">2019\/20, binationale und trinationale Studieng\u00e4nge<\/a><\/li>\r\n<li><a href=\"https:\/\/www.dfh-ufa.org\/app\/uploads\/2018\/06\/Finanzierungsrichtlinien_2018-19.pdf\">2018\/19, binationale und trinationale Studieng\u00e4nge<\/a><\/li>\r\n<li><a href=\"https:\/\/www.dfh-ufa.org\/app\/uploads\/2018\/06\/Finanzierungsrichtlinien_2017-18.pdf\">2017\/18, binationale und trinationale Studieng\u00e4nge<\/a><\/li>\r\n<li><a href=\"https:\/\/www.dfh-ufa.org\/app\/uploads\/2018\/06\/Finanzierungsrichtlinien_2016-17.pdf\">2016\/17, binationale und trinationale Studieng\u00e4nge<\/a><\/li>\r\n<li><a href=\"https:\/\/www.dfh-ufa.org\/app\/uploads\/2018\/06\/Detaillierte_Vertrauensschutzregelung.pdf\">detaillierte Vertrauensschutzregelung<\/a><\/li>\r\n<li><a href=\"https:\/\/www.dfh-ufa.org\/app\/uploads\/2018\/06\/dfh_mobilitaetsbeihilfe_praktikum_2018_D.pdf\">F\u00f6rderung eines Studierenden w\u00e4hrend seines obligatorischen Praktikums<\/a><\/li>\r\n<\/ul>\r\n<p>&nbsp;<\/p>\r\n\r\n\r\n\r\n<h3 class=\"wp-block-heading\">Kofinanzierung<\/h3>\r\n\r\n\r\n\r\n<ul>\r\n<li><a href=\"https:\/\/www.dfh-ufa.org\/app\/uploads\/2018\/06\/Kofinanzierung_2012.pdf\">Kofinanzierung-FAQ<\/a><\/li>\r\n<\/ul>\r\n\r\n\r\n\r\n<h3 class=\"wp-block-heading\">\u00a0<\/h3>\r\n<h3>Zuwendungsvertrag (Muster)<\/h3>\r\n\r\n\r\n\r\n<ul>\r\n<li><a href=\"https:\/\/www.dfh-ufa.org\/app\/uploads\/2018\/06\/Muster_ZWV_2011-12.pdf\">Muster-Zuwendungsvertrag zur Ansicht<\/a><\/li>\r\n<\/ul>\r\n","protected":false},"excerpt":{"rendered":"<p>Finanzielle F\u00f6rderung der DFH Finanzierungsrichtlinien 2020\/21, binationale und trinationale Studieng\u00e4nge 2020\/21, PhD-Track-Programme 2019\/20, binationale und trinationale Studieng\u00e4nge 2018\/19, binationale und trinationale Studieng\u00e4nge 2017\/18, binationale und trinationale Studieng\u00e4nge 2016\/17, binationale und trinationale Studieng\u00e4nge detaillierte Vertrauensschutzregelung F\u00f6rderung eines Studierenden w\u00e4hrend seines obligatorischen Praktikums &nbsp; Kofinanzierung Kofinanzierung-FAQ \u00a0 Zuwendungsvertrag (Muster) Muster-Zuwendungsvertrag zur Ansicht<\/p>\n","protected":false},"author":1,"featured_media":0,"parent":854,"menu_order":1234,"comment_status":"closed","ping_status":"closed","template":"","meta":{"_bbp_topic_count":0,"_bbp_reply_count":0,"_bbp_total_topic_count":0,"_bbp_total_reply_count":0,"_bbp_voice_count":0,"_bbp_anonymous_reply_count":0,"_bbp_topic_count_hidden":0,"_bbp_reply_count_hidden":0,"_bbp_forum_subforum_count":0,"inline_featured_image":false},"acf":[],"_links":{"self":[{"href":"https:\/\/www.dfh-ufa.org\/en\/wp-json\/wp\/v2\/pages\/857"}],"collection":[{"href":"https:\/\/www.dfh-ufa.org\/en\/wp-json\/wp\/v2\/pages"}],"about":[{"href":"https:\/\/www.dfh-ufa.org\/en\/wp-json\/wp\/v2\/types\/page"}],"author":[{"embeddable":true,"href":"https:\/\/www.dfh-ufa.org\/en\/wp-json\/wp\/v2\/users\/1"}],"replies":[{"embeddable":true,"href":"https:\/\/www.dfh-ufa.org\/en\/wp-json\/wp\/v2\/comments?post=857"}],"version-history":[{"count":15,"href":"https:\/\/www.dfh-ufa.org\/en\/wp-json\/wp\/v2\/pages\/857\/revisions"}],"predecessor-version":[{"id":570941,"href":"https:\/\/www.dfh-ufa.org\/en\/wp-json\/wp\/v2\/pages\/857\/revisions\/570941"}],"up":[{"embeddable":true,"href":"https:\/\/www.dfh-ufa.org\/en\/wp-json\/wp\/v2\/pages\/854"}],"wp:attachment":[{"href":"https:\/\/www.dfh-ufa.org\/en\/wp-json\/wp\/v2\/media?parent=857"}],"curies":[{"name":"wp","href":"https:\/\/api.w.org\/{rel}","templated":true}]}}