{"id":9536,"date":"2018-07-25T11:53:12","date_gmt":"2018-07-25T09:53:12","guid":{"rendered":"https:\/\/www.dfh-ufa.org\/?page_id=9536"},"modified":"2025-05-07T14:30:44","modified_gmt":"2025-05-07T12:30:44","slug":"antragstellung-online","status":"publish","type":"page","link":"https:\/\/www.dfh-ufa.org\/en\/information-for\/hochschulen\/evaluation\/antragstellung-online","title":{"rendered":""},"content":{"rendered":"<div class=\"container\">\n<div class=\"content__container\" style=\"padding-top: 28px !important\">\n<div class=\"sidebar\">\n<aside class=\"aside__subnav\">\n<nav class=\"nav__sidebar\">\n<ul id=\"menu-header-main-1\" class=\"menu\">\n<li class=\"menu-item menu-item-type-post_type current-page-ancestor current-menu-ancestor menu-item-object-page menu-item-has-children\">\n<div class=\"menu-item-wrapper\"><a href=\"https:\/\/www.dfh-ufa.org\/informationen-fuer\/hochschulen\/evaluation\/antragstellung-online\/\">Antragstellung Online<\/a><button class=\"menu-item-toggle\"><\/button><\/div>\n<ul class=\"sub-menu\">\n<li class=\"menu-item menu-item-type-post_type menu-item-object-page menu-item-has-children\">\n<div class=\"menu-item-wrapper\"><a href=\"https:\/\/www.dfh-ufa.org\/informationen-fuer\/hochschulen\/evaluation\/antragstellung-online\/allgemeine-angaben\/\">Allgemeine Angaben<\/a><button class=\"menu-item-toggle\"><\/button><\/div>\n<ul class=\"sub-menu\">\n<li class=\"menu-item menu-item-type-post_type menu-item-object-page\">\n<div class=\"menu-item-wrapper\"><a href=\"https:\/\/www.dfh-ufa.org\/informationen-fuer\/hochschulen\/evaluation\/antragstellung-online\/allgemeine-angaben\/studiengang\/\">Studiengang<\/a><button class=\"menu-item-toggle\"><\/button><\/div>\n<\/li>\n<li class=\"menu-item menu-item-type-post_type menu-item-object-page\">\n<div class=\"menu-item-wrapper\"><a href=\"https:\/\/www.dfh-ufa.org\/informationen-fuer\/hochschulen\/evaluation\/antragstellung-online\/allgemeine-angaben\/integrationsgrad\/\">Integrationsgrad<\/a><button class=\"menu-item-toggle\"><\/button><\/div>\n<\/li>\n<li class=\"menu-item menu-item-type-post_type menu-item-object-page menu-item-has-children\">\n<div class=\"menu-item-wrapper\"><a href=\"https:\/\/www.dfh-ufa.org\/informationen-fuer\/hochschulen\/evaluation\/antragstellung-online\/allgemeine-angaben\/anlagen\/\">Anlagen<\/a><button class=\"menu-item-toggle\"><\/button><\/div>\n<ul class=\"sub-menu\">\n<li class=\"menu-item menu-item-type-post_type menu-item-object-page\">\n<div class=\"menu-item-wrapper\"><a href=\"https:\/\/www.dfh-ufa.org\/informationen-fuer\/hochschulen\/evaluation\/antragstellung-online\/allgemeine-angaben\/anlagen\/anlagen-upload\/\">Anlagen upload<\/a><button class=\"menu-item-toggle\"><\/button><\/div>\n<\/li>\n<li class=\"menu-item menu-item-type-post_type menu-item-object-page\">\n<div class=\"menu-item-wrapper\"><a href=\"https:\/\/www.dfh-ufa.org\/informationen-fuer\/hochschulen\/evaluation\/antragstellung-online\/allgemeine-angaben\/anlagen\/anlagen-uebersicht\/\">Anlagen \u00dcbersicht<\/a><button class=\"menu-item-toggle\"><\/button><\/div>\n<\/li>\n<\/ul>\n<\/li>\n<li class=\"menu-item menu-item-type-post_type menu-item-object-page\">\n<div class=\"menu-item-wrapper\"><a href=\"https:\/\/www.dfh-ufa.org\/informationen-fuer\/hochschulen\/evaluation\/antragstellung-online\/allgemeine-angaben\/unterschriften\/\">Unterschriften<\/a><button class=\"menu-item-toggle\"><\/button><\/div>\n<\/li>\n<li class=\"menu-item menu-item-type-post_type menu-item-object-page\">\n<div class=\"menu-item-wrapper\"><a href=\"https:\/\/www.dfh-ufa.org\/informationen-fuer\/hochschulen\/evaluation\/antragstellung-online\/allgemeine-angaben\/druckversion-validierung\/\">Druckversion &amp; Validierung<\/a><button class=\"menu-item-toggle\"><\/button><\/div>\n<\/li>\n<\/ul>\n<\/li>\n<li class=\"menu-item menu-item-type-post_type menu-item-object-page menu-item-has-children\">\n<div class=\"menu-item-wrapper\"><a href=\"https:\/\/www.dfh-ufa.org\/informationen-fuer\/hochschulen\/evaluation\/antragstellung-online\/partner\/\">Partner<\/a><button class=\"menu-item-toggle\"><\/button><\/div>\n<ul class=\"sub-menu\">\n<li class=\"menu-item menu-item-type-post_type menu-item-object-page\">\n<div class=\"menu-item-wrapper\"><a href=\"https:\/\/www.dfh-ufa.org\/informationen-fuer\/hochschulen\/evaluation\/antragstellung-online\/partner\/kontaktdaten\/\">Kontaktdaten<\/a><button class=\"menu-item-toggle\"><\/button><\/div>\n<\/li>\n<li class=\"menu-item menu-item-type-post_type menu-item-object-page\">\n<div class=\"menu-item-wrapper\"><a href=\"https:\/\/www.dfh-ufa.org\/informationen-fuer\/hochschulen\/evaluation\/antragstellung-online\/partner\/studiengang\/\">Studiengang<\/a><button class=\"menu-item-toggle\"><\/button><\/div>\n<\/li>\n<li class=\"menu-item menu-item-type-post_type menu-item-object-page\">\n<div class=\"menu-item-wrapper\"><a href=\"https:\/\/www.dfh-ufa.org\/informationen-fuer\/hochschulen\/evaluation\/antragstellung-online\/partner\/qualitaetssicherung\/\">Qualit\u00e4tssicherung<\/a><button class=\"menu-item-toggle\"><\/button><\/div>\n<\/li>\n<li class=\"menu-item menu-item-type-post_type menu-item-object-page\">\n<div class=\"menu-item-wrapper\"><a href=\"https:\/\/www.dfh-ufa.org\/informationen-fuer\/hochschulen\/evaluation\/antragstellung-online\/partner\/studienverlauf\/\">Studienverlauf<\/a><button class=\"menu-item-toggle\"><\/button><\/div>\n<\/li>\n<li class=\"menu-item menu-item-type-post_type menu-item-object-page\">\n<div class=\"menu-item-wrapper\"><a href=\"https:\/\/www.dfh-ufa.org\/informationen-fuer\/hochschulen\/evaluation\/antragstellung-online\/partner\/zulassung\/\">Zulassung<\/a><button class=\"menu-item-toggle\"><\/button><\/div>\n<\/li>\n<li class=\"menu-item menu-item-type-post_type menu-item-object-page\">\n<div class=\"menu-item-wrapper\"><a href=\"https:\/\/www.dfh-ufa.org\/informationen-fuer\/hochschulen\/evaluation\/antragstellung-online\/partner\/prognose-studierendenzahlen\/\">Prognose Studierendenzahlen<\/a><button class=\"menu-item-toggle\"><\/button><\/div>\n<\/li>\n<li class=\"menu-item menu-item-type-post_type menu-item-object-page\">\n<div class=\"menu-item-wrapper\"><a href=\"https:\/\/www.dfh-ufa.org\/informationen-fuer\/hochschulen\/evaluation\/antragstellung-online\/partner\/entwicklung-studierendenzahlen\/\">Entwicklung Studierendenzahlen<\/a><button class=\"menu-item-toggle\"><\/button><\/div>\n<\/li>\n<li class=\"menu-item menu-item-type-post_type menu-item-object-page\">\n<div class=\"menu-item-wrapper\"><a href=\"https:\/\/www.dfh-ufa.org\/informationen-fuer\/hochschulen\/evaluation\/antragstellung-online\/partner\/zusammenarbeit-und-betreuung\/\">Zusammenarbeit und Betreuung<\/a><button class=\"menu-item-toggle\"><\/button><\/div>\n<\/li>\n<li class=\"menu-item menu-item-type-post_type menu-item-object-page\">\n<div class=\"menu-item-wrapper\"><a href=\"https:\/\/www.dfh-ufa.org\/informationen-fuer\/hochschulen\/evaluation\/antragstellung-online\/partner\/sprachkompetenz\/\">Sprachkompetenz<\/a><button class=\"menu-item-toggle\"><\/button><\/div>\n<\/li>\n<li class=\"menu-item menu-item-type-post_type menu-item-object-page\">\n<div class=\"menu-item-wrapper\"><a href=\"https:\/\/www.dfh-ufa.org\/informationen-fuer\/hochschulen\/evaluation\/antragstellung-online\/partner\/studieninhalt-und-weiterfuehrung\/\">Studieninhalt und Weiterf\u00fchrung<\/a><button class=\"menu-item-toggle\"><\/button><\/div>\n<\/li>\n<li class=\"menu-item menu-item-type-post_type menu-item-object-page\">\n<div class=\"menu-item-wrapper\"><a href=\"https:\/\/www.dfh-ufa.org\/informationen-fuer\/hochschulen\/evaluation\/antragstellung-online\/partner\/interkulturelle-dimension\/\">Interkulturelle Dimension<\/a><button class=\"menu-item-toggle\"><\/button><\/div>\n<\/li>\n<li class=\"menu-item menu-item-type-post_type menu-item-object-page\">\n<div class=\"menu-item-wrapper\"><a href=\"https:\/\/www.dfh-ufa.org\/informationen-fuer\/hochschulen\/evaluation\/antragstellung-online\/partner\/alleinstellungsmerkmal\/\">Alleinstellungsmerkmal<\/a><button class=\"menu-item-toggle\"><\/button><\/div>\n<\/li>\n<li class=\"menu-item menu-item-type-post_type menu-item-object-page\">\n<div class=\"menu-item-wrapper\"><a href=\"https:\/\/www.dfh-ufa.org\/informationen-fuer\/hochschulen\/evaluation\/antragstellung-online\/partner\/entwicklung-nachhaltigkeit\/\">Entwicklung\/Nachhaltigkeit<\/a><button class=\"menu-item-toggle\"><\/button><\/div>\n<\/li>\n<li class=\"menu-item menu-item-type-post_type menu-item-object-page\">\n<div class=\"menu-item-wrapper\"><a href=\"https:\/\/www.dfh-ufa.org\/informationen-fuer\/hochschulen\/evaluation\/antragstellung-online\/partner\/datenpruefung\/\">Datenpr\u00fcfung<\/a><button class=\"menu-item-toggle\"><\/button><\/div>\n<\/li>\n<\/ul>\n<\/li>\n<li class=\"menu-item menu-item-type-post_type menu-item-object-page\">\n<div class=\"menu-item-wrapper\"><a href=\"https:\/\/www.dfh-ufa.org\/informationen-fuer\/hochschulen\/evaluation\/antragstellung-online\/sitzung-beenden\/\">Sitzung beenden<\/a><button class=\"menu-item-toggle\"><\/button><\/div>\n<\/li>\n<\/ul>\n<\/li>\n<\/ul>\n<\/nav>\n<\/aside>\n<p><!-- .aside__subnav --><\/p>\n<\/div>\n<p><!-- .sidebar --><\/p>\n<article class=\"page type-page status-publish hentry\" style=\"padding-left: 30px !important\">\n<header class=\"entry__header\">\n<h1 class=\"entry__title\">Einstiegsseite<\/h1>\n<\/header>\n<p><!-- .entry__header --><\/p>\n<div class=\"entry__content cf\">\n<div class=\"panel-layout\">\n<div class=\"panel-grid panel-no-style\">\n<div class=\"panel-grid-cell\">\n<p>Sehr geehrte Antragsteller,<\/p>\n<p>dies ist die <strong>Einstiegsseite der Hilfe<\/strong> zur Bearbeitung Ihres Antrags auf F\u00f6rderung eines deutsch-franz\u00f6sischen Studienganges.<br \/>\nDie Hilfeseiten f\u00fcr die Antragstellung Online entsprechen der Struktur des Online-Antrags mit seinen Rubriken &#8220;Allgemeine Angaben&#8221; und &#8220;Partner&#8221;.<br \/>\nHinzukommen weitere Informationen, z.B. technische Hinweise, &#8230;<\/p>\n<h2>Folgende Informationen sind vor Beginn der Bearbeitung f\u00fcr Sie wichtig:<\/h2>\n<h3>Wahl der Sprache<\/h3>\n<p>Der Antrag kann in einer deutschen (alle Fragen des Antrags sind auf Deutsch) oder einer franz\u00f6sischen Sprachversion (alles ist auf Franz\u00f6sisch) angezeigt werden. Es handelt sich hierbei jedoch um <strong>ein und dasselbe<\/strong> Antragsformular, das die Partner einer Kooperation gemeinsam bearbeiten.<br \/>\nDie <strong>Antworten<\/strong> der <strong>deutschen Hochschule<\/strong> m\u00fcssen jedoch auf <strong>Deutsch<\/strong> und die der <strong>franz\u00f6sischen<\/strong> <strong>Hochschule<\/strong> auf <strong>Franz\u00f6sisch<\/strong> erfolgen. Bei trinationalen Kooperationen k\u00f6nnen die Angaben des <strong>Drittlandpartners<\/strong> wahlweise auf <strong>Deutsch oder Franz\u00f6sisch<\/strong> gemacht werden. Wir bitten den Drittlandpartner jedoch, sich f\u00fcr eine der beiden Sprachen zu entscheiden und diese durchg\u00e4ngig zu verwenden.<\/p>\n<h6><\/h6>\n<h3>Hilfe<\/h3>\n<p><strong>Spezifisch pro Rubrik \/ Reiter:<br \/>\n<\/strong>\u00dcber die \u201eHilfe\u201c (Button auf jeder Seite) erhalten Sie Informationen zur Antragsbearbeitung und zu einzelnen Fragen der jeweiligen Rubrik \/ des jeweiligen Reiters. Wir empfehlen Ihnen, diese vor der Bearbeitung der jeweiligen Rubrik \/ des jeweiligen Reiters durchzulesen.<br \/>\n<strong>Allgemein:<br \/>\n<\/strong>Die Hilfe-Seiten erreichen Sie grunds\u00e4tzlich \u00fcber folgenden Link:<br \/>\n<a href=\"https:\/\/www.dfh-ufa.org\/informationen-fuer\/hochschulen\/evaluation\/antragstellung-online\/\">https:\/\/www.dfh-ufa.org\/informationen-fuer\/hochschulen\/evaluation\/antragstellung-online\/<\/a><\/p>\n<p>Dar\u00fcber hinaus finden Sie in der Hilfe zus\u00e4tzliche Informationen zur Antragsbearbeitung und Bewertung.<\/p>\n<h6><\/h6>\n<h3>Speichern Sie Ihre Daten!<\/h3>\n<p>Es werden nur die Daten des aktuell sichtbaren Reiters gespeichert, d. h. speichern Sie <strong>immer<\/strong> Ihre Daten, bevor Sie von einer Rubrik \/ einem Reiter zur\/zum n\u00e4chsten wechseln. Es gibt keinen Speicherbutton, mit dem Sie gleichzeitig alle Daten in den verschiedenen Rubriken und Reitern auf einmal speichern k\u00f6nnen.<br \/>\nDaten, die <strong>nicht gespeichert<\/strong> wurden, sind bei einem Systemabsturz, dem Verlassen des Antrags o. \u00e4. unwiederbringlich <strong>verloren<\/strong>!<\/p>\n<h6><\/h6>\n<h3>Aufbau des Online-Formulars<\/h3>\n<p>In der Baumstruktur am linken Bildschirmrand werden die verschiedenen Rubriken des Antragsformulars angezeigt:<\/p>\n<ul>\n<li>unter der 1. Rubrik \u201eAllgemeine Angaben\u201c befinden sich 6 Reiter, die alle Partner gemeinsam betreffen und folglich in Absprache gemeinsam von den Kooperationspartnern ausgef\u00fcllt werden;<\/li>\n<li>unter \u201ePartner\u201c, befinden sich 13 bzw. 14 Rubriken, die von jeder Hochschule einzeln ausgef\u00fcllt werden (pro Hochschule ein Reiter).<\/li>\n<\/ul>\n<h6><\/h6>\n<p>Klicken Sie auf eine Rubrik, um diese auszuw\u00e4hlen und die Bearbeitung zu beginnen. Bei der Bearbeitung m\u00fcssen Sie keine bestimmte Reihenfolge einhalten.<br \/>\nBitte beachten Sie, dass die Reiter der Hochschulen grunds\u00e4tzlich in folgender Reihenfolge angeordnet sind:<br \/>\ndeutsche Hochschule,<br \/>\nfranz\u00f6sische Hochschule,<br \/>\nggf. Drittland-Hochschule.<br \/>\nAus technischen Gr\u00fcnden wird beim ersten \u00d6ffnen der Rubrik grunds\u00e4tzlich zuerst der Reiter der deutschen Hochschule angezeigt (gem\u00e4\u00df der Anordnung der Reiter); danach wird der Reiter angezeigt, der von Ihnen zuletzt eingesehen wurde.<\/p>\n<h6><\/h6>\n<h3>Gleichzeitiges Arbeiten der Partner im Online-Antrag<\/h3>\n<p>Da die Daten pro Rubrik und Reiter abgespeichert werden, ist es m\u00f6glich, dass Sie und Ihr(e) Partner gleichzeitig in verschiedenen Reitern des Online-Antrags arbeiten.<br \/>\nEinzige Ausnahme: Die Rubrik \u201eAllgemeine Angaben\u201c kann <strong>nicht gleichzeitig bearbeitet<\/strong> werden, da diese gemeinsame Antworten der Kooperation enth\u00e4lt.<\/p>\n<h6><\/h6>\n<h3>Angaben des Partners einsehen<\/h3>\n<p>Sie k\u00f6nnen jederzeit einsehen, welche Angaben Ihr Partner gemacht hat. Wenn Sie gleichzeitig am Antrag arbeiten, werden die von Ihrem Partner neu gespeicherten Daten auf Ihrer Seite erst dann angezeigt, wenn Sie auf \u201eDiese Rubrik mit allen Reitern neu laden\u201c geklickt haben. Alternativ k\u00f6nnen Sie auch die Antragsbearbeitung neu starten.<\/p>\n<h6><\/h6>\n<h3>Nicht \u00e4nderbare Angaben<\/h3>\n<p>Grau unterlegte Felder \u2013 Angaben zu den Partnern inkl. Kontaktdaten, Name des Studiengangs,&#8230; \u2013 k\u00f6nnen nicht ge\u00e4ndert werden. Bitte pr\u00fcfen Sie diese vor Bearbeitung des Antrags und teilen Sie evtl. notwendige Korrekturen (Ausnahme Studierendenzahlen, die Sie im Formular kommentieren k\u00f6nnen) den DFH-MitarbeiterInnen mit.<\/p>\n<h6><\/h6>\n<h3>Technische Informationen zu den Feldern<\/h3>\n<ul>\n<li>In den ja\/nein-Feldern wurde die Antwort \u201enein\u201c aus technischen Gr\u00fcnden vorgegeben.<\/li>\n<li>Textfelder sind in der Regel so angelegt, dass sie sich automatisch vergr\u00f6\u00dfern.<\/li>\n<\/ul>\n<h6><\/h6>\n<h3>Druckversion des Antrags<\/h3>\n<p>Die Druckversion des Antrags kann zu jedem beliebigen Zeitpunkt w\u00e4hrend der Antragstellung unter der Rubrik \u201eAllgemeine Angaben\u201c, Reiter \u201eDruckversion &amp; Validierung\u201c erstellt werden.<br \/>\nSie enth\u00e4lt alle Ihre Angaben aus den Eingabefeldern sowie eine \u00dcbersicht der hochgeladenen Anh\u00e4nge.<br \/>\nDie DFH wird diese Druckversion sowie die eingereichten Anlagen an die Gutachter weiterleiten.<\/p>\n<h6><\/h6>\n<h3>Fristende<\/h3>\n<p>Die Antragsfrist endet am 31.10.2020 um 23:59 Uhr.<br \/>\nEine <strong>Verl\u00e4ngerung<\/strong> dieser Frist ist <strong>NICHT m\u00f6glich<\/strong>.<br \/>\nIst der Antrag bis dahin <strong>nicht validiert<\/strong>, kann er <strong>nicht<\/strong> mehr <strong>ber\u00fccksichtigt<\/strong> werden.<\/p>\n<h6><\/h6>\n<h3>Definitive \u00dcbermittlung des Antrags an die DFH<\/h3>\n<p>Beachten Sie bitte, dass Sie mit einem Klick auf den Button \u201e<strong>Validierung<\/strong>\u201c den Antrag definitiv an die DFH \u00fcbermitteln und <strong>die Antragsbearbeitung endg\u00fcltig abgeschlossen<\/strong> ist.<br \/>\n<strong>\u00c4nderungen<\/strong> am Antrag sind dann nicht mehr m\u00f6glich.<br \/>\nDetails zur Validierung des Antrags erhalten Sie in der Rubrik \u201eAllgemeine Angaben\u201c, Reiter \u201eDruckversion &amp; Validierung\u201c.<\/p>\n<\/div>\n<div class=\"panel-grid-cell\">\n<p>Wir stehen Ihnen gerne zur Verf\u00fcgung bei&#8230;<\/p>\n<p><strong>&#8230;Fragen zum Antrag und zum Evaluationsverfahren:<\/strong><br \/>\nSabine Kletzke-Vukovi\u0107<br \/>\n+49 681\/93812-166<br \/>\nkletzke(at)dfh-ufa.org<br \/>\nDanielle Weislinger<br \/>\n+49 681\/93812-163<br \/>\nweislinger(at)dfh-ufa.org<\/p>\n<p><strong>&#8230;technischen Fragen:<\/strong><br \/>\nTechnische Fragen leiten Sabine Kletzke-Vukovi\u0107 bzw. Danielle Weislinger gerne f\u00fcr Sie an das Referat IT und Digitale Medien weiter.<\/p>\n<\/div>\n<\/div>\n<\/div>\n<\/div>\n<p><!-- .entry-content --><\/p>\n<\/article>\n<p><!-- #post-851 --><br \/>\n<!-- .main --><\/p>\n<\/div>\n<p><!-- .content__container --><\/p>\n<\/div>\n","protected":false},"excerpt":{"rendered":"<p>Antragstellung Online Allgemeine Angaben Studiengang Integrationsgrad Anlagen Anlagen upload Anlagen \u00dcbersicht Unterschriften Druckversion &amp; Validierung Partner Kontaktdaten Studiengang Qualit\u00e4tssicherung Studienverlauf Zulassung Prognose Studierendenzahlen Entwicklung Studierendenzahlen Zusammenarbeit und Betreuung Sprachkompetenz Studieninhalt und Weiterf\u00fchrung Interkulturelle Dimension Alleinstellungsmerkmal Entwicklung\/Nachhaltigkeit Datenpr\u00fcfung Sitzung beenden Einstiegsseite Sehr geehrte Antragsteller, dies ist die Einstiegsseite der Hilfe zur Bearbeitung Ihres Antrags auf F\u00f6rderung [&hellip;]<\/p>\n","protected":false},"author":3,"featured_media":0,"parent":850,"menu_order":1194,"comment_status":"closed","ping_status":"closed","template":"templates\/tpl.full-width.php","meta":{"_bbp_topic_count":0,"_bbp_reply_count":0,"_bbp_total_topic_count":0,"_bbp_total_reply_count":0,"_bbp_voice_count":0,"_bbp_anonymous_reply_count":0,"_bbp_topic_count_hidden":0,"_bbp_reply_count_hidden":0,"_bbp_forum_subforum_count":0,"inline_featured_image":false},"acf":[],"_links":{"self":[{"href":"https:\/\/www.dfh-ufa.org\/en\/wp-json\/wp\/v2\/pages\/9536"}],"collection":[{"href":"https:\/\/www.dfh-ufa.org\/en\/wp-json\/wp\/v2\/pages"}],"about":[{"href":"https:\/\/www.dfh-ufa.org\/en\/wp-json\/wp\/v2\/types\/page"}],"author":[{"embeddable":true,"href":"https:\/\/www.dfh-ufa.org\/en\/wp-json\/wp\/v2\/users\/3"}],"replies":[{"embeddable":true,"href":"https:\/\/www.dfh-ufa.org\/en\/wp-json\/wp\/v2\/comments?post=9536"}],"version-history":[{"count":55,"href":"https:\/\/www.dfh-ufa.org\/en\/wp-json\/wp\/v2\/pages\/9536\/revisions"}],"predecessor-version":[{"id":189799,"href":"https:\/\/www.dfh-ufa.org\/en\/wp-json\/wp\/v2\/pages\/9536\/revisions\/189799"}],"up":[{"embeddable":true,"href":"https:\/\/www.dfh-ufa.org\/en\/wp-json\/wp\/v2\/pages\/850"}],"wp:attachment":[{"href":"https:\/\/www.dfh-ufa.org\/en\/wp-json\/wp\/v2\/media?parent=9536"}],"curies":[{"name":"wp","href":"https:\/\/api.w.org\/{rel}","templated":true}]}}