{"id":9542,"date":"2018-07-25T15:42:16","date_gmt":"2018-07-25T13:42:16","guid":{"rendered":"https:\/\/www.dfh-ufa.org\/?page_id=9542"},"modified":"2020-05-20T09:38:13","modified_gmt":"2020-05-20T07:38:13","slug":"integrationsgrad","status":"publish","type":"page","link":"https:\/\/www.dfh-ufa.org\/en\/information-for\/hochschulen\/evaluation\/antragstellung-online\/allgemeine-angaben\/integrationsgrad","title":{"rendered":""},"content":{"rendered":"<div class=\"container\">\n<div class=\"content__container\" style=\"padding-top: 28px !important\">\n<div class=\"sidebar\">\n<aside class=\"aside__subnav\">\n<nav class=\"nav__sidebar\">\n<ul id=\"menu-header-main-1\" class=\"menu\">\n<li class=\"menu-item menu-item-type-post_type current-page-ancestor current-menu-ancestor current-menu-parent current-page-parent menu-item-object-page menu-item-has-children\">\n<div class=\"menu-item-wrapper\"><a href=\"https:\/\/www.dfh-ufa.org\/informationen-fuer\/hochschulen\/evaluation\/antragstellung-online\/\">Antragstellung Online<\/a><button class=\"menu-item-toggle\"><\/button><\/div>\n<ul class=\"sub-menu\">\n<li class=\"menu-item menu-item-type-post_type current-page-ancestor current-menu-ancestor menu-item-object-page menu-item-has-children\">\n<div class=\"menu-item-wrapper\"><a href=\"https:\/\/www.dfh-ufa.org\/informationen-fuer\/hochschulen\/evaluation\/antragstellung-online\/allgemeine-angaben\/\">Allgemeine Angaben<\/a><button class=\"menu-item-toggle\"><\/button><\/div>\n<ul class=\"sub-menu\">\n<li class=\"menu-item menu-item-type-post_type menu-item-object-page\">\n<div class=\"menu-item-wrapper\"><a href=\"https:\/\/www.dfh-ufa.org\/informationen-fuer\/hochschulen\/evaluation\/antragstellung-online\/allgemeine-angaben\/studiengang\/\">Studiengang<\/a><button class=\"menu-item-toggle\"><\/button><\/div>\n<\/li>\n<li class=\"menu-item menu-item-type-post_type current-menu-item page_item current_page_item menu-item-object-page\">\n<div class=\"menu-item-wrapper\"><a href=\"https:\/\/www.dfh-ufa.org\/informationen-fuer\/hochschulen\/evaluation\/antragstellung-online\/allgemeine-angaben\/integrationsgrad\/\">Integrationsgrad<\/a><button class=\"menu-item-toggle\"><\/button><\/div>\n<\/li>\n<li class=\"menu-item menu-item-type-post_type menu-item-object-page menu-item-has-children\">\n<div class=\"menu-item-wrapper\"><a href=\"https:\/\/www.dfh-ufa.org\/informationen-fuer\/hochschulen\/evaluation\/antragstellung-online\/allgemeine-angaben\/anlagen\/\">Anlagen<\/a><button class=\"menu-item-toggle\"><\/button><\/div>\n<ul class=\"sub-menu\">\n<li class=\"menu-item menu-item-type-post_type menu-item-object-page\">\n<div class=\"menu-item-wrapper\"><a href=\"https:\/\/www.dfh-ufa.org\/informationen-fuer\/hochschulen\/evaluation\/antragstellung-online\/allgemeine-angaben\/anlagen\/anlagen-upload\/\">Anlagen upload<\/a><button class=\"menu-item-toggle\"><\/button><\/div>\n<\/li>\n<li class=\"menu-item menu-item-type-post_type menu-item-object-page\">\n<div class=\"menu-item-wrapper\"><a href=\"https:\/\/www.dfh-ufa.org\/informationen-fuer\/hochschulen\/evaluation\/antragstellung-online\/allgemeine-angaben\/anlagen\/anlagen-uebersicht\/\">Anlagen \u00dcbersicht<\/a><button class=\"menu-item-toggle\"><\/button><\/div>\n<\/li>\n<\/ul>\n<\/li>\n<li class=\"menu-item menu-item-type-post_type menu-item-object-page\">\n<div class=\"menu-item-wrapper\"><a href=\"https:\/\/www.dfh-ufa.org\/informationen-fuer\/hochschulen\/evaluation\/antragstellung-online\/allgemeine-angaben\/unterschriften\/\">Unterschriften<\/a><button class=\"menu-item-toggle\"><\/button><\/div>\n<\/li>\n<li class=\"menu-item menu-item-type-post_type menu-item-object-page\">\n<div class=\"menu-item-wrapper\"><a href=\"https:\/\/www.dfh-ufa.org\/informationen-fuer\/hochschulen\/evaluation\/antragstellung-online\/allgemeine-angaben\/druckversion-validierung\/\">Druckversion &amp; Validierung<\/a><button class=\"menu-item-toggle\"><\/button><\/div>\n<\/li>\n<\/ul>\n<\/li>\n<li class=\"menu-item menu-item-type-post_type menu-item-object-page menu-item-has-children\">\n<div class=\"menu-item-wrapper\"><a href=\"https:\/\/www.dfh-ufa.org\/informationen-fuer\/hochschulen\/evaluation\/antragstellung-online\/partner\/\">Partner<\/a><button class=\"menu-item-toggle\"><\/button><\/div>\n<ul class=\"sub-menu\">\n<li class=\"menu-item menu-item-type-post_type menu-item-object-page\">\n<div class=\"menu-item-wrapper\"><a href=\"https:\/\/www.dfh-ufa.org\/informationen-fuer\/hochschulen\/evaluation\/antragstellung-online\/partner\/kontaktdaten\/\">Kontaktdaten<\/a><button class=\"menu-item-toggle\"><\/button><\/div>\n<\/li>\n<li class=\"menu-item menu-item-type-post_type menu-item-object-page\">\n<div class=\"menu-item-wrapper\"><a href=\"https:\/\/www.dfh-ufa.org\/informationen-fuer\/hochschulen\/evaluation\/antragstellung-online\/partner\/studiengang\/\">Studiengang<\/a><button class=\"menu-item-toggle\"><\/button><\/div>\n<\/li>\n<li class=\"menu-item menu-item-type-post_type menu-item-object-page\">\n<div class=\"menu-item-wrapper\"><a href=\"https:\/\/www.dfh-ufa.org\/informationen-fuer\/hochschulen\/evaluation\/antragstellung-online\/partner\/qualitaetssicherung\/\">Qualit\u00e4tssicherung<\/a><button class=\"menu-item-toggle\"><\/button><\/div>\n<\/li>\n<li class=\"menu-item menu-item-type-post_type menu-item-object-page\">\n<div class=\"menu-item-wrapper\"><a href=\"https:\/\/www.dfh-ufa.org\/informationen-fuer\/hochschulen\/evaluation\/antragstellung-online\/partner\/studienverlauf\/\">Studienverlauf<\/a><button class=\"menu-item-toggle\"><\/button><\/div>\n<\/li>\n<li class=\"menu-item menu-item-type-post_type menu-item-object-page\">\n<div class=\"menu-item-wrapper\"><a href=\"https:\/\/www.dfh-ufa.org\/informationen-fuer\/hochschulen\/evaluation\/antragstellung-online\/partner\/zulassung\/\">Zulassung<\/a><button class=\"menu-item-toggle\"><\/button><\/div>\n<\/li>\n<li class=\"menu-item menu-item-type-post_type menu-item-object-page\">\n<div class=\"menu-item-wrapper\"><a href=\"https:\/\/www.dfh-ufa.org\/informationen-fuer\/hochschulen\/evaluation\/antragstellung-online\/partner\/prognose-studierendenzahlen\/\">Prognose Studierendenzahlen<\/a><button class=\"menu-item-toggle\"><\/button><\/div>\n<\/li>\n<li class=\"menu-item menu-item-type-post_type menu-item-object-page\">\n<div class=\"menu-item-wrapper\"><a href=\"https:\/\/www.dfh-ufa.org\/informationen-fuer\/hochschulen\/evaluation\/antragstellung-online\/partner\/entwicklung-studierendenzahlen\/\">Entwicklung Studierendenzahlen<\/a><button class=\"menu-item-toggle\"><\/button><\/div>\n<\/li>\n<li class=\"menu-item menu-item-type-post_type menu-item-object-page\">\n<div class=\"menu-item-wrapper\"><a href=\"https:\/\/www.dfh-ufa.org\/informationen-fuer\/hochschulen\/evaluation\/antragstellung-online\/partner\/zusammenarbeit-und-betreuung\/\">Zusammenarbeit und Betreuung<\/a><button class=\"menu-item-toggle\"><\/button><\/div>\n<\/li>\n<li class=\"menu-item menu-item-type-post_type menu-item-object-page\">\n<div class=\"menu-item-wrapper\"><a href=\"https:\/\/www.dfh-ufa.org\/informationen-fuer\/hochschulen\/evaluation\/antragstellung-online\/partner\/sprachkompetenz\/\">Sprachkompetenz<\/a><button class=\"menu-item-toggle\"><\/button><\/div>\n<\/li>\n<li class=\"menu-item menu-item-type-post_type menu-item-object-page\">\n<div class=\"menu-item-wrapper\"><a href=\"https:\/\/www.dfh-ufa.org\/informationen-fuer\/hochschulen\/evaluation\/antragstellung-online\/partner\/studieninhalt-und-weiterfuehrung\/\">Studieninhalt und Weiterf\u00fchrung<\/a><button class=\"menu-item-toggle\"><\/button><\/div>\n<\/li>\n<li class=\"menu-item menu-item-type-post_type menu-item-object-page\">\n<div class=\"menu-item-wrapper\"><a href=\"https:\/\/www.dfh-ufa.org\/informationen-fuer\/hochschulen\/evaluation\/antragstellung-online\/partner\/interkulturelle-dimension\/\">Interkulturelle Dimension<\/a><button class=\"menu-item-toggle\"><\/button><\/div>\n<\/li>\n<li class=\"menu-item menu-item-type-post_type menu-item-object-page\">\n<div class=\"menu-item-wrapper\"><a href=\"https:\/\/www.dfh-ufa.org\/informationen-fuer\/hochschulen\/evaluation\/antragstellung-online\/partner\/alleinstellungsmerkmal\/\">Alleinstellungsmerkmal<\/a><button class=\"menu-item-toggle\"><\/button><\/div>\n<\/li>\n<li class=\"menu-item menu-item-type-post_type menu-item-object-page\">\n<div class=\"menu-item-wrapper\"><a href=\"https:\/\/www.dfh-ufa.org\/informationen-fuer\/hochschulen\/evaluation\/antragstellung-online\/partner\/entwicklung-nachhaltigkeit\/\">Entwicklung\/Nachhaltigkeit<\/a><button class=\"menu-item-toggle\"><\/button><\/div>\n<\/li>\n<li class=\"menu-item menu-item-type-post_type menu-item-object-page\">\n<div class=\"menu-item-wrapper\"><a href=\"https:\/\/www.dfh-ufa.org\/informationen-fuer\/hochschulen\/evaluation\/antragstellung-online\/partner\/datenpruefung\/\">Datenpr\u00fcfung<\/a><button class=\"menu-item-toggle\"><\/button><\/div>\n<\/li>\n<\/ul>\n<\/li>\n<li class=\"menu-item menu-item-type-post_type menu-item-object-page\">\n<div class=\"menu-item-wrapper\"><a href=\"https:\/\/www.dfh-ufa.org\/informationen-fuer\/hochschulen\/evaluation\/antragstellung-online\/sitzung-beenden\/\">Sitzung beenden<\/a><button class=\"menu-item-toggle\"><\/button><\/div>\n<\/li>\n<\/ul>\n<\/li>\n<\/ul>\n<p>&nbsp;<\/p>\n<\/nav>\n<\/aside>\n<\/div>\n<article class=\"page type-page status-publish hentry\" style=\"padding-left: 30px !important\">\n<header class=\"entry__header\">\n<h1 class=\"entry__title\">Integrationsgrad<\/h1>\n<\/header>\n<h2>Allgemeine Hinweise:<\/h2>\n<ul>\n<li>Dieser Teil ist von den Partnern gemeinsam auszuf\u00fcllen.<\/li>\n<li>Ein gleichzeitiges Arbeiten auf dieser Seite (d. h. in diesem Reiter) ist nicht m\u00f6glich.<\/li>\n<li>Im gesamten Antragsformular werden bei einigen Fragen je nach Antwort zus\u00e4tzliche Fragen eingeblendet.<\/li>\n<li>In den ja\/nein-Feldern wurde die Antwort \u201enein\u201c aus technischen Gr\u00fcnden vorgegeben; es handelt sich folglich noch nicht um die Antwort, die auf Ihre Kooperation zutrifft.<\/li>\n<li>Grau unterlegte Felder, z. B. die Daten im Antragskopf oder \u201evon der DFH gef\u00f6rdert seit\u201c k\u00f6nnen nur von DFH-MitarbeiterInnen ge\u00e4ndert werden.<\/li>\n<\/ul>\n<h2>Hinweise zu den Fragen:<\/h2>\n<p><strong>Entstehung der Kooperation:<\/strong><\/p>\n<ol>\n<li>Bitte entscheiden Sie sich f\u00fcr eine der Antwortm\u00f6glichkeiten, auch wenn mehrere zutreffen k\u00f6nnten.<\/li>\n<li>\u201ePr\u00e4zisierung bei \u201esonstiges\u201c (dt.)<br \/>\nDiese Frage wird eingeblendet, wenn die Antwort \u201esonstiges\u201c lautet und somit eine Pr\u00e4zisierung erfordert. Bitte geben Sie Ihre Antwort einmal auf Deutsch und einmal auf Franz\u00f6sisch im f\u00fcr die jeweilige Sprachfassung vorgesehenen Feld an.<\/li>\n<\/ol>\n<p>Die in 2. gemachte Erl\u00e4uterung gilt analog f\u00fcr die folgenden Fragen:<\/p>\n<ul>\n<li>Organisation der Studierenden (Pr\u00e4zisierungen bei der Antwort \u201eMischform\u201c)<\/li>\n<li>Vereinbarung \u00fcber die Studien- und Verwaltungsgeb\u00fchren (Angabe eines Grundes bei der Antwort \u201enein\u201c)<\/li>\n<\/ul>\n<h6><\/h6>\n<p><strong>Beteiligung der Drittlandhochschule an diesen Regelungen:<\/strong><\/p>\n<p>Die Erl\u00e4uterung erfolgt in der Sprache, in der die Angaben f\u00fcr den Drittlandpartner gemacht werden.<\/p>\n<h6><\/h6>\n<p><strong>Organisation der Studierenden:<\/strong><\/p>\n<p>Erl\u00e4utern Sie, ob die Studierenden eines Jahrgangs w\u00e4hrend der Gesamtdauer des deutsch-franz\u00f6sischen Studiengangs eine gemeinsame Jahrgangsgruppe bilden oder ob es sich um gekreuzte Studierendenfl\u00fcsse bzw. eine Mischform der beiden Varianten handelt.<\/p>\n<p><em>Gekreuzte Studierendenfl\u00fcsse<\/em> bedeutet, dass die deutschen und die franz\u00f6sischen Studierenden sowie ggf. die Drittlandstudierenden eines f\u00fcr den Studiengang ausgew\u00e4hlten Jahrgangs keine gemeinsame Gruppe bilden, sondern zeitgleich an der jeweils anderen Partnerhochschule studieren.<\/p>\n<p>Eine <em>gemeinsame Jahrgangsgruppe<\/em> bedeutet, dass deutsche, franz\u00f6sische und ggf. Drittland-Studierende w\u00e4hrend des gesamten Studiums eine gemeinsame Gruppe bilden und gemeinsam an den Partnerhochschulen studieren.<\/p>\n<p>Eine <em>Mischform<\/em> kann entstehen, wenn die Studierenden nur einen Teil ihres Studiums gemeinsam absolvieren. Dies ist h\u00e4ufig bei grundst\u00e4ndigen Studieng\u00e4ngen der Fall, bei denen die Studierenden ihr Studium oft an der Heimathochschule beginnen und erst in den h\u00f6heren Semestern eine gemeinsame Jahrgangsgruppe gebildet wird.<\/p>\n<\/article>\n<\/div>\n<p><!-- .content__container --><\/p>\n<\/div>\n","protected":false},"excerpt":{"rendered":"<p>Antragstellung Online Allgemeine Angaben Studiengang Integrationsgrad Anlagen Anlagen upload Anlagen \u00dcbersicht Unterschriften Druckversion &amp; Validierung Partner Kontaktdaten Studiengang Qualit\u00e4tssicherung Studienverlauf Zulassung Prognose Studierendenzahlen Entwicklung Studierendenzahlen Zusammenarbeit und Betreuung Sprachkompetenz Studieninhalt und Weiterf\u00fchrung Interkulturelle Dimension Alleinstellungsmerkmal Entwicklung\/Nachhaltigkeit Datenpr\u00fcfung Sitzung beenden &nbsp; Integrationsgrad Allgemeine Hinweise: Dieser Teil ist von den Partnern gemeinsam auszuf\u00fcllen. Ein gleichzeitiges Arbeiten auf [&hellip;]<\/p>\n","protected":false},"author":3,"featured_media":0,"parent":9539,"menu_order":1597,"comment_status":"closed","ping_status":"closed","template":"templates\/tpl.full-width.php","meta":{"_bbp_topic_count":0,"_bbp_reply_count":0,"_bbp_total_topic_count":0,"_bbp_total_reply_count":0,"_bbp_voice_count":0,"_bbp_anonymous_reply_count":0,"_bbp_topic_count_hidden":0,"_bbp_reply_count_hidden":0,"_bbp_forum_subforum_count":0,"inline_featured_image":false},"acf":[],"_links":{"self":[{"href":"https:\/\/www.dfh-ufa.org\/en\/wp-json\/wp\/v2\/pages\/9542"}],"collection":[{"href":"https:\/\/www.dfh-ufa.org\/en\/wp-json\/wp\/v2\/pages"}],"about":[{"href":"https:\/\/www.dfh-ufa.org\/en\/wp-json\/wp\/v2\/types\/page"}],"author":[{"embeddable":true,"href":"https:\/\/www.dfh-ufa.org\/en\/wp-json\/wp\/v2\/users\/3"}],"replies":[{"embeddable":true,"href":"https:\/\/www.dfh-ufa.org\/en\/wp-json\/wp\/v2\/comments?post=9542"}],"version-history":[{"count":11,"href":"https:\/\/www.dfh-ufa.org\/en\/wp-json\/wp\/v2\/pages\/9542\/revisions"}],"predecessor-version":[{"id":189803,"href":"https:\/\/www.dfh-ufa.org\/en\/wp-json\/wp\/v2\/pages\/9542\/revisions\/189803"}],"up":[{"embeddable":true,"href":"https:\/\/www.dfh-ufa.org\/en\/wp-json\/wp\/v2\/pages\/9539"}],"wp:attachment":[{"href":"https:\/\/www.dfh-ufa.org\/en\/wp-json\/wp\/v2\/media?parent=9542"}],"curies":[{"name":"wp","href":"https:\/\/api.w.org\/{rel}","templated":true}]}}