{"id":9545,"date":"2018-07-25T15:42:46","date_gmt":"2018-07-25T13:42:46","guid":{"rendered":"https:\/\/www.dfh-ufa.org\/?page_id=9545"},"modified":"2020-05-20T10:21:34","modified_gmt":"2020-05-20T08:21:34","slug":"druckversion-validierung","status":"publish","type":"page","link":"https:\/\/www.dfh-ufa.org\/en\/information-for\/hochschulen\/evaluation\/antragstellung-online\/allgemeine-angaben\/druckversion-validierung","title":{"rendered":""},"content":{"rendered":"<div class=\"container\">\n<div class=\"content__container\" style=\"padding-top: 28px !important\">\n<div class=\"sidebar\">\n<aside class=\"aside__subnav\">\n<nav class=\"nav__sidebar\">\n<ul id=\"menu-header-main-1\" class=\"menu\">\n<li class=\"menu-item menu-item-type-post_type current-page-ancestor current-menu-ancestor current-menu-parent current-page-parent menu-item-object-page menu-item-has-children\">\n<div class=\"menu-item-wrapper\"><a href=\"https:\/\/www.dfh-ufa.org\/informationen-fuer\/hochschulen\/evaluation\/antragstellung-online\/\">Antragstellung Online<\/a><button class=\"menu-item-toggle\"><\/button><\/div>\n<ul class=\"sub-menu\">\n<li class=\"menu-item menu-item-type-post_type current-page-ancestor current-menu-ancestor menu-item-object-page menu-item-has-children\">\n<div class=\"menu-item-wrapper\"><a href=\"https:\/\/www.dfh-ufa.org\/informationen-fuer\/hochschulen\/evaluation\/antragstellung-online\/allgemeine-angaben\/\">Allgemeine Angaben<\/a><button class=\"menu-item-toggle\"><\/button><\/div>\n<ul class=\"sub-menu\">\n<li class=\"menu-item menu-item-type-post_type menu-item-object-page\">\n<div class=\"menu-item-wrapper\"><a href=\"https:\/\/www.dfh-ufa.org\/informationen-fuer\/hochschulen\/evaluation\/antragstellung-online\/allgemeine-angaben\/studiengang\/\">Studiengang<\/a><button class=\"menu-item-toggle\"><\/button><\/div>\n<\/li>\n<li class=\"menu-item menu-item-type-post_type menu-item-object-page\">\n<div class=\"menu-item-wrapper\"><a href=\"https:\/\/www.dfh-ufa.org\/informationen-fuer\/hochschulen\/evaluation\/antragstellung-online\/allgemeine-angaben\/integrationsgrad\/\">Integrationsgrad<\/a><button class=\"menu-item-toggle\"><\/button><\/div>\n<\/li>\n<li class=\"menu-item menu-item-type-post_type menu-item-object-page menu-item-has-children\">\n<div class=\"menu-item-wrapper\"><a href=\"https:\/\/www.dfh-ufa.org\/informationen-fuer\/hochschulen\/evaluation\/antragstellung-online\/allgemeine-angaben\/anlagen\/\">Anlagen<\/a><button class=\"menu-item-toggle\"><\/button><\/div>\n<ul class=\"sub-menu\">\n<li class=\"menu-item menu-item-type-post_type menu-item-object-page\">\n<div class=\"menu-item-wrapper\"><a href=\"https:\/\/www.dfh-ufa.org\/informationen-fuer\/hochschulen\/evaluation\/antragstellung-online\/allgemeine-angaben\/anlagen\/anlagen-upload\/\">Anlagen upload<\/a><button class=\"menu-item-toggle\"><\/button><\/div>\n<\/li>\n<li class=\"menu-item menu-item-type-post_type menu-item-object-page\">\n<div class=\"menu-item-wrapper\"><a href=\"https:\/\/www.dfh-ufa.org\/informationen-fuer\/hochschulen\/evaluation\/antragstellung-online\/allgemeine-angaben\/anlagen\/anlagen-uebersicht\/\">Anlagen \u00dcbersicht<\/a><button class=\"menu-item-toggle\"><\/button><\/div>\n<\/li>\n<\/ul>\n<\/li>\n<li class=\"menu-item menu-item-type-post_type menu-item-object-page\">\n<div class=\"menu-item-wrapper\"><a href=\"https:\/\/www.dfh-ufa.org\/informationen-fuer\/hochschulen\/evaluation\/antragstellung-online\/allgemeine-angaben\/unterschriften\/\">Unterschriften<\/a><button class=\"menu-item-toggle\"><\/button><\/div>\n<\/li>\n<li class=\"menu-item menu-item-type-post_type current-menu-item page_item current_page_item menu-item-object-page\">\n<div class=\"menu-item-wrapper\"><a href=\"https:\/\/www.dfh-ufa.org\/informationen-fuer\/hochschulen\/evaluation\/antragstellung-online\/allgemeine-angaben\/druckversion-validierung\/\">Druckversion &amp; Validierung<\/a><button class=\"menu-item-toggle\"><\/button><\/div>\n<\/li>\n<\/ul>\n<\/li>\n<li class=\"menu-item menu-item-type-post_type menu-item-object-page menu-item-has-children\">\n<div class=\"menu-item-wrapper\"><a href=\"https:\/\/www.dfh-ufa.org\/informationen-fuer\/hochschulen\/evaluation\/antragstellung-online\/partner\/\">Partner<\/a><button class=\"menu-item-toggle\"><\/button><\/div>\n<ul class=\"sub-menu\">\n<li class=\"menu-item menu-item-type-post_type menu-item-object-page\">\n<div class=\"menu-item-wrapper\"><a href=\"https:\/\/www.dfh-ufa.org\/informationen-fuer\/hochschulen\/evaluation\/antragstellung-online\/partner\/kontaktdaten\/\">Kontaktdaten<\/a><button class=\"menu-item-toggle\"><\/button><\/div>\n<\/li>\n<li class=\"menu-item menu-item-type-post_type menu-item-object-page\">\n<div class=\"menu-item-wrapper\"><a href=\"https:\/\/www.dfh-ufa.org\/informationen-fuer\/hochschulen\/evaluation\/antragstellung-online\/partner\/studiengang\/\">Studiengang<\/a><button class=\"menu-item-toggle\"><\/button><\/div>\n<\/li>\n<li class=\"menu-item menu-item-type-post_type menu-item-object-page\">\n<div class=\"menu-item-wrapper\"><a href=\"https:\/\/www.dfh-ufa.org\/informationen-fuer\/hochschulen\/evaluation\/antragstellung-online\/partner\/qualitaetssicherung\/\">Qualit\u00e4tssicherung<\/a><button class=\"menu-item-toggle\"><\/button><\/div>\n<\/li>\n<li class=\"menu-item menu-item-type-post_type menu-item-object-page\">\n<div class=\"menu-item-wrapper\"><a href=\"https:\/\/www.dfh-ufa.org\/informationen-fuer\/hochschulen\/evaluation\/antragstellung-online\/partner\/studienverlauf\/\">Studienverlauf<\/a><button class=\"menu-item-toggle\"><\/button><\/div>\n<\/li>\n<li class=\"menu-item menu-item-type-post_type menu-item-object-page\">\n<div class=\"menu-item-wrapper\"><a href=\"https:\/\/www.dfh-ufa.org\/informationen-fuer\/hochschulen\/evaluation\/antragstellung-online\/partner\/zulassung\/\">Zulassung<\/a><button class=\"menu-item-toggle\"><\/button><\/div>\n<\/li>\n<li class=\"menu-item menu-item-type-post_type menu-item-object-page\">\n<div class=\"menu-item-wrapper\"><a href=\"https:\/\/www.dfh-ufa.org\/informationen-fuer\/hochschulen\/evaluation\/antragstellung-online\/partner\/prognose-studierendenzahlen\/\">Prognose Studierendenzahlen<\/a><button class=\"menu-item-toggle\"><\/button><\/div>\n<\/li>\n<li class=\"menu-item menu-item-type-post_type menu-item-object-page\">\n<div class=\"menu-item-wrapper\"><a href=\"https:\/\/www.dfh-ufa.org\/informationen-fuer\/hochschulen\/evaluation\/antragstellung-online\/partner\/entwicklung-studierendenzahlen\/\">Entwicklung Studierendenzahlen<\/a><button class=\"menu-item-toggle\"><\/button><\/div>\n<\/li>\n<li class=\"menu-item menu-item-type-post_type menu-item-object-page\">\n<div class=\"menu-item-wrapper\"><a href=\"https:\/\/www.dfh-ufa.org\/informationen-fuer\/hochschulen\/evaluation\/antragstellung-online\/partner\/zusammenarbeit-und-betreuung\/\">Zusammenarbeit und Betreuung<\/a><button class=\"menu-item-toggle\"><\/button><\/div>\n<\/li>\n<li class=\"menu-item menu-item-type-post_type menu-item-object-page\">\n<div class=\"menu-item-wrapper\"><a href=\"https:\/\/www.dfh-ufa.org\/informationen-fuer\/hochschulen\/evaluation\/antragstellung-online\/partner\/sprachkompetenz\/\">Sprachkompetenz<\/a><button class=\"menu-item-toggle\"><\/button><\/div>\n<\/li>\n<li class=\"menu-item menu-item-type-post_type menu-item-object-page\">\n<div class=\"menu-item-wrapper\"><a href=\"https:\/\/www.dfh-ufa.org\/informationen-fuer\/hochschulen\/evaluation\/antragstellung-online\/partner\/studieninhalt-und-weiterfuehrung\/\">Studieninhalt und Weiterf\u00fchrung<\/a><button class=\"menu-item-toggle\"><\/button><\/div>\n<\/li>\n<li class=\"menu-item menu-item-type-post_type menu-item-object-page\">\n<div class=\"menu-item-wrapper\"><a href=\"https:\/\/www.dfh-ufa.org\/informationen-fuer\/hochschulen\/evaluation\/antragstellung-online\/partner\/interkulturelle-dimension\/\">Interkulturelle Dimension<\/a><button class=\"menu-item-toggle\"><\/button><\/div>\n<\/li>\n<li class=\"menu-item menu-item-type-post_type menu-item-object-page\">\n<div class=\"menu-item-wrapper\"><a href=\"https:\/\/www.dfh-ufa.org\/informationen-fuer\/hochschulen\/evaluation\/antragstellung-online\/partner\/alleinstellungsmerkmal\/\">Alleinstellungsmerkmal<\/a><button class=\"menu-item-toggle\"><\/button><\/div>\n<\/li>\n<li class=\"menu-item menu-item-type-post_type menu-item-object-page\">\n<div class=\"menu-item-wrapper\"><a href=\"https:\/\/www.dfh-ufa.org\/informationen-fuer\/hochschulen\/evaluation\/antragstellung-online\/partner\/entwicklung-nachhaltigkeit\/\">Entwicklung\/Nachhaltigkeit<\/a><button class=\"menu-item-toggle\"><\/button><\/div>\n<\/li>\n<li class=\"menu-item menu-item-type-post_type menu-item-object-page\">\n<div class=\"menu-item-wrapper\"><a href=\"https:\/\/www.dfh-ufa.org\/informationen-fuer\/hochschulen\/evaluation\/antragstellung-online\/partner\/datenpruefung\/\">Datenpr\u00fcfung<\/a><button class=\"menu-item-toggle\"><\/button><\/div>\n<\/li>\n<\/ul>\n<\/li>\n<li class=\"menu-item menu-item-type-post_type menu-item-object-page\">\n<div class=\"menu-item-wrapper\"><a href=\"https:\/\/www.dfh-ufa.org\/informationen-fuer\/hochschulen\/evaluation\/antragstellung-online\/sitzung-beenden\/\">Sitzung beenden<\/a><button class=\"menu-item-toggle\"><\/button><\/div>\n<\/li>\n<\/ul>\n<\/li>\n<\/ul>\n<p>&nbsp;<\/p>\n<\/nav>\n<\/aside>\n<\/div>\n<article class=\"page type-page status-publish hentry\" style=\"padding-left: 30px !important\">\n<header class=\"entry__header\">\n<h1 class=\"entry__title\">Druckversion &amp; Validierung<\/h1>\n<\/header>\n<h2>Allgemeine Hinweise:<\/h2>\n<ul>\n<li>Dieser Teil ist von den Partnern gemeinsam auszuf\u00fcllen.<\/li>\n<li>Ein gleichzeitiges Arbeiten auf dieser Seite ist nicht m\u00f6glich.<\/li>\n<\/ul>\n<h2>Wichtig:<\/h2>\n<p>Die <strong>Validierung<\/strong> des Antrags (d.h. die \u00dcbermittlung des Antrags an die DFH) ist <strong>endg\u00fcltig und definitiv<\/strong> und wird nach Absprache unter den Partnern von einem der Partner ausgef\u00fchrt.<\/p>\n<p>Sollte der <strong>Antrag am 31.10. um 23:59<\/strong> nicht validiert worden sein, gilt der <strong>Antrag<\/strong> als <strong>nicht gestellt<\/strong> und kann nicht mehr ber\u00fccksichtigt werden.<\/p>\n<h2>Weitere Hinweise:<\/h2>\n<p>F\u00fcr jede Hochschule wird angezeigt, welches Ergebnis in der Rubrik \u201eDatenpr\u00fcfung\u201c vorliegt. Diese Datenpr\u00fcfung muss vorher vom jeweiligen Partner in der Rubrik \u201eDatenpr\u00fcfung\u201c durchgef\u00fchrt worden sein.<\/p>\n<ul>\n<li>\u201eVollst\u00e4ndig\u201c bedeutet, dass alle Felder ausgef\u00fcllt sind.<\/li>\n<li>\u201eUnvollst\u00e4ndig\u201c bedeutet, dass ein oder mehrere Felder bewusst oder unbewusst nicht ausgef\u00fcllt wurden. Details hierzu sind unter der Rubrik \u201eDatenpr\u00fcfung\u201c einzusehen. Eine Validierung des Antrags ist trotzdem m\u00f6glich. Wir weisen noch einmal ausdr\u00fccklich darauf hin, dass der Antragsteller die Verantwortung f\u00fcr ein pr\u00e4zise ausgef\u00fclltes Antragsformular tr\u00e4gt.<\/li>\n<li>\u201eUngepr\u00fcft\u201c bedeutet, dass die Datenpr\u00fcfung bislang nicht durchgef\u00fchrt wurde.<\/li>\n<\/ul>\n<h6><\/h6>\n<p>Wenn einer der Partner<\/p>\n<ul>\n<li><strong>alle Felder ausgef\u00fcllt<\/strong><\/li>\n<li>alle seine <strong>Anlagen<\/strong> und die <strong>Unterschriftenseite hochgeladen<\/strong><\/li>\n<li>die <strong>Datenpr\u00fcfung abgeschlossen<\/strong> hat,<\/li>\n<\/ul>\n<h6><\/h6>\n<p>kann die Antragsbearbeitung abgeschlossen werden. Hierzu setzten Sie in der Spalte \u201eErfassung abgeschlossen\u201c im f\u00fcr Sie vorgesehenen K\u00e4stchen ein H\u00e4kchen. Wenn bei allen Partnern die Antragsbearbeitung abgeschlossen ist, wird der Button \u201eValidierung\u201c freigeschaltet. Die \u201eValidierung\u201c des Antrags (d. h. die \u00dcbermittlung des Antrags an die DFH) ist nun m\u00f6glich. Dieser Vorgang erfolgt nach Absprache durch <strong>einen<\/strong> der Partner.<\/p>\n<p><strong>WICHTIG: Die Validierung ist endg\u00fcltig und kann nicht r\u00fcckg\u00e4ngig gemacht werden.<\/strong><\/p>\n<h2>Druckversion des Antrags<\/h2>\n<p>Durch Klicken des Buttons \u201eAntrag als PDF herunterladen\u201c k\u00f6nnen Sie eine Druckversion Ihres Antrags erstellen, in der die von allen Partnern eingegebenen Daten enthalten sind und die hochgeladenen Anlagen genannt werden.<\/p>\n<p>Dieses Dokument kann zu jedem Zeitpunkt erstellt werden. Die Druckversion des Antrags sollte jedoch zwingend nach Eingabe aller Daten und Anlagen durch alle Partner erstellt werden, um den Antrag zusammen mit der Unterschriftenseite Ihrer Hochschulleitung vorzulegen.<\/p>\n<p>Falls Sie eine Fehlermeldung beim \u00d6ffnen des PDF-Dokuments im Browser erhalten (insbesondere mit Firefox, wo ein mit unseren PDF-Dokumenten nicht kompatibler PDF-Reader integriert ist), gehen Sie bitte folgenderma\u00dfen vor:<br \/>\nSpeichern Sie \u00fcber die rechte Maustaste &#8220;Link\/Ziel speichern unter&#8221; das PDF-Dokument ab und \u00f6ffnen Sie es anschlie\u00dfend mit Adobe Reader.<\/p>\n<p>Sollte es zu Problemen bei der Generierung der Druckversion des Antrags als PDF kommen, wenden Sie sich bitte an die DFH.<\/p>\n<\/article>\n<\/div>\n<p><!-- .content__container --><\/p>\n<\/div>\n","protected":false},"excerpt":{"rendered":"<p>Antragstellung Online Allgemeine Angaben Studiengang Integrationsgrad Anlagen Anlagen upload Anlagen \u00dcbersicht Unterschriften Druckversion &amp; Validierung Partner Kontaktdaten Studiengang Qualit\u00e4tssicherung Studienverlauf Zulassung Prognose Studierendenzahlen Entwicklung Studierendenzahlen Zusammenarbeit und Betreuung Sprachkompetenz Studieninhalt und Weiterf\u00fchrung Interkulturelle Dimension Alleinstellungsmerkmal Entwicklung\/Nachhaltigkeit Datenpr\u00fcfung Sitzung beenden &nbsp; Druckversion &amp; Validierung Allgemeine Hinweise: Dieser Teil ist von den Partnern gemeinsam auszuf\u00fcllen. Ein gleichzeitiges [&hellip;]<\/p>\n","protected":false},"author":3,"featured_media":0,"parent":9539,"menu_order":1627,"comment_status":"closed","ping_status":"closed","template":"templates\/tpl.full-width.php","meta":{"_bbp_topic_count":0,"_bbp_reply_count":0,"_bbp_total_topic_count":0,"_bbp_total_reply_count":0,"_bbp_voice_count":0,"_bbp_anonymous_reply_count":0,"_bbp_topic_count_hidden":0,"_bbp_reply_count_hidden":0,"_bbp_forum_subforum_count":0,"inline_featured_image":false},"acf":[],"_links":{"self":[{"href":"https:\/\/www.dfh-ufa.org\/en\/wp-json\/wp\/v2\/pages\/9545"}],"collection":[{"href":"https:\/\/www.dfh-ufa.org\/en\/wp-json\/wp\/v2\/pages"}],"about":[{"href":"https:\/\/www.dfh-ufa.org\/en\/wp-json\/wp\/v2\/types\/page"}],"author":[{"embeddable":true,"href":"https:\/\/www.dfh-ufa.org\/en\/wp-json\/wp\/v2\/users\/3"}],"replies":[{"embeddable":true,"href":"https:\/\/www.dfh-ufa.org\/en\/wp-json\/wp\/v2\/comments?post=9545"}],"version-history":[{"count":7,"href":"https:\/\/www.dfh-ufa.org\/en\/wp-json\/wp\/v2\/pages\/9545\/revisions"}],"predecessor-version":[{"id":189817,"href":"https:\/\/www.dfh-ufa.org\/en\/wp-json\/wp\/v2\/pages\/9545\/revisions\/189817"}],"up":[{"embeddable":true,"href":"https:\/\/www.dfh-ufa.org\/en\/wp-json\/wp\/v2\/pages\/9539"}],"wp:attachment":[{"href":"https:\/\/www.dfh-ufa.org\/en\/wp-json\/wp\/v2\/media?parent=9545"}],"curies":[{"name":"wp","href":"https:\/\/api.w.org\/{rel}","templated":true}]}}