{"id":9551,"date":"2018-07-25T15:48:43","date_gmt":"2018-07-25T13:48:43","guid":{"rendered":"https:\/\/www.dfh-ufa.org\/?page_id=9551"},"modified":"2025-05-07T14:34:55","modified_gmt":"2025-05-07T12:34:55","slug":"anlagen-upload","status":"publish","type":"page","link":"https:\/\/www.dfh-ufa.org\/en\/information-for\/hochschulen\/evaluation\/antragstellung-online\/allgemeine-angaben\/anlagen\/anlagen-upload","title":{"rendered":""},"content":{"rendered":"<div class=\"container\">\n<div class=\"content__container\" style=\"padding-top: 28px !important\">\n<div class=\"sidebar\">\n<aside class=\"aside__subnav\">\n<nav class=\"nav__sidebar\">\n<ul id=\"menu-header-main-1\" class=\"menu\">\n<li class=\"menu-item menu-item-type-post_type current-page-ancestor current-menu-ancestor current-menu-parent current-page-parent menu-item-object-page menu-item-has-children\">\n<div class=\"menu-item-wrapper\"><a href=\"https:\/\/www.dfh-ufa.org\/informationen-fuer\/hochschulen\/evaluation\/antragstellung-online\/\">Antragstellung Online<\/a><button class=\"menu-item-toggle\"><\/button><\/div>\n<ul class=\"sub-menu\">\n<li class=\"menu-item menu-item-type-post_type current-page-ancestor current-menu-ancestor menu-item-object-page menu-item-has-children\">\n<div class=\"menu-item-wrapper\"><a href=\"https:\/\/www.dfh-ufa.org\/informationen-fuer\/hochschulen\/evaluation\/antragstellung-online\/allgemeine-angaben\/\">Allgemeine Angaben<\/a><button class=\"menu-item-toggle\"><\/button><\/div>\n<ul class=\"sub-menu\">\n<li class=\"menu-item menu-item-type-post_type menu-item-object-page\">\n<div class=\"menu-item-wrapper\"><a href=\"https:\/\/www.dfh-ufa.org\/informationen-fuer\/hochschulen\/evaluation\/antragstellung-online\/allgemeine-angaben\/studiengang\/\">Studiengang<\/a><button class=\"menu-item-toggle\"><\/button><\/div>\n<\/li>\n<li class=\"menu-item menu-item-type-post_type menu-item-object-page\">\n<div class=\"menu-item-wrapper\"><a href=\"https:\/\/www.dfh-ufa.org\/informationen-fuer\/hochschulen\/evaluation\/antragstellung-online\/allgemeine-angaben\/integrationsgrad\/\">Integrationsgrad<\/a><button class=\"menu-item-toggle\"><\/button><\/div>\n<\/li>\n<li class=\"menu-item menu-item-type-post_type current-page-ancestor current-menu-ancestor current-menu-parent current-page-parent current_page_parent current_page_ancestor menu-item-object-page menu-item-has-children\">\n<div class=\"menu-item-wrapper\"><a href=\"https:\/\/www.dfh-ufa.org\/informationen-fuer\/hochschulen\/evaluation\/antragstellung-online\/allgemeine-angaben\/anlagen\/\">Anlagen<\/a><button class=\"menu-item-toggle\"><\/button><\/div>\n<ul class=\"sub-menu\">\n<li class=\"menu-item menu-item-type-post_type current-menu-item page_item current_page_item menu-item-object-page\">\n<div class=\"menu-item-wrapper\"><a href=\"https:\/\/www.dfh-ufa.org\/informationen-fuer\/hochschulen\/evaluation\/antragstellung-online\/allgemeine-angaben\/anlagen\/anlagen-upload\/\">Anlagen Upload<\/a><button class=\"menu-item-toggle\"><\/button><\/div>\n<\/li>\n<li class=\"menu-item menu-item-type-post_type menu-item-object-page\">\n<div class=\"menu-item-wrapper\"><a href=\"https:\/\/www.dfh-ufa.org\/informationen-fuer\/hochschulen\/evaluation\/antragstellung-online\/allgemeine-angaben\/anlagen\/anlagen-uebersicht\/\">Anlagen \u00dcbersicht<\/a><button class=\"menu-item-toggle\"><\/button><\/div>\n<\/li>\n<\/ul>\n<\/li>\n<li class=\"menu-item menu-item-type-post_type menu-item-object-page\">\n<div class=\"menu-item-wrapper\"><a href=\"https:\/\/www.dfh-ufa.org\/informationen-fuer\/hochschulen\/evaluation\/antragstellung-online\/allgemeine-angaben\/unterschriften\/\">Unterschriften<\/a><button class=\"menu-item-toggle\"><\/button><\/div>\n<\/li>\n<li class=\"menu-item menu-item-type-post_type menu-item-object-page\">\n<div class=\"menu-item-wrapper\"><a href=\"https:\/\/www.dfh-ufa.org\/informationen-fuer\/hochschulen\/evaluation\/antragstellung-online\/allgemeine-angaben\/druckversion-validierung\/\">Druckversion &amp; Validierung<\/a><button class=\"menu-item-toggle\"><\/button><\/div>\n<\/li>\n<\/ul>\n<\/li>\n<li class=\"menu-item menu-item-type-post_type menu-item-object-page menu-item-has-children\">\n<div class=\"menu-item-wrapper\"><a href=\"https:\/\/www.dfh-ufa.org\/informationen-fuer\/hochschulen\/evaluation\/antragstellung-online\/partner\/\">Partner<\/a><button class=\"menu-item-toggle\"><\/button><\/div>\n<ul class=\"sub-menu\">\n<li class=\"menu-item menu-item-type-post_type menu-item-object-page\">\n<div class=\"menu-item-wrapper\"><a href=\"https:\/\/www.dfh-ufa.org\/informationen-fuer\/hochschulen\/evaluation\/antragstellung-online\/partner\/kontaktdaten\/\">Kontaktdaten<\/a><button class=\"menu-item-toggle\"><\/button><\/div>\n<\/li>\n<li class=\"menu-item menu-item-type-post_type menu-item-object-page\">\n<div class=\"menu-item-wrapper\"><a href=\"https:\/\/www.dfh-ufa.org\/informationen-fuer\/hochschulen\/evaluation\/antragstellung-online\/partner\/studiengang\/\">Studiengang<\/a><button class=\"menu-item-toggle\"><\/button><\/div>\n<\/li>\n<li class=\"menu-item menu-item-type-post_type menu-item-object-page\">\n<div class=\"menu-item-wrapper\"><a href=\"https:\/\/www.dfh-ufa.org\/informationen-fuer\/hochschulen\/evaluation\/antragstellung-online\/partner\/qualitaetssicherung\/\">Qualit\u00e4tssicherung<\/a><button class=\"menu-item-toggle\"><\/button><\/div>\n<\/li>\n<li class=\"menu-item menu-item-type-post_type menu-item-object-page\">\n<div class=\"menu-item-wrapper\"><a href=\"https:\/\/www.dfh-ufa.org\/informationen-fuer\/hochschulen\/evaluation\/antragstellung-online\/partner\/studienverlauf\/\">Studienverlauf<\/a><button class=\"menu-item-toggle\"><\/button><\/div>\n<\/li>\n<li class=\"menu-item menu-item-type-post_type menu-item-object-page\">\n<div class=\"menu-item-wrapper\"><a href=\"https:\/\/www.dfh-ufa.org\/informationen-fuer\/hochschulen\/evaluation\/antragstellung-online\/partner\/zulassung\/\">Zulassung<\/a><button class=\"menu-item-toggle\"><\/button><\/div>\n<\/li>\n<li class=\"menu-item menu-item-type-post_type menu-item-object-page\">\n<div class=\"menu-item-wrapper\"><a href=\"https:\/\/www.dfh-ufa.org\/informationen-fuer\/hochschulen\/evaluation\/antragstellung-online\/partner\/prognose-studierendenzahlen\/\">Prognose Studierendenzahlen<\/a><button class=\"menu-item-toggle\"><\/button><\/div>\n<\/li>\n<li class=\"menu-item menu-item-type-post_type menu-item-object-page\">\n<div class=\"menu-item-wrapper\"><a href=\"https:\/\/www.dfh-ufa.org\/informationen-fuer\/hochschulen\/evaluation\/antragstellung-online\/partner\/entwicklung-studierendenzahlen\/\">Entwicklung Studierendenzahlen<\/a><button class=\"menu-item-toggle\"><\/button><\/div>\n<\/li>\n<li class=\"menu-item menu-item-type-post_type menu-item-object-page\">\n<div class=\"menu-item-wrapper\"><a href=\"https:\/\/www.dfh-ufa.org\/informationen-fuer\/hochschulen\/evaluation\/antragstellung-online\/partner\/zusammenarbeit-und-betreuung\/\">Zusammenarbeit und Betreuung<\/a><button class=\"menu-item-toggle\"><\/button><\/div>\n<\/li>\n<li class=\"menu-item menu-item-type-post_type menu-item-object-page\">\n<div class=\"menu-item-wrapper\"><a href=\"https:\/\/www.dfh-ufa.org\/informationen-fuer\/hochschulen\/evaluation\/antragstellung-online\/partner\/sprachkompetenz\/\">Sprachkompetenz<\/a><button class=\"menu-item-toggle\"><\/button><\/div>\n<\/li>\n<li class=\"menu-item menu-item-type-post_type menu-item-object-page\">\n<div class=\"menu-item-wrapper\"><a href=\"https:\/\/www.dfh-ufa.org\/informationen-fuer\/hochschulen\/evaluation\/antragstellung-online\/partner\/studieninhalt-und-weiterfuehrung\/\">Studieninhalt und Weiterf\u00fchrung<\/a><button class=\"menu-item-toggle\"><\/button><\/div>\n<\/li>\n<li class=\"menu-item menu-item-type-post_type menu-item-object-page\">\n<div class=\"menu-item-wrapper\"><a href=\"https:\/\/www.dfh-ufa.org\/informationen-fuer\/hochschulen\/evaluation\/antragstellung-online\/partner\/interkulturelle-dimension\/\">Interkulturelle Dimension<\/a><button class=\"menu-item-toggle\"><\/button><\/div>\n<\/li>\n<li class=\"menu-item menu-item-type-post_type menu-item-object-page\">\n<div class=\"menu-item-wrapper\"><a href=\"https:\/\/www.dfh-ufa.org\/informationen-fuer\/hochschulen\/evaluation\/antragstellung-online\/partner\/alleinstellungsmerkmal\/\">Alleinstellungsmerkmal<\/a><button class=\"menu-item-toggle\"><\/button><\/div>\n<\/li>\n<li class=\"menu-item menu-item-type-post_type menu-item-object-page\">\n<div class=\"menu-item-wrapper\"><a href=\"https:\/\/www.dfh-ufa.org\/informationen-fuer\/hochschulen\/evaluation\/antragstellung-online\/partner\/entwicklung-nachhaltigkeit\/\">Entwicklung\/Nachhaltigkeit<\/a><button class=\"menu-item-toggle\"><\/button><\/div>\n<\/li>\n<li class=\"menu-item menu-item-type-post_type menu-item-object-page\">\n<div class=\"menu-item-wrapper\"><a href=\"https:\/\/www.dfh-ufa.org\/informationen-fuer\/hochschulen\/evaluation\/antragstellung-online\/partner\/datenpruefung\/\">Datenpr\u00fcfung<\/a><button class=\"menu-item-toggle\"><\/button><\/div>\n<\/li>\n<\/ul>\n<\/li>\n<li class=\"menu-item menu-item-type-post_type menu-item-object-page\">\n<div class=\"menu-item-wrapper\"><a href=\"https:\/\/www.dfh-ufa.org\/informationen-fuer\/hochschulen\/evaluation\/antragstellung-online\/sitzung-beenden\/\">Sitzung beenden<\/a><button class=\"menu-item-toggle\"><\/button><\/div>\n<\/li>\n<\/ul>\n<\/li>\n<\/ul>\n<p>&nbsp;<\/p>\n<\/nav>\n<\/aside>\n<\/div>\n<article class=\"page type-page status-publish hentry\" style=\"padding-left: 30px !important\">\n<header class=\"entry__header\">\n<h1 class=\"entry__title\">Anlagen Upload<\/h1>\n<\/header>\n<h2>Allgemeine Hinweise:<\/h2>\n<ul>\n<li>Dieser Teil ist von den Partnern gemeinsam auszuf\u00fcllen.<\/li>\n<li>Ein gleichzeitiges Arbeiten auf dieser Seite ist nicht m\u00f6glich.<\/li>\n<\/ul>\n<h2>Weitere Hinweise:<\/h2>\n<p>In dieser Rubrik werden die zum Antrag geh\u00f6renden Anlagen hochgeladen.<\/p>\n<p>Wenn Sie nicht \u201eUnterschriften\u201c als letzte Upload-Option angezeigt bekommen, werden leider nicht alle Optionen dieser Rubrik korrekt angezeigt. Wenn Sie keine M\u00f6glichkeit haben, \u00fcber einen Pfeil nach unten die noch fehlenden Optionen angezeigt zu bekommen, versuchen Sie die Ansicht in Ihrem Browser zu verkleinern.<\/p>\n<p>Wenn dies nicht hilft, kontaktieren Sie bitte die DFH.<\/p>\n<p><strong>F\u00fcr Neuantr\u00e4ge und f\u00fcr Weiterf\u00f6rderungsantr\u00e4ge obligatorische Anlagen:<\/strong><\/p>\n<p>&#8211; Studiengangspezifische Kooperationsvereinbarung (Anlage 1),<\/p>\n<p>&#8211; gemeinsamer Studienplan mit Studienverlaufsplan (Anlage 2),<\/p>\n<p>und<\/p>\n<p>&#8211; die von jeder Hochschule ausgef\u00fcllte Seite mit den Unterschriften der Hochschulleitung (mit Stempel) und des\/der Programmbeauftragten.<\/p>\n<p>Details zum Inhalt der Anlagen 1 und 2 finden Sie im Dokument <a href=\"https:\/\/www.dfh-ufa.org\/app\/uploads\/2020\/05\/DF_dfh_ufa_Anlagen-Annexe_1_2.pdf\">Anlagen-Annexe_1_2<\/a>.<\/p>\n<p>Details zur Unterschriftenseite finden Sie im Reiter \u201eUnterschriften&#8221;.<\/p>\n<p>Bitte denken Sie daran, dass insbesondere die Anlage 2 in einer deutschen und franz\u00f6sischen Sprachfassung vorliegen muss.<\/p>\n<p>Grunds\u00e4tzlich k\u00f6nnen Sie sowohl getrennte Sprachfassungen als auch ein gemeinsames deutsch-franz\u00f6sisches Dokument einreichen. Die Anlage 1 kann ggf. auch in einer englischen Sprachfassung eingereicht werden.<\/p>\n<p>Wenn die Anlage in beiden Sprachfassungen bereits von Ihrem Partner hochgeladen wurde, m\u00fcssen Sie diese nicht erneut dem Antrag beif\u00fcgen, da es sich um ein gemeinsames Antragsdossier handelt.<\/p>\n<p>Au\u00dferdem m\u00f6chten wir Sie darauf hinweisen, dass aus datenschutzrechtlichen Gr\u00fcnden Dokumente, die Namen von Studierenden bzw. Absolventen enthalten, anonymisiert werden sollten.<\/p>\n<p>Dar\u00fcber hinaus k\u00f6nnen Sie an dieser Stelle weitere Anlagen hochladen:<\/p>\n<ul>\n<li>Muster des jeweiligen \/ gemeinsamen Abschlussdokuments und Diploma Supplements<\/li>\n<li>weitere Dokumente wie beispielsweise Empfehlungen aus der Berufspraxis und eine Zusammenfassung des Werdegangs Ihrer Absolventen.<\/li>\n<\/ul>\n<h6><\/h6>\n<p>Bitte achten Sie vor dem Hochladen darauf, dem jeweiligen Dokument einen <strong>aussagekr\u00e4ftigen Namen<\/strong> zu geben und den Upload im richtigen Abschnitt vorzunehmen.<\/p>\n<p>Die einzelnen Dokumente m\u00fcssen grunds\u00e4tzlich im PDF-Format hochgeladen werden. Eine Beschr\u00e4nkung der Anzahl der Anlagen gibt es nicht, jedoch darf ein Gesamtvolumen von insgesamt <strong>10 MB nicht \u00fcberschritten werden.<\/strong><\/p>\n<p>Sollte das Gesamtvolumen von 10 MB \u00fcberschritten werden, kommt folgende Fehlermeldung:<br \/>\n\u201eEin Upload dieses Dokuments ist nicht mehr m\u00f6glich, da das erlaubte Volumen von 10 MB f\u00fcr die Anlagen \u00fcberschritten werden w\u00fcrde. \u00c4ndern Sie die Gr\u00f6\u00dfe der anderen Anlagen, um diese hochladen zu k\u00f6nnen.\u201c<br \/>\nL\u00f6schen Sie in diesem Fall gro\u00dfe Anlagen (die jeweilige Dokumentengr\u00f6\u00dfe wird in der \u201eAnlagen \u00dcbersicht\u201c angezeigt) und ersetzen Sie diese durch eine neue kleinere Version (verringern Sie z.B. bei eingescannten Dokumenten die dpi-Zahl). Achten Sie dabei immer darauf, dass die Dokumente am Bildschirm gut lesbar sind, damit eine Evaluation durch die Gutachter m\u00f6glich ist.<\/p>\n<p><strong>Alle Dokumente sind nach dem Hochladen unter \u201eAnlagen \u00dcbersicht\u201c einzusehen.<\/strong><\/p>\n<p>Solange der Antrag noch nicht abschlie\u00dfend an die DFH \u00fcbermittelt wurde (Rubrik \u201eAllgemeine Angaben\u201c \u2192 Reiter \u201eDruckversion &amp; Validierung\u201c \u2192 Button \u201eValidierung\u201c) k\u00f6nnen alle Dokumente wieder gel\u00f6scht, ausgetauscht und erg\u00e4nzt werden.<\/p>\n<\/article>\n<\/div>\n<p><!-- .content__container --><\/p>\n<\/div>\n","protected":false},"excerpt":{"rendered":"<p>Antragstellung Online Allgemeine Angaben Studiengang Integrationsgrad Anlagen Anlagen Upload Anlagen \u00dcbersicht Unterschriften Druckversion &amp; Validierung Partner Kontaktdaten Studiengang Qualit\u00e4tssicherung Studienverlauf Zulassung Prognose Studierendenzahlen Entwicklung Studierendenzahlen Zusammenarbeit und Betreuung Sprachkompetenz Studieninhalt und Weiterf\u00fchrung Interkulturelle Dimension Alleinstellungsmerkmal Entwicklung\/Nachhaltigkeit Datenpr\u00fcfung Sitzung beenden &nbsp; Anlagen Upload Allgemeine Hinweise: Dieser Teil ist von den Partnern gemeinsam auszuf\u00fcllen. Ein gleichzeitiges Arbeiten [&hellip;]<\/p>\n","protected":false},"author":3,"featured_media":0,"parent":9543,"menu_order":1608,"comment_status":"closed","ping_status":"closed","template":"templates\/tpl.full-width.php","meta":{"_bbp_topic_count":0,"_bbp_reply_count":0,"_bbp_total_topic_count":0,"_bbp_total_reply_count":0,"_bbp_voice_count":0,"_bbp_anonymous_reply_count":0,"_bbp_topic_count_hidden":0,"_bbp_reply_count_hidden":0,"_bbp_forum_subforum_count":0,"inline_featured_image":false},"acf":[],"_links":{"self":[{"href":"https:\/\/www.dfh-ufa.org\/en\/wp-json\/wp\/v2\/pages\/9551"}],"collection":[{"href":"https:\/\/www.dfh-ufa.org\/en\/wp-json\/wp\/v2\/pages"}],"about":[{"href":"https:\/\/www.dfh-ufa.org\/en\/wp-json\/wp\/v2\/types\/page"}],"author":[{"embeddable":true,"href":"https:\/\/www.dfh-ufa.org\/en\/wp-json\/wp\/v2\/users\/3"}],"replies":[{"embeddable":true,"href":"https:\/\/www.dfh-ufa.org\/en\/wp-json\/wp\/v2\/comments?post=9551"}],"version-history":[{"count":12,"href":"https:\/\/www.dfh-ufa.org\/en\/wp-json\/wp\/v2\/pages\/9551\/revisions"}],"predecessor-version":[{"id":189809,"href":"https:\/\/www.dfh-ufa.org\/en\/wp-json\/wp\/v2\/pages\/9551\/revisions\/189809"}],"up":[{"embeddable":true,"href":"https:\/\/www.dfh-ufa.org\/en\/wp-json\/wp\/v2\/pages\/9543"}],"wp:attachment":[{"href":"https:\/\/www.dfh-ufa.org\/en\/wp-json\/wp\/v2\/media?parent=9551"}],"curies":[{"name":"wp","href":"https:\/\/api.w.org\/{rel}","templated":true}]}}