{"id":9610,"date":"2018-07-26T15:44:18","date_gmt":"2018-07-26T13:44:18","guid":{"rendered":"https:\/\/www.dfh-ufa.org\/?page_id=9610"},"modified":"2024-05-03T10:27:47","modified_gmt":"2024-05-03T08:27:47","slug":"qualitaetssicherung","status":"publish","type":"page","link":"https:\/\/www.dfh-ufa.org\/en\/information-for\/hochschulen\/evaluation\/antragstellung-online\/partner\/qualitaetssicherung","title":{"rendered":""},"content":{"rendered":"<div class=\"container\">\n<div class=\"content__container\" style=\"padding-top: 28px !important\">\n<div class=\"sidebar\">\n<aside class=\"aside__subnav\">\n<nav class=\"nav__sidebar\">\n<ul id=\"menu-header-main-1\" class=\"menu\">\n<li class=\"menu-item menu-item-type-post_type current-page-ancestor current-menu-ancestor current-menu-parent current-page-parent menu-item-object-page menu-item-has-children\">\n<div class=\"menu-item-wrapper\"><a href=\"https:\/\/www.dfh-ufa.org\/informationen-fuer\/hochschulen\/evaluation\/antragstellung-online\/\">Antragstellung Online<\/a><button class=\"menu-item-toggle\"><\/button><\/div>\n<ul class=\"sub-menu\">\n<li class=\"menu-item menu-item-type-post_type menu-item-object-page menu-item-has-children\">\n<div class=\"menu-item-wrapper\"><a href=\"https:\/\/www.dfh-ufa.org\/informationen-fuer\/hochschulen\/evaluation\/antragstellung-online\/allgemeine-angaben\/\">Allgemeine Angaben<\/a><button class=\"menu-item-toggle\"><\/button><\/div>\n<ul class=\"sub-menu\">\n<li class=\"menu-item menu-item-type-post_type menu-item-object-page\">\n<div class=\"menu-item-wrapper\"><a href=\"https:\/\/www.dfh-ufa.org\/informationen-fuer\/hochschulen\/evaluation\/antragstellung-online\/allgemeine-angaben\/studiengang\/\">Studiengang<\/a><button class=\"menu-item-toggle\"><\/button><\/div>\n<\/li>\n<li class=\"menu-item menu-item-type-post_type menu-item-object-page\">\n<div class=\"menu-item-wrapper\"><a href=\"https:\/\/www.dfh-ufa.org\/informationen-fuer\/hochschulen\/evaluation\/antragstellung-online\/allgemeine-angaben\/integrationsgrad\/\">Integrationsgrad<\/a><button class=\"menu-item-toggle\"><\/button><\/div>\n<\/li>\n<li class=\"menu-item menu-item-type-post_type menu-item-object-page menu-item-has-children\">\n<div class=\"menu-item-wrapper\"><a href=\"https:\/\/www.dfh-ufa.org\/informationen-fuer\/hochschulen\/evaluation\/antragstellung-online\/allgemeine-angaben\/anlagen\/\">Anlagen<\/a><button class=\"menu-item-toggle\"><\/button><\/div>\n<ul class=\"sub-menu\">\n<li class=\"menu-item menu-item-type-post_type menu-item-object-page\">\n<div class=\"menu-item-wrapper\"><a href=\"https:\/\/www.dfh-ufa.org\/informationen-fuer\/hochschulen\/evaluation\/antragstellung-online\/allgemeine-angaben\/anlagen\/anlagen-upload\/\">Anlagen upload<\/a><button class=\"menu-item-toggle\"><\/button><\/div>\n<\/li>\n<li class=\"menu-item menu-item-type-post_type menu-item-object-page\">\n<div class=\"menu-item-wrapper\"><a href=\"https:\/\/www.dfh-ufa.org\/informationen-fuer\/hochschulen\/evaluation\/antragstellung-online\/allgemeine-angaben\/anlagen\/anlagen-uebersicht\/\">Anlagen \u00dcbersicht<\/a><button class=\"menu-item-toggle\"><\/button><\/div>\n<\/li>\n<\/ul>\n<\/li>\n<li class=\"menu-item menu-item-type-post_type menu-item-object-page\">\n<div class=\"menu-item-wrapper\"><a href=\"https:\/\/www.dfh-ufa.org\/informationen-fuer\/hochschulen\/evaluation\/antragstellung-online\/allgemeine-angaben\/unterschriften\/\">Unterschriften<\/a><button class=\"menu-item-toggle\"><\/button><\/div>\n<\/li>\n<li class=\"menu-item menu-item-type-post_type menu-item-object-page\">\n<div class=\"menu-item-wrapper\"><a href=\"https:\/\/www.dfh-ufa.org\/informationen-fuer\/hochschulen\/evaluation\/antragstellung-online\/allgemeine-angaben\/druckversion-validierung\/\">Druckversion &amp; Validierung<\/a><button class=\"menu-item-toggle\"><\/button><\/div>\n<\/li>\n<\/ul>\n<\/li>\n<li class=\"menu-item menu-item-type-post_type current-page-ancestor current-menu-ancestor menu-item-object-page menu-item-has-children\">\n<div class=\"menu-item-wrapper\"><a href=\"https:\/\/www.dfh-ufa.org\/informationen-fuer\/hochschulen\/evaluation\/antragstellung-online\/partner\/\">Partner<\/a><button class=\"menu-item-toggle\"><\/button><\/div>\n<ul class=\"sub-menu\">\n<li class=\"menu-item menu-item-type-post_type menu-item-object-page\">\n<div class=\"menu-item-wrapper\"><a href=\"https:\/\/www.dfh-ufa.org\/informationen-fuer\/hochschulen\/evaluation\/antragstellung-online\/partner\/kontaktdaten\/\">Kontaktdaten<\/a><button class=\"menu-item-toggle\"><\/button><\/div>\n<\/li>\n<li class=\"menu-item menu-item-type-post_type menu-item-object-page\">\n<div class=\"menu-item-wrapper\"><a href=\"https:\/\/www.dfh-ufa.org\/informationen-fuer\/hochschulen\/evaluation\/antragstellung-online\/partner\/studiengang\/\">Studiengang<\/a><button class=\"menu-item-toggle\"><\/button><\/div>\n<\/li>\n<li class=\"menu-item menu-item-type-post_type current-menu-item page_item current_page_item menu-item-object-page\">\n<div class=\"menu-item-wrapper\"><a href=\"https:\/\/www.dfh-ufa.org\/informationen-fuer\/hochschulen\/evaluation\/antragstellung-online\/partner\/qualitaetssicherung\/\">Qualit\u00e4tssicherung<\/a><button class=\"menu-item-toggle\"><\/button><\/div>\n<\/li>\n<li class=\"menu-item menu-item-type-post_type menu-item-object-page\">\n<div class=\"menu-item-wrapper\"><a href=\"https:\/\/www.dfh-ufa.org\/informationen-fuer\/hochschulen\/evaluation\/antragstellung-online\/partner\/studienverlauf\/\">Studienverlauf<\/a><button class=\"menu-item-toggle\"><\/button><\/div>\n<\/li>\n<li class=\"menu-item menu-item-type-post_type menu-item-object-page\">\n<div class=\"menu-item-wrapper\"><a href=\"https:\/\/www.dfh-ufa.org\/informationen-fuer\/hochschulen\/evaluation\/antragstellung-online\/partner\/zulassung\/\">Zulassung<\/a><button class=\"menu-item-toggle\"><\/button><\/div>\n<\/li>\n<li class=\"menu-item menu-item-type-post_type menu-item-object-page\">\n<div class=\"menu-item-wrapper\"><a href=\"https:\/\/www.dfh-ufa.org\/informationen-fuer\/hochschulen\/evaluation\/antragstellung-online\/partner\/prognose-studierendenzahlen\/\">Prognose Studierendenzahlen<\/a><button class=\"menu-item-toggle\"><\/button><\/div>\n<\/li>\n<li class=\"menu-item menu-item-type-post_type menu-item-object-page\">\n<div class=\"menu-item-wrapper\"><a href=\"https:\/\/www.dfh-ufa.org\/informationen-fuer\/hochschulen\/evaluation\/antragstellung-online\/partner\/entwicklung-studierendenzahlen\/\">Entwicklung Studierendenzahlen<\/a><button class=\"menu-item-toggle\"><\/button><\/div>\n<\/li>\n<li class=\"menu-item menu-item-type-post_type menu-item-object-page\">\n<div class=\"menu-item-wrapper\"><a href=\"https:\/\/www.dfh-ufa.org\/informationen-fuer\/hochschulen\/evaluation\/antragstellung-online\/partner\/zusammenarbeit-und-betreuung\/\">Zusammenarbeit und Betreuung<\/a><button class=\"menu-item-toggle\"><\/button><\/div>\n<\/li>\n<li class=\"menu-item menu-item-type-post_type menu-item-object-page\">\n<div class=\"menu-item-wrapper\"><a href=\"https:\/\/www.dfh-ufa.org\/informationen-fuer\/hochschulen\/evaluation\/antragstellung-online\/partner\/sprachkompetenz\/\">Sprachkompetenz<\/a><button class=\"menu-item-toggle\"><\/button><\/div>\n<\/li>\n<li class=\"menu-item menu-item-type-post_type menu-item-object-page\">\n<div class=\"menu-item-wrapper\"><a href=\"https:\/\/www.dfh-ufa.org\/informationen-fuer\/hochschulen\/evaluation\/antragstellung-online\/partner\/studieninhalt-und-weiterfuehrung\/\">Studieninhalt und Weiterf\u00fchrung<\/a><button class=\"menu-item-toggle\"><\/button><\/div>\n<\/li>\n<li class=\"menu-item menu-item-type-post_type menu-item-object-page\">\n<div class=\"menu-item-wrapper\"><a href=\"https:\/\/www.dfh-ufa.org\/informationen-fuer\/hochschulen\/evaluation\/antragstellung-online\/partner\/interkulturelle-dimension\/\">Interkulturelle Dimension<\/a><button class=\"menu-item-toggle\"><\/button><\/div>\n<\/li>\n<li class=\"menu-item menu-item-type-post_type menu-item-object-page\">\n<div class=\"menu-item-wrapper\"><a href=\"https:\/\/www.dfh-ufa.org\/informationen-fuer\/hochschulen\/evaluation\/antragstellung-online\/partner\/alleinstellungsmerkmal\/\">Alleinstellungsmerkmal<\/a><button class=\"menu-item-toggle\"><\/button><\/div>\n<\/li>\n<li class=\"menu-item menu-item-type-post_type menu-item-object-page\">\n<div class=\"menu-item-wrapper\"><a href=\"https:\/\/www.dfh-ufa.org\/informationen-fuer\/hochschulen\/evaluation\/antragstellung-online\/partner\/entwicklung-nachhaltigkeit\/\">Entwicklung\/Nachhaltigkeit<\/a><button class=\"menu-item-toggle\"><\/button><\/div>\n<\/li>\n<li class=\"menu-item menu-item-type-post_type menu-item-object-page\">\n<div class=\"menu-item-wrapper\"><a href=\"https:\/\/www.dfh-ufa.org\/informationen-fuer\/hochschulen\/evaluation\/antragstellung-online\/partner\/datenpruefung\/\">Datenpr\u00fcfung<\/a><button class=\"menu-item-toggle\"><\/button><\/div>\n<\/li>\n<\/ul>\n<\/li>\n<li class=\"menu-item menu-item-type-post_type menu-item-object-page\">\n<div class=\"menu-item-wrapper\"><a href=\"https:\/\/www.dfh-ufa.org\/informationen-fuer\/hochschulen\/evaluation\/antragstellung-online\/sitzung-beenden\/\">Sitzung beenden<\/a><button class=\"menu-item-toggle\"><\/button><\/div>\n<\/li>\n<\/ul>\n<\/li>\n<\/ul>\n<p>&nbsp;<\/p>\n<\/nav>\n<\/aside>\n<\/div>\n<article class=\"page type-page status-publish hentry\" style=\"padding-left: 30px !important\">\n<header class=\"entry__header\">\n<h1 class=\"entry__title\">Qualit\u00e4tssicherung<\/h1>\n<\/header>\n<h2>Allgemeine Hinweise:<\/h2>\n<ul>\n<li>Dieser Teil ist von jedem Partner auszuf\u00fcllen (ein Reiter pro Hochschule):<br \/>\nEin gleichzeitiges Arbeiten auf dieser Seite ist m\u00f6glich, da jeder Partner im Reiter seiner Hochschule arbeitet und die Daten getrennt nach Reitern gespeichert werden.<\/li>\n<li>Wenn Sie gleichzeitig im Antrag arbeiten, werden die von Ihrem Partner neu gespeicherten Daten auf Ihrer Seite erst dann angezeigt, wenn Sie auf \u201eDiese Rubrik mit allen Reitern neu laden\u201c geklickt haben. Vergessen Sie nicht, vorher Ihre eigenen Daten zu speichern. Alternativ k\u00f6nnen Sie auch die Antragsbearbeitung neu starten.<\/li>\n<li>In den ja\/nein-Feldern wurde die Antwort \u201enein\u201c aus technischen Gr\u00fcnden vorgegeben.<\/li>\n<\/ul>\n<h2>Weitere Hinweise:<\/h2>\n<p>Die Fragen zur staatlichen Genehmigung beziehen sich auf die Genehmigung der jeweils nationalen Bestandteile des deutsch-franz\u00f6sischen Studiengangs.<\/p>\n<p>Bitte geben Sie unter &#8220;Zeitraum&#8221; das Jahr an, bis zudem die Genehmigung des nationalen Teils des Studiengangs g\u00fcltig ist.<\/p>\n<p>Sollte die Genehmigung \/ Akkreditierung des Studiengangs innerhalb der kommenden F\u00f6rderperiode auslaufen, sind die Antragsteller im Falle einer positiven Evaluation gem\u00e4\u00df des Zuwendungsvertrages mit der DFH verpflichtet, die DFH \u00fcber das Ergebnis der Verl\u00e4ngerung der Genehmigung zu informieren.<\/p>\n<p><strong>Zusatzinformationen zur stattlichen Genehmigung:<\/strong><br \/>\nF\u00fcr die DFH ist entscheidend, dass der nationale Teil des Studiengangs den jeweiligen hochschulrechtlichen Erfordernissen gem\u00e4\u00df genehmigt oder akkreditiert ist, sobald er Studierende aufnimmt.<br \/>\nEine Akkreditierung des deutsch-franz\u00f6sischen Studiengangs wird bislang von der DFH nicht verlangt (weitere Informationen hierzu finden Sie unter Punkt B) des Dokuments <a href=\"https:\/\/www.dfh-ufa.org\/informationen-fuer\/hochschulen\/ausschreibungen\/studiengaenge\/\">\u201eAllgemeine Informationen f\u00fcr Antragsteller\u201c<\/a>, das zusammen mit der Ausschreibung auf der Webseite ver\u00f6ffentlicht wurde).<\/p>\n<p>Je nach Antwort werden weitere Fragen gestellt.<\/p>\n<p>F\u00fcr die Drittland-Hochschule entf\u00e4llt die Frage nach der Akkreditierung.<\/p>\n<\/article>\n<\/div>\n<p><!-- .content__container --><\/p>\n<\/div>\n","protected":false},"excerpt":{"rendered":"<p>Antragstellung Online Allgemeine Angaben Studiengang Integrationsgrad Anlagen Anlagen upload Anlagen \u00dcbersicht Unterschriften Druckversion &amp; Validierung Partner Kontaktdaten Studiengang Qualit\u00e4tssicherung Studienverlauf Zulassung Prognose Studierendenzahlen Entwicklung Studierendenzahlen Zusammenarbeit und Betreuung Sprachkompetenz Studieninhalt und Weiterf\u00fchrung Interkulturelle Dimension Alleinstellungsmerkmal Entwicklung\/Nachhaltigkeit Datenpr\u00fcfung Sitzung beenden &nbsp; Qualit\u00e4tssicherung Allgemeine Hinweise: Dieser Teil ist von jedem Partner auszuf\u00fcllen (ein Reiter pro Hochschule): Ein [&hellip;]<\/p>\n","protected":false},"author":3,"featured_media":0,"parent":9605,"menu_order":1667,"comment_status":"closed","ping_status":"closed","template":"templates\/tpl.full-width.php","meta":{"_bbp_topic_count":0,"_bbp_reply_count":0,"_bbp_total_topic_count":0,"_bbp_total_reply_count":0,"_bbp_voice_count":0,"_bbp_anonymous_reply_count":0,"_bbp_topic_count_hidden":0,"_bbp_reply_count_hidden":0,"_bbp_forum_subforum_count":0,"inline_featured_image":false},"acf":[],"_links":{"self":[{"href":"https:\/\/www.dfh-ufa.org\/en\/wp-json\/wp\/v2\/pages\/9610"}],"collection":[{"href":"https:\/\/www.dfh-ufa.org\/en\/wp-json\/wp\/v2\/pages"}],"about":[{"href":"https:\/\/www.dfh-ufa.org\/en\/wp-json\/wp\/v2\/types\/page"}],"author":[{"embeddable":true,"href":"https:\/\/www.dfh-ufa.org\/en\/wp-json\/wp\/v2\/users\/3"}],"replies":[{"embeddable":true,"href":"https:\/\/www.dfh-ufa.org\/en\/wp-json\/wp\/v2\/comments?post=9610"}],"version-history":[{"count":8,"href":"https:\/\/www.dfh-ufa.org\/en\/wp-json\/wp\/v2\/pages\/9610\/revisions"}],"predecessor-version":[{"id":17274,"href":"https:\/\/www.dfh-ufa.org\/en\/wp-json\/wp\/v2\/pages\/9610\/revisions\/17274"}],"up":[{"embeddable":true,"href":"https:\/\/www.dfh-ufa.org\/en\/wp-json\/wp\/v2\/pages\/9605"}],"wp:attachment":[{"href":"https:\/\/www.dfh-ufa.org\/en\/wp-json\/wp\/v2\/media?parent=9610"}],"curies":[{"name":"wp","href":"https:\/\/api.w.org\/{rel}","templated":true}]}}