{"id":9616,"date":"2018-07-26T15:44:55","date_gmt":"2018-07-26T13:44:55","guid":{"rendered":"https:\/\/www.dfh-ufa.org\/?page_id=9616"},"modified":"2025-05-07T14:19:57","modified_gmt":"2025-05-07T12:19:57","slug":"sprachkompetenz","status":"publish","type":"page","link":"https:\/\/www.dfh-ufa.org\/en\/information-for\/hochschulen\/evaluation\/antragstellung-online\/partner\/sprachkompetenz","title":{"rendered":""},"content":{"rendered":"<div class=\"container\">\n<div class=\"content__container\" style=\"padding-top: 28px !important\">\n<div class=\"sidebar\">\n<aside class=\"aside__subnav\">\n<nav class=\"nav__sidebar\">\n<ul id=\"menu-header-main-1\" class=\"menu\">\n<li class=\"menu-item menu-item-type-post_type current-page-ancestor current-menu-ancestor current-menu-parent current-page-parent menu-item-object-page menu-item-has-children\">\n<div class=\"menu-item-wrapper\"><a href=\"https:\/\/www.dfh-ufa.org\/informationen-fuer\/hochschulen\/evaluation\/antragstellung-online\/\">Antragstellung Online<\/a><button class=\"menu-item-toggle\"><\/button><\/div>\n<ul class=\"sub-menu\">\n<li class=\"menu-item menu-item-type-post_type menu-item-object-page menu-item-has-children\">\n<div class=\"menu-item-wrapper\"><a href=\"https:\/\/www.dfh-ufa.org\/informationen-fuer\/hochschulen\/evaluation\/antragstellung-online\/allgemeine-angaben\/\">Allgemeine Angaben<\/a><button class=\"menu-item-toggle\"><\/button><\/div>\n<ul class=\"sub-menu\">\n<li class=\"menu-item menu-item-type-post_type menu-item-object-page\">\n<div class=\"menu-item-wrapper\"><a href=\"https:\/\/www.dfh-ufa.org\/informationen-fuer\/hochschulen\/evaluation\/antragstellung-online\/allgemeine-angaben\/studiengang\/\">Studiengang<\/a><button class=\"menu-item-toggle\"><\/button><\/div>\n<\/li>\n<li class=\"menu-item menu-item-type-post_type menu-item-object-page\">\n<div class=\"menu-item-wrapper\"><a href=\"https:\/\/www.dfh-ufa.org\/informationen-fuer\/hochschulen\/evaluation\/antragstellung-online\/allgemeine-angaben\/integrationsgrad\/\">Integrationsgrad<\/a><button class=\"menu-item-toggle\"><\/button><\/div>\n<\/li>\n<li class=\"menu-item menu-item-type-post_type menu-item-object-page menu-item-has-children\">\n<div class=\"menu-item-wrapper\"><a href=\"https:\/\/www.dfh-ufa.org\/informationen-fuer\/hochschulen\/evaluation\/antragstellung-online\/allgemeine-angaben\/anlagen\/\">Anlagen<\/a><button class=\"menu-item-toggle\"><\/button><\/div>\n<ul class=\"sub-menu\">\n<li class=\"menu-item menu-item-type-post_type menu-item-object-page\">\n<div class=\"menu-item-wrapper\"><a href=\"https:\/\/www.dfh-ufa.org\/informationen-fuer\/hochschulen\/evaluation\/antragstellung-online\/allgemeine-angaben\/anlagen\/anlagen-upload\/\">Anlagen upload<\/a><button class=\"menu-item-toggle\"><\/button><\/div>\n<\/li>\n<li class=\"menu-item menu-item-type-post_type menu-item-object-page\">\n<div class=\"menu-item-wrapper\"><a href=\"https:\/\/www.dfh-ufa.org\/informationen-fuer\/hochschulen\/evaluation\/antragstellung-online\/allgemeine-angaben\/anlagen\/anlagen-uebersicht\/\">Anlagen \u00dcbersicht<\/a><button class=\"menu-item-toggle\"><\/button><\/div>\n<\/li>\n<\/ul>\n<\/li>\n<li class=\"menu-item menu-item-type-post_type menu-item-object-page\">\n<div class=\"menu-item-wrapper\"><a href=\"https:\/\/www.dfh-ufa.org\/informationen-fuer\/hochschulen\/evaluation\/antragstellung-online\/allgemeine-angaben\/unterschriften\/\">Unterschriften<\/a><button class=\"menu-item-toggle\"><\/button><\/div>\n<\/li>\n<li class=\"menu-item menu-item-type-post_type menu-item-object-page\">\n<div class=\"menu-item-wrapper\"><a href=\"https:\/\/www.dfh-ufa.org\/informationen-fuer\/hochschulen\/evaluation\/antragstellung-online\/allgemeine-angaben\/druckversion-validierung\/\">Druckversion &amp; Validierung<\/a><button class=\"menu-item-toggle\"><\/button><\/div>\n<\/li>\n<\/ul>\n<\/li>\n<li class=\"menu-item menu-item-type-post_type current-page-ancestor current-menu-ancestor menu-item-object-page menu-item-has-children\">\n<div class=\"menu-item-wrapper\"><a href=\"https:\/\/www.dfh-ufa.org\/informationen-fuer\/hochschulen\/evaluation\/antragstellung-online\/partner\/\">Partner<\/a><button class=\"menu-item-toggle\"><\/button><\/div>\n<ul class=\"sub-menu\">\n<li class=\"menu-item menu-item-type-post_type menu-item-object-page\">\n<div class=\"menu-item-wrapper\"><a href=\"https:\/\/www.dfh-ufa.org\/informationen-fuer\/hochschulen\/evaluation\/antragstellung-online\/partner\/kontaktdaten\/\">Kontaktdaten<\/a><button class=\"menu-item-toggle\"><\/button><\/div>\n<\/li>\n<li class=\"menu-item menu-item-type-post_type menu-item-object-page\">\n<div class=\"menu-item-wrapper\"><a href=\"https:\/\/www.dfh-ufa.org\/informationen-fuer\/hochschulen\/evaluation\/antragstellung-online\/partner\/studiengang\/\">Studiengang<\/a><button class=\"menu-item-toggle\"><\/button><\/div>\n<\/li>\n<li class=\"menu-item menu-item-type-post_type menu-item-object-page\">\n<div class=\"menu-item-wrapper\"><a href=\"https:\/\/www.dfh-ufa.org\/informationen-fuer\/hochschulen\/evaluation\/antragstellung-online\/partner\/qualitaetssicherung\/\">Qualit\u00e4tssicherung<\/a><button class=\"menu-item-toggle\"><\/button><\/div>\n<\/li>\n<li class=\"menu-item menu-item-type-post_type menu-item-object-page\">\n<div class=\"menu-item-wrapper\"><a href=\"https:\/\/www.dfh-ufa.org\/informationen-fuer\/hochschulen\/evaluation\/antragstellung-online\/partner\/studienverlauf\/\">Studienverlauf<\/a><button class=\"menu-item-toggle\"><\/button><\/div>\n<\/li>\n<li class=\"menu-item menu-item-type-post_type menu-item-object-page\">\n<div class=\"menu-item-wrapper\"><a href=\"https:\/\/www.dfh-ufa.org\/informationen-fuer\/hochschulen\/evaluation\/antragstellung-online\/partner\/zulassung\/\">Zulassung<\/a><button class=\"menu-item-toggle\"><\/button><\/div>\n<\/li>\n<li class=\"menu-item menu-item-type-post_type menu-item-object-page\">\n<div class=\"menu-item-wrapper\"><a href=\"https:\/\/www.dfh-ufa.org\/informationen-fuer\/hochschulen\/evaluation\/antragstellung-online\/partner\/prognose-studierendenzahlen\/\">Prognose Studierendenzahlen<\/a><button class=\"menu-item-toggle\"><\/button><\/div>\n<\/li>\n<li class=\"menu-item menu-item-type-post_type menu-item-object-page\">\n<div class=\"menu-item-wrapper\"><a href=\"https:\/\/www.dfh-ufa.org\/informationen-fuer\/hochschulen\/evaluation\/antragstellung-online\/partner\/entwicklung-studierendenzahlen\/\">Entwicklung Studierendenzahlen<\/a><button class=\"menu-item-toggle\"><\/button><\/div>\n<\/li>\n<li class=\"menu-item menu-item-type-post_type menu-item-object-page\">\n<div class=\"menu-item-wrapper\"><a href=\"https:\/\/www.dfh-ufa.org\/informationen-fuer\/hochschulen\/evaluation\/antragstellung-online\/partner\/zusammenarbeit-und-betreuung\/\">Zusammenarbeit und Betreuung<\/a><button class=\"menu-item-toggle\"><\/button><\/div>\n<\/li>\n<li class=\"menu-item menu-item-type-post_type current-menu-item page_item current_page_item menu-item-object-page\">\n<div class=\"menu-item-wrapper\"><a href=\"https:\/\/www.dfh-ufa.org\/informationen-fuer\/hochschulen\/evaluation\/antragstellung-online\/partner\/sprachkompetenz\/\">Sprachkompetenz<\/a><button class=\"menu-item-toggle\"><\/button><\/div>\n<\/li>\n<li class=\"menu-item menu-item-type-post_type menu-item-object-page\">\n<div class=\"menu-item-wrapper\"><a href=\"https:\/\/www.dfh-ufa.org\/informationen-fuer\/hochschulen\/evaluation\/antragstellung-online\/partner\/studieninhalt-und-weiterfuehrung\/\">Studieninhalt und Weiterf\u00fchrung<\/a><button class=\"menu-item-toggle\"><\/button><\/div>\n<\/li>\n<li class=\"menu-item menu-item-type-post_type menu-item-object-page\">\n<div class=\"menu-item-wrapper\"><a href=\"https:\/\/www.dfh-ufa.org\/informationen-fuer\/hochschulen\/evaluation\/antragstellung-online\/partner\/interkulturelle-dimension\/\">Interkulturelle Dimension<\/a><button class=\"menu-item-toggle\"><\/button><\/div>\n<\/li>\n<li class=\"menu-item menu-item-type-post_type menu-item-object-page\">\n<div class=\"menu-item-wrapper\"><a href=\"https:\/\/www.dfh-ufa.org\/informationen-fuer\/hochschulen\/evaluation\/antragstellung-online\/partner\/alleinstellungsmerkmal\/\">Alleinstellungsmerkmal<\/a><button class=\"menu-item-toggle\"><\/button><\/div>\n<\/li>\n<li class=\"menu-item menu-item-type-post_type menu-item-object-page\">\n<div class=\"menu-item-wrapper\"><a href=\"https:\/\/www.dfh-ufa.org\/informationen-fuer\/hochschulen\/evaluation\/antragstellung-online\/partner\/entwicklung-nachhaltigkeit\/\">Entwicklung\/Nachhaltigkeit<\/a><button class=\"menu-item-toggle\"><\/button><\/div>\n<\/li>\n<li class=\"menu-item menu-item-type-post_type menu-item-object-page\">\n<div class=\"menu-item-wrapper\"><a href=\"https:\/\/www.dfh-ufa.org\/informationen-fuer\/hochschulen\/evaluation\/antragstellung-online\/partner\/datenpruefung\/\">Datenpr\u00fcfung<\/a><button class=\"menu-item-toggle\"><\/button><\/div>\n<\/li>\n<\/ul>\n<\/li>\n<li class=\"menu-item menu-item-type-post_type menu-item-object-page\">\n<div class=\"menu-item-wrapper\"><a href=\"https:\/\/www.dfh-ufa.org\/informationen-fuer\/hochschulen\/evaluation\/antragstellung-online\/sitzung-beenden\/\">Sitzung beenden<\/a><button class=\"menu-item-toggle\"><\/button><\/div>\n<\/li>\n<\/ul>\n<\/li>\n<\/ul>\n<p>&nbsp;<\/p>\n<\/nav>\n<\/aside>\n<\/div>\n<article class=\"page type-page status-publish hentry\" style=\"padding-left: 30px !important\">\n<header class=\"entry__header\">\n<h1 class=\"entry__title\">Sprachkompetenz<\/h1>\n<\/header>\n<h2>Allgemeine Hinweise:<\/h2>\n<ul>\n<li>Dieser Teil ist von jedem Partner auszuf\u00fcllen (ein Reiter pro Hochschule):<br \/>\nEin gleichzeitiges Arbeiten auf dieser Seite ist m\u00f6glich, da jeder Partner im Reiter seiner Hochschule arbeitet und die Daten getrennt nach Reitern gespeichert werden.<\/li>\n<li>Wenn Sie gleichzeitig im Antrag arbeiten, werden die von Ihrem Partner neu gespeicherten Daten auf Ihrer Seite erst dann angezeigt, wenn Sie auf \u201eDiese Rubrik mit allen Reitern neu laden\u201c geklickt haben. Vergessen Sie nicht, vorher Ihre eigenen Daten zu speichern. Alternativ k\u00f6nnen Sie auch die Antragsbearbeitung neu starten.<\/li>\n<li>In den ja\/nein-Feldern wurde die Antwort \u201enein\u201c aus technischen Gr\u00fcnden vorgegeben.<\/li>\n<li>Vorbereitete Texte lassen sich problemlos in das Online-Formular einf\u00fcgen; Formatierungen k\u00f6nnen nicht \u00fcbernommen werden.<\/li>\n<\/ul>\n<h2>Weitere Hinweise:<\/h2>\n<p>Bei der Antwort \u201eja\u201c wird in einigen F\u00e4llen nach der \u201eArt\u201c gefragt.<br \/>\nBitte erl\u00e4utern Sie in diesem Fall, wie und in welcher Form der Einstufungstest \/ die Zertifizierung \/ die Vorbereitung usw. erfolgen.<\/p>\n<p>Erl\u00e4utern Sie in der letzten Frage, welcher Stellenwert (Prozentsatz oder Anzahl der Stunden usw.) weiteren Fremdsprachen und insbesondere der englischen Sprache einger\u00e4umt wird.<br \/>\n\u00dcberwiegend englischsprachige Studieng\u00e4nge k\u00f6nnen nur dann gef\u00f6rdert werden, wenn gew\u00e4hrleistet ist, dass eine deutsch-franz\u00f6sische Basis besteht und die Absolventen dieses Studiengangs \u00fcber sehr gute Deutsch- und Franz\u00f6sischkenntnisse verf\u00fcgen, die ihnen einen Einstieg in den deutschen und franz\u00f6sischen Arbeitsmarkt erlauben.<br \/>\nEs obliegt also den Antragstellern darzulegen:<\/p>\n<ul>\n<li>Aus welchen Gr\u00fcnden die Kurse in englischer Sprache erteilt werden (Fach, Einsatz von Hochschullehrern aus angels\u00e4chsischen L\u00e4ndern, Internationalisierung, Integrierung einer kleinen Studierenden-Kohorte in einen existierenden Studiengang, in dem auf Englisch gelehrt wird \u2026)<\/li>\n<li>Auf welche Weise sie sicherstellen, dass ihre Programmteilnehmer die erforderlichen sprachlichen Kompetenzen erwerben: Sprachtest beim Auswahlverfahren, Sprachkurse w\u00e4hrend des Studiengangs \/ -programms, Sprachtest bei der Pr\u00fcfung zum Doppeldiplom, Zertifizierung<\/li>\n<li>Auf welche Weise die deutsch-franz\u00f6sischen interkulturellen Eigenheiten wahrgenommen und angeeignet werden<\/li>\n<\/ul>\n<\/article>\n<\/div>\n<p><!-- .content__container --><\/p>\n<\/div>\n","protected":false},"excerpt":{"rendered":"<p>Antragstellung Online Allgemeine Angaben Studiengang Integrationsgrad Anlagen Anlagen upload Anlagen \u00dcbersicht Unterschriften Druckversion &amp; Validierung Partner Kontaktdaten Studiengang Qualit\u00e4tssicherung Studienverlauf Zulassung Prognose Studierendenzahlen Entwicklung Studierendenzahlen Zusammenarbeit und Betreuung Sprachkompetenz Studieninhalt und Weiterf\u00fchrung Interkulturelle Dimension Alleinstellungsmerkmal Entwicklung\/Nachhaltigkeit Datenpr\u00fcfung Sitzung beenden &nbsp; Sprachkompetenz Allgemeine Hinweise: Dieser Teil ist von jedem Partner auszuf\u00fcllen (ein Reiter pro Hochschule): Ein [&hellip;]<\/p>\n","protected":false},"author":3,"featured_media":0,"parent":9605,"menu_order":1727,"comment_status":"closed","ping_status":"closed","template":"templates\/tpl.full-width.php","meta":{"_bbp_topic_count":0,"_bbp_reply_count":0,"_bbp_total_topic_count":0,"_bbp_total_reply_count":0,"_bbp_voice_count":0,"_bbp_anonymous_reply_count":0,"_bbp_topic_count_hidden":0,"_bbp_reply_count_hidden":0,"_bbp_forum_subforum_count":0,"inline_featured_image":false},"acf":[],"_links":{"self":[{"href":"https:\/\/www.dfh-ufa.org\/en\/wp-json\/wp\/v2\/pages\/9616"}],"collection":[{"href":"https:\/\/www.dfh-ufa.org\/en\/wp-json\/wp\/v2\/pages"}],"about":[{"href":"https:\/\/www.dfh-ufa.org\/en\/wp-json\/wp\/v2\/types\/page"}],"author":[{"embeddable":true,"href":"https:\/\/www.dfh-ufa.org\/en\/wp-json\/wp\/v2\/users\/3"}],"replies":[{"embeddable":true,"href":"https:\/\/www.dfh-ufa.org\/en\/wp-json\/wp\/v2\/comments?post=9616"}],"version-history":[{"count":6,"href":"https:\/\/www.dfh-ufa.org\/en\/wp-json\/wp\/v2\/pages\/9616\/revisions"}],"predecessor-version":[{"id":189835,"href":"https:\/\/www.dfh-ufa.org\/en\/wp-json\/wp\/v2\/pages\/9616\/revisions\/189835"}],"up":[{"embeddable":true,"href":"https:\/\/www.dfh-ufa.org\/en\/wp-json\/wp\/v2\/pages\/9605"}],"wp:attachment":[{"href":"https:\/\/www.dfh-ufa.org\/en\/wp-json\/wp\/v2\/media?parent=9616"}],"curies":[{"name":"wp","href":"https:\/\/api.w.org\/{rel}","templated":true}]}}