{"id":9896,"date":"2018-08-02T16:00:25","date_gmt":"2018-08-02T14:00:25","guid":{"rendered":"https:\/\/www.dfh-ufa.org\/?page_id=9896"},"modified":"2018-10-15T09:04:16","modified_gmt":"2018-10-15T07:04:16","slug":"lufa-a-la-rencontre-des-entreprises","status":"publish","type":"page","link":"https:\/\/www.dfh-ufa.org\/en\/information-for\/unternehmen\/lufa-a-la-rencontre-des-entreprises","title":{"rendered":"\u201eL\u2019UFA \u00e0 la rencontre des entreprises\u201c"},"content":{"rendered":"<p style=\"text-align: center\"><img decoding=\"async\" loading=\"lazy\" class=\"aligncenter wp-image-9743 size-large\" src=\"https:\/\/www.dfh-ufa.org\/app\/uploads\/2018\/07\/Unbenannt-1-1024x150.jpg\" alt=\"\" width=\"1024\" height=\"150\" srcset=\"https:\/\/www.dfh-ufa.org\/app\/uploads\/2018\/07\/Unbenannt-1-1024x150.jpg 1024w, https:\/\/www.dfh-ufa.org\/app\/uploads\/2018\/07\/Unbenannt-1-300x44.jpg 300w, https:\/\/www.dfh-ufa.org\/app\/uploads\/2018\/07\/Unbenannt-1-768x112.jpg 768w\" sizes=\"(max-width: 1024px) 100vw, 1024px\" \/><\/p>\n<h5 style=\"text-align: center\"><span style=\"color: #000000\"><strong>Veranstaltung der Deutsch-Franz\u00f6sischen Hochschule, des Club \u00c9conomique Franco-Allemand und der Deutsch-Franz\u00f6sischen Industrie- und Handelskammer<\/strong><\/span><\/h5>\n<h5 style=\"text-align: center\"><\/h5>\n<h5 style=\"text-align: center\"><span style=\"color: #000000\"><strong>Donnerstag, 11. Oktober 2018 von 15:30 bis 20:00 Uhr<\/strong><\/span><br \/>\n<span style=\"color: #000000\"><strong>in der Maison des Travaux Publics (3 rue de Berri, 75008 Paris)<\/strong><\/span><\/h5>\n<hr \/>\n<h3 style=\"text-align: center\"><span style=\"color: #000000\"><strong>\u201eL\u2019Universit\u00e9 franco-allemande \u00e0 la rencontre des entreprises\u201c<br \/>\n<\/strong><\/span><\/h3>\n<h5 style=\"text-align: center\"><\/h5>\n<h5 style=\"text-align: center\"><strong><span style=\"color: #000000\">Was erwarten einerseits Arbeitgeber von den deutsch-franz\u00f6sischen Hochschulkooperationen?<\/span><br \/>\n<span style=\"color: #000000\">Was bietet andererseits das Netzwerk der DFH der Wirtschaft an?<\/span><br \/>\n<span style=\"color: #000000\">Was ist der Mehrwert internationaler universit\u00e4rer und wissenschaftlicher Laufbahnen?<\/span><br \/>\n<span style=\"color: #000000\">Berufseinstieg und Optimierung des beruflichen Werdegangs (Stichwort: Industrie 4.0)<\/span><br \/>\n<\/strong><\/h5>\n<p><strong>\u00a0<\/strong><\/p>\n<p>15:30: Einschreibung und informeller Austausch<\/p>\n<p>&nbsp;<\/p>\n<p>16:00: Gru\u00dfworte des Pr\u00e4sidenten der DFH, David Capitant und des Deutschen Botschafters in Frankreich, Nikolaus Meyer-Landrut<\/p>\n<p>Die Studieng\u00e4nge der DFH \u2013 Informationsfilm<\/p>\n<p>&nbsp;<\/p>\n<p><strong>Austausch zwischen Wirtschaftsakteuren und Vertretern des Hochschulnetzwerks der DFH:<\/strong><\/p>\n<p><strong>Einf\u00fchrungsdialog zwischen Jad Ariss, Head of Public Affairs &amp; Corporate Responsibility der AXA Group, und Iris Ritter von Fallois, Programmbeauftragte der DFH, HEC<\/strong><\/p>\n<p>&nbsp;<\/p>\n<p><strong>Diskussionsrunde<\/strong><\/p>\n<p>&#8211; Agn\u00e8s Vogt-Raynaud, Generaldirektorin, Bertrandt SAS;<\/p>\n<p>&#8211; Jean-Michel Tasse, General Manager, Festo France;<\/p>\n<p>&#8211; Pamela Stenzel, CCEF, Office K61, juristische und strategische Beraterin;<\/p>\n<p>&#8211; Denis Matheis, Fachgruppensprecher \u201eIngenieurwissenschaften\u201c der DFH, ENSAM;<\/p>\n<p>&#8211; Alexandra Verdeil, DFH-Absolventin des Studiengangs &#8220;<span lang=\"fr-FR\">Management (MIM)&#8221;,\u00a0 (ESCP Europe Berlin, Paris und Madrid) und Projektleiterin Deutschland, Tactile Studio &#8211; Design &amp; Barrierefreiheit in Museen.<\/span><\/p>\n<p>&nbsp;<\/p>\n<p><strong>Fragen und Austausch mit den anwesenden Teilnehmern<\/strong><\/p>\n<p><strong>Schlusswort von Wulf Eckardt, Principal, Kienbaum France, und Pierre-Henri Pr\u00e9lot, Programmbeauftragter der DFH, Universit\u00e9 de Cergy-Pontoise<\/strong><\/p>\n<p>Die Veranstaltung wird von der Journalistin Annette Burgdorf moderiert.<\/p>\n<p>&nbsp;<\/p>\n<p>19:00: Umtrunk und Austausch<\/p>\n<p><a class=\"primary button\" href=\"https:\/\/www.fntp.fr\/contact\" target=\"_blank\" rel=\"noopener\">Zur Anfahrtsskizze<\/a><\/p>\n","protected":false},"excerpt":{"rendered":"<p>Veranstaltung der Deutsch-Franz\u00f6sischen Hochschule, des Club \u00c9conomique Franco-Allemand und der Deutsch-Franz\u00f6sischen Industrie- und Handelskammer Donnerstag, 11. Oktober 2018 von 15:30 bis 20:00 Uhr in der Maison des Travaux Publics (3 rue de Berri, 75008 Paris) \u201eL\u2019Universit\u00e9 franco-allemande \u00e0 la rencontre des entreprises\u201c Was erwarten einerseits Arbeitgeber von den deutsch-franz\u00f6sischen Hochschulkooperationen? Was bietet andererseits das Netzwerk [&hellip;]<\/p>\n","protected":false},"author":8,"featured_media":0,"parent":861,"menu_order":49,"comment_status":"closed","ping_status":"closed","template":"","meta":{"_bbp_topic_count":0,"_bbp_reply_count":0,"_bbp_total_topic_count":0,"_bbp_total_reply_count":0,"_bbp_voice_count":0,"_bbp_anonymous_reply_count":0,"_bbp_topic_count_hidden":0,"_bbp_reply_count_hidden":0,"_bbp_forum_subforum_count":0,"inline_featured_image":false},"acf":[],"_links":{"self":[{"href":"https:\/\/www.dfh-ufa.org\/en\/wp-json\/wp\/v2\/pages\/9896"}],"collection":[{"href":"https:\/\/www.dfh-ufa.org\/en\/wp-json\/wp\/v2\/pages"}],"about":[{"href":"https:\/\/www.dfh-ufa.org\/en\/wp-json\/wp\/v2\/types\/page"}],"author":[{"embeddable":true,"href":"https:\/\/www.dfh-ufa.org\/en\/wp-json\/wp\/v2\/users\/8"}],"replies":[{"embeddable":true,"href":"https:\/\/www.dfh-ufa.org\/en\/wp-json\/wp\/v2\/comments?post=9896"}],"version-history":[{"count":24,"href":"https:\/\/www.dfh-ufa.org\/en\/wp-json\/wp\/v2\/pages\/9896\/revisions"}],"predecessor-version":[{"id":12108,"href":"https:\/\/www.dfh-ufa.org\/en\/wp-json\/wp\/v2\/pages\/9896\/revisions\/12108"}],"up":[{"embeddable":true,"href":"https:\/\/www.dfh-ufa.org\/en\/wp-json\/wp\/v2\/pages\/861"}],"wp:attachment":[{"href":"https:\/\/www.dfh-ufa.org\/en\/wp-json\/wp\/v2\/media?parent=9896"}],"curies":[{"name":"wp","href":"https:\/\/api.w.org\/{rel}","templated":true}]}}