{"id":1018044,"date":"2022-01-13T11:31:01","date_gmt":"2022-01-13T10:31:01","guid":{"rendered":"https:\/\/www.dfh-ufa.org\/fr\/?page_id=1018044"},"modified":"2026-02-13T10:50:23","modified_gmt":"2026-02-13T09:50:23","slug":"informations-pour-etudiants","status":"publish","type":"page","link":"https:\/\/www.dfh-ufa.org\/fr\/vous-etes\/etudiant\/informations-pour-etudiants","title":{"rendered":"Informations pour nos \u00e9tudiant\u00b7es"},"content":{"rendered":"<div id=\"pl-1018044\"  class=\"panel-layout\" ><div id=\"pg-1018044-0\"  class=\"panel-grid panel-no-style\" ><div id=\"pgc-1018044-0-0\"  class=\"panel-grid-cell\" ><div id=\"panel-1018044-0-0-0\" class=\"so-panel widget widget_accordion panel-first-child panel-last-child\" data-index=\"0\" >        <div class=\"accordion\" data-collapse=\"1\">\n\n\t\t\t\t\t\t\t\t\t\t\t\t                    <div class=\"accordion__item\" id=\"69e254d713bc1\">\n\n\t\t\t\t\t\t                            <header class=\"accordion__header\">\n                                <h2 class=\"accordion__title\">Espace personnel \/ inscription \/ r\u00e9inscription<\/h2>\n                            <\/header>\n\t\t\t\t\t\t\n\t\t\t\t\t\t                            <div class=\"accordion__content\">\n\t\t\t\t\t\t\t\t<p>Trouvez votre <strong>espace personnel UFA<\/strong> sous le lien suivant : <a href=\"https:\/\/login.dfh-ufa.org\/?lang=fr\" target=\"_blank\" rel=\"noopener\"><strong>https:\/\/login.dfh-ufa.org\/<\/strong><\/a><\/p>\n<p>Celui-ci vous permet de vous inscrire<strong> ou de vous r\u00e9inscrire entre le 2 mai et le 30 septembre de chaque ann\u00e9e.<\/strong><\/p>\n<p><span style=\"color: #ff0000\">\u00a0<\/span><\/p>\n<p><a href=\"#accescompte\">&gt;&gt; Comment acc\u00e9der \u00e0 mon espace personnel ?\u00a0<\/a><br \/>\n<a href=\"#creercompte\">&gt;&gt; Comment cr\u00e9er un compte ?<\/a><\/p>\n<p>La (r\u00e9-)inscription est <strong>indispensable pour percevoir l'aide \u00e0 la mobilit\u00e9 de l'UFA<\/strong>.<\/p>\n<p>De plus, votre espace personnel vous permettra d'acc\u00e9der \u00e0 plusieurs services utiles ainsi que de consulter et <strong>modifier<\/strong> diverses informations relatives \u00e0 vos \u00e9tudes UFA.<\/p>\n<p>Si vous d'achever vos \u00e9tudes, pensez \u00e0 compl\u00e9ter le <strong>rapport final<\/strong> obligatoire. Un mod\u00e8le pouvant servir \u00e0 la r\u00e9daction de ce rapport figure \u00e9galement dans votre espace personnel UFA. Votre rapport nous aide \u00e0 maintenir et am\u00e9liorer en permanence la qualit\u00e9 des cursus.<\/p>\n<p><strong><a id=\"accescompte\"><\/a>Les \u00e9tudiant\u2219es ayant d\u00e9j\u00e0 un compte UFA <\/strong>doivent simplement s\u2019y connecter \u00e0 l\u2019aide de leur nom d\u2019utilisateur et de leur mot de passe. Vous y trouverez vos informations personnelles, vos inscriptions ant\u00e9rieures, les formulaires d\u2019inscription \/ r\u00e9inscription ainsi que d\u2019autres documents utiles.<br \/>\nSi vous poursuivez vos \u00e9tudes dans le m\u00eame cursus que l\u2019ann\u00e9e pr\u00e9c\u00e9dente, vous devez remplir le formulaire \u00ab <em>R\u00e9inscription<\/em> \u00bb, et si vous commencez un nouveau cursus, le formulaire \u00ab <em>N<\/em><em>ouvelle inscription<\/em> \u00bb.<\/p>\n<p><strong><a id=\"creercompte\"><\/a>Les \u00e9tudiant\u2219es n\u2019ayant pas encore de compte UFA<\/strong> devront en cr\u00e9er un. Pour ce faire, cliquez sur<a href=\"https:\/\/login.dfh-ufa.org\/\"> ce lien<\/a> et sur la fonction \u00ab Cr\u00e9er un compte \u00bb, puis renseigner les champs qui s\u2019affichent. En utilisant le nom d\u2019utilisateur et le mot de passe que vous avez d\u00e9finis, vous pourrez alors vous connecter \u00e0 votre espace personnel o\u00f9 il vous sera possible de compl\u00e9ter le formulaire \u00ab <em>Nouvelle inscription<\/em> \u00bb.<\/p>\n<p><strong>Information importante : l\u2019inscription \u00e0 l\u2019UFA n\u2019est effective qu\u2019apr\u00e8s avoir compl\u00e9t\u00e9 et valid\u00e9 le formulaire d\u2019inscription \/ r\u00e9inscription. La cr\u00e9ation d\u2019un compte personnel UFA n\u2019a en aucun cas valeur d\u2019inscription\u00a0!<\/strong><\/p>\n<p>Si vous voulez savoir si vous \u00eates bien inscrit\u2219e, allez sur votre compte sous t\u00e9l\u00e9chargement.<\/p>\n<p>N\u2019h\u00e9sitez pas \u00e0 nous contacter pour toute question concernant votre espace personnel Etudiant et l\u2019inscription \u00e0 l\u2019UFA :<\/p>\n<p><strong><a href=\"mailto:inscription@dfh-ufa.org\"> inscription(at)dfh-ufa.org<\/a> ou Secr\u00e9tariat des \u00e9tudiant\u2219es : 0049 681 938 12 160<\/strong><\/p>\n                            <\/div>\n\t\t\t\t\t\t\n\t\t\t\t\t\t\n                    <\/div><!-- .accordion -->\n\n\t\t\t\t\n\t\t\t\t\t\t\t\t\t                    <div class=\"accordion__item\" id=\"69e254d713d0c\">\n\n\t\t\t\t\t\t                            <header class=\"accordion__header\">\n                                <h2 class=\"accordion__title\">Aide \u00e0 la mobilit\u00e9<\/h2>\n                            <\/header>\n\t\t\t\t\t\t\n\t\t\t\t\t\t                            <div class=\"accordion__content\">\n\t\t\t\t\t\t\t\t<p>L\u2019aide \u00e0 la mobilit\u00e9 (d\u2019un montant actuel de <strong>350 euros par mois<\/strong>) vous sera vers\u00e9e par votre <strong>\u00e9tablissement d\u2019origine <\/strong>lors de votre s\u00e9jour obligatoire dans l'\u00e9tablissement partenaire ou tiers, que ce s\u00e9jour fasse partie int\u00e9grante de votre cursus ou qu\u2019il corresponde \u00e0 un stage obligatoire pr\u00e9vu par le r\u00e8glement des \u00e9tudes.<\/p>\n<p>Pour toute question concernant le <strong>moment<\/strong> auquel cette aide vous sera vers\u00e9e, veuillez vous adresser aux <strong>responsables de programme de votre \u00e9tablissement d\u2019origine<\/strong>. L'UFA ne verse que l\u2019int\u00e9gralit\u00e9 des fonds aux \u00e9tablissements et n\u2019a aucune influence sur leur reversement aux \u00e9tudiant\u2219es concern\u00e9\u2219es.<\/p>\n<p><strong>La demande d\u2019aide \u00e0 la mobilit\u00e9 est effectu\u00e9e directement par l\u2019\u00e9tudiant\u2219e<\/strong> via une rubrique d\u00e9di\u00e9e du <strong>formulaire de (r\u00e9)inscription<\/strong> de l\u2019UFA figurant dans son espace personnel. La demande doit \u00eatre <strong>confirm\u00e9e<\/strong> par le ou la responsable de programme \u00e0 l\u2019aide d\u2019un formulaire sp\u00e9cifique valable pour l\u2019ensemble des \u00e9tudiantes d\u2019un cursus. Les \u00e9tudiant\u2219es doivent donc s\u2019assurer aupr\u00e8s de leur responsable de programme que celui-ci ou celle-ci a bien valid\u00e9 leur demande pour l\u2019ann\u00e9e universitaire concern\u00e9e.<\/p>\n<p>L\u2019aide \u00e0 la mobilit\u00e9 est vers\u00e9e sur le compte personnel de l\u2019\u00e9tudiant\u2219e, que ce compte ait \u00e9t\u00e9 ouvert dans une banque en France, en Allemagne ou dans tout autre pays. Il conviendra de fournir \u00e0 l\u2019\u00e9tablissement d\u2019origine les coordonn\u00e9es bancaires du compte sur lequel doit \u00eatre effectu\u00e9 le virement de l\u2019aide \u00e0 la mobilit\u00e9.<\/p>\n<p>Vous trouverez de plus amples renseignements sur l\u2019aide \u00e0 la mobilit\u00e9 dans nos <strong><a href=\"https:\/\/www.dfh-ufa.org\/fr\/vous-etes\/etudiant\/faq-etudiants\">FAQs<\/a><\/strong>.<\/p>\n                            <\/div>\n\t\t\t\t\t\t\n\t\t\t\t\t\t\n                    <\/div><!-- .accordion -->\n\n\t\t\t\t\n\t\t\t\t\t\t\t\t\t                    <div class=\"accordion__item\" id=\"69e254d713d95\">\n\n\t\t\t\t\t\t                            <header class=\"accordion__header\">\n                                <h2 class=\"accordion__title\">FAQ<\/h2>\n                            <\/header>\n\t\t\t\t\t\t\n\t\t\t\t\t\t                            <div class=\"accordion__content\">\n\t\t\t\t\t\t\t\t<p>Vous trouverez toutes les r\u00e9ponses aux questions fr\u00e9quemment pos\u00e9es dans nos <a href=\"https:\/\/www.dfh-ufa.org\/fr\/vous-etes\/etudiant\/faq-etudiants\" target=\"_blank\" rel=\"noopener\">FAQs<\/a>.<\/p>\n<p>N\u2019h\u00e9sitez pas \u00e0 nous contacter pour tout compl\u00e9ment d'information :<\/p>\n<p><strong><a href=\"mailto:inscription@dfh-ufa.org\">inscription(at)dfh-ufa.org<\/a> ou Secr\u00e9tariat des \u00e9tudiant\u2219es : 0049 681 938 12 160<\/strong><\/p>\n                            <\/div>\n\t\t\t\t\t\t\n\t\t\t\t\t\t\n                    <\/div><!-- .accordion -->\n\n\t\t\t\t\n\t\t\t\t\t\t\t\t\t                    <div class=\"accordion__item\" id=\"69e254d713dce\">\n\n\t\t\t\t\t\t                            <header class=\"accordion__header\">\n                                <h2 class=\"accordion__title\">Devenez ambassadeur ou ambassadrice de l\u2019UFA<\/h2>\n                            <\/header>\n\t\t\t\t\t\t\n\t\t\t\t\t\t                            <div class=\"accordion__content\">\n\t\t\t\t\t\t\t\t<p>Votre cursus UFA vous pla\u00eet et vous souhaitez motiver des lyc\u00e9en\u00b7nes \u00e0 opter pour des \u00e9tudes franco-allemandes ? <a href=\"https:\/\/www.dfh-ufa.org\/fr\/vous-etes\/etudiant\/ambassadeurs-de-lufa\/comment-devenir-ambassadeur-de-lufa\" target=\"_blank\" rel=\"noopener\">Devenez ambassadeur ou ambassadrice de l\u2019UFA<\/a> !<\/p>\n                            <\/div>\n\t\t\t\t\t\t\n\t\t\t\t\t\t\n                    <\/div><!-- .accordion -->\n\n\t\t\t\t\n\t\t\t\t\t\t\t\n        <\/div><!-- .accordion -->\n\n\t\t<\/div><\/div><\/div><\/div>","protected":false},"excerpt":{"rendered":"<p>Espace personnel \/ inscription \/ r\u00e9inscription Trouvez votre espace personnel UFA sous le lien suivant : https:\/\/login.dfh-ufa.org\/ Celui-ci vous permet de vous inscrire ou de vous r\u00e9inscrire entre le 2 mai et le 30 septembre de chaque ann\u00e9e. \u00a0 &gt;&gt; Comment acc\u00e9der \u00e0 mon espace personnel ?\u00a0 &gt;&gt; Comment cr\u00e9er un compte ? La (r\u00e9-)inscription [&hellip;]<\/p>\n","protected":false},"author":21,"featured_media":0,"parent":817,"menu_order":28,"comment_status":"closed","ping_status":"closed","template":"","meta":{"_bbp_topic_count":0,"_bbp_reply_count":0,"_bbp_total_topic_count":0,"_bbp_total_reply_count":0,"_bbp_voice_count":0,"_bbp_anonymous_reply_count":0,"_bbp_topic_count_hidden":0,"_bbp_reply_count_hidden":0,"_bbp_forum_subforum_count":0,"inline_featured_image":false},"acf":[],"_links":{"self":[{"href":"https:\/\/www.dfh-ufa.org\/fr\/wp-json\/wp\/v2\/pages\/1018044"}],"collection":[{"href":"https:\/\/www.dfh-ufa.org\/fr\/wp-json\/wp\/v2\/pages"}],"about":[{"href":"https:\/\/www.dfh-ufa.org\/fr\/wp-json\/wp\/v2\/types\/page"}],"author":[{"embeddable":true,"href":"https:\/\/www.dfh-ufa.org\/fr\/wp-json\/wp\/v2\/users\/21"}],"replies":[{"embeddable":true,"href":"https:\/\/www.dfh-ufa.org\/fr\/wp-json\/wp\/v2\/comments?post=1018044"}],"version-history":[{"count":68,"href":"https:\/\/www.dfh-ufa.org\/fr\/wp-json\/wp\/v2\/pages\/1018044\/revisions"}],"predecessor-version":[{"id":1963271,"href":"https:\/\/www.dfh-ufa.org\/fr\/wp-json\/wp\/v2\/pages\/1018044\/revisions\/1963271"}],"up":[{"embeddable":true,"href":"https:\/\/www.dfh-ufa.org\/fr\/wp-json\/wp\/v2\/pages\/817"}],"wp:attachment":[{"href":"https:\/\/www.dfh-ufa.org\/fr\/wp-json\/wp\/v2\/media?parent=1018044"}],"curies":[{"name":"wp","href":"https:\/\/api.w.org\/{rel}","templated":true}]}}