{"id":10192,"date":"2018-08-24T12:15:42","date_gmt":"2018-08-24T10:15:42","guid":{"rendered":"https:\/\/www.dfh-ufa.org\/fr\/?page_id=10192"},"modified":"2026-01-26T10:24:56","modified_gmt":"2026-01-26T09:24:56","slug":"programmes-de-phd-track-franco-allemands","status":"publish","type":"page","link":"https:\/\/www.dfh-ufa.org\/fr\/vous-etes\/doctorant\/programmes-de-phd-track-franco-allemands","title":{"rendered":"Programmes de PhD-Track franco-allemands"},"content":{"rendered":"<div id=\"pl-10192\"  class=\"panel-layout\" ><div id=\"pg-10192-0\"  class=\"panel-grid panel-no-style\" ><div id=\"pgc-10192-0-0\"  class=\"panel-grid-cell\" ><div id=\"panel-10192-0-0-0\" class=\"so-panel widget widget_sow-editor panel-first-child panel-last-child\" data-index=\"0\" ><div class=\"so-widget-sow-editor so-widget-sow-editor-base\">\n<div class=\"siteorigin-widget-tinymce textwidget\">\n\t<p>Cet <a href=\"https:\/\/www.dfh-ufa.org\/app\/uploads\/2025\/04\/AAP_PhD-Tracks_2026-27.pdf\" target=\"_blank\" rel=\"noopener\">appel \u00e0 projets<\/a> vise \u00e0 mettre en place et \u00e0 d\u00e9velopper des formations int\u00e9grant les deux ann\u00e9s de master et les trois ann\u00e9es de formation doctorale dans le cadre d'un programme unique d'une dur\u00e9e de cinq ans.<\/p>\n<p>Peuvent \u00eatre porteurs de projets :<\/p>\n<ul>\n<li>du c\u00f4t\u00e9 fran\u00e7ais, une ou plusieurs \u00c9cole(s) doctorale(s),<\/li>\n<li>du c\u00f4t\u00e9 allemand, tout \u00e9tablissement porteur d'une formation doctorale structur\u00e9e.<\/li>\n<\/ul>\n<p>&nbsp;<\/p>\n<p>L'UFA se tient \u00e0 votre enti\u00e8re disposition pour tout renseignement pr\u00e9alable \u00e0 la cr\u00e9ation d'une telle coop\u00e9ration.<br \/>\nLes \u00e9tudiant\u00b7es, les doctorant\u00b7es ainsi que les personnes qui s'int\u00e9ressent aux programmes de PhD-Track peuvent s'adresser aux repr\u00e9sentation des \u00e9tudiante (sous \"<a href=\"https:\/\/www.dfh-ufa.org\/fr\/lufa\/lufa-en-bref\/organisation\/les-instances-consultatives\/les-representants-des-etudiants?noredirect=fr_FR\">la repr\u00e9sentation \u00e9tudiante se pr\u00e9sente<\/a>\").<\/p>\n<p><strong>D\u00e9pot de candidature<\/strong><br \/>\nLa date limite de d\u00e9p\u00f4t des demandes de soutien est fix\u00e9e au 31\/10. Une <a href=\"https:\/\/www.dfh-ufa.org\/informationen-fuer\/hochschulen\/ausschreibungen\/promotion\/antragsankuendigung-manifestation-dinteret-phd\" target=\"_blank\" rel=\"noopener\">manifestation d'int\u00e9r\u00eat<\/a> doit \u00eatre pr\u00e9alablement transmise pour le 30\/06. La publication du prochain appel \u00e0 projets pour le soutien de programmes de PhD-Track devrait avoir lieu en mai 2026.<\/p>\n<p><a href=\"https:\/\/www.dfh-ufa.org\/fr\/vous-etes\/etablissements\/appels-a-projets\/\" target=\"_blank\" rel=\"noopener\">Vous pouvez consulter les documents aussi sous \"Appels \u00e0 projets\"<\/a><\/p>\n<h2>Liste des programmes de PhD-Track<\/h2>\n<ul>\n<li class=\"download__list__item\"><a href=\"https:\/\/www.dfh-ufa.org\/app\/uploads\/2025\/09\/PhD-Tracks_2025-2026.pdf\">Liste des programmes de PhD-Track 2025-2026<\/a><\/li>\n<\/ul>\n<h2>Appel \u00e0 projets et manifestation d\u2019int\u00e9r\u00eat<\/h2>\n<ul>\n<li class=\"download__list__item\"><a href=\"https:\/\/www.dfh-ufa.org\/app\/uploads\/2025\/04\/AAP_PhD-Tracks_2026-27.pdf\">Appel \u00e0 projets 2026-27<\/a> (d\u00e9lai expir\u00e9)<\/li>\n<li><a href=\"https:\/\/www.dfh-ufa.org\/informationen-fuer\/hochschulen\/ausschreibungen\/promotion\/antragsankuendigung-manifestation-dinteret-phd\" target=\"_blank\" rel=\"noopener\">Manifestation d'int\u00e9r\u00eat<\/a> (formulaire web, d\u00e9lai expir\u00e9) ; <em>Apr\u00e8s la transmission du formulaire web \u00e0 l\u2019UFA en cliquant sur \u00ab Envoyer \u00bb, un accus\u00e9 de r\u00e9ception sera envoy\u00e9 \u00e0 tous\u00b7tes les responsables de programme et interlocuteurs et interlocutrices indiqu\u00e9\u00b7es dans la manifestation d\u2019int\u00e9r\u00eat.<\/em><\/li>\n<li><em>Nous vous enverrons le formulaire de demande de soutien sur simple demande <\/em><em>ou apr\u00e8s r\u00e9ception de votre manifestation d\u2019int\u00e9r\u00eat.<\/em><\/li>\n<\/ul>\n<\/div>\n<\/div><\/div><\/div><\/div><\/div>","protected":false},"excerpt":{"rendered":"<p>Cet appel \u00e0 projets vise \u00e0 mettre en place et \u00e0 d\u00e9velopper des formations int\u00e9grant les deux ann\u00e9s de master et les trois ann\u00e9es de formation doctorale dans le cadre d&rsquo;un programme unique d&rsquo;une dur\u00e9e de cinq ans. Peuvent \u00eatre porteurs de projets : du c\u00f4t\u00e9 fran\u00e7ais, une ou plusieurs \u00c9cole(s) doctorale(s), du c\u00f4t\u00e9 allemand, [&hellip;]<\/p>\n","protected":false},"author":2,"featured_media":0,"parent":827,"menu_order":48,"comment_status":"closed","ping_status":"closed","template":"","meta":{"_bbp_topic_count":0,"_bbp_reply_count":0,"_bbp_total_topic_count":0,"_bbp_total_reply_count":0,"_bbp_voice_count":0,"_bbp_anonymous_reply_count":0,"_bbp_topic_count_hidden":0,"_bbp_reply_count_hidden":0,"_bbp_forum_subforum_count":0,"inline_featured_image":false},"acf":[],"_links":{"self":[{"href":"https:\/\/www.dfh-ufa.org\/fr\/wp-json\/wp\/v2\/pages\/10192"}],"collection":[{"href":"https:\/\/www.dfh-ufa.org\/fr\/wp-json\/wp\/v2\/pages"}],"about":[{"href":"https:\/\/www.dfh-ufa.org\/fr\/wp-json\/wp\/v2\/types\/page"}],"author":[{"embeddable":true,"href":"https:\/\/www.dfh-ufa.org\/fr\/wp-json\/wp\/v2\/users\/2"}],"replies":[{"embeddable":true,"href":"https:\/\/www.dfh-ufa.org\/fr\/wp-json\/wp\/v2\/comments?post=10192"}],"version-history":[{"count":82,"href":"https:\/\/www.dfh-ufa.org\/fr\/wp-json\/wp\/v2\/pages\/10192\/revisions"}],"predecessor-version":[{"id":1962968,"href":"https:\/\/www.dfh-ufa.org\/fr\/wp-json\/wp\/v2\/pages\/10192\/revisions\/1962968"}],"up":[{"embeddable":true,"href":"https:\/\/www.dfh-ufa.org\/fr\/wp-json\/wp\/v2\/pages\/827"}],"wp:attachment":[{"href":"https:\/\/www.dfh-ufa.org\/fr\/wp-json\/wp\/v2\/media?parent=10192"}],"curies":[{"name":"wp","href":"https:\/\/api.w.org\/{rel}","templated":true}]}}