{"id":1029567,"date":"2022-01-20T16:44:52","date_gmt":"2022-01-20T15:44:52","guid":{"rendered":"https:\/\/www.dfh-ufa.org\/fr\/?page_id=1029567"},"modified":"2022-01-24T18:04:01","modified_gmt":"2022-01-24T17:04:01","slug":"remise-des-prix-dexcellence-et-de-la-meilleure-these-de-lufa-en-ligne-le-26-janvier-2022","status":"publish","type":"page","link":"https:\/\/www.dfh-ufa.org\/fr\/vous-etes\/entreprises\/prix-dexcellence\/remise-des-prix-dexcellence-et-de-la-meilleure-these-de-lufa-en-ligne-le-26-janvier-2022","title":{"rendered":"Remise des prix d\u2019excellence et de la meilleure th\u00e8se de l\u2019UFA en ligne le 26 janvier 2022"},"content":{"rendered":"<h4><\/h4>\n<h4>Programme<\/h4>\n<table>\n<tbody>\n<tr>\n<td>17h30<\/td>\n<td>Briefing avec l\u2019ensemble des laur\u00e9at*es<\/td>\n<\/tr>\n<tr>\n<td>17h45<\/td>\n<td>Rencontre entre partenaires et laur\u00e9at*es et \u00e9change avec la direction de l\u2019UFA<\/td>\n<\/tr>\n<tr>\n<td>17h59<\/td>\n<td>Photo de groupe<\/td>\n<\/tr>\n<tr>\n<td width=\"75\">18h00<\/td>\n<td width=\"520\">Mot de bienvenue de l\u2019Ambassadeur d\u2019Allemagne en France, Hans-Dieter Lucas<\/td>\n<\/tr>\n<tr>\n<td width=\"75\"><\/td>\n<td width=\"520\">Mot de bienvenue du Pr\u00e9sident de l\u2019UFA, Philippe Gr\u00e9ciano<\/td>\n<\/tr>\n<tr>\n<td width=\"75\"><\/td>\n<td width=\"520\"><strong>Remise de prix de la meilleure th\u00e8se<\/strong><\/td>\n<\/tr>\n<tr>\n<td width=\"75\"><\/td>\n<td width=\"520\">Entracte musical<\/td>\n<\/tr>\n<tr>\n<td width=\"75\"><\/td>\n<td width=\"520\"><strong>Remise des prix d\u2019excellence<\/strong><\/td>\n<\/tr>\n<tr>\n<td width=\"75\"><\/td>\n<td width=\"520\">Entracte musical <strong><br \/>\n<\/strong><\/td>\n<\/tr>\n<tr>\n<td width=\"75\"><\/td>\n<td width=\"520\"><strong>Remise des bourses \u00ab BNP-Paribas-UFA \u00bb<\/strong><\/td>\n<\/tr>\n<tr>\n<td width=\"75\"><\/td>\n<td width=\"520\">Discours de remerciements d\u2019un*e laur\u00e9at*e, au nom de tou*tes les dipl\u00f4m\u00e9*es r\u00e9compens\u00e9*es<\/td>\n<\/tr>\n<tr>\n<td width=\"75\">Vers 20h00<\/td>\n<td width=\"520\">Toast symbolique et mot de cl\u00f4ture du Pr\u00e9sident de l\u2019UFA<\/td>\n<\/tr>\n<\/tbody>\n<\/table>\n<p>&nbsp;<\/p>\n<ul>\n<li class=\"download__list__item\"><a href=\"https:\/\/www.dfh-ufa.org\/app\/uploads\/2022\/01\/Reihenfolge_Ordre.pdf\" target=\"_blank\" rel=\"noopener noreferrer\"><strong>Programme d\u00e9taill\u00e9 avec l&rsquo;ordre exacte de la remise des diff\u00e9rents prix<\/strong><\/a><\/li>\n<\/ul>\n","protected":false},"excerpt":{"rendered":"<p>Programme 17h30 Briefing avec l\u2019ensemble des laur\u00e9at*es 17h45 Rencontre entre partenaires et laur\u00e9at*es et \u00e9change avec la direction de l\u2019UFA 17h59 Photo de groupe 18h00 Mot de bienvenue de l\u2019Ambassadeur d\u2019Allemagne en France, Hans-Dieter Lucas Mot de bienvenue du Pr\u00e9sident de l\u2019UFA, Philippe Gr\u00e9ciano Remise de prix de la meilleure th\u00e8se Entracte musical Remise des [&hellip;]<\/p>\n","protected":false},"author":21,"featured_media":0,"parent":866,"menu_order":53,"comment_status":"closed","ping_status":"closed","template":"","meta":{"_bbp_topic_count":0,"_bbp_reply_count":0,"_bbp_total_topic_count":0,"_bbp_total_reply_count":0,"_bbp_voice_count":0,"_bbp_anonymous_reply_count":0,"_bbp_topic_count_hidden":0,"_bbp_reply_count_hidden":0,"_bbp_forum_subforum_count":0,"inline_featured_image":false},"acf":[],"_links":{"self":[{"href":"https:\/\/www.dfh-ufa.org\/fr\/wp-json\/wp\/v2\/pages\/1029567"}],"collection":[{"href":"https:\/\/www.dfh-ufa.org\/fr\/wp-json\/wp\/v2\/pages"}],"about":[{"href":"https:\/\/www.dfh-ufa.org\/fr\/wp-json\/wp\/v2\/types\/page"}],"author":[{"embeddable":true,"href":"https:\/\/www.dfh-ufa.org\/fr\/wp-json\/wp\/v2\/users\/21"}],"replies":[{"embeddable":true,"href":"https:\/\/www.dfh-ufa.org\/fr\/wp-json\/wp\/v2\/comments?post=1029567"}],"version-history":[{"count":14,"href":"https:\/\/www.dfh-ufa.org\/fr\/wp-json\/wp\/v2\/pages\/1029567\/revisions"}],"predecessor-version":[{"id":1035508,"href":"https:\/\/www.dfh-ufa.org\/fr\/wp-json\/wp\/v2\/pages\/1029567\/revisions\/1035508"}],"up":[{"embeddable":true,"href":"https:\/\/www.dfh-ufa.org\/fr\/wp-json\/wp\/v2\/pages\/866"}],"wp:attachment":[{"href":"https:\/\/www.dfh-ufa.org\/fr\/wp-json\/wp\/v2\/media?parent=1029567"}],"curies":[{"name":"wp","href":"https:\/\/api.w.org\/{rel}","templated":true}]}}