{"id":1030323,"date":"2022-01-21T11:42:25","date_gmt":"2022-01-21T10:42:25","guid":{"rendered":"https:\/\/www.dfh-ufa.org\/fr\/?page_id=1030323"},"modified":"2022-07-04T11:34:38","modified_gmt":"2022-07-04T09:34:38","slug":"remise-des-prix-dexcellence-et-de-la-meilleure-these-de-lufa-en-ligne-le-26-janvier-2022-2","status":"publish","type":"page","link":"https:\/\/www.dfh-ufa.org\/fr\/vous-etes\/entreprises\/prix-dexcellence\/remise-des-prix-dexcellence-et-de-la-meilleure-these-de-lufa-en-ligne-le-26-janvier-2022-2","title":{"rendered":"Remise des prix d\u2019excellence et de la meilleure th\u00e8se de l\u2019UFA en ligne le 26 janvier 2022"},"content":{"rendered":"<h4>Programme<\/h4>\n<table>\n<tbody>\n<tr>\n<td width=\"75\">18h00<\/td>\n<td width=\"520\">Mot de bienvenue de l\u2019Ambassadeur d\u2019Allemagne en France, Hans-Dieter Lucas<\/td>\n<\/tr>\n<tr>\n<td width=\"75\"><\/td>\n<td width=\"520\">Mot de bienvenue du Pr\u00e9sident de l\u2019UFA, Philippe Gr\u00e9ciano<\/td>\n<\/tr>\n<tr>\n<td width=\"75\"><\/td>\n<td width=\"520\"><strong>Remise de prix de la meilleure th\u00e8se<\/strong><\/td>\n<\/tr>\n<tr>\n<td width=\"75\"><\/td>\n<td width=\"520\">Entracte musical<\/td>\n<\/tr>\n<tr>\n<td width=\"75\"><\/td>\n<td width=\"520\"><strong>Remise des prix d\u2019excellence<\/strong><\/td>\n<\/tr>\n<tr>\n<td><\/td>\n<td>Entracte musical<\/td>\n<\/tr>\n<tr>\n<td width=\"75\"><\/td>\n<td width=\"520\"><strong>Remise des bourses \u00ab\u00a0BNP-Paribas-UFA\u00a0\u00bb<\/strong><\/td>\n<\/tr>\n<tr>\n<td width=\"75\"><\/td>\n<td width=\"520\">Discours de remerciements d\u2019un laur\u00e9at, au nom de tou*tes les dipl\u00f4m\u00e9*es r\u00e9compens\u00e9*es<\/td>\n<\/tr>\n<tr>\n<td width=\"75\">Vers 20h00<\/td>\n<td width=\"520\">Toast symbolique et mot de cl\u00f4ture du Pr\u00e9sident de l\u2019UFA<\/td>\n<\/tr>\n<\/tbody>\n<\/table>\n","protected":false},"excerpt":{"rendered":"<p>Programme 18h00 Mot de bienvenue de l\u2019Ambassadeur d\u2019Allemagne en France, Hans-Dieter Lucas Mot de bienvenue du Pr\u00e9sident de l\u2019UFA, Philippe Gr\u00e9ciano Remise de prix de la meilleure th\u00e8se Entracte musical Remise des prix d\u2019excellence Entracte musical Remise des bourses \u00ab\u00a0BNP-Paribas-UFA\u00a0\u00bb Discours de remerciements d\u2019un laur\u00e9at, au nom de tou*tes les dipl\u00f4m\u00e9*es r\u00e9compens\u00e9*es Vers 20h00 Toast [&hellip;]<\/p>\n","protected":false},"author":21,"featured_media":0,"parent":866,"menu_order":50,"comment_status":"closed","ping_status":"closed","template":"","meta":{"_bbp_topic_count":0,"_bbp_reply_count":0,"_bbp_total_topic_count":0,"_bbp_total_reply_count":0,"_bbp_voice_count":0,"_bbp_anonymous_reply_count":0,"_bbp_topic_count_hidden":0,"_bbp_reply_count_hidden":0,"_bbp_forum_subforum_count":0,"inline_featured_image":false},"acf":[],"_links":{"self":[{"href":"https:\/\/www.dfh-ufa.org\/fr\/wp-json\/wp\/v2\/pages\/1030323"}],"collection":[{"href":"https:\/\/www.dfh-ufa.org\/fr\/wp-json\/wp\/v2\/pages"}],"about":[{"href":"https:\/\/www.dfh-ufa.org\/fr\/wp-json\/wp\/v2\/types\/page"}],"author":[{"embeddable":true,"href":"https:\/\/www.dfh-ufa.org\/fr\/wp-json\/wp\/v2\/users\/21"}],"replies":[{"embeddable":true,"href":"https:\/\/www.dfh-ufa.org\/fr\/wp-json\/wp\/v2\/comments?post=1030323"}],"version-history":[{"count":3,"href":"https:\/\/www.dfh-ufa.org\/fr\/wp-json\/wp\/v2\/pages\/1030323\/revisions"}],"predecessor-version":[{"id":1035503,"href":"https:\/\/www.dfh-ufa.org\/fr\/wp-json\/wp\/v2\/pages\/1030323\/revisions\/1035503"}],"up":[{"embeddable":true,"href":"https:\/\/www.dfh-ufa.org\/fr\/wp-json\/wp\/v2\/pages\/866"}],"wp:attachment":[{"href":"https:\/\/www.dfh-ufa.org\/fr\/wp-json\/wp\/v2\/media?parent=1030323"}],"curies":[{"name":"wp","href":"https:\/\/api.w.org\/{rel}","templated":true}]}}