{"id":10422,"date":"2018-10-30T11:31:35","date_gmt":"2018-10-30T10:31:35","guid":{"rendered":"https:\/\/www.dfh-ufa.org\/fr\/?page_id=10422"},"modified":"2019-09-26T12:23:40","modified_gmt":"2019-09-26T10:23:40","slug":"assemblee-des-etablissements-membres-rencontre-des-responsables-de-programmes-2019","status":"publish","type":"page","link":"https:\/\/www.dfh-ufa.org\/fr\/actualites\/news\/assemblee-des-etablissements-membres-rencontre-des-responsables-de-programmes-2019","title":{"rendered":"Rencontre des responsables de programmes et Assembl\u00e9e des \u00e9tablissements membres 2019"},"content":{"rendered":"<div id=\"pl-10422\"  class=\"panel-layout\" ><div id=\"pg-10422-0\"  class=\"panel-grid panel-no-style\" ><div id=\"pgc-10422-0-0\"  class=\"panel-grid-cell\" ><div id=\"panel-10422-0-0-0\" class=\"widget_text so-panel widget widget_custom_html panel-first-child\" data-index=\"0\" ><div class=\"textwidget custom-html-widget\">\t<img src=\"https:\/\/www.dfh-ufa.org\/app\/uploads\/2019\/03\/dfh-ufa-2019-schirmherrschaft-fr.png\" width=\"800\" border=\"0\" \/>\n<\/div><\/div><div id=\"panel-10422-0-0-1\" class=\"widget_text so-panel widget widget_custom_html\" data-index=\"1\" ><div class=\"textwidget custom-html-widget\"><h1 class=\"entry__title\">Rencontre des responsables de programmes et Assembl\u00e9e des \u00e9tablissements membres 2019<\/h1>\n<br \/><br \/>\n<\/div><\/div><div id=\"panel-10422-0-0-2\" class=\"widget_text so-panel widget widget_custom_html\" data-index=\"2\" ><div class=\"textwidget custom-html-widget\"><center><img src=\"https:\/\/www.dfh-ufa.org\/app\/uploads\/2019\/02\/UFA_logo_20ans-250x250.png\" width=\"200\" border=\"0\" \/><\/center>\n<\/div><\/div><div id=\"panel-10422-0-0-3\" class=\"widget_text so-panel widget widget_custom_html\" data-index=\"3\" ><div class=\"widget_text panel-widget-style panel-widget-style-for-10422-0-0-3\" ><div class=\"textwidget custom-html-widget\"><br>La rencontre des responsables de programmes et l'assembl\u00e9e des \u00e9tablissements membres 2019 auront lieu <br><b>du 12 au 14 juin<\/b> \u00e0 l'Universit\u00e9 de Hambourg.\n<br><br>\n<\/div><\/div><\/div><div id=\"panel-10422-0-0-4\" class=\"so-panel widget widget_accordion\" data-index=\"4\" >        <div class=\"accordion\" data-collapse=\"1\">\n\n\t\t\t\t\t\t\t\t\t\t\t\t                    <div class=\"accordion__item\" id=\"69d79bad426c8\">\n\n\t\t\t\t\t\t                            <header class=\"accordion__header\">\n                                <h2 class=\"accordion__title\">Programme<\/h2>\n                            <\/header>\n\t\t\t\t\t\t\n\t\t\t\t\t\t                            <div class=\"accordion__content\">\n\t\t\t\t\t\t\t\t<div id=\"c38958\" class=\"csc-default\">\n<div class=\"csc-header csc-header-n1\">\n<h3 class=\"csc-firstHeader\">Rencontre des responsables de programmes I, 12 juin 2019<\/h3>\n<\/div>\n<div class=\"table-responsive\">\n<table class=\"contenttable contenttable-0 table\" style=\"height: 96px\">\n<tbody>\n<tr class=\"tr-even tr-0\" style=\"height: 24px\">\n<td class=\"td-0\" style=\"width: 105px;height: 24px\">13h30<\/td>\n<td class=\"td-last td-1\" style=\"width: 668px;height: 24px\">Accueil des participants \/ inscription<\/td>\n<\/tr>\n<tr class=\"tr-odd tr-1\" style=\"height: 24px\">\n<td class=\"td-0\" style=\"width: 105px;height: 24px\">14h00<\/td>\n<td class=\"td-last td-1\" style=\"width: 668px;height: 24px\">Ouverture de la rencontre des responsables de programmes<\/td>\n<\/tr>\n<tr class=\"tr-odd tr-3\" style=\"height: 24px\">\n<td class=\"td-0\" style=\"width: 105px;height: 24px\">14h30<\/td>\n<td class=\"td-last td-1\" style=\"width: 668px;height: 24px\">R\u00e9union des groupes de travail disciplinaires (sans traduction)<\/td>\n<\/tr>\n<tr>\n<td style=\"width: 105px\">18h00<\/td>\n<td style=\"width: 668px\">Fin de la r\u00e9union<\/td>\n<\/tr>\n<tr class=\"tr-even tr-8\" style=\"height: 24px\">\n<td class=\"td-0\" style=\"width: 105px;height: 24px\">19h00-21h00<\/td>\n<td class=\"td-last td-1\" style=\"width: 668px;height: 24px\">R\u00e9ception \u00e0 l\u2019occasion du 20\u00e8me anniversaire de l\u2019UFA et c\u00e9r\u00e9monie d'ouverture de la double manifestation, \u00e0 l'invitation du S\u00e9nat de la Ville Libre et Hans\u00e9atique de Hambourg, repr\u00e9sent\u00e9e par M. Jan P\u00f6rksen, conseiller d'\u00c9tat et chef de la Chancellerie du S\u00e9nat<\/p>\n<p>avec la participation de<\/p>\n<p>Armin Laschet, pl\u00e9nipotentiaire de la R\u00e9publique f\u00e9d\u00e9rale d\u2019Allemagne charg\u00e9 des relations culturelles franco-allemandes et ministre-pr\u00e9sident du <em>Land<\/em> de Rh\u00e9nanie-du-Nord-Westphalie<\/p>\n<p>Anja Karliczek, ministre allemande de l'\u00c9ducation et de la Recherche<\/p>\n<p>Niels Annen, ministre adjoint allemand aux Affaires \u00e9trang\u00e8res<\/p>\n<p>S.E. Anne-Marie Desc\u00f4tes, ambassadrice de la R\u00e9publique fran\u00e7aise en R\u00e9publique f\u00e9d\u00e9rale d\u2019Allemagne<\/p>\n<p>R. Alexander Lorz, ministre de l\u2019\u00c9ducation du <em>Land<\/em> de Hesse et pr\u00e9sident de la Conf\u00e9rence permanente des ministres de l\u2019\u00c9ducation des <em>L\u00e4nder<\/em> de la R\u00e9publique f\u00e9d\u00e9rale d\u2019Allemagne<\/p>\n<p>Dieter Lenzen, Pr\u00e9sident de l'Universit\u00e9 de Hambourg<\/p>\n<\/td>\n<\/tr>\n<\/tbody>\n<\/table>\n<\/div>\n<\/div>\n<div id=\"c44697\" class=\"csc-default\">\n<div class=\"csc-header csc-header-n2\">\n<h3>Rencontre des responsables de programmes II, 13 juin 2019<\/h3>\n<\/div>\n<div class=\"table-responsive\">\n<table class=\"contenttable contenttable-0 table\" style=\"width: 795px\">\n<tbody>\n<tr class=\"tr-even tr-0\">\n<td class=\"td-0\" style=\"width: 107.133px\">9h00<\/td>\n<td class=\"td-last td-1\" style=\"width: 672.867px\">R\u00e9union des groupes de travail th\u00e9matiques (sans traduction)<\/td>\n<\/tr>\n<tr>\n<td style=\"width: 107.133px\">11h00<\/td>\n<td style=\"width: 672.867px\">S\u00e9ance pl\u00e9ni\u00e8re et th\u00e8mes actuels<\/td>\n<\/tr>\n<tr class=\"tr-odd tr-1\">\n<td class=\"td-0\" style=\"width: 107.133px\">12h30<\/td>\n<td class=\"td-last td-1\" style=\"width: 672.867px\">Pause d\u00e9jeuner et \u00e9changes<\/td>\n<\/tr>\n<\/tbody>\n<\/table>\n<p>&nbsp;<\/p>\n<hr \/>\n<div id=\"c38956\" class=\"csc-default\">\n<div class=\"csc-header csc-header-n1\">\n<h3 class=\"csc-firstHeader\">Assembl\u00e9e des \u00e9tablissements membres I, 13 juin 2019<\/h3>\n<\/div>\n<div class=\"table-responsive\">\n<table class=\"contenttable contenttable-0 table\" style=\"height: 226px\">\n<tbody>\n<tr class=\"tr-even tr-0\" style=\"height: 10px\">\n<td class=\"td-0\" style=\"width: 125.75px;height: 10px\">13h30<\/td>\n<td class=\"td-last td-1\" style=\"width: 793.417px;height: 10px\">Inscriptions<\/td>\n<\/tr>\n<tr class=\"tr-odd tr-1\" style=\"height: 24px\">\n<td class=\"td-0\" style=\"width: 125.75px;height: 24px\">14h00<\/td>\n<td class=\"td-last td-1\" style=\"width: 793.417px;height: 24px\">Ouverture de la r\u00e9union<\/td>\n<\/tr>\n<tr class=\"tr-even tr-6\" style=\"height: 24px\">\n<td class=\"td-0\" style=\"width: 125.75px;height: 24px\"><\/td>\n<td class=\"td-last td-1\" style=\"width: 793.417px;height: 24px\">Rapport du Pr\u00e9sident<\/td>\n<\/tr>\n<tr style=\"height: 24px\">\n<td style=\"width: 125.75px;height: 24px\"><\/td>\n<td style=\"width: 793.417px;height: 24px\">Pr\u00e9sentation des candidats au poste du prochain membre fran\u00e7ais de la pr\u00e9sidence de l\u2019UFA<\/td>\n<\/tr>\n<tr style=\"height: 24px\">\n<td style=\"width: 125.75px;height: 24px\"><\/td>\n<td style=\"width: 793.417px;height: 24px\">Election du prochain membre fran\u00e7ais de la pr\u00e9sidence de l\u2019UFA<\/td>\n<\/tr>\n<tr style=\"height: 24px\">\n<td style=\"width: 125.75px;height: 24px\"><\/td>\n<td style=\"width: 793.417px;height: 24px\">Rapports des repr\u00e9sentants des \u00e9tablissements membres et des \u00e9tudiants<\/td>\n<\/tr>\n<tr style=\"height: 48px\">\n<td style=\"width: 125.75px;height: 48px\"><\/td>\n<td style=\"width: 793.417px;height: 48px\">Pr\u00e9sentation du lieu de la manifestation de l'assembl\u00e9e des \u00e9tablissements membres et de la rencontre des responsables de programmes 2020<\/td>\n<\/tr>\n<tr class=\"tr-odd tr-last\" style=\"height: 24px\">\n<td class=\"td-0\" style=\"width: 125.75px;height: 24px\">18h45<\/td>\n<td class=\"td-last td-1\" style=\"width: 793.417px;height: 24px\">Fin de la r\u00e9union<\/td>\n<\/tr>\n<tr style=\"height: 24px\">\n<td style=\"width: 125.75px;height: 24px\">19h30<\/td>\n<td style=\"width: 793.417px;height: 24px\">Soir\u00e9e sur le \u00ab\u00a0Cap San Diego\u00a0\u00bb<\/td>\n<\/tr>\n<\/tbody>\n<\/table>\n<\/div>\n<\/div>\n<div id=\"c38954\" class=\"csc-default\">\n<div class=\"csc-header csc-header-n2\">\n<h3><\/h3>\n<h3>Assembl\u00e9e des \u00e9tablissements membres II, 14 juin 2019<\/h3>\n<\/div>\n<div class=\"table-responsive\">\n<table class=\"contenttable contenttable-0 table\">\n<tbody>\n<tr class=\"tr-even tr-0\">\n<td class=\"td-0\" style=\"width: 148px\">9h30<\/td>\n<td class=\"td-last td-1\" style=\"width: 984px\">1er d\u00e9bat strat\u00e9gique\u00a0: \u00ab\u00a0R\u00f4le et valeurs de l\u2019Europe dans le monde\u00a0: bilan et perspectives pour l\u2019Union europ\u00e9enne\u00a0\u00bb, Intervenante : Gabriele Clemens, titulaire de la ChaireJean Monnet \u00ab Histoire de l\u2019int\u00e9gration europ\u00e9enne - \u00c9tudes europ\u00e9ennes \u00bb\u00e0 l\u2019Universit\u00e9 d\u2019Hambourg<\/td>\n<\/tr>\n<tr>\n<td style=\"width: 148px\">11h15<\/td>\n<td style=\"width: 984px\">2\u00e8me d\u00e9bat strat\u00e9gique\u00a0: \u00ab\u00a0Alternance, mobilit\u00e9 et apprentissage en Europe\u00a0: quels d\u00e9fis pour les formations universitaires franco-allemandes\u00a0?\u00a0\u00bb Intervenant : Fran\u00e7ois Vives, directeur op\u00e9rationnel du Campus des m\u00e9tiers et des qualifications A\u00e9ronautique et spatial Occitanie<\/td>\n<\/tr>\n<tr class=\"tr-odd tr-3\">\n<td class=\"td-0\" style=\"width: 148px\">12h30<\/td>\n<td class=\"td-last td-1\" style=\"width: 984px\">D\u00e9jeuner<\/td>\n<\/tr>\n<tr class=\"tr-even tr-last\">\n<td class=\"td-0\" style=\"width: 148px\">Apr\u00e8s-midi<\/td>\n<td class=\"td-last td-1\" style=\"width: 984px\">Programme culturel (facultatif)<\/p>\n<ul>\n<li>Visite de l'usine d'Airbus (13h00-18h00), transfert en bus<\/li>\n<li>Terrasse de la Philharmonie de l'Elbe (15h30-16h00)<\/li>\n<li>Visite guid\u00e9e de la ville (16h15-17h45), d\u00e9part: Philharmonie de l'Elbe<\/li>\n<li>Tour du port en bateau (16h30-18h30), d\u00e9part: Philharmonie de l'Elbe<\/li>\n<\/ul>\n<p>&nbsp;<\/p>\n<\/td>\n<\/tr>\n<\/tbody>\n<\/table>\n<\/div>\n<\/div>\n<\/div>\n<\/div>\n                            <\/div>\n\t\t\t\t\t\t\n\t\t\t\t\t\t\n                    <\/div><!-- .accordion -->\n\n\t\t\t\t\n\t\t\t\t\t\t\t\t\t                    <div class=\"accordion__item\" id=\"69d79bad42817\">\n\n\t\t\t\t\t\t                            <header class=\"accordion__header\">\n                                <h2 class=\"accordion__title\">Inscription<\/h2>\n                            <\/header>\n\t\t\t\t\t\t\n\t\t\t\t\t\t                            <div class=\"accordion__content\">\n\t\t\t\t\t\t\t\t<div id=\"c44722\" class=\"panel-collapse collapse in\">\n<div class=\"panel-body\">\n<div id=\"c44741\" class=\"csc-default\">\n<div class=\"csc-textpicHeader csc-textpicHeader-2\">\n<div class=\"csc-header csc-header-n1\">\n<h2 class=\"csc-firstHeader\">Inscription<\/h2>\n<\/div>\n<\/div>\n<div class=\"csc-textpic-text\">\n<p>Vous pouvez vous inscrire <strong>jusqu'au 29 mai<\/strong> en suivant ce <a href=\"http:\/\/www.cvent.com\/d\/76q9q9?lang=fr\" target=\"_blank\" rel=\"noopener\">lien<\/a>.<\/p>\n<p>&nbsp;<\/p>\n<\/div>\n<\/div>\n<\/div>\n<\/div>\n                            <\/div>\n\t\t\t\t\t\t\n\t\t\t\t\t\t\n                    <\/div><!-- .accordion -->\n\n\t\t\t\t\n\t\t\t\t\t\t\t\t\t                    <div class=\"accordion__item\" id=\"69d79bad4283c\">\n\n\t\t\t\t\t\t                            <header class=\"accordion__header\">\n                                <h2 class=\"accordion__title\">Informations concernant le droit de vote<\/h2>\n                            <\/header>\n\t\t\t\t\t\t\n\t\t\t\t\t\t                            <div class=\"accordion__content\">\n\t\t\t\t\t\t\t\t<div id=\"c44723\" class=\"panel-collapse collapse in\">\n<div class=\"panel-body\">\n<div id=\"c34451\" class=\"csc-default\">\n<div class=\"csc-textpicHeader csc-textpicHeader-2\">\n<div class=\"csc-header csc-header-n1\">\n<h2 class=\"csc-firstHeader\">A propos du droit de vote lors de l'assembl\u00e9e des \u00e9tablissements membres<\/h2>\n<\/div>\n<\/div>\n<div class=\"csc-textpic-text\">\n<p>La liste ci-dessous vous permet de d\u00e9terminer si votre \u00e9tablissement a le statut d'un \u00e9tablissement membre (ayant le droit de vote lors de l'assembl\u00e9e des \u00e9tablissements membres) ou d'un \u00e9tablissement partenaire (sans droit de vote).<\/p>\n<p>Les repr\u00e9sentants des \u00e9tablissements partenaires peuvent participer \u00e0 l'assembl\u00e9e des \u00e9tablissements membres en tant qu'observateurs.<\/p>\n<\/div>\n<\/div>\n<div id=\"c44695\" class=\"csc-default\">\n<ul>\n<li class=\"download__list__item\"><a href=\"https:\/\/www.dfh-ufa.org\/app\/uploads\/2019\/05\/Aktuell_Liste-der-Hochschulen-im-Netzwerk-der-DFH-2018-2019_Stand-01.01.2019-1.pdf\" target=\"_blank\" rel=\"noopener\">Liste des \u00e9tablissements membres et des \u00e9tablissements partenaires de l'UFA<\/a><\/li>\n<\/ul>\n<\/div>\n<\/div>\n<\/div>\n                            <\/div>\n\t\t\t\t\t\t\n\t\t\t\t\t\t\n                    <\/div><!-- .accordion -->\n\n\t\t\t\t\n\t\t\t\t\t\t\t\t\t                    <div class=\"accordion__item\" id=\"69d79bad42868\">\n\n\t\t\t\t\t\t                            <header class=\"accordion__header\">\n                                <h2 class=\"accordion__title\">T\u00e9l\u00e9chargements (programme et formulaires)<\/h2>\n                            <\/header>\n\t\t\t\t\t\t\n\t\t\t\t\t\t                            <div class=\"accordion__content\">\n\t\t\t\t\t\t\t\t<div id=\"c44724\" class=\"panel-collapse collapse in\">\n<div class=\"panel-body\">\n<div id=\"c44699\" class=\"csc-default\">\n<div class=\"csc-header csc-header-n1\">\n<h2 class=\"csc-firstHeader\">Vue d'ensemble des trois jours de la manifestation<\/h2>\n<\/div>\n<ul>\n<li class=\"download__list__item\"><a href=\"https:\/\/www.dfh-ufa.org\/app\/uploads\/2019\/05\/Ensemble_du_programme_2305.pdf\" target=\"_blank\" rel=\"noopener\">T\u00e9l\u00e9charger le programme<\/a><\/li>\n<\/ul>\n<p>&nbsp;<\/p>\n<\/div>\n<div id=\"c39027\" class=\"csc-default\">\n<div class=\"csc-header csc-header-n2\">\n<h2>T\u00e9l\u00e9chargements Rencontre des responsables de programmes<\/h2>\n<\/div>\n<p>&nbsp;<\/p>\n<ul>\n<li class=\"download__list__item\"><a href=\"https:\/\/www.dfh-ufa.org\/app\/uploads\/2019\/05\/Programme_PBT_2305.pdf\" target=\"_blank\" rel=\"noopener\">T\u00e9l\u00e9charger le programme<\/a><\/li>\n<\/ul>\n<p>&nbsp;<\/p>\n<\/div>\n<div id=\"c39026\" class=\"csc-default\">\n<div class=\"csc-header csc-header-n3\">\n<h2>T\u00e9l\u00e9chargements Assembl\u00e9e des \u00e9tablissements membres<\/h2>\n<ul>\n<li class=\"download__list__item\"><a href=\"https:\/\/www.dfh-ufa.org\/app\/uploads\/2019\/05\/TO-OJ-MV-19-06-13-14_Stand-19-05-22_EXTERN.pdf\" target=\"_blank\" rel=\"noopener\">T\u00e9l\u00e9charger l'ordre du jour <\/a><\/li>\n<li class=\"download__list__item\"><a href=\"https:\/\/www.dfh-ufa.org\/app\/uploads\/2019\/05\/Aktuell_Liste-der-Hochschulen-im-Netzwerk-der-DFH-2018-2019_Stand-01.01.2019-1.pdf\" target=\"_blank\" rel=\"noopener\">Liste des \u00e9tablissements membres et des \u00e9tablissements partenaires de l'UFA<\/a><\/li>\n<li class=\"download__list__item\"><a href=\"https:\/\/www.dfh-ufa.org\/app\/uploads\/2018\/10\/BV-MHS-2019-1.pdf\" target=\"_blank\" rel=\"noopener\">Formulaire \"d\u00e9signation d'un repr\u00e9sentant\" si aucun membre de la pr\u00e9sidence de votre \u00e9tablissement ne peut participer \u00e0 l'assembl\u00e9e g\u00e9n\u00e9rale des \u00e9tablissements membres (uniquement pour les \u00e9tablissements membres)<\/a><\/li>\n<li class=\"download__list__item\"><a href=\"https:\/\/www.dfh-ufa.org\/app\/uploads\/2018\/10\/STR\u00dc-MHS-2019-1.pdf\" target=\"_blank\" rel=\"noopener\">Formulaire \"Procuration de vote \u00e0 un autre \u00e9tablissement membre\" si aucun membre de votre \u00e9tablissement ne peut participer \u00e0 l'assembl\u00e9e g\u00e9n\u00e9rale des \u00e9tablissements membres (uniquement pour les \u00e9tablissements membres)<\/a><\/li>\n<li class=\"download__list__item\"><a href=\"https:\/\/www.dfh-ufa.org\/app\/uploads\/2018\/06\/Vertreter_HSR_representants_CU.pdf\" target=\"_blank\" rel=\"noopener\">Liste des repr\u00e9sentants des \u00e9tablissements membres au conseil d\u2019universit\u00e9<\/a><\/li>\n<\/ul>\n<\/div>\n<\/div>\n<\/div>\n<\/div>\n                            <\/div>\n\t\t\t\t\t\t\n\t\t\t\t\t\t\n                    <\/div><!-- .accordion -->\n\n\t\t\t\t\n\t\t\t\t\t\t\t\t\t                    <div class=\"accordion__item\" id=\"69d79bad428c0\">\n\n\t\t\t\t\t\t                            <header class=\"accordion__header\">\n                                <h2 class=\"accordion__title\">Plan d'acc\u00e8s<\/h2>\n                            <\/header>\n\t\t\t\t\t\t\n\t\t\t\t\t\t                            <div class=\"accordion__content\">\n\t\t\t\t\t\t\t\t<ul>\n<li id=\"c37315\" class=\"download__list__item\"><a href=\"https:\/\/www.dfh-ufa.org\/app\/uploads\/2018\/10\/UHH-Lageplan-1.pdf\" target=\"_blank\" rel=\"noopener\">Plan du campus de l'Universit\u00e9 de Hambourg<\/a><\/li>\n<\/ul>\n<div>La double manifestation aura lieu dans le b\u00e2timent \"Audimax\" (Von-Melle-Park 4, 20146 Hamburg, n\u00b0 51 sur le plan).<\/div>\n<ul>\n<li class=\"download__list__item\"><a href=\"https:\/\/www.dfh-ufa.org\/app\/uploads\/2019\/05\/Plan-Raum\u00fcbersicht-Audimax.pdf\" target=\"_blank\" rel=\"noopener\">Plan des salles de r\u00e9union<\/a><\/li>\n<\/ul>\n<div><\/div>\n<ul>\n<li class=\"download__list__item\"><a href=\"https:\/\/www.dfh-ufa.org\/app\/uploads\/2019\/03\/U-und-S-Bahn-Reseau-de-transport-1.pdf\" target=\"_blank\" rel=\"noopener\">Carte du r\u00e9seau de transport<\/a><\/li>\n<li class=\"download__list__item\"><a href=\"https:\/\/www.dfh-ufa.org\/app\/uploads\/2019\/05\/Buslinienplan-Lignes-de-bus-2.pdf\" target=\"_blank\" rel=\"noopener\">Lieux de manifestation - acc\u00e8s en bus \/ m\u00e9tro<\/a><\/li>\n<\/ul>\n<div><\/div>\n<ul>\n<li class=\"download__list__item\"><a href=\"https:\/\/www.dfh-ufa.org\/app\/uploads\/2019\/03\/Lageplan-Hamburg-Plan-de-la-ville-1.pdf\" target=\"_blank\" rel=\"noopener\">Plan de la ville de Hambourg (avec h\u00f4tels)<\/a><\/li>\n<\/ul>\n                            <\/div>\n\t\t\t\t\t\t\n\t\t\t\t\t\t\n                    <\/div><!-- .accordion -->\n\n\t\t\t\t\n\t\t\t\t\t\t\t\t\t                    <div class=\"accordion__item\" id=\"69d79bad428ee\">\n\n\t\t\t\t\t\t                            <header class=\"accordion__header\">\n                                <h2 class=\"accordion__title\">R\u00e9servations h\u00f4teli\u00e8res<\/h2>\n                            <\/header>\n\t\t\t\t\t\t\n\t\t\t\t\t\t                            <div class=\"accordion__content\">\n\t\t\t\t\t\t\t\t<div id=\"c44726\" class=\"panel-collapse collapse in\">\n<div class=\"panel-body\">\n<div id=\"c37317\" class=\"csc-default\">\n<div class=\"csc-textpicHeader csc-textpicHeader-2\">\n<div class=\"csc-header csc-header-n1\">\n<h2 class=\"csc-firstHeader\">R\u00e9servations h\u00f4teli\u00e8res<\/h2>\n<ul>\n<li class=\"download__list__item\"><a href=\"https:\/\/www.dfh-ufa.org\/app\/uploads\/2018\/12\/Hotel\u00fcbersicht-Hamburg-26.10.2018.pdf\">Liste des h\u00f4tels avec contingents r\u00e9serv\u00e9s<\/a><\/li>\n<\/ul>\n<\/div>\n<\/div>\n<div class=\"csc-textpic-text\">\n<ul>\n<li class=\"download__list__item\"><a href=\"https:\/\/www.dfh-ufa.org\/app\/uploads\/2019\/03\/Lageplan-Hamburg-Plan-de-la-ville-1.pdf\" target=\"_blank\" rel=\"noopener\">Plan de localisation des h\u00f4tels<\/a><\/li>\n<\/ul>\n<p>Veuillez contacter directement l'h\u00f4tel de votre choix <strong>par courriel ou par t\u00e9l\u00e9phone<\/strong> sans passer par un portail en ligne.<\/p>\n<\/div>\n<\/div>\n<\/div>\n<\/div>\n                            <\/div>\n\t\t\t\t\t\t\n\t\t\t\t\t\t\n                    <\/div><!-- .accordion -->\n\n\t\t\t\t\n\t\t\t\t\t\t\t\t\t                    <div class=\"accordion__item\" id=\"69d79bad42918\">\n\n\t\t\t\t\t\t                            <header class=\"accordion__header\">\n                                <h2 class=\"accordion__title\">Tourisme<\/h2>\n                            <\/header>\n\t\t\t\t\t\t\n\t\t\t\t\t\t                            <div class=\"accordion__content\">\n\t\t\t\t\t\t\t\t<div class=\"panel-heading\">\n<ul>\n<li class=\"download__list__item\"><a href=\"https:\/\/www.dfh-ufa.org\/app\/uploads\/2019\/05\/2705-Kulturprogramme-DFH.pdf\" target=\"_blank\" rel=\"noopener\">Programme culturel du 14 juin<\/a><\/li>\n<li class=\"download__list__item\"><span class=\"csc-uploads-fileName\"><a href=\"https:\/\/www.dfh-ufa.org\/app\/uploads\/2018\/12\/A-la-d\u00e9couverte-de-Hambourg.pdf\">A la d\u00e9couverte de Hambourg<\/a><\/span><\/li>\n<\/ul>\n<\/div>\n                            <\/div>\n\t\t\t\t\t\t\n\t\t\t\t\t\t\n                    <\/div><!-- .accordion -->\n\n\t\t\t\t\n\t\t\t\t\t\t\t\n        <\/div><!-- .accordion -->\n\n\t\t<\/div><div id=\"panel-10422-0-0-5\" class=\"so-panel widget widget_text\" data-index=\"5\" >\t\t\t<div class=\"textwidget\"><\/div>\n\t\t<\/div><div id=\"panel-10422-0-0-6\" class=\"so-panel widget widget_sow-slider\" data-index=\"6\" ><div class=\"so-widget-sow-slider so-widget-sow-slider-default-53fd0f98de19-10422\"><div class=\"sow-slider-base\" style=\"display: none\"><ul\n\t\t\t\t\tclass=\"sow-slider-images\"\n\t\t\t\t\tdata-settings=\"{&quot;pagination&quot;:true,&quot;speed&quot;:800,&quot;timeout&quot;:8000,&quot;paused&quot;:false,&quot;pause_on_hover&quot;:false,&quot;swipe&quot;:true,&quot;nav_always_show_desktop&quot;:&quot;&quot;,&quot;nav_always_show_mobile&quot;:&quot;&quot;,&quot;breakpoint&quot;:&quot;780px&quot;,&quot;unmute&quot;:false,&quot;anchor&quot;:null}\"\n\t\t\t\t\t\t\t\t\t>\t\t<li class=\"sow-slider-image\" style=\"\" >\n\t\t\t\t\t\t\t\t\t\t\t\t\t\t\t\t\t<\/li>\n\t\t\t\t<li class=\"sow-slider-image\" style=\"\" >\n\t\t\t\t\t\t\t\t\t\t\t\t\t\t\t\t\t<\/li>\n\t\t\t\t<li class=\"sow-slider-image\" style=\"\" >\n\t\t\t\t\t\t\t\t\t\t\t\t\t\t\t\t\t<\/li>\n\t\t\t\t<li class=\"sow-slider-image\" style=\"\" >\n\t\t\t\t\t\t\t\t\t\t\t\t\t\t\t\t\t<\/li>\n\t\t\t\t<li class=\"sow-slider-image\" style=\"\" >\n\t\t\t\t\t\t\t\t\t\t\t\t\t\t\t\t\t<\/li>\n\t\t\t\t<li class=\"sow-slider-image\" style=\"\" >\n\t\t\t\t\t\t\t\t\t\t\t\t\t\t\t\t\t<\/li>\n\t\t<\/ul>\t\t\t\t<ol class=\"sow-slider-pagination\">\n\t\t\t\t\t\t\t\t\t\t\t<li><a href=\"#\" data-goto=\"0\" aria-label=\"afficher la diapositive 1\"><\/a><\/li>\n\t\t\t\t\t\t\t\t\t\t\t<li><a href=\"#\" data-goto=\"1\" aria-label=\"afficher la diapositive 2\"><\/a><\/li>\n\t\t\t\t\t\t\t\t\t\t\t<li><a href=\"#\" data-goto=\"2\" aria-label=\"afficher la diapositive 3\"><\/a><\/li>\n\t\t\t\t\t\t\t\t\t\t\t<li><a href=\"#\" data-goto=\"3\" aria-label=\"afficher la diapositive 4\"><\/a><\/li>\n\t\t\t\t\t\t\t\t\t\t\t<li><a href=\"#\" data-goto=\"4\" aria-label=\"afficher la diapositive 5\"><\/a><\/li>\n\t\t\t\t\t\t\t\t\t\t\t<li><a href=\"#\" data-goto=\"5\" aria-label=\"afficher la diapositive 6\"><\/a><\/li>\n\t\t\t\t\t\t\t\t\t<\/ol>\n\n\t\t\t\t<div class=\"sow-slide-nav sow-slide-nav-next\">\n\t\t\t\t\t<a href=\"#\" data-goto=\"next\" aria-label=\"diapositive suivante\" data-action=\"next\">\n\t\t\t\t\t\t<em class=\"sow-sld-icon-thin-right\"><\/em>\n\t\t\t\t\t<\/a>\n\t\t\t\t<\/div>\n\n\t\t\t\t<div class=\"sow-slide-nav sow-slide-nav-prev\">\n\t\t\t\t\t<a href=\"#\" data-goto=\"previous\" aria-label=\"diapositive pr\u00e9c\u00e9dente\" data-action=\"prev\">\n\t\t\t\t\t\t<em class=\"sow-sld-icon-thin-left\"><\/em>\n\t\t\t\t\t<\/a>\n\t\t\t\t<\/div>\n\t\t\t\t<\/div><\/div><\/div><div id=\"panel-10422-0-0-7\" class=\"so-panel widget widget_text panel-last-child\" data-index=\"7\" >\t\t\t<div class=\"textwidget\"><\/div>\n\t\t<\/div><\/div><\/div><\/div>","protected":false},"excerpt":{"rendered":"<p>Rencontre des responsables de programmes et Assembl\u00e9e des \u00e9tablissements membres 2019 La rencontre des responsables de programmes et l&rsquo;assembl\u00e9e des \u00e9tablissements membres 2019 auront lieu du 12 au 14 juin \u00e0 l&rsquo;Universit\u00e9 de Hambourg. Programme Rencontre des responsables de programmes I, 12 juin 2019 13h30 Accueil des participants \/ inscription 14h00 Ouverture de la rencontre [&hellip;]<\/p>\n","protected":false},"author":2,"featured_media":0,"parent":869,"menu_order":76,"comment_status":"closed","ping_status":"closed","template":"templates\/tpl.no-headline.php","meta":{"_bbp_topic_count":0,"_bbp_reply_count":0,"_bbp_total_topic_count":0,"_bbp_total_reply_count":0,"_bbp_voice_count":0,"_bbp_anonymous_reply_count":0,"_bbp_topic_count_hidden":0,"_bbp_reply_count_hidden":0,"_bbp_forum_subforum_count":0,"inline_featured_image":false},"acf":[],"_links":{"self":[{"href":"https:\/\/www.dfh-ufa.org\/fr\/wp-json\/wp\/v2\/pages\/10422"}],"collection":[{"href":"https:\/\/www.dfh-ufa.org\/fr\/wp-json\/wp\/v2\/pages"}],"about":[{"href":"https:\/\/www.dfh-ufa.org\/fr\/wp-json\/wp\/v2\/types\/page"}],"author":[{"embeddable":true,"href":"https:\/\/www.dfh-ufa.org\/fr\/wp-json\/wp\/v2\/users\/2"}],"replies":[{"embeddable":true,"href":"https:\/\/www.dfh-ufa.org\/fr\/wp-json\/wp\/v2\/comments?post=10422"}],"version-history":[{"count":195,"href":"https:\/\/www.dfh-ufa.org\/fr\/wp-json\/wp\/v2\/pages\/10422\/revisions"}],"predecessor-version":[{"id":17549,"href":"https:\/\/www.dfh-ufa.org\/fr\/wp-json\/wp\/v2\/pages\/10422\/revisions\/17549"}],"up":[{"embeddable":true,"href":"https:\/\/www.dfh-ufa.org\/fr\/wp-json\/wp\/v2\/pages\/869"}],"wp:attachment":[{"href":"https:\/\/www.dfh-ufa.org\/fr\/wp-json\/wp\/v2\/media?parent=10422"}],"curies":[{"name":"wp","href":"https:\/\/api.w.org\/{rel}","templated":true}]}}